{"id":6460,"date":"2023-08-31T09:13:21","date_gmt":"2023-08-31T08:13:21","guid":{"rendered":"https:\/\/theatreculture.org\/?page_id=6460"},"modified":"2023-09-22T11:27:43","modified_gmt":"2023-09-22T10:27:43","slug":"the-art-of-rehearsal","status":"publish","type":"page","link":"https:\/\/theatreculture.org\/de\/programme\/open-calls\/the-art-of-rehearsal\/","title":{"rendered":"Die Kunst des Probens"},"content":{"rendered":"\n<h2 class=\"elementor-heading-title elementor-size-default\">Regiepraxis f\u00fcr Regisseur:innen und Schauspieler:innen<\/h2>\n<div class=\"elementor-element elementor-element-6729c042 elementor-widget elementor-widget-text-editor\" data-id=\"6729c042\" data-element_type=\"widget\" data-widget_type=\"text-editor.default\">\n<div class=\"elementor-widget-container\">\n<div class=\"elementor-text-editor elementor-clearfix\">\n<h3>Blended course<\/h3>\n<p>8. Oktober 2023 \u00a0<strong>Online Einf\u00fchrung<\/strong> <br \/>12. \u2013 16. Oktober <strong>praktische Arbeit im Studio in Berlin<\/strong><\/p>\n<\/div>\n<\/div>\n<\/div>\n<div class=\"elementor-element elementor-element-5cf009f elementor-widget elementor-widget-text-editor\" data-id=\"5cf009f\" data-element_type=\"widget\" data-widget_type=\"text-editor.default\">\n<div class=\"elementor-widget-container\">\n<div class=\"elementor-text-editor elementor-clearfix\">\n<p>Das Wichtigste in der Regiearbeit ist nicht, eine Auff\u00fchrung zu erfinden, sondern sie mit den Schauspielern auf der B\u00fchne zu realisieren. Der Schauspieler ist das wichtigste, das schwierigste, das unvorhersehbarste &#8222;Material&#8220;, mit dem die Regie bei der Erarbeitung einer Auff\u00fchrung umgehen muss. Die Theaterschulen schenken dem Handwerk des Probens zu wenig Aufmerksamkeit, weshalb das World Theatre Training Institut AKT-ZENT zusammen mit der Online-Theaterakademie einen praktischen Kurs anbietet, wie ein Regisseur, eine Regisseurin mit Schauspielern proben kann.<\/p>\n<p>Ein Kurs zur Probenpraxis wird sowohl f\u00fcr Regisseur:innen als auch f\u00fcr Schauspieler:innen hilfreich sein, da Schauspieler in vielerlei Hinsicht die Regisseure ihrer eigenen Rolle sind. Dar\u00fcber hinaus wird es immer wichtiger, professionelle Methoden f\u00fcr die heute \u00fcbliche kollaborative Arbeitsweise anzuwenden.<\/p>\n<p>Dieser Workshop ist kurz, nur f\u00fcnf Tage; aber ausreichend Zeit, um die Grundregeln von zwei hochinteressanten und effektiven Methoden zu verstehen und zu beherrschen. Um diese f\u00fcnf Tage effektiv nutzen zu k\u00f6nnen, treffen sich alle Teilnehmenden 4 Tage vorher Online f\u00fcr eine intensive Einf\u00fchrung, bei der sie Aufgaben zur Vorbereitung erhalten, die sie dann auf der B\u00fchne realisieren werden.<\/p>\n<p>Dies ist der erste Teil von &#8222;Die Kunst des Probens&#8220;. Der n\u00e4chste Workshop zu weiteren Probemethoden ist f\u00fcr das Fr\u00fchjahr 2024 geplant.<\/p>\n<h3>Inhalt des Kurses<\/h3>\n<p><strong>Die erste Probenmethode<\/strong> habe ich &#8222;Apokryphos&#8220; genannt, aus dem Griechischen entlehnt von apokryphos\u00a0 &#8211; verborgen. Diese Methode ist beides, ungew\u00f6hnlich und sehr n\u00fctzlich, weil sie der Regie und den Schauspieler:innen hilft, in Handlungen und Worten schattenhafte, ungew\u00f6hnliche und paradoxe Passagen der Szene und der Auff\u00fchrung zu entdecken oder zu erschaffen, die entweder gar nicht oder nur schwer im Text des St\u00fccks zu finden sind.<\/p>\n<p><strong>Die zweite Methode<\/strong> ist die &#8222;Methode der Leere&#8220;. Sie ist methodisch mit der ersten verwandt und basiert auf der Behauptung, dass 70 bis 80 % des St\u00fccks aus Leerheit bestehen. Alles, was in einem St\u00fcck existiert, ist auf dem Fundament der Leere aufgebaut. Die Leere ist die Grundlage f\u00fcr die Arbeit mit dem Text, sie ist der Raum, in dem die wichtigsten Ereignisse stattfinden, in dem die Gef\u00fchle geboren werden und in dem die wichtigsten Entscheidungen getroffen werden. Die Methode offenbart der Regie und den Schauspieler:innen, was nicht gesehen oder geh\u00f6rt wird, jedoch die Grundlage f\u00fcr das Leben der Rolle und der Auff\u00fchrung darstellt.<\/p>\n<p>Im Seminar wird der praktischen Umsetzung der Ideen auf der B\u00fchne maximale Zeit gewidmet. Ein Minimum an Theorie und ein Maximum an Praxis.<\/p>\n<p><strong>Dieses Seminar richtet sich an Regisseur:innen und Schauspieler:innen.<\/strong><\/p>\n<p>Die Teilnehmerzahl ist begrenzt, da ich ein neues Format in einer intimen, professionellen Atmosph\u00e4re gew\u00e4hlt habe, in der jede:r die M\u00f6glichkeit haben soll, die Methoden in die Praxis umzusetzen und die offenen praktischen Proben und deren Auswertung die entsprechende Zeit in Anspruch nehmen werden.<\/p>\n<p><em>J.A.<\/em><\/p>\n<br \/>\n<h3>Praktische Information<\/h3>\n<p>Die Unterrichtssprache ist Englisch<\/p>\n<p>Unterrichtszeiten<\/p>\n<p>8. Oktober 15-18:00 (UTC+2) Online<\/p>\n<p>12. \u2013 16. Oktober 10-14:00 praktisches Seminar im Studio in Berlin Wilmersdorf mit der M\u00f6glichkeit es auch in den Nachmittagsstunden zu nutzen.<\/p>\n<p>Kursgeb\u00fchr: 490 \u20ac<\/p>\n<h3>Anmeldung<\/h3>\n<h4>Bitte benutzen Sie das <span style=\"color: #008000;\">\u21d2<a style=\"color: #008000;\" href=\"https:\/\/online-theatre-academy.com\/events\/the-art-of-rehearsal-8-16-oct-2023\/\" target=\"_blank\" rel=\"noopener\">Formular<\/a> <\/span>unserer Online Theatre Academy<\/h4>\n<p>f\u00fcr alle weiteren Fragen steht unser <span style=\"color: #008000;\"><a style=\"color: #008000;\" href=\"https:\/\/theatreculture.org\/de\/kontakt\/kontaktformular\/\" target=\"_blank\" rel=\"noopener\">Kontaktformular<\/a> <\/span>zur Verf\u00fcgung.<\/p>\n<\/div>\n<\/div>\n<\/div>\n","protected":false},"excerpt":{"rendered":"<p>Regiepraxis f\u00fcr Regisseur:innen und Schauspieler:innen Blended course 8. Oktober 2023 \u00a0Online Einf\u00fchrung 12. \u2013 16. Oktober praktische Arbeit im Studio in Berlin Das Wichtigste in der Regiearbeit ist nicht, eine Auff\u00fchrung zu erfinden, sondern sie mit den Schauspielern auf der B\u00fchne zu realisieren. Der Schauspieler ist das wichtigste, das schwierigste, das unvorhersehbarste &#8222;Material&#8220;, mit dem [&hellip;]<\/p>\n","protected":false},"author":1,"featured_media":6449,"parent":1445,"menu_order":1,"comment_status":"closed","ping_status":"closed","template":"","meta":[],"yoast_head":"<!-- This site is optimized with the Yoast SEO plugin v17.9 - https:\/\/yoast.com\/wordpress\/plugins\/seo\/ -->\n<title>Die Kunst des Probens - World Theatre Training Institute AKT-ZENT\/ITI<\/title>\n<meta name=\"description\" content=\"Blended course for directing practice for directors and actors with Jurij Alschitz in Berlin. New rehearsal methods for theatre and film.\" \/>\n<meta name=\"robots\" content=\"index, follow, max-snippet:-1, max-image-preview:large, max-video-preview:-1\" \/>\n<link rel=\"canonical\" href=\"https:\/\/theatreculture.org\/de\/programme\/open-calls\/the-art-of-rehearsal\/\" \/>\n<meta property=\"og:locale\" content=\"de_DE\" \/>\n<meta property=\"og:type\" content=\"article\" \/>\n<meta property=\"og:title\" content=\"Die Kunst des Probens - World Theatre Training Institute AKT-ZENT\/ITI\" \/>\n<meta property=\"og:description\" content=\"Blended course for directing practice for directors and actors with Jurij Alschitz in Berlin. New rehearsal methods for theatre and film.\" \/>\n<meta property=\"og:url\" content=\"https:\/\/theatreculture.org\/de\/programme\/open-calls\/the-art-of-rehearsal\/\" \/>\n<meta property=\"og:site_name\" content=\"World Theatre Training Institute AKT-ZENT\/ITI\" \/>\n<meta property=\"article:publisher\" content=\"https:\/\/www.facebook.com\/theatreculture.org\/\" \/>\n<meta property=\"article:modified_time\" content=\"2023-09-22T10:27:43+00:00\" \/>\n<meta property=\"og:image\" content=\"https:\/\/theatreculture.org\/wp-content\/uploads\/2023\/08\/art-of-rehearsal_website.png\" \/>\n\t<meta property=\"og:image:width\" content=\"605\" \/>\n\t<meta property=\"og:image:height\" content=\"395\" \/>\n\t<meta property=\"og:image:type\" content=\"image\/png\" \/>\n<meta name=\"twitter:card\" content=\"summary_large_image\" \/>\n<meta name=\"twitter:label1\" content=\"Gesch\u00e4tzte Lesezeit\" \/>\n\t<meta name=\"twitter:data1\" content=\"3\u00a0Minuten\" \/>\n<script type=\"application\/ld+json\" class=\"yoast-schema-graph\">{\"@context\":\"https:\/\/schema.org\",\"@graph\":[{\"@type\":\"Organization\",\"@id\":\"https:\/\/theatreculture.org\/#organization\",\"name\":\"World Theatre Training Institute AKT-ZENT\",\"url\":\"https:\/\/theatreculture.org\/\",\"sameAs\":[\"https:\/\/www.facebook.com\/theatreculture.org\/\",\"https:\/\/www.instagram.com\/worldtheatretraining\/\",\"https:\/\/www.youtube.com\/@worldtheatretraininginstit4622\",\"https:\/\/en.wikipedia.org\/wiki\/World_Theatre_Training_Institute\"],\"logo\":{\"@type\":\"ImageObject\",\"@id\":\"https:\/\/theatreculture.org\/#logo\",\"inLanguage\":\"de\",\"url\":\"https:\/\/theatreculture.org\/wp-content\/uploads\/2018\/02\/maennchen_quadrat_gruen.jpg\",\"contentUrl\":\"https:\/\/theatreculture.org\/wp-content\/uploads\/2018\/02\/maennchen_quadrat_gruen.jpg\",\"width\":1435,\"height\":1435,\"caption\":\"World Theatre Training Institute AKT-ZENT\"},\"image\":{\"@id\":\"https:\/\/theatreculture.org\/#logo\"}},{\"@type\":\"WebSite\",\"@id\":\"https:\/\/theatreculture.org\/#website\",\"url\":\"https:\/\/theatreculture.org\/\",\"name\":\"World Theatre Training Institute AKT-ZENT\/ITI\",\"description\":\"\",\"publisher\":{\"@id\":\"https:\/\/theatreculture.org\/#organization\"},\"potentialAction\":[{\"@type\":\"SearchAction\",\"target\":{\"@type\":\"EntryPoint\",\"urlTemplate\":\"https:\/\/theatreculture.org\/?s={search_term_string}\"},\"query-input\":\"required name=search_term_string\"}],\"inLanguage\":\"de\"},{\"@type\":\"ImageObject\",\"@id\":\"https:\/\/theatreculture.org\/de\/programme\/open-calls\/the-art-of-rehearsal\/#primaryimage\",\"inLanguage\":\"de\",\"url\":\"https:\/\/theatreculture.org\/wp-content\/uploads\/2023\/08\/art-of-rehearsal_website.png\",\"contentUrl\":\"https:\/\/theatreculture.org\/wp-content\/uploads\/2023\/08\/art-of-rehearsal_website.png\",\"width\":605,\"height\":395,\"caption\":\"Directing course\"},{\"@type\":\"WebPage\",\"@id\":\"https:\/\/theatreculture.org\/de\/programme\/open-calls\/the-art-of-rehearsal\/#webpage\",\"url\":\"https:\/\/theatreculture.org\/de\/programme\/open-calls\/the-art-of-rehearsal\/\",\"name\":\"Die Kunst des Probens - World Theatre Training Institute AKT-ZENT\/ITI\",\"isPartOf\":{\"@id\":\"https:\/\/theatreculture.org\/#website\"},\"primaryImageOfPage\":{\"@id\":\"https:\/\/theatreculture.org\/de\/programme\/open-calls\/the-art-of-rehearsal\/#primaryimage\"},\"datePublished\":\"2023-08-31T08:13:21+00:00\",\"dateModified\":\"2023-09-22T10:27:43+00:00\",\"description\":\"Blended course for directing practice for directors and actors with Jurij Alschitz in Berlin. New rehearsal methods for theatre and film.\",\"breadcrumb\":{\"@id\":\"https:\/\/theatreculture.org\/de\/programme\/open-calls\/the-art-of-rehearsal\/#breadcrumb\"},\"inLanguage\":\"de\",\"potentialAction\":[{\"@type\":\"ReadAction\",\"target\":[\"https:\/\/theatreculture.org\/de\/programme\/open-calls\/the-art-of-rehearsal\/\"]}]},{\"@type\":\"BreadcrumbList\",\"@id\":\"https:\/\/theatreculture.org\/de\/programme\/open-calls\/the-art-of-rehearsal\/#breadcrumb\",\"itemListElement\":[{\"@type\":\"ListItem\",\"position\":1,\"name\":\"Startseite\",\"item\":\"https:\/\/theatreculture.org\/\"},{\"@type\":\"ListItem\",\"position\":2,\"name\":\"PROGRAMME\",\"item\":\"https:\/\/theatreculture.org\/de\/programme\/\"},{\"@type\":\"ListItem\",\"position\":3,\"name\":\"OPEN CALLS\",\"item\":\"https:\/\/theatreculture.org\/de\/programme\/open-calls\/\"},{\"@type\":\"ListItem\",\"position\":4,\"name\":\"Die Kunst des Probens\"}]}]}<\/script>\n<!-- \/ Yoast SEO plugin. -->","yoast_head_json":{"title":"Die Kunst des Probens - World Theatre Training Institute AKT-ZENT\/ITI","description":"Blended course for directing practice for directors and actors with Jurij Alschitz in Berlin. New rehearsal methods for theatre and film.","robots":{"index":"index","follow":"follow","max-snippet":"max-snippet:-1","max-image-preview":"max-image-preview:large","max-video-preview":"max-video-preview:-1"},"canonical":"https:\/\/theatreculture.org\/de\/programme\/open-calls\/the-art-of-rehearsal\/","og_locale":"de_DE","og_type":"article","og_title":"Die Kunst des Probens - World Theatre Training Institute AKT-ZENT\/ITI","og_description":"Blended course for directing practice for directors and actors with Jurij Alschitz in Berlin. New rehearsal methods for theatre and film.","og_url":"https:\/\/theatreculture.org\/de\/programme\/open-calls\/the-art-of-rehearsal\/","og_site_name":"World Theatre Training Institute AKT-ZENT\/ITI","article_publisher":"https:\/\/www.facebook.com\/theatreculture.org\/","article_modified_time":"2023-09-22T10:27:43+00:00","og_image":[{"width":605,"height":395,"url":"https:\/\/theatreculture.org\/wp-content\/uploads\/2023\/08\/art-of-rehearsal_website.png","type":"image\/png"}],"twitter_card":"summary_large_image","twitter_misc":{"Gesch\u00e4tzte Lesezeit":"3\u00a0Minuten"},"schema":{"@context":"https:\/\/schema.org","@graph":[{"@type":"Organization","@id":"https:\/\/theatreculture.org\/#organization","name":"World Theatre Training Institute AKT-ZENT","url":"https:\/\/theatreculture.org\/","sameAs":["https:\/\/www.facebook.com\/theatreculture.org\/","https:\/\/www.instagram.com\/worldtheatretraining\/","https:\/\/www.youtube.com\/@worldtheatretraininginstit4622","https:\/\/en.wikipedia.org\/wiki\/World_Theatre_Training_Institute"],"logo":{"@type":"ImageObject","@id":"https:\/\/theatreculture.org\/#logo","inLanguage":"de","url":"https:\/\/theatreculture.org\/wp-content\/uploads\/2018\/02\/maennchen_quadrat_gruen.jpg","contentUrl":"https:\/\/theatreculture.org\/wp-content\/uploads\/2018\/02\/maennchen_quadrat_gruen.jpg","width":1435,"height":1435,"caption":"World Theatre Training Institute AKT-ZENT"},"image":{"@id":"https:\/\/theatreculture.org\/#logo"}},{"@type":"WebSite","@id":"https:\/\/theatreculture.org\/#website","url":"https:\/\/theatreculture.org\/","name":"World Theatre Training Institute AKT-ZENT\/ITI","description":"","publisher":{"@id":"https:\/\/theatreculture.org\/#organization"},"potentialAction":[{"@type":"SearchAction","target":{"@type":"EntryPoint","urlTemplate":"https:\/\/theatreculture.org\/?s={search_term_string}"},"query-input":"required name=search_term_string"}],"inLanguage":"de"},{"@type":"ImageObject","@id":"https:\/\/theatreculture.org\/de\/programme\/open-calls\/the-art-of-rehearsal\/#primaryimage","inLanguage":"de","url":"https:\/\/theatreculture.org\/wp-content\/uploads\/2023\/08\/art-of-rehearsal_website.png","contentUrl":"https:\/\/theatreculture.org\/wp-content\/uploads\/2023\/08\/art-of-rehearsal_website.png","width":605,"height":395,"caption":"Directing course"},{"@type":"WebPage","@id":"https:\/\/theatreculture.org\/de\/programme\/open-calls\/the-art-of-rehearsal\/#webpage","url":"https:\/\/theatreculture.org\/de\/programme\/open-calls\/the-art-of-rehearsal\/","name":"Die Kunst des Probens - World Theatre Training Institute AKT-ZENT\/ITI","isPartOf":{"@id":"https:\/\/theatreculture.org\/#website"},"primaryImageOfPage":{"@id":"https:\/\/theatreculture.org\/de\/programme\/open-calls\/the-art-of-rehearsal\/#primaryimage"},"datePublished":"2023-08-31T08:13:21+00:00","dateModified":"2023-09-22T10:27:43+00:00","description":"Blended course for directing practice for directors and actors with Jurij Alschitz in Berlin. New rehearsal methods for theatre and film.","breadcrumb":{"@id":"https:\/\/theatreculture.org\/de\/programme\/open-calls\/the-art-of-rehearsal\/#breadcrumb"},"inLanguage":"de","potentialAction":[{"@type":"ReadAction","target":["https:\/\/theatreculture.org\/de\/programme\/open-calls\/the-art-of-rehearsal\/"]}]},{"@type":"BreadcrumbList","@id":"https:\/\/theatreculture.org\/de\/programme\/open-calls\/the-art-of-rehearsal\/#breadcrumb","itemListElement":[{"@type":"ListItem","position":1,"name":"Startseite","item":"https:\/\/theatreculture.org\/"},{"@type":"ListItem","position":2,"name":"PROGRAMME","item":"https:\/\/theatreculture.org\/de\/programme\/"},{"@type":"ListItem","position":3,"name":"OPEN CALLS","item":"https:\/\/theatreculture.org\/de\/programme\/open-calls\/"},{"@type":"ListItem","position":4,"name":"Die Kunst des Probens"}]}]}},"_links":{"self":[{"href":"https:\/\/theatreculture.org\/wp-json\/wp\/v2\/pages\/6460"}],"collection":[{"href":"https:\/\/theatreculture.org\/wp-json\/wp\/v2\/pages"}],"about":[{"href":"https:\/\/theatreculture.org\/wp-json\/wp\/v2\/types\/page"}],"author":[{"embeddable":true,"href":"https:\/\/theatreculture.org\/wp-json\/wp\/v2\/users\/1"}],"replies":[{"embeddable":true,"href":"https:\/\/theatreculture.org\/wp-json\/wp\/v2\/comments?post=6460"}],"version-history":[{"count":2,"href":"https:\/\/theatreculture.org\/wp-json\/wp\/v2\/pages\/6460\/revisions"}],"predecessor-version":[{"id":6507,"href":"https:\/\/theatreculture.org\/wp-json\/wp\/v2\/pages\/6460\/revisions\/6507"}],"up":[{"embeddable":true,"href":"https:\/\/theatreculture.org\/wp-json\/wp\/v2\/pages\/1445"}],"wp:featuredmedia":[{"embeddable":true,"href":"https:\/\/theatreculture.org\/wp-json\/wp\/v2\/media\/6449"}],"wp:attachment":[{"href":"https:\/\/theatreculture.org\/wp-json\/wp\/v2\/media?parent=6460"}],"curies":[{"name":"wp","href":"https:\/\/api.w.org\/{rel}","templated":true}]}}