{"id":615,"date":"2018-04-21T21:43:37","date_gmt":"2018-04-21T20:43:37","guid":{"rendered":"https:\/\/aktzent.cramer-cons.de\/?page_id=615"},"modified":"2023-03-17T10:13:48","modified_gmt":"2023-03-17T09:13:48","slug":"kuenstlerischer-leiter-jurij-alschitz","status":"publish","type":"page","link":"https:\/\/theatreculture.org\/de\/ueber-uns\/kuenstlerischer-leiter-jurij-alschitz\/","title":{"rendered":"K\u00dcNSTLERISCHER LEITER"},"content":{"rendered":"<figure id=\"attachment_624\" aria-describedby=\"caption-attachment-624\" style=\"width: 300px\" class=\"wp-caption alignleft\"><img loading=\"lazy\" class=\"wp-image-624 size-medium\" src=\"http:\/\/theatreculture.org\/wp-content\/uploads\/2018\/04\/6-300x225.jpg\" alt=\"Jurij Alschitz lecture\" width=\"300\" height=\"225\" srcset=\"https:\/\/theatreculture.org\/wp-content\/uploads\/2018\/04\/6-300x225.jpg 300w, https:\/\/theatreculture.org\/wp-content\/uploads\/2018\/04\/6-200x150.jpg 200w, https:\/\/theatreculture.org\/wp-content\/uploads\/2018\/04\/6-400x300.jpg 400w, https:\/\/theatreculture.org\/wp-content\/uploads\/2018\/04\/6.jpg 624w\" sizes=\"(max-width: 300px) 100vw, 300px\" \/><figcaption id=\"caption-attachment-624\" class=\"wp-caption-text\">\u00a9 Gil Grossi<\/figcaption><\/figure>\n<p><span style=\"font-size: 24px;\"><strong>Dr. <span id=\"result_box\" class=\"\" lang=\"de\"><span class=\"\">Jurij Alschitz<\/span><\/span><\/strong><\/span><\/p>\n<p><span style=\"font-size: 24px;\"><strong>Regisseur, Theaterlehrer, Wissenschaftler, Autor<\/strong><\/span><\/p>\n<p>Dr. <span id=\"result_box\" class=\"\" lang=\"de\"><span class=\"\">Jurij Alschitz ist einer der bekannten und respektierten Theaterlehrer, der Tausende von Studenten in der ganzen Welt ausgebildet hat.<\/span> <span class=\"\">Er ist Autor zahlreicher Lehrb\u00fccher und international gefragt als Wissenschaftler des angewandten Theaters.<\/span><\/span><\/p>\n<p><span id=\"result_box\" class=\"\" lang=\"de\">Seine erste Regieausbildung erhielt er in Moskau bei Prof. J. Malkovsky, einem der damals noch lebenden Sch\u00fcler von K.Stanislavsky. Nachdem er bereits erfolgreicher Regisseur und Intendant eines Staatstheaters war,<span class=\"\"> entschied er sich zu einer zweiten Ausbildung am GITIS &#8211; der Russischen Akademie f\u00fcr Theaterkunst, bei Prof. M. Budkevich und Prof. A. Vasiliev, wo er sp\u00e4ter eine Lehrt\u00e4tigkeit aus\u00fcbte.<\/span>\u00a0<span class=\"\"> 1987 war er Gr\u00fcndungsmitglied des weltber\u00fchmten Theaters &#8222;Schule der Dramatischen Kunst &#8211; Anatoli Wassiljew&#8220;, wo er seine eigenen Proben- und Trainingsmethoden entwickeln konnte.<br \/>\n<\/span><\/span><\/p>\n<p><span id=\"result_box\" class=\"\" lang=\"de\">Seit 1992 lehrt Jurij Alschitz an Universit\u00e4ten und Schauspielschulen in Ost- und Westeuropa, Asien, S\u00fcd- und Nordamerika. Seit 1994 hat er mit seinen Meistersch\u00fclern mehrere Theaterzentren f\u00fcr Weiterbildung und Forschung gegr\u00fcndet, die sich im Jahr 2000 zur European Association for Theatre Culture &#8211; EATC zusammengeschlossen haben. <span class=\"\">In Berlin er\u00f6ffnete er das <\/span><\/span><span id=\"result_box\" class=\"\" lang=\"de\"><span class=\"\">internationale Theaterzentrum <\/span><\/span><span id=\"result_box\" class=\"\" lang=\"de\"><span class=\"\">AKT-ZENT, das seit 2011 als Forschungszentrum des Internationalen Theaterinstituts arbeitet und sich 2017 in World Theater Training Institute AKT-ZENT umbenannt hat.<\/span><\/span><\/p>\n<p>1999 erschuf er das Festival f\u00fcr Theatertrainingsmethoden \u2013 METHODIKA, das im zwei-Jahres-Rhythmus stattfindet (bisher in Italen, Schweden, Russland und Zypern)<\/p>\n<p><span id=\"result_box\" class=\"\" lang=\"de\"><span class=\"\">Seine aktuellen Arbeiten konzentrieren sich auf methodische Forschung des praktischen Theatertrainings.<\/span> <span class=\"\">Im Jahr 2011 wurde sein Projekt &#8222;The World Theatre Training Library&#8220; vom Internationalen Theaterinstitut als eine der wichtigsten Theaterrecherchen unserer Zeit bezeichnet. 2012 das erste Master-Programm &#8222;<\/span><span class=\"\">Teaching Professional Theatre Practice an der UNAM in Mexiko durchf\u00fchren, das 2015 in Kooperation mit europ\u00e4ischen Akademien weiterentwickelt wurde.<\/span><\/span><\/p>\n<p><span id=\"result_box\" class=\"\" lang=\"de\"><span class=\"\">In seiner j\u00fcngsten Forschung entwickelte Jurij Alschitz einen neuen, sogenannten sph\u00e4rischen Lehransatz unter Verwendung der Wellen- und Resonanztheorie.\u00a0<\/span><\/span><span id=\"result_box\" class=\"\" lang=\"de\"><span class=\"\"> Mit seinen Vorschl\u00e4gen f\u00fcr ein<\/span><\/span> Quantentraining f\u00fchrt er ein neues p\u00e4dagogisches Model <span id=\"result_box\" class=\"\" lang=\"de\"><span class=\"\">f\u00fcr die Theaterausbildung<\/span><\/span> ein.<\/p>\n<p><a href=\"http:\/\/theatreculture.org\/shop\/\"><strong><span style=\"color: #008000;\">Buch Ver\u00f6ffentlichungen<\/span><\/strong><\/a><\/p>\n<p>\u201c<em>La Grammatica dell\u2018 Attore\u201d &#8211; 1996,1998,2001; <\/em><\/p>\n<p><em>\u201cLa Matematica dell\u2018 Attore\u201d &#8211;<\/em> <em>2003 (Ubulibri, <\/em>Italy<em>)<\/em><em>;<\/em><\/p>\n<p><em>\u201c<\/em><em>Die Vertikale der Rolle<\/em><em>\u201d- 200<\/em><em>3<\/em><em> (in Deutsch, Englisch, Griechisch, Italienisch, Schwedisch)<\/em><em> edition <\/em><em>ars incognita, <\/em>Berlin<em>);<\/em> <em>2014 <\/em><em>auf Portugiesisch, <\/em><em>Brasilien <\/em><em>(Ed. <\/em><em>Perspectiva<\/em><em>);<\/em><\/p>\n<p>\u201c<em>40 Fragen an eine Rolle\u201c<\/em> <em>&#8211;<\/em> <em>2007 (in Deutsch und Englisch<\/em><em>; ed. <\/em><em>ars incognita)<\/em><em>;<\/em><em> 2013 auf Portugiesisch, Brasilien (Ed. Perspectiva); <\/em>\u201c<em>45 questions of one role\u201c- <\/em><em>2015 <\/em><em>\u0418\u0437-\u0432\u043e \u0413\u0418\u0422\u0418\u0421, \u0420\u043e\u0441\u0441\u0438\u044f<\/em><\/p>\n<p><em>\u201cTeatro senza regista\u201d -2007 (titivilus, Italen); <\/em><em>2011<\/em><em> in <\/em><em>Brasilen<\/em> <em>Ed. Grupo <\/em><em>Galpao; <\/em><\/p>\n<p><em>\u201cDie Kunst des Dialogs\u201d<\/em> <em>&#8211; 2010 <\/em><em> (in Deutsch und Englisch; ed. ars incognita)<\/em><\/p>\n<p>\u201c<em>Training Forever!\u201c- 200<\/em><em>3<\/em> <em>(Malm\u00f6, Theatre<\/em> <em>Academ<\/em><em>y<\/em><em>,<\/em><em> in Englisch und Schwedisch), <\/em>\u201c<em>Training Forever!<\/em><em> Part 1<\/em><em>\u201c- <\/em><em>\u00a02013 <\/em><em>(erweiterte Ausgabe<\/em><em> in English<\/em><em> ed. <\/em><em>ars incognita<\/em><em>)<\/em><em>; <\/em><em>2014 <\/em><em>(\u00fcbersetzt in Spanish <\/em><em>UNAM<\/em><em> press <\/em><em>\u00a0Mexico<\/em><em>)<\/em><em>; \u201c\u0422\u0440\u0435\u043d\u0438\u043d\u0433 forever!\u201d \u2013 2009, 2010,\u0418\u0437-\u0432\u043e \u0413\u0418\u0422\u0418\u0421, \u0420\u043e\u0441\u0441\u0438\u044f<\/em><em>.<\/em><\/p>\n<p><strong><a href=\"https:\/\/de.wikipedia.org\/wiki\/Jurij_Alschitz\" target=\"_blank\" rel=\"noopener noreferrer\"><span style=\"color: #008000;\">\u21d2Alschitz Wikipedia<\/span><\/a><\/strong><\/p>\n","protected":false},"excerpt":{"rendered":"<p>Dr. Jurij Alschitz Regisseur, Theaterlehrer, Wissenschaftler, Autor Dr. Jurij Alschitz ist einer der bekannten und respektierten Theaterlehrer, der Tausende von Studenten in der ganzen Welt ausgebildet hat. Er ist Autor zahlreicher Lehrb\u00fccher und international gefragt als Wissenschaftler des angewandten Theaters. Seine erste Regieausbildung erhielt er in Moskau bei Prof. J. Malkovsky, einem der damals noch [&hellip;]<\/p>\n","protected":false},"author":1,"featured_media":0,"parent":1508,"menu_order":5,"comment_status":"closed","ping_status":"closed","template":"","meta":[],"yoast_head":"<!-- This site is optimized with the Yoast SEO plugin v17.9 - https:\/\/yoast.com\/wordpress\/plugins\/seo\/ -->\n<title>K\u00dcNSTLERISCHER LEITER - Jurij Alschitz - Theatreculture<\/title>\n<meta name=\"description\" content=\"Der K\u00fcnstlerische Leiter Jurij Alschitz ist ein international gefragter Theaterlehrer, Regisseur, Wissenschaftler und Autor.\" \/>\n<meta name=\"robots\" content=\"index, follow, max-snippet:-1, max-image-preview:large, max-video-preview:-1\" \/>\n<link rel=\"canonical\" href=\"https:\/\/theatreculture.org\/de\/ueber-uns\/kuenstlerischer-leiter-jurij-alschitz\/\" \/>\n<meta property=\"og:locale\" content=\"de_DE\" \/>\n<meta property=\"og:type\" content=\"article\" \/>\n<meta property=\"og:title\" content=\"K\u00dcNSTLERISCHER LEITER - Jurij Alschitz - Theatreculture\" \/>\n<meta property=\"og:description\" content=\"Der K\u00fcnstlerische Leiter Jurij Alschitz ist ein international gefragter Theaterlehrer, Regisseur, Wissenschaftler und Autor.\" \/>\n<meta property=\"og:url\" content=\"https:\/\/theatreculture.org\/de\/ueber-uns\/kuenstlerischer-leiter-jurij-alschitz\/\" \/>\n<meta property=\"og:site_name\" content=\"World Theatre Training Institute AKT-ZENT\/ITI\" \/>\n<meta property=\"article:publisher\" content=\"https:\/\/www.facebook.com\/theatreculture.org\/\" \/>\n<meta property=\"article:modified_time\" content=\"2023-03-17T09:13:48+00:00\" \/>\n<meta property=\"og:image\" content=\"http:\/\/theatreculture.org\/wp-content\/uploads\/2018\/04\/6-300x225.jpg\" \/>\n<meta name=\"twitter:card\" content=\"summary_large_image\" \/>\n<meta name=\"twitter:label1\" content=\"Gesch\u00e4tzte Lesezeit\" \/>\n\t<meta name=\"twitter:data1\" content=\"3\u00a0Minuten\" \/>\n<script type=\"application\/ld+json\" class=\"yoast-schema-graph\">{\"@context\":\"https:\/\/schema.org\",\"@graph\":[{\"@type\":\"Organization\",\"@id\":\"https:\/\/theatreculture.org\/#organization\",\"name\":\"World Theatre Training Institute AKT-ZENT\",\"url\":\"https:\/\/theatreculture.org\/\",\"sameAs\":[\"https:\/\/www.facebook.com\/theatreculture.org\/\",\"https:\/\/www.instagram.com\/worldtheatretraining\/\",\"https:\/\/www.youtube.com\/@worldtheatretraininginstit4622\",\"https:\/\/en.wikipedia.org\/wiki\/World_Theatre_Training_Institute\"],\"logo\":{\"@type\":\"ImageObject\",\"@id\":\"https:\/\/theatreculture.org\/#logo\",\"inLanguage\":\"de\",\"url\":\"https:\/\/theatreculture.org\/wp-content\/uploads\/2018\/02\/maennchen_quadrat_gruen.jpg\",\"contentUrl\":\"https:\/\/theatreculture.org\/wp-content\/uploads\/2018\/02\/maennchen_quadrat_gruen.jpg\",\"width\":1435,\"height\":1435,\"caption\":\"World Theatre Training Institute AKT-ZENT\"},\"image\":{\"@id\":\"https:\/\/theatreculture.org\/#logo\"}},{\"@type\":\"WebSite\",\"@id\":\"https:\/\/theatreculture.org\/#website\",\"url\":\"https:\/\/theatreculture.org\/\",\"name\":\"World Theatre Training Institute AKT-ZENT\/ITI\",\"description\":\"\",\"publisher\":{\"@id\":\"https:\/\/theatreculture.org\/#organization\"},\"potentialAction\":[{\"@type\":\"SearchAction\",\"target\":{\"@type\":\"EntryPoint\",\"urlTemplate\":\"https:\/\/theatreculture.org\/?s={search_term_string}\"},\"query-input\":\"required name=search_term_string\"}],\"inLanguage\":\"de\"},{\"@type\":\"ImageObject\",\"@id\":\"https:\/\/theatreculture.org\/de\/ueber-uns\/kuenstlerischer-leiter-jurij-alschitz\/#primaryimage\",\"inLanguage\":\"de\",\"url\":\"http:\/\/theatreculture.org\/wp-content\/uploads\/2018\/04\/6-300x225.jpg\",\"contentUrl\":\"http:\/\/theatreculture.org\/wp-content\/uploads\/2018\/04\/6-300x225.jpg\"},{\"@type\":\"WebPage\",\"@id\":\"https:\/\/theatreculture.org\/de\/ueber-uns\/kuenstlerischer-leiter-jurij-alschitz\/#webpage\",\"url\":\"https:\/\/theatreculture.org\/de\/ueber-uns\/kuenstlerischer-leiter-jurij-alschitz\/\",\"name\":\"K\\u00dcNSTLERISCHER LEITER - Jurij Alschitz - Theatreculture\",\"isPartOf\":{\"@id\":\"https:\/\/theatreculture.org\/#website\"},\"primaryImageOfPage\":{\"@id\":\"https:\/\/theatreculture.org\/de\/ueber-uns\/kuenstlerischer-leiter-jurij-alschitz\/#primaryimage\"},\"datePublished\":\"2018-04-21T20:43:37+00:00\",\"dateModified\":\"2023-03-17T09:13:48+00:00\",\"description\":\"Der K\\u00fcnstlerische Leiter Jurij Alschitz ist ein international gefragter Theaterlehrer, Regisseur, Wissenschaftler und Autor.\",\"breadcrumb\":{\"@id\":\"https:\/\/theatreculture.org\/de\/ueber-uns\/kuenstlerischer-leiter-jurij-alschitz\/#breadcrumb\"},\"inLanguage\":\"de\",\"potentialAction\":[{\"@type\":\"ReadAction\",\"target\":[\"https:\/\/theatreculture.org\/de\/ueber-uns\/kuenstlerischer-leiter-jurij-alschitz\/\"]}]},{\"@type\":\"BreadcrumbList\",\"@id\":\"https:\/\/theatreculture.org\/de\/ueber-uns\/kuenstlerischer-leiter-jurij-alschitz\/#breadcrumb\",\"itemListElement\":[{\"@type\":\"ListItem\",\"position\":1,\"name\":\"Startseite\",\"item\":\"https:\/\/theatreculture.org\/\"},{\"@type\":\"ListItem\",\"position\":2,\"name\":\"\\u00dcBER UNS\",\"item\":\"https:\/\/theatreculture.org\/de\/ueber-uns\/\"},{\"@type\":\"ListItem\",\"position\":3,\"name\":\"K\\u00dcNSTLERISCHER LEITER\"}]}]}<\/script>\n<!-- \/ Yoast SEO plugin. -->","yoast_head_json":{"title":"K\u00dcNSTLERISCHER LEITER - Jurij Alschitz - Theatreculture","description":"Der K\u00fcnstlerische Leiter Jurij Alschitz ist ein international gefragter Theaterlehrer, Regisseur, Wissenschaftler und Autor.","robots":{"index":"index","follow":"follow","max-snippet":"max-snippet:-1","max-image-preview":"max-image-preview:large","max-video-preview":"max-video-preview:-1"},"canonical":"https:\/\/theatreculture.org\/de\/ueber-uns\/kuenstlerischer-leiter-jurij-alschitz\/","og_locale":"de_DE","og_type":"article","og_title":"K\u00dcNSTLERISCHER LEITER - Jurij Alschitz - Theatreculture","og_description":"Der K\u00fcnstlerische Leiter Jurij Alschitz ist ein international gefragter Theaterlehrer, Regisseur, Wissenschaftler und Autor.","og_url":"https:\/\/theatreculture.org\/de\/ueber-uns\/kuenstlerischer-leiter-jurij-alschitz\/","og_site_name":"World Theatre Training Institute AKT-ZENT\/ITI","article_publisher":"https:\/\/www.facebook.com\/theatreculture.org\/","article_modified_time":"2023-03-17T09:13:48+00:00","og_image":[{"url":"http:\/\/theatreculture.org\/wp-content\/uploads\/2018\/04\/6-300x225.jpg"}],"twitter_card":"summary_large_image","twitter_misc":{"Gesch\u00e4tzte Lesezeit":"3\u00a0Minuten"},"schema":{"@context":"https:\/\/schema.org","@graph":[{"@type":"Organization","@id":"https:\/\/theatreculture.org\/#organization","name":"World Theatre Training Institute AKT-ZENT","url":"https:\/\/theatreculture.org\/","sameAs":["https:\/\/www.facebook.com\/theatreculture.org\/","https:\/\/www.instagram.com\/worldtheatretraining\/","https:\/\/www.youtube.com\/@worldtheatretraininginstit4622","https:\/\/en.wikipedia.org\/wiki\/World_Theatre_Training_Institute"],"logo":{"@type":"ImageObject","@id":"https:\/\/theatreculture.org\/#logo","inLanguage":"de","url":"https:\/\/theatreculture.org\/wp-content\/uploads\/2018\/02\/maennchen_quadrat_gruen.jpg","contentUrl":"https:\/\/theatreculture.org\/wp-content\/uploads\/2018\/02\/maennchen_quadrat_gruen.jpg","width":1435,"height":1435,"caption":"World Theatre Training Institute AKT-ZENT"},"image":{"@id":"https:\/\/theatreculture.org\/#logo"}},{"@type":"WebSite","@id":"https:\/\/theatreculture.org\/#website","url":"https:\/\/theatreculture.org\/","name":"World Theatre Training Institute AKT-ZENT\/ITI","description":"","publisher":{"@id":"https:\/\/theatreculture.org\/#organization"},"potentialAction":[{"@type":"SearchAction","target":{"@type":"EntryPoint","urlTemplate":"https:\/\/theatreculture.org\/?s={search_term_string}"},"query-input":"required name=search_term_string"}],"inLanguage":"de"},{"@type":"ImageObject","@id":"https:\/\/theatreculture.org\/de\/ueber-uns\/kuenstlerischer-leiter-jurij-alschitz\/#primaryimage","inLanguage":"de","url":"http:\/\/theatreculture.org\/wp-content\/uploads\/2018\/04\/6-300x225.jpg","contentUrl":"http:\/\/theatreculture.org\/wp-content\/uploads\/2018\/04\/6-300x225.jpg"},{"@type":"WebPage","@id":"https:\/\/theatreculture.org\/de\/ueber-uns\/kuenstlerischer-leiter-jurij-alschitz\/#webpage","url":"https:\/\/theatreculture.org\/de\/ueber-uns\/kuenstlerischer-leiter-jurij-alschitz\/","name":"K\u00dcNSTLERISCHER LEITER - Jurij Alschitz - Theatreculture","isPartOf":{"@id":"https:\/\/theatreculture.org\/#website"},"primaryImageOfPage":{"@id":"https:\/\/theatreculture.org\/de\/ueber-uns\/kuenstlerischer-leiter-jurij-alschitz\/#primaryimage"},"datePublished":"2018-04-21T20:43:37+00:00","dateModified":"2023-03-17T09:13:48+00:00","description":"Der K\u00fcnstlerische Leiter Jurij Alschitz ist ein international gefragter Theaterlehrer, Regisseur, Wissenschaftler und Autor.","breadcrumb":{"@id":"https:\/\/theatreculture.org\/de\/ueber-uns\/kuenstlerischer-leiter-jurij-alschitz\/#breadcrumb"},"inLanguage":"de","potentialAction":[{"@type":"ReadAction","target":["https:\/\/theatreculture.org\/de\/ueber-uns\/kuenstlerischer-leiter-jurij-alschitz\/"]}]},{"@type":"BreadcrumbList","@id":"https:\/\/theatreculture.org\/de\/ueber-uns\/kuenstlerischer-leiter-jurij-alschitz\/#breadcrumb","itemListElement":[{"@type":"ListItem","position":1,"name":"Startseite","item":"https:\/\/theatreculture.org\/"},{"@type":"ListItem","position":2,"name":"\u00dcBER UNS","item":"https:\/\/theatreculture.org\/de\/ueber-uns\/"},{"@type":"ListItem","position":3,"name":"K\u00dcNSTLERISCHER LEITER"}]}]}},"_links":{"self":[{"href":"https:\/\/theatreculture.org\/wp-json\/wp\/v2\/pages\/615"}],"collection":[{"href":"https:\/\/theatreculture.org\/wp-json\/wp\/v2\/pages"}],"about":[{"href":"https:\/\/theatreculture.org\/wp-json\/wp\/v2\/types\/page"}],"author":[{"embeddable":true,"href":"https:\/\/theatreculture.org\/wp-json\/wp\/v2\/users\/1"}],"replies":[{"embeddable":true,"href":"https:\/\/theatreculture.org\/wp-json\/wp\/v2\/comments?post=615"}],"version-history":[{"count":11,"href":"https:\/\/theatreculture.org\/wp-json\/wp\/v2\/pages\/615\/revisions"}],"predecessor-version":[{"id":6289,"href":"https:\/\/theatreculture.org\/wp-json\/wp\/v2\/pages\/615\/revisions\/6289"}],"up":[{"embeddable":true,"href":"https:\/\/theatreculture.org\/wp-json\/wp\/v2\/pages\/1508"}],"wp:attachment":[{"href":"https:\/\/theatreculture.org\/wp-json\/wp\/v2\/media?parent=615"}],"curies":[{"name":"wp","href":"https:\/\/api.w.org\/{rel}","templated":true}]}}