{"id":596,"date":"2018-04-04T17:22:37","date_gmt":"2018-04-04T16:22:37","guid":{"rendered":"https:\/\/aktzent.cramer-cons.de\/?page_id=596"},"modified":"2018-10-04T20:50:22","modified_gmt":"2018-10-04T19:50:22","slug":"alternative-kurse","status":"publish","type":"page","link":"https:\/\/theatreculture.org\/de\/programme\/alternative-kurse\/","title":{"rendered":"ALTERNATIVE KURSE"},"content":{"rendered":"<p>&nbsp;<\/p>\n<p><span id=\"result_box\" class=\"\" lang=\"de\"><span class=\"\">Das World Theatre Training Institute l\u00e4dt Theaterschulen und Akademien ein, von den innovativen Bildungsprogrammen und Kursen zu ungew\u00f6hnlichen Themen zu profitieren. <\/span><span class=\"\">Im Laufe der Jahre haben Dr. Jurij Alschitz und sein Lehrerteam Lehrmodule auf dem Gebiet der Schauspielp\u00e4dagogik entwickelt, die von interessierten Institutionen gebucht werden k\u00f6nnen.<\/span><\/span><\/p>\n<p><a href=\"http:\/\/theatreculture.org\/wp-content\/uploads\/2018\/02\/alternative-courses.pdf\"><strong><span style=\"color: #008000;\">Kursprogramm<\/span><\/strong><br \/>\n<\/a><\/p>\n<p><span id=\"result_box\" class=\"\" lang=\"de\"><span class=\"\">Das europ\u00e4ische Lehrerteam freut sich, die Ergebnisse ihrer Recherchem zu teilen.<\/span> <span class=\"\">Jeder Kurs wird immer individuell auf die Bed\u00fcrfnisse der Partner zugeschnitten, Inhalt, Format und Thema gemeinsam vorab definiert.<br \/>\n<\/span><\/span><\/p>\n<p><span id=\"result_box\" class=\"\" lang=\"de\"><span class=\"\">Kontaktieren Sie uns.<\/span><\/span><\/p>\n","protected":false},"excerpt":{"rendered":"<p>&nbsp; Das World Theatre Training Institute l\u00e4dt Theaterschulen und Akademien ein, von den innovativen Bildungsprogrammen und Kursen zu ungew\u00f6hnlichen Themen zu profitieren. Im Laufe der Jahre haben Dr. Jurij Alschitz und sein Lehrerteam Lehrmodule auf dem Gebiet der Schauspielp\u00e4dagogik entwickelt, die von interessierten Institutionen gebucht werden k\u00f6nnen. Kursprogramm Das europ\u00e4ische Lehrerteam freut sich, die Ergebnisse [&hellip;]<\/p>\n","protected":false},"author":1,"featured_media":681,"parent":1505,"menu_order":4,"comment_status":"closed","ping_status":"closed","template":"","meta":[],"yoast_head":"<!-- This site is optimized with the Yoast SEO plugin v17.9 - https:\/\/yoast.com\/wordpress\/plugins\/seo\/ -->\n<title>ALTERNATIVE KURSE - World Theatre Training Institute AKT-ZENT\/ITI<\/title>\n<meta name=\"robots\" content=\"index, follow, max-snippet:-1, max-image-preview:large, max-video-preview:-1\" \/>\n<link rel=\"canonical\" href=\"https:\/\/theatreculture.org\/de\/programme\/alternative-kurse\/\" \/>\n<meta property=\"og:locale\" content=\"de_DE\" \/>\n<meta property=\"og:type\" content=\"article\" \/>\n<meta property=\"og:title\" content=\"ALTERNATIVE KURSE - World Theatre Training Institute AKT-ZENT\/ITI\" \/>\n<meta property=\"og:description\" content=\"&nbsp; Das World Theatre Training Institute l\u00e4dt Theaterschulen und Akademien ein, von den innovativen Bildungsprogrammen und Kursen zu ungew\u00f6hnlichen Themen zu profitieren. Im Laufe der Jahre haben Dr. Jurij Alschitz und sein Lehrerteam Lehrmodule auf dem Gebiet der Schauspielp\u00e4dagogik entwickelt, die von interessierten Institutionen gebucht werden k\u00f6nnen. Kursprogramm Das europ\u00e4ische Lehrerteam freut sich, die Ergebnisse [&hellip;]\" \/>\n<meta property=\"og:url\" content=\"https:\/\/theatreculture.org\/de\/programme\/alternative-kurse\/\" \/>\n<meta property=\"og:site_name\" content=\"World Theatre Training Institute AKT-ZENT\/ITI\" \/>\n<meta property=\"article:publisher\" content=\"https:\/\/www.facebook.com\/theatreculture.org\/\" \/>\n<meta property=\"article:modified_time\" content=\"2018-10-04T19:50:22+00:00\" \/>\n<meta property=\"og:image\" content=\"https:\/\/theatreculture.org\/wp-content\/uploads\/2018\/05\/stretching.jpg\" \/>\n\t<meta property=\"og:image:width\" content=\"4834\" \/>\n\t<meta property=\"og:image:height\" content=\"1168\" \/>\n\t<meta property=\"og:image:type\" content=\"image\/jpeg\" \/>\n<meta name=\"twitter:card\" content=\"summary_large_image\" \/>\n<script type=\"application\/ld+json\" class=\"yoast-schema-graph\">{\"@context\":\"https:\/\/schema.org\",\"@graph\":[{\"@type\":\"Organization\",\"@id\":\"https:\/\/theatreculture.org\/#organization\",\"name\":\"World Theatre Training Institute AKT-ZENT\",\"url\":\"https:\/\/theatreculture.org\/\",\"sameAs\":[\"https:\/\/www.facebook.com\/theatreculture.org\/\",\"https:\/\/www.instagram.com\/worldtheatretraining\/\",\"https:\/\/www.youtube.com\/@worldtheatretraininginstit4622\",\"https:\/\/en.wikipedia.org\/wiki\/World_Theatre_Training_Institute\"],\"logo\":{\"@type\":\"ImageObject\",\"@id\":\"https:\/\/theatreculture.org\/#logo\",\"inLanguage\":\"de\",\"url\":\"https:\/\/theatreculture.org\/wp-content\/uploads\/2018\/02\/maennchen_quadrat_gruen.jpg\",\"contentUrl\":\"https:\/\/theatreculture.org\/wp-content\/uploads\/2018\/02\/maennchen_quadrat_gruen.jpg\",\"width\":1435,\"height\":1435,\"caption\":\"World Theatre Training Institute AKT-ZENT\"},\"image\":{\"@id\":\"https:\/\/theatreculture.org\/#logo\"}},{\"@type\":\"WebSite\",\"@id\":\"https:\/\/theatreculture.org\/#website\",\"url\":\"https:\/\/theatreculture.org\/\",\"name\":\"World Theatre Training Institute AKT-ZENT\/ITI\",\"description\":\"\",\"publisher\":{\"@id\":\"https:\/\/theatreculture.org\/#organization\"},\"potentialAction\":[{\"@type\":\"SearchAction\",\"target\":{\"@type\":\"EntryPoint\",\"urlTemplate\":\"https:\/\/theatreculture.org\/?s={search_term_string}\"},\"query-input\":\"required name=search_term_string\"}],\"inLanguage\":\"de\"},{\"@type\":\"ImageObject\",\"@id\":\"https:\/\/theatreculture.org\/de\/programme\/alternative-kurse\/#primaryimage\",\"inLanguage\":\"de\",\"url\":\"https:\/\/theatreculture.org\/wp-content\/uploads\/2018\/05\/stretching.jpg\",\"contentUrl\":\"https:\/\/theatreculture.org\/wp-content\/uploads\/2018\/05\/stretching.jpg\",\"width\":4834,\"height\":1168},{\"@type\":\"WebPage\",\"@id\":\"https:\/\/theatreculture.org\/de\/programme\/alternative-kurse\/#webpage\",\"url\":\"https:\/\/theatreculture.org\/de\/programme\/alternative-kurse\/\",\"name\":\"ALTERNATIVE KURSE - World Theatre Training Institute AKT-ZENT\/ITI\",\"isPartOf\":{\"@id\":\"https:\/\/theatreculture.org\/#website\"},\"primaryImageOfPage\":{\"@id\":\"https:\/\/theatreculture.org\/de\/programme\/alternative-kurse\/#primaryimage\"},\"datePublished\":\"2018-04-04T16:22:37+00:00\",\"dateModified\":\"2018-10-04T19:50:22+00:00\",\"breadcrumb\":{\"@id\":\"https:\/\/theatreculture.org\/de\/programme\/alternative-kurse\/#breadcrumb\"},\"inLanguage\":\"de\",\"potentialAction\":[{\"@type\":\"ReadAction\",\"target\":[\"https:\/\/theatreculture.org\/de\/programme\/alternative-kurse\/\"]}]},{\"@type\":\"BreadcrumbList\",\"@id\":\"https:\/\/theatreculture.org\/de\/programme\/alternative-kurse\/#breadcrumb\",\"itemListElement\":[{\"@type\":\"ListItem\",\"position\":1,\"name\":\"Startseite\",\"item\":\"https:\/\/theatreculture.org\/\"},{\"@type\":\"ListItem\",\"position\":2,\"name\":\"PROGRAMME\",\"item\":\"https:\/\/theatreculture.org\/de\/programme\/\"},{\"@type\":\"ListItem\",\"position\":3,\"name\":\"ALTERNATIVE KURSE\"}]}]}<\/script>\n<!-- \/ Yoast SEO plugin. -->","yoast_head_json":{"title":"ALTERNATIVE KURSE - World Theatre Training Institute AKT-ZENT\/ITI","robots":{"index":"index","follow":"follow","max-snippet":"max-snippet:-1","max-image-preview":"max-image-preview:large","max-video-preview":"max-video-preview:-1"},"canonical":"https:\/\/theatreculture.org\/de\/programme\/alternative-kurse\/","og_locale":"de_DE","og_type":"article","og_title":"ALTERNATIVE KURSE - World Theatre Training Institute AKT-ZENT\/ITI","og_description":"&nbsp; Das World Theatre Training Institute l\u00e4dt Theaterschulen und Akademien ein, von den innovativen Bildungsprogrammen und Kursen zu ungew\u00f6hnlichen Themen zu profitieren. Im Laufe der Jahre haben Dr. Jurij Alschitz und sein Lehrerteam Lehrmodule auf dem Gebiet der Schauspielp\u00e4dagogik entwickelt, die von interessierten Institutionen gebucht werden k\u00f6nnen. Kursprogramm Das europ\u00e4ische Lehrerteam freut sich, die Ergebnisse [&hellip;]","og_url":"https:\/\/theatreculture.org\/de\/programme\/alternative-kurse\/","og_site_name":"World Theatre Training Institute AKT-ZENT\/ITI","article_publisher":"https:\/\/www.facebook.com\/theatreculture.org\/","article_modified_time":"2018-10-04T19:50:22+00:00","og_image":[{"width":4834,"height":1168,"url":"https:\/\/theatreculture.org\/wp-content\/uploads\/2018\/05\/stretching.jpg","type":"image\/jpeg"}],"twitter_card":"summary_large_image","schema":{"@context":"https:\/\/schema.org","@graph":[{"@type":"Organization","@id":"https:\/\/theatreculture.org\/#organization","name":"World Theatre Training Institute AKT-ZENT","url":"https:\/\/theatreculture.org\/","sameAs":["https:\/\/www.facebook.com\/theatreculture.org\/","https:\/\/www.instagram.com\/worldtheatretraining\/","https:\/\/www.youtube.com\/@worldtheatretraininginstit4622","https:\/\/en.wikipedia.org\/wiki\/World_Theatre_Training_Institute"],"logo":{"@type":"ImageObject","@id":"https:\/\/theatreculture.org\/#logo","inLanguage":"de","url":"https:\/\/theatreculture.org\/wp-content\/uploads\/2018\/02\/maennchen_quadrat_gruen.jpg","contentUrl":"https:\/\/theatreculture.org\/wp-content\/uploads\/2018\/02\/maennchen_quadrat_gruen.jpg","width":1435,"height":1435,"caption":"World Theatre Training Institute AKT-ZENT"},"image":{"@id":"https:\/\/theatreculture.org\/#logo"}},{"@type":"WebSite","@id":"https:\/\/theatreculture.org\/#website","url":"https:\/\/theatreculture.org\/","name":"World Theatre Training Institute AKT-ZENT\/ITI","description":"","publisher":{"@id":"https:\/\/theatreculture.org\/#organization"},"potentialAction":[{"@type":"SearchAction","target":{"@type":"EntryPoint","urlTemplate":"https:\/\/theatreculture.org\/?s={search_term_string}"},"query-input":"required name=search_term_string"}],"inLanguage":"de"},{"@type":"ImageObject","@id":"https:\/\/theatreculture.org\/de\/programme\/alternative-kurse\/#primaryimage","inLanguage":"de","url":"https:\/\/theatreculture.org\/wp-content\/uploads\/2018\/05\/stretching.jpg","contentUrl":"https:\/\/theatreculture.org\/wp-content\/uploads\/2018\/05\/stretching.jpg","width":4834,"height":1168},{"@type":"WebPage","@id":"https:\/\/theatreculture.org\/de\/programme\/alternative-kurse\/#webpage","url":"https:\/\/theatreculture.org\/de\/programme\/alternative-kurse\/","name":"ALTERNATIVE KURSE - World Theatre Training Institute AKT-ZENT\/ITI","isPartOf":{"@id":"https:\/\/theatreculture.org\/#website"},"primaryImageOfPage":{"@id":"https:\/\/theatreculture.org\/de\/programme\/alternative-kurse\/#primaryimage"},"datePublished":"2018-04-04T16:22:37+00:00","dateModified":"2018-10-04T19:50:22+00:00","breadcrumb":{"@id":"https:\/\/theatreculture.org\/de\/programme\/alternative-kurse\/#breadcrumb"},"inLanguage":"de","potentialAction":[{"@type":"ReadAction","target":["https:\/\/theatreculture.org\/de\/programme\/alternative-kurse\/"]}]},{"@type":"BreadcrumbList","@id":"https:\/\/theatreculture.org\/de\/programme\/alternative-kurse\/#breadcrumb","itemListElement":[{"@type":"ListItem","position":1,"name":"Startseite","item":"https:\/\/theatreculture.org\/"},{"@type":"ListItem","position":2,"name":"PROGRAMME","item":"https:\/\/theatreculture.org\/de\/programme\/"},{"@type":"ListItem","position":3,"name":"ALTERNATIVE KURSE"}]}]}},"_links":{"self":[{"href":"https:\/\/theatreculture.org\/wp-json\/wp\/v2\/pages\/596"}],"collection":[{"href":"https:\/\/theatreculture.org\/wp-json\/wp\/v2\/pages"}],"about":[{"href":"https:\/\/theatreculture.org\/wp-json\/wp\/v2\/types\/page"}],"author":[{"embeddable":true,"href":"https:\/\/theatreculture.org\/wp-json\/wp\/v2\/users\/1"}],"replies":[{"embeddable":true,"href":"https:\/\/theatreculture.org\/wp-json\/wp\/v2\/comments?post=596"}],"version-history":[{"count":7,"href":"https:\/\/theatreculture.org\/wp-json\/wp\/v2\/pages\/596\/revisions"}],"predecessor-version":[{"id":2470,"href":"https:\/\/theatreculture.org\/wp-json\/wp\/v2\/pages\/596\/revisions\/2470"}],"up":[{"embeddable":true,"href":"https:\/\/theatreculture.org\/wp-json\/wp\/v2\/pages\/1505"}],"wp:featuredmedia":[{"embeddable":true,"href":"https:\/\/theatreculture.org\/wp-json\/wp\/v2\/media\/681"}],"wp:attachment":[{"href":"https:\/\/theatreculture.org\/wp-json\/wp\/v2\/media?parent=596"}],"curies":[{"name":"wp","href":"https:\/\/api.w.org\/{rel}","templated":true}]}}