{"id":4188,"date":"2020-06-13T18:39:07","date_gmt":"2020-06-13T17:39:07","guid":{"rendered":"http:\/\/theatreculture.org\/?page_id=4188"},"modified":"2024-12-17T09:55:54","modified_gmt":"2024-12-17T08:55:54","slug":"online-theater-akademie","status":"publish","type":"page","link":"https:\/\/theatreculture.org\/de\/online-theater-akademie\/","title":{"rendered":"ONLINE THEATER AKADEMIE"},"content":{"rendered":"\n<h2><strong>Online Theater Akademie<\/strong><\/h2>\n<p>Das World Theatre Training Institute erforscht und erprobt seit vielen Jahren die Potenziale von online- und hybrider Theaterausbildung f\u00fcr Schauspiel, Regie und Lehre und nimmt damit weltweit eine f\u00fchrende Position bei der Erforschung neuer Lehrmethoden ein.<\/p>\n<p>Seit Oktober 2020 hei\u00dft die Online Theater Akademie Student*innen und professionelle K\u00fcnstler*innen auf einem eigenen Portal willkommen:<\/p>\n<h3 style=\"text-align: center;\"><span style=\"color: #008000;\"><a style=\"color: #008000;\" href=\"https:\/\/online-theatre-academy.com\" target=\"_blank\" rel=\"noopener noreferrer\"><strong>online-theatre-academy.com<\/strong><\/a><\/span><\/h3>\n<p>Die Online-Theaterakademie ist ein Gemeinschaftsprojekt des <span style=\"color: #008000;\"><em><a style=\"color: #008000;\" href=\"https:\/\/online-theatre-academy.com\/team-of-teachers\/\" target=\"_blank\" rel=\"noopener\">Team of Teachers<\/a><\/em><\/span> des Instituts. Gemeinsam mit dem k\u00fcnstlerischen Leiter Dr. Jurij Alschitz haben seine Meistersch\u00fcler &#8211; Lehrer an Akademien und Leiter von Theaterensembles Dr. Olga Lapina\/D\u00e4nemark-Litauen, Riccardo Palmieri\/Italien, Christine Schmalor\/Deutschland und Dimitris Tsiamis\/Griechenland ein vielf\u00e4ltiges Kursangebot mit unterschiedlichen Formaten entwickelt, die in drei Abteilungen angeboten werden:<\/p>\n<p style=\"text-align: center;\"><span style=\"color: #008000;\"><strong><a style=\"color: #008000;\" href=\"https:\/\/online-theatre-academy.com\/de\/acting\/\" target=\"_blank\" rel=\"noopener noreferrer\">ACTING<\/a><\/strong><\/span><\/p>\n<p style=\"text-align: center;\"><span style=\"color: #008000;\"><strong><a style=\"color: #008000;\" href=\"https:\/\/online-theatre-academy.com\/de\/directing\/\" target=\"_blank\" rel=\"noopener noreferrer\">DIRECTING<\/a><\/strong><\/span><\/p>\n<p style=\"text-align: center;\"><strong><a href=\"https:\/\/online-theatre-academy.com\/de\/teaching\/\" target=\"_blank\" rel=\"noopener noreferrer\"><span style=\"color: #008000;\">TEACHING<\/span><\/a><\/strong><\/p>\n<p>Alle Themen und Unterrichtsf\u00e4cher suchen nach einem experimentellen und innovativen Ansatz f\u00fcr die kreative Theaterpraxis. Sie spiegeln die neuesten Erkenntnisse und Forschungen von Jurij Alschitz und jedem Mitglied des Teams wider. Jeder Kurs ist eine einzigartige Kreation, der sich nie auf die gleiche Art und Weise wiederholen, aber kontinuierlich weiterentwickelt wird, denn jeder Kurs ist eine k\u00fcnstlerische Begegnung mit den Studierenden als <em>Co-Creators<\/em> neuer Ideen.<\/p>\n<p style=\"text-align: center;\">2024 ist ein neues Department hinzugekommen mit diversen Angeboten f\u00fcr<\/p>\n<h3 style=\"text-align: center;\"><a href=\"https:\/\/online-theatre-academy.com\/de\/one-to-one\/\" target=\"_blank\" rel=\"noopener\"><span style=\"color: #008000;\">One-to-One Training<\/span><\/a><\/h3>\n<table style=\"border-collapse: collapse; width: 100%;\">\n<tbody>\n<tr>\n<td style=\"width: 33.3333%;\"><a href=\"https:\/\/online-theatre-academy.com\/de\/private-school\/\"><img loading=\"lazy\" class=\"alignleft wp-image-6975 size-medium\" src=\"https:\/\/theatreculture.org\/wp-content\/uploads\/2024\/03\/private-school_qu-300x300.png\" alt=\"\" width=\"300\" height=\"300\" srcset=\"https:\/\/theatreculture.org\/wp-content\/uploads\/2024\/03\/private-school_qu-300x300.png 300w, https:\/\/theatreculture.org\/wp-content\/uploads\/2024\/03\/private-school_qu-150x150.png 150w, https:\/\/theatreculture.org\/wp-content\/uploads\/2024\/03\/private-school_qu-220x220.png 220w, https:\/\/theatreculture.org\/wp-content\/uploads\/2024\/03\/private-school_qu-50x50.png 50w, https:\/\/theatreculture.org\/wp-content\/uploads\/2024\/03\/private-school_qu-200x200.png 200w, https:\/\/theatreculture.org\/wp-content\/uploads\/2024\/03\/private-school_qu-400x400.png 400w, https:\/\/theatreculture.org\/wp-content\/uploads\/2024\/03\/private-school_qu-100x100.png 100w, https:\/\/theatreculture.org\/wp-content\/uploads\/2024\/03\/private-school_qu.png 605w\" sizes=\"(max-width: 300px) 100vw, 300px\" \/><\/a><\/td>\n<td style=\"width: 33.3333%;\"><a href=\"https:\/\/online-theatre-academy.com\/de\/consultation-with-jurij-alschitz\/\"><img loading=\"lazy\" class=\"alignleft wp-image-6976 size-medium\" src=\"https:\/\/theatreculture.org\/wp-content\/uploads\/2024\/03\/consultation1-300x300.png\" alt=\"\" width=\"300\" height=\"300\" srcset=\"https:\/\/theatreculture.org\/wp-content\/uploads\/2024\/03\/consultation1-300x300.png 300w, https:\/\/theatreculture.org\/wp-content\/uploads\/2024\/03\/consultation1-150x150.png 150w, https:\/\/theatreculture.org\/wp-content\/uploads\/2024\/03\/consultation1-220x220.png 220w, https:\/\/theatreculture.org\/wp-content\/uploads\/2024\/03\/consultation1-50x50.png 50w, https:\/\/theatreculture.org\/wp-content\/uploads\/2024\/03\/consultation1-200x200.png 200w, https:\/\/theatreculture.org\/wp-content\/uploads\/2024\/03\/consultation1-400x400.png 400w, https:\/\/theatreculture.org\/wp-content\/uploads\/2024\/03\/consultation1-100x100.png 100w, https:\/\/theatreculture.org\/wp-content\/uploads\/2024\/03\/consultation1.png 605w\" sizes=\"(max-width: 300px) 100vw, 300px\" \/><\/a><\/td>\n<td style=\"width: 33.3333%;\"><a href=\"https:\/\/online-theatre-academy.com\/de\/individual-coaching-for-actors\/\"><img loading=\"lazy\" class=\"alignleft wp-image-6974 size-medium\" src=\"https:\/\/theatreculture.org\/wp-content\/uploads\/2024\/03\/ind-coach1-300x300.png\" alt=\"\" width=\"300\" height=\"300\" srcset=\"https:\/\/theatreculture.org\/wp-content\/uploads\/2024\/03\/ind-coach1-300x300.png 300w, https:\/\/theatreculture.org\/wp-content\/uploads\/2024\/03\/ind-coach1-150x150.png 150w, https:\/\/theatreculture.org\/wp-content\/uploads\/2024\/03\/ind-coach1-220x220.png 220w, https:\/\/theatreculture.org\/wp-content\/uploads\/2024\/03\/ind-coach1-50x50.png 50w, https:\/\/theatreculture.org\/wp-content\/uploads\/2024\/03\/ind-coach1-200x200.png 200w, https:\/\/theatreculture.org\/wp-content\/uploads\/2024\/03\/ind-coach1-400x400.png 400w, https:\/\/theatreculture.org\/wp-content\/uploads\/2024\/03\/ind-coach1-100x100.png 100w, https:\/\/theatreculture.org\/wp-content\/uploads\/2024\/03\/ind-coach1.png 605w\" sizes=\"(max-width: 300px) 100vw, 300px\" \/><\/a><\/td>\n<\/tr>\n<\/tbody>\n<\/table>\n<p>\u00a0<\/p>\n","protected":false},"excerpt":{"rendered":"<p>Online Theater Akademie Das World Theatre Training Institute erforscht und erprobt seit vielen Jahren die Potenziale von online- und hybrider Theaterausbildung f\u00fcr Schauspiel, Regie und Lehre und nimmt damit weltweit eine f\u00fchrende Position bei der Erforschung neuer Lehrmethoden ein. Seit Oktober 2020 hei\u00dft die Online Theater Akademie Student*innen und professionelle K\u00fcnstler*innen auf einem eigenen Portal [&hellip;]<\/p>\n","protected":false},"author":1,"featured_media":4344,"parent":0,"menu_order":0,"comment_status":"closed","ping_status":"closed","template":"","meta":[],"yoast_head":"<!-- This site is optimized with the Yoast SEO plugin v17.9 - https:\/\/yoast.com\/wordpress\/plugins\/seo\/ -->\n<title>ONLINE THEATER AKADEMIE - World Theatre Training Institute<\/title>\n<meta name=\"description\" content=\"Die Online Theater Akademie ist ein Projekt des internationalen Teams des World Theatre Training Institute. Kurse f\u00fcr Schauspiel, Regie, Lehre\" \/>\n<meta name=\"robots\" content=\"index, follow, max-snippet:-1, max-image-preview:large, max-video-preview:-1\" \/>\n<link rel=\"canonical\" href=\"https:\/\/theatreculture.org\/de\/online-theater-akademie\/\" \/>\n<meta property=\"og:locale\" content=\"de_DE\" \/>\n<meta property=\"og:type\" content=\"article\" \/>\n<meta property=\"og:title\" content=\"ONLINE THEATER AKADEMIE - World Theatre Training Institute\" \/>\n<meta property=\"og:description\" content=\"Die Online Theater Akademie ist ein Projekt des internationalen Teams des World Theatre Training Institute. Kurse f\u00fcr Schauspiel, Regie, Lehre\" \/>\n<meta property=\"og:url\" content=\"https:\/\/theatreculture.org\/de\/online-theater-akademie\/\" \/>\n<meta property=\"og:site_name\" content=\"World Theatre Training Institute AKT-ZENT\/ITI\" \/>\n<meta property=\"article:publisher\" content=\"https:\/\/www.facebook.com\/theatreculture.org\/\" \/>\n<meta property=\"article:modified_time\" content=\"2024-12-17T08:55:54+00:00\" \/>\n<meta property=\"og:image\" content=\"https:\/\/theatreculture.org\/wp-content\/uploads\/2020\/10\/cer181127fxt2-022_46726768832_o-2.jpg\" \/>\n\t<meta property=\"og:image:width\" content=\"1072\" \/>\n\t<meta property=\"og:image:height\" content=\"365\" \/>\n\t<meta property=\"og:image:type\" content=\"image\/jpeg\" \/>\n<meta name=\"twitter:card\" content=\"summary_large_image\" \/>\n<meta name=\"twitter:label1\" content=\"Gesch\u00e4tzte Lesezeit\" \/>\n\t<meta name=\"twitter:data1\" content=\"2\u00a0Minuten\" \/>\n<script type=\"application\/ld+json\" class=\"yoast-schema-graph\">{\"@context\":\"https:\/\/schema.org\",\"@graph\":[{\"@type\":\"Organization\",\"@id\":\"https:\/\/theatreculture.org\/#organization\",\"name\":\"World Theatre Training Institute AKT-ZENT\",\"url\":\"https:\/\/theatreculture.org\/\",\"sameAs\":[\"https:\/\/www.facebook.com\/theatreculture.org\/\",\"https:\/\/www.instagram.com\/worldtheatretraining\/\",\"https:\/\/www.youtube.com\/@worldtheatretraininginstit4622\",\"https:\/\/en.wikipedia.org\/wiki\/World_Theatre_Training_Institute\"],\"logo\":{\"@type\":\"ImageObject\",\"@id\":\"https:\/\/theatreculture.org\/#logo\",\"inLanguage\":\"de\",\"url\":\"https:\/\/theatreculture.org\/wp-content\/uploads\/2018\/02\/maennchen_quadrat_gruen.jpg\",\"contentUrl\":\"https:\/\/theatreculture.org\/wp-content\/uploads\/2018\/02\/maennchen_quadrat_gruen.jpg\",\"width\":1435,\"height\":1435,\"caption\":\"World Theatre Training Institute AKT-ZENT\"},\"image\":{\"@id\":\"https:\/\/theatreculture.org\/#logo\"}},{\"@type\":\"WebSite\",\"@id\":\"https:\/\/theatreculture.org\/#website\",\"url\":\"https:\/\/theatreculture.org\/\",\"name\":\"World Theatre Training Institute AKT-ZENT\/ITI\",\"description\":\"\",\"publisher\":{\"@id\":\"https:\/\/theatreculture.org\/#organization\"},\"potentialAction\":[{\"@type\":\"SearchAction\",\"target\":{\"@type\":\"EntryPoint\",\"urlTemplate\":\"https:\/\/theatreculture.org\/?s={search_term_string}\"},\"query-input\":\"required name=search_term_string\"}],\"inLanguage\":\"de\"},{\"@type\":\"ImageObject\",\"@id\":\"https:\/\/theatreculture.org\/de\/online-theater-akademie\/#primaryimage\",\"inLanguage\":\"de\",\"url\":\"https:\/\/theatreculture.org\/wp-content\/uploads\/2020\/10\/cer181127fxt2-022_46726768832_o-2.jpg\",\"contentUrl\":\"https:\/\/theatreculture.org\/wp-content\/uploads\/2020\/10\/cer181127fxt2-022_46726768832_o-2.jpg\",\"width\":1072,\"height\":365,\"caption\":\"CER\"},{\"@type\":\"WebPage\",\"@id\":\"https:\/\/theatreculture.org\/de\/online-theater-akademie\/#webpage\",\"url\":\"https:\/\/theatreculture.org\/de\/online-theater-akademie\/\",\"name\":\"ONLINE THEATER AKADEMIE - World Theatre Training Institute\",\"isPartOf\":{\"@id\":\"https:\/\/theatreculture.org\/#website\"},\"primaryImageOfPage\":{\"@id\":\"https:\/\/theatreculture.org\/de\/online-theater-akademie\/#primaryimage\"},\"datePublished\":\"2020-06-13T17:39:07+00:00\",\"dateModified\":\"2024-12-17T08:55:54+00:00\",\"description\":\"Die Online Theater Akademie ist ein Projekt des internationalen Teams des World Theatre Training Institute. Kurse f\\u00fcr Schauspiel, Regie, Lehre\",\"breadcrumb\":{\"@id\":\"https:\/\/theatreculture.org\/de\/online-theater-akademie\/#breadcrumb\"},\"inLanguage\":\"de\",\"potentialAction\":[{\"@type\":\"ReadAction\",\"target\":[\"https:\/\/theatreculture.org\/de\/online-theater-akademie\/\"]}]},{\"@type\":\"BreadcrumbList\",\"@id\":\"https:\/\/theatreculture.org\/de\/online-theater-akademie\/#breadcrumb\",\"itemListElement\":[{\"@type\":\"ListItem\",\"position\":1,\"name\":\"Startseite\",\"item\":\"https:\/\/theatreculture.org\/\"},{\"@type\":\"ListItem\",\"position\":2,\"name\":\"ONLINE THEATER AKADEMIE\"}]}]}<\/script>\n<!-- \/ Yoast SEO plugin. -->","yoast_head_json":{"title":"ONLINE THEATER AKADEMIE - World Theatre Training Institute","description":"Die Online Theater Akademie ist ein Projekt des internationalen Teams des World Theatre Training Institute. Kurse f\u00fcr Schauspiel, Regie, Lehre","robots":{"index":"index","follow":"follow","max-snippet":"max-snippet:-1","max-image-preview":"max-image-preview:large","max-video-preview":"max-video-preview:-1"},"canonical":"https:\/\/theatreculture.org\/de\/online-theater-akademie\/","og_locale":"de_DE","og_type":"article","og_title":"ONLINE THEATER AKADEMIE - World Theatre Training Institute","og_description":"Die Online Theater Akademie ist ein Projekt des internationalen Teams des World Theatre Training Institute. Kurse f\u00fcr Schauspiel, Regie, Lehre","og_url":"https:\/\/theatreculture.org\/de\/online-theater-akademie\/","og_site_name":"World Theatre Training Institute AKT-ZENT\/ITI","article_publisher":"https:\/\/www.facebook.com\/theatreculture.org\/","article_modified_time":"2024-12-17T08:55:54+00:00","og_image":[{"width":1072,"height":365,"url":"https:\/\/theatreculture.org\/wp-content\/uploads\/2020\/10\/cer181127fxt2-022_46726768832_o-2.jpg","type":"image\/jpeg"}],"twitter_card":"summary_large_image","twitter_misc":{"Gesch\u00e4tzte Lesezeit":"2\u00a0Minuten"},"schema":{"@context":"https:\/\/schema.org","@graph":[{"@type":"Organization","@id":"https:\/\/theatreculture.org\/#organization","name":"World Theatre Training Institute AKT-ZENT","url":"https:\/\/theatreculture.org\/","sameAs":["https:\/\/www.facebook.com\/theatreculture.org\/","https:\/\/www.instagram.com\/worldtheatretraining\/","https:\/\/www.youtube.com\/@worldtheatretraininginstit4622","https:\/\/en.wikipedia.org\/wiki\/World_Theatre_Training_Institute"],"logo":{"@type":"ImageObject","@id":"https:\/\/theatreculture.org\/#logo","inLanguage":"de","url":"https:\/\/theatreculture.org\/wp-content\/uploads\/2018\/02\/maennchen_quadrat_gruen.jpg","contentUrl":"https:\/\/theatreculture.org\/wp-content\/uploads\/2018\/02\/maennchen_quadrat_gruen.jpg","width":1435,"height":1435,"caption":"World Theatre Training Institute AKT-ZENT"},"image":{"@id":"https:\/\/theatreculture.org\/#logo"}},{"@type":"WebSite","@id":"https:\/\/theatreculture.org\/#website","url":"https:\/\/theatreculture.org\/","name":"World Theatre Training Institute AKT-ZENT\/ITI","description":"","publisher":{"@id":"https:\/\/theatreculture.org\/#organization"},"potentialAction":[{"@type":"SearchAction","target":{"@type":"EntryPoint","urlTemplate":"https:\/\/theatreculture.org\/?s={search_term_string}"},"query-input":"required name=search_term_string"}],"inLanguage":"de"},{"@type":"ImageObject","@id":"https:\/\/theatreculture.org\/de\/online-theater-akademie\/#primaryimage","inLanguage":"de","url":"https:\/\/theatreculture.org\/wp-content\/uploads\/2020\/10\/cer181127fxt2-022_46726768832_o-2.jpg","contentUrl":"https:\/\/theatreculture.org\/wp-content\/uploads\/2020\/10\/cer181127fxt2-022_46726768832_o-2.jpg","width":1072,"height":365,"caption":"CER"},{"@type":"WebPage","@id":"https:\/\/theatreculture.org\/de\/online-theater-akademie\/#webpage","url":"https:\/\/theatreculture.org\/de\/online-theater-akademie\/","name":"ONLINE THEATER AKADEMIE - World Theatre Training Institute","isPartOf":{"@id":"https:\/\/theatreculture.org\/#website"},"primaryImageOfPage":{"@id":"https:\/\/theatreculture.org\/de\/online-theater-akademie\/#primaryimage"},"datePublished":"2020-06-13T17:39:07+00:00","dateModified":"2024-12-17T08:55:54+00:00","description":"Die Online Theater Akademie ist ein Projekt des internationalen Teams des World Theatre Training Institute. Kurse f\u00fcr Schauspiel, Regie, Lehre","breadcrumb":{"@id":"https:\/\/theatreculture.org\/de\/online-theater-akademie\/#breadcrumb"},"inLanguage":"de","potentialAction":[{"@type":"ReadAction","target":["https:\/\/theatreculture.org\/de\/online-theater-akademie\/"]}]},{"@type":"BreadcrumbList","@id":"https:\/\/theatreculture.org\/de\/online-theater-akademie\/#breadcrumb","itemListElement":[{"@type":"ListItem","position":1,"name":"Startseite","item":"https:\/\/theatreculture.org\/"},{"@type":"ListItem","position":2,"name":"ONLINE THEATER AKADEMIE"}]}]}},"_links":{"self":[{"href":"https:\/\/theatreculture.org\/wp-json\/wp\/v2\/pages\/4188"}],"collection":[{"href":"https:\/\/theatreculture.org\/wp-json\/wp\/v2\/pages"}],"about":[{"href":"https:\/\/theatreculture.org\/wp-json\/wp\/v2\/types\/page"}],"author":[{"embeddable":true,"href":"https:\/\/theatreculture.org\/wp-json\/wp\/v2\/users\/1"}],"replies":[{"embeddable":true,"href":"https:\/\/theatreculture.org\/wp-json\/wp\/v2\/comments?post=4188"}],"version-history":[{"count":23,"href":"https:\/\/theatreculture.org\/wp-json\/wp\/v2\/pages\/4188\/revisions"}],"predecessor-version":[{"id":7201,"href":"https:\/\/theatreculture.org\/wp-json\/wp\/v2\/pages\/4188\/revisions\/7201"}],"wp:featuredmedia":[{"embeddable":true,"href":"https:\/\/theatreculture.org\/wp-json\/wp\/v2\/media\/4344"}],"wp:attachment":[{"href":"https:\/\/theatreculture.org\/wp-json\/wp\/v2\/media?parent=4188"}],"curies":[{"name":"wp","href":"https:\/\/api.w.org\/{rel}","templated":true}]}}