{"id":3975,"date":"2020-05-06T15:27:56","date_gmt":"2020-05-06T14:27:56","guid":{"rendered":"http:\/\/theatreculture.org\/?page_id=3975"},"modified":"2021-10-21T13:25:57","modified_gmt":"2021-10-21T12:25:57","slug":"online-conference","status":"publish","type":"page","link":"https:\/\/theatreculture.org\/de\/netzwerk\/iti-unesco-network-for-higher-education-in-the-performing-arts\/online-conference\/","title":{"rendered":"Online Konferenz"},"content":{"rendered":"\n<table style=\"border-collapse: collapse; width: 100%;\">\n<tbody>\n<tr>\n<td style=\"width: 33.3333%;\"><img loading=\"lazy\" class=\"alignleft size-full wp-image-3842\" src=\"http:\/\/theatreculture.org\/wp-content\/uploads\/2020\/02\/logo.png\" alt=\"\" width=\"278\" height=\"220\" srcset=\"https:\/\/theatreculture.org\/wp-content\/uploads\/2020\/02\/logo.png 278w, https:\/\/theatreculture.org\/wp-content\/uploads\/2020\/02\/logo-200x158.png 200w\" sizes=\"(max-width: 278px) 100vw, 278px\" \/><\/td>\n<td style=\"width: 33.3333%;\"><img loading=\"lazy\" class=\"wp-image-3956 aligncenter\" src=\"http:\/\/theatreculture.org\/wp-content\/uploads\/2020\/05\/maennchen_quadrat_grau.jpg\" alt=\"\" width=\"155\" height=\"155\" srcset=\"https:\/\/theatreculture.org\/wp-content\/uploads\/2020\/05\/maennchen_quadrat_grau.jpg 1435w, https:\/\/theatreculture.org\/wp-content\/uploads\/2020\/05\/maennchen_quadrat_grau-150x150.jpg 150w, https:\/\/theatreculture.org\/wp-content\/uploads\/2020\/05\/maennchen_quadrat_grau-300x300.jpg 300w, https:\/\/theatreculture.org\/wp-content\/uploads\/2020\/05\/maennchen_quadrat_grau-768x768.jpg 768w, https:\/\/theatreculture.org\/wp-content\/uploads\/2020\/05\/maennchen_quadrat_grau-220x220.jpg 220w, https:\/\/theatreculture.org\/wp-content\/uploads\/2020\/05\/maennchen_quadrat_grau-50x50.jpg 50w, https:\/\/theatreculture.org\/wp-content\/uploads\/2020\/05\/maennchen_quadrat_grau-200x200.jpg 200w, https:\/\/theatreculture.org\/wp-content\/uploads\/2020\/05\/maennchen_quadrat_grau-400x400.jpg 400w, https:\/\/theatreculture.org\/wp-content\/uploads\/2020\/05\/maennchen_quadrat_grau-100x100.jpg 100w\" sizes=\"(max-width: 155px) 100vw, 155px\" \/><\/td>\n<td style=\"width: 33.3333%;\">\n<p><img loading=\"lazy\" class=\"alignleft size-full wp-image-3761\" src=\"http:\/\/theatreculture.org\/wp-content\/uploads\/2020\/01\/Kamal.png\" alt=\"\" width=\"350\" height=\"188\" srcset=\"https:\/\/theatreculture.org\/wp-content\/uploads\/2020\/01\/Kamal.png 350w, https:\/\/theatreculture.org\/wp-content\/uploads\/2020\/01\/Kamal-300x161.png 300w, https:\/\/theatreculture.org\/wp-content\/uploads\/2020\/01\/Kamal-200x107.png 200w\" sizes=\"(max-width: 350px) 100vw, 350px\" \/><\/p>\n<\/td>\n<\/tr>\n<\/tbody>\n<\/table>\n<h2><span style=\"color: #178b91;\"><span style=\"color: #0f8773;\"><strong>Challenges of the Mind <\/strong><\/span> <\/span><\/h2>\n<h3>Online Konferenz \u00fcber neue Dimensionen in der Theaterausbildung<\/h3>\n<p><span style=\"color: #000000;\">15. &#8211; 17. Juni 2020 von 16:00 bis 18:00 Berlin Zeit (UTC + 2)<strong><br \/><\/strong><\/span><\/p>\n<p><strong>Eine Initiative von Dr. Jurij Alschitz; Konzept und Moderation: Christine Schmalor<\/strong><\/p>\n<p><strong>Im Rahmen des <em>&#8211; ONLINE &#8211;<\/em> VI International Theatre and Education Festival-Forum \u201cNauruz\u201d des <a href=\"https:\/\/kamalteatr.ru\/?lang=en\" target=\"_blank\" rel=\"noopener noreferrer\"><span style=\"color: #008000;\">Galiaskar Kamal Tatar Academic Theatre<\/span><\/a><\/strong><\/p>\n<hr \/>\n<h3><a href=\"http:\/\/theatreculture.org\/product\/challenges-of-the-mind-new-dimensions-in-theatre-training\/\" target=\"_blank\" rel=\"noopener noreferrer\"><span style=\"color: #008000;\">\u21d2The conference reader is now available<\/span><\/a><\/h3>\n<p><strong>mit den Beitr\u00e4gen der Sprecher, Reflektionen, Analysen und Bildern.<\/strong><\/p>\n<hr \/>\n<table style=\"border-collapse: collapse; width: 97.7586%;\">\n<tbody>\n<tr>\n<td style=\"width: 100%; background-color: #f2f20a;\">\n<h4><a href=\"http:\/\/theatreculture.org\/wp-content\/uploads\/2020\/06\/conference_programme.pdf\" target=\"_blank\" rel=\"noopener noreferrer\"><span style=\"text-decoration: underline; color: #008080;\">The conference_programme<\/span><\/a><\/h4>\n<\/td>\n<\/tr>\n<tr>\n<td style=\"width: 100%; background-color: #e6e632;\">\n<h4><span style=\"text-decoration: underline;\"><span style=\"color: #008080;\"><a style=\"color: #008080; text-decoration: underline;\" href=\"http:\/\/theatreculture.org\/wp-content\/uploads\/2020\/06\/Speakers-to-challenge-the-Mind.pdf\" target=\"_blank\" rel=\"noopener noreferrer\">Speakers to challenge the Mind<\/a><\/span><\/span><\/h4>\n<\/td>\n<\/tr>\n<\/tbody>\n<\/table>\n<p>Die Pandemie zwingt uns alle, neu zu denken. Die Digitalisierung ist pl\u00f6tzlich schneller in den Theaterakademien angekommen, als wir es uns je vorgestellt h\u00e4tten. Zuvor als Expertenkolloquium geplant, \u00f6ffnet die Online-Konferenz das Thema nun einem gr\u00f6\u00dferen Publikum.<\/p>\n<h4>Gemeinsam laden das World Theatre Training Institute und das <span style=\"color: #008000;\"><strong><a style=\"color: #008000;\" href=\"https:\/\/www.iti-unesco-network.org\/\" target=\"_blank\" rel=\"noopener noreferrer\">ITI\/UNESCO Network for Higher Education in Performing Arts<\/a> <\/strong><\/span>Kolleg*innen zum Gedankenaustausch ein.<\/h4>\n<p>Eine sich ver\u00e4ndernde Welt verlangt nach einem Sinneswandel. In diesem Moment begreifen wir mehr denn je, dass wir <em>eine<\/em> Welt sind, und dass Theater als Einheit gedacht alle Kulturen und alle Methoden umfasst, die von der n\u00e4chsten Generation entdeckt werden wollen. Der Austausch und die Entwicklung von tragf\u00e4higen Vorschl\u00e4gen f\u00fcr neue Unterrichtsformen und Inhalte wird zu einer dringenden Notwendigkeit.<\/p>\n<h3>Das Ziel<\/h3>\n<p>Ziel der Konferenz ist es &#8211; \u00fcber Notfalll\u00f6sungen hinaus &#8211; Perspektiven f\u00fcr die Theaterausbildung zu er\u00f6ffnen. Es ist an der Zeit, eine sich langfristig ver\u00e4ndernde Realit\u00e4t zu akzeptieren, die mit einem sich ebenfalls \u00e4ndernden Verst\u00e4ndnis der Lern- und Lehrpraxis einhergeht.<\/p>\n<p><em>Digitality<\/em> ist nicht eine Frage der technischen, sondern der kulturellen Kompetenz. <span class=\"tlid-translation\"><span title=\"\">Heute stehen wir vor der Notwendigkeit, Bildung neu zu definieren.<\/span> <span title=\"\">Der Bildungsprozess erfordert die Innovation von Inhalten und Methoden. <\/span><span title=\"\">Wie stellen wir uns die Zukunft der Lehre vor?<\/span> <span title=\"\">Wie beeinflusst die digitale Denkweise den schauspielerischen Prozess, die B\u00fchnenpr\u00e4senz, die Dramaturgie, sowie die methodischen Werkzeuge f\u00fcr die k\u00fcnstlerische Entwicklung?<\/span><\/span><\/p>\n<p>Die gr\u00f6\u00dften Herausforderungen des Online-Trainings sind nicht die technischen Fragen, sondern die vollst\u00e4ndige Ver\u00e4nderung der Lehrmethodik und die Art und Weise, wie Wissen generiert werden kann. Die aktuellen Fragen der Selbstbildung verlangen nicht nur Online-L\u00f6sungen zur klassischen eigenst\u00e4ndigen Vorbereitung f\u00fcr die B\u00fchne; sie er\u00f6ffnen vielmehr eine neue Perspektive: die Kompetenz der Studierenden, sich als K\u00fcnstler*innen selbst zu erschaffen.\u00a0<\/p>\n<p>1. Tag<\/p>\n<p><strong>New Dimensions in Theatre Training <\/strong><\/p>\n<p>2. Tag<\/p>\n<p><strong>Strategies, ideas and perspectives for online and hybrid training<\/strong><\/p>\n<p>3. Tag<\/p>\n<p><strong>Assuming the future is shaping the future<\/strong>. \u00a0<\/p>\n<p><em>The teacher as creator. <\/em>Wir erleben eine Zeit der Selbstbef\u00e4higung und Selbsterm\u00e4chtigung der P\u00e4dagog*innen indem sie die neuen Herausforderungen kreativ meistern. Welche Formen der Forschung, Ausbildung und des Wissensaustausches k\u00f6nnen wir gemeinsam f\u00fcr uns selbst entwickeln?<\/p>\n<h4><strong>Conference Team<\/strong><\/h4>\n<p><strong>Initiator:<\/strong> World Theatre Training Institute AKT-ZENT\/ITI<br \/><strong>Artistic director:<\/strong> Dr. Jurij Alschitz<br \/><strong>Concept and moderation:<\/strong> Christine Schmalor<br \/><strong>Conference Realisation: <\/strong>Galiaskar Kamal Tatar Academic Theatre<br \/><strong>Artistic director: <\/strong>Bikchantaev Farid Rafkatovich<br \/><strong>Head of Festival: <\/strong>Yakupov Ilfir Ilshatovich<br \/><strong>Assistance<\/strong>: Aliya Toporova<br \/><strong>Head Organisation:<\/strong> the ITI\/UNESCO Network for Higher Education in Performing Arts<\/p>\n\n\n","protected":false},"excerpt":{"rendered":"<p>Challenges of the Mind Online Konferenz \u00fcber neue Dimensionen in der Theaterausbildung 15. &#8211; 17. Juni 2020 von 16:00 bis 18:00 Berlin Zeit (UTC + 2) Eine Initiative von Dr. Jurij Alschitz; Konzept und Moderation: Christine Schmalor Im Rahmen des &#8211; ONLINE &#8211; VI International Theatre and Education Festival-Forum \u201cNauruz\u201d des Galiaskar Kamal Tatar Academic [&hellip;]<\/p>\n","protected":false},"author":1,"featured_media":0,"parent":1911,"menu_order":1,"comment_status":"closed","ping_status":"closed","template":"","meta":[],"yoast_head":"<!-- This site is optimized with the Yoast SEO plugin v17.9 - https:\/\/yoast.com\/wordpress\/plugins\/seo\/ -->\n<title>Online Conference - virtual theatre training - World Theatre Training Institute AKT-ZENT\/ITI<\/title>\n<meta name=\"description\" content=\"International online conference about new dimensions for the Theatre Training of the ITI\/UNESCO Network for Higher Education in Performing Arts.\" \/>\n<meta name=\"robots\" content=\"index, follow, max-snippet:-1, max-image-preview:large, max-video-preview:-1\" \/>\n<link rel=\"canonical\" href=\"https:\/\/theatreculture.org\/de\/netzwerk\/iti-unesco-network-for-higher-education-in-the-performing-arts\/online-conference\/\" \/>\n<meta property=\"og:locale\" content=\"de_DE\" \/>\n<meta property=\"og:type\" content=\"article\" \/>\n<meta property=\"og:title\" content=\"Online Conference - virtual theatre training - World Theatre Training Institute AKT-ZENT\/ITI\" \/>\n<meta property=\"og:description\" content=\"International online conference about new dimensions for the Theatre Training of the ITI\/UNESCO Network for Higher Education in Performing Arts.\" \/>\n<meta property=\"og:url\" content=\"https:\/\/theatreculture.org\/de\/netzwerk\/iti-unesco-network-for-higher-education-in-the-performing-arts\/online-conference\/\" \/>\n<meta property=\"og:site_name\" content=\"World Theatre Training Institute AKT-ZENT\/ITI\" \/>\n<meta property=\"article:publisher\" content=\"https:\/\/www.facebook.com\/theatreculture.org\/\" \/>\n<meta property=\"article:modified_time\" content=\"2021-10-21T12:25:57+00:00\" \/>\n<meta property=\"og:image\" content=\"http:\/\/theatreculture.org\/wp-content\/uploads\/2020\/02\/logo.png\" \/>\n<meta name=\"twitter:card\" content=\"summary_large_image\" \/>\n<meta name=\"twitter:label1\" content=\"Gesch\u00e4tzte Lesezeit\" \/>\n\t<meta name=\"twitter:data1\" content=\"2\u00a0Minuten\" \/>\n<script type=\"application\/ld+json\" class=\"yoast-schema-graph\">{\"@context\":\"https:\/\/schema.org\",\"@graph\":[{\"@type\":\"Organization\",\"@id\":\"https:\/\/theatreculture.org\/#organization\",\"name\":\"World Theatre Training Institute AKT-ZENT\",\"url\":\"https:\/\/theatreculture.org\/\",\"sameAs\":[\"https:\/\/www.facebook.com\/theatreculture.org\/\",\"https:\/\/www.instagram.com\/worldtheatretraining\/\",\"https:\/\/www.youtube.com\/@worldtheatretraininginstit4622\",\"https:\/\/en.wikipedia.org\/wiki\/World_Theatre_Training_Institute\"],\"logo\":{\"@type\":\"ImageObject\",\"@id\":\"https:\/\/theatreculture.org\/#logo\",\"inLanguage\":\"de\",\"url\":\"https:\/\/theatreculture.org\/wp-content\/uploads\/2018\/02\/maennchen_quadrat_gruen.jpg\",\"contentUrl\":\"https:\/\/theatreculture.org\/wp-content\/uploads\/2018\/02\/maennchen_quadrat_gruen.jpg\",\"width\":1435,\"height\":1435,\"caption\":\"World Theatre Training Institute AKT-ZENT\"},\"image\":{\"@id\":\"https:\/\/theatreculture.org\/#logo\"}},{\"@type\":\"WebSite\",\"@id\":\"https:\/\/theatreculture.org\/#website\",\"url\":\"https:\/\/theatreculture.org\/\",\"name\":\"World Theatre Training Institute AKT-ZENT\/ITI\",\"description\":\"\",\"publisher\":{\"@id\":\"https:\/\/theatreculture.org\/#organization\"},\"potentialAction\":[{\"@type\":\"SearchAction\",\"target\":{\"@type\":\"EntryPoint\",\"urlTemplate\":\"https:\/\/theatreculture.org\/?s={search_term_string}\"},\"query-input\":\"required name=search_term_string\"}],\"inLanguage\":\"de\"},{\"@type\":\"ImageObject\",\"@id\":\"https:\/\/theatreculture.org\/de\/netzwerk\/iti-unesco-network-for-higher-education-in-the-performing-arts\/online-conference\/#primaryimage\",\"inLanguage\":\"de\",\"url\":\"http:\/\/theatreculture.org\/wp-content\/uploads\/2020\/02\/logo.png\",\"contentUrl\":\"http:\/\/theatreculture.org\/wp-content\/uploads\/2020\/02\/logo.png\"},{\"@type\":\"WebPage\",\"@id\":\"https:\/\/theatreculture.org\/de\/netzwerk\/iti-unesco-network-for-higher-education-in-the-performing-arts\/online-conference\/#webpage\",\"url\":\"https:\/\/theatreculture.org\/de\/netzwerk\/iti-unesco-network-for-higher-education-in-the-performing-arts\/online-conference\/\",\"name\":\"Online Conference - virtual theatre training - World Theatre Training Institute AKT-ZENT\/ITI\",\"isPartOf\":{\"@id\":\"https:\/\/theatreculture.org\/#website\"},\"primaryImageOfPage\":{\"@id\":\"https:\/\/theatreculture.org\/de\/netzwerk\/iti-unesco-network-for-higher-education-in-the-performing-arts\/online-conference\/#primaryimage\"},\"datePublished\":\"2020-05-06T14:27:56+00:00\",\"dateModified\":\"2021-10-21T12:25:57+00:00\",\"description\":\"International online conference about new dimensions for the Theatre Training of the ITI\/UNESCO Network for Higher Education in Performing Arts.\",\"breadcrumb\":{\"@id\":\"https:\/\/theatreculture.org\/de\/netzwerk\/iti-unesco-network-for-higher-education-in-the-performing-arts\/online-conference\/#breadcrumb\"},\"inLanguage\":\"de\",\"potentialAction\":[{\"@type\":\"ReadAction\",\"target\":[\"https:\/\/theatreculture.org\/de\/netzwerk\/iti-unesco-network-for-higher-education-in-the-performing-arts\/online-conference\/\"]}]},{\"@type\":\"BreadcrumbList\",\"@id\":\"https:\/\/theatreculture.org\/de\/netzwerk\/iti-unesco-network-for-higher-education-in-the-performing-arts\/online-conference\/#breadcrumb\",\"itemListElement\":[{\"@type\":\"ListItem\",\"position\":1,\"name\":\"Startseite\",\"item\":\"https:\/\/theatreculture.org\/\"},{\"@type\":\"ListItem\",\"position\":2,\"name\":\"NETZWERK\",\"item\":\"https:\/\/theatreculture.org\/de\/netzwerk\/\"},{\"@type\":\"ListItem\",\"position\":3,\"name\":\"ITI\/UNESCO Network for Higher Education in the Performing Arts\",\"item\":\"https:\/\/theatreculture.org\/de\/netzwerk\/iti-unesco-network-for-higher-education-in-the-performing-arts\/\"},{\"@type\":\"ListItem\",\"position\":4,\"name\":\"Online Konferenz\"}]}]}<\/script>\n<!-- \/ Yoast SEO plugin. -->","yoast_head_json":{"title":"Online Conference - virtual theatre training - World Theatre Training Institute AKT-ZENT\/ITI","description":"International online conference about new dimensions for the Theatre Training of the ITI\/UNESCO Network for Higher Education in Performing Arts.","robots":{"index":"index","follow":"follow","max-snippet":"max-snippet:-1","max-image-preview":"max-image-preview:large","max-video-preview":"max-video-preview:-1"},"canonical":"https:\/\/theatreculture.org\/de\/netzwerk\/iti-unesco-network-for-higher-education-in-the-performing-arts\/online-conference\/","og_locale":"de_DE","og_type":"article","og_title":"Online Conference - virtual theatre training - World Theatre Training Institute AKT-ZENT\/ITI","og_description":"International online conference about new dimensions for the Theatre Training of the ITI\/UNESCO Network for Higher Education in Performing Arts.","og_url":"https:\/\/theatreculture.org\/de\/netzwerk\/iti-unesco-network-for-higher-education-in-the-performing-arts\/online-conference\/","og_site_name":"World Theatre Training Institute AKT-ZENT\/ITI","article_publisher":"https:\/\/www.facebook.com\/theatreculture.org\/","article_modified_time":"2021-10-21T12:25:57+00:00","og_image":[{"url":"http:\/\/theatreculture.org\/wp-content\/uploads\/2020\/02\/logo.png"}],"twitter_card":"summary_large_image","twitter_misc":{"Gesch\u00e4tzte Lesezeit":"2\u00a0Minuten"},"schema":{"@context":"https:\/\/schema.org","@graph":[{"@type":"Organization","@id":"https:\/\/theatreculture.org\/#organization","name":"World Theatre Training Institute AKT-ZENT","url":"https:\/\/theatreculture.org\/","sameAs":["https:\/\/www.facebook.com\/theatreculture.org\/","https:\/\/www.instagram.com\/worldtheatretraining\/","https:\/\/www.youtube.com\/@worldtheatretraininginstit4622","https:\/\/en.wikipedia.org\/wiki\/World_Theatre_Training_Institute"],"logo":{"@type":"ImageObject","@id":"https:\/\/theatreculture.org\/#logo","inLanguage":"de","url":"https:\/\/theatreculture.org\/wp-content\/uploads\/2018\/02\/maennchen_quadrat_gruen.jpg","contentUrl":"https:\/\/theatreculture.org\/wp-content\/uploads\/2018\/02\/maennchen_quadrat_gruen.jpg","width":1435,"height":1435,"caption":"World Theatre Training Institute AKT-ZENT"},"image":{"@id":"https:\/\/theatreculture.org\/#logo"}},{"@type":"WebSite","@id":"https:\/\/theatreculture.org\/#website","url":"https:\/\/theatreculture.org\/","name":"World Theatre Training Institute AKT-ZENT\/ITI","description":"","publisher":{"@id":"https:\/\/theatreculture.org\/#organization"},"potentialAction":[{"@type":"SearchAction","target":{"@type":"EntryPoint","urlTemplate":"https:\/\/theatreculture.org\/?s={search_term_string}"},"query-input":"required name=search_term_string"}],"inLanguage":"de"},{"@type":"ImageObject","@id":"https:\/\/theatreculture.org\/de\/netzwerk\/iti-unesco-network-for-higher-education-in-the-performing-arts\/online-conference\/#primaryimage","inLanguage":"de","url":"http:\/\/theatreculture.org\/wp-content\/uploads\/2020\/02\/logo.png","contentUrl":"http:\/\/theatreculture.org\/wp-content\/uploads\/2020\/02\/logo.png"},{"@type":"WebPage","@id":"https:\/\/theatreculture.org\/de\/netzwerk\/iti-unesco-network-for-higher-education-in-the-performing-arts\/online-conference\/#webpage","url":"https:\/\/theatreculture.org\/de\/netzwerk\/iti-unesco-network-for-higher-education-in-the-performing-arts\/online-conference\/","name":"Online Conference - virtual theatre training - World Theatre Training Institute AKT-ZENT\/ITI","isPartOf":{"@id":"https:\/\/theatreculture.org\/#website"},"primaryImageOfPage":{"@id":"https:\/\/theatreculture.org\/de\/netzwerk\/iti-unesco-network-for-higher-education-in-the-performing-arts\/online-conference\/#primaryimage"},"datePublished":"2020-05-06T14:27:56+00:00","dateModified":"2021-10-21T12:25:57+00:00","description":"International online conference about new dimensions for the Theatre Training of the ITI\/UNESCO Network for Higher Education in Performing Arts.","breadcrumb":{"@id":"https:\/\/theatreculture.org\/de\/netzwerk\/iti-unesco-network-for-higher-education-in-the-performing-arts\/online-conference\/#breadcrumb"},"inLanguage":"de","potentialAction":[{"@type":"ReadAction","target":["https:\/\/theatreculture.org\/de\/netzwerk\/iti-unesco-network-for-higher-education-in-the-performing-arts\/online-conference\/"]}]},{"@type":"BreadcrumbList","@id":"https:\/\/theatreculture.org\/de\/netzwerk\/iti-unesco-network-for-higher-education-in-the-performing-arts\/online-conference\/#breadcrumb","itemListElement":[{"@type":"ListItem","position":1,"name":"Startseite","item":"https:\/\/theatreculture.org\/"},{"@type":"ListItem","position":2,"name":"NETZWERK","item":"https:\/\/theatreculture.org\/de\/netzwerk\/"},{"@type":"ListItem","position":3,"name":"ITI\/UNESCO Network for Higher Education in the Performing Arts","item":"https:\/\/theatreculture.org\/de\/netzwerk\/iti-unesco-network-for-higher-education-in-the-performing-arts\/"},{"@type":"ListItem","position":4,"name":"Online Konferenz"}]}]}},"_links":{"self":[{"href":"https:\/\/theatreculture.org\/wp-json\/wp\/v2\/pages\/3975"}],"collection":[{"href":"https:\/\/theatreculture.org\/wp-json\/wp\/v2\/pages"}],"about":[{"href":"https:\/\/theatreculture.org\/wp-json\/wp\/v2\/types\/page"}],"author":[{"embeddable":true,"href":"https:\/\/theatreculture.org\/wp-json\/wp\/v2\/users\/1"}],"replies":[{"embeddable":true,"href":"https:\/\/theatreculture.org\/wp-json\/wp\/v2\/comments?post=3975"}],"version-history":[{"count":23,"href":"https:\/\/theatreculture.org\/wp-json\/wp\/v2\/pages\/3975\/revisions"}],"predecessor-version":[{"id":5270,"href":"https:\/\/theatreculture.org\/wp-json\/wp\/v2\/pages\/3975\/revisions\/5270"}],"up":[{"embeddable":true,"href":"https:\/\/theatreculture.org\/wp-json\/wp\/v2\/pages\/1911"}],"wp:attachment":[{"href":"https:\/\/theatreculture.org\/wp-json\/wp\/v2\/media?parent=3975"}],"curies":[{"name":"wp","href":"https:\/\/api.w.org\/{rel}","templated":true}]}}