{"id":35,"date":"2018-01-31T18:04:13","date_gmt":"2018-01-31T18:04:13","guid":{"rendered":"https:\/\/aktzent.cramer-cons.de\/?page_id=35"},"modified":"2024-11-08T19:49:34","modified_gmt":"2024-11-08T18:49:34","slug":"wtti-in-kuerze","status":"publish","type":"page","link":"https:\/\/theatreculture.org\/de\/ueber-uns\/wtti-in-kuerze\/","title":{"rendered":"WTTI IN K\u00dcRZE"},"content":{"rendered":"<p>Das World Theatre Training Institute AKT-ZENT ist das Forschungsinstitut f\u00fcr Theatertrainingsmethoden des Internationalen Theater Instituts (ITI) &#8211; <span style=\"color: #008000;\">\u21d2<\/span><strong><span style=\"color: #008000;\"><a style=\"color: #008000;\" href=\"http:\/\/theatreculture.org\/de\/netzwerk\/iti-weltweit\/\">World Organisation for the Perfoming Arts.<\/a><\/span><\/strong><\/p>\n<p>Es wurde von seinem <a href=\"http:\/\/theatreculture.org\/de\/ueber-uns\/kuenstlerischer-leiter\/\"><span style=\"color: #008000;\"><strong>K\u00fcnstlerischen Leiter Dr. Jurij Alschitz<\/strong><\/span><\/a> als AKT-ZENT Internationales Theater Zentrum Berlin gegr\u00fcndet, um Theatertraining f\u00fcr professionelle Theaterschaffende anzubieten; mit dem Ziel, Aus- und Weiterbildung, sowie Forschung mit k\u00fcnstlerischer Arbeit zu verkn\u00fcpfen. In den nachfolgenden Jahren entwickelte Jurij Alschitz erfolgreich eine Lehr- und Probenpraxis, bekannt unter dem Namen \u201eTraining als Methode\u201c. Ein geschultes europ\u00e4isches <strong><span style=\"color: #008000;\"><a style=\"color: #008000;\" href=\"http:\/\/theatreculture.org\/de\/ueber-uns\/team-of-teachers\/\">Lehrerteam<\/a> <\/span><\/strong>arbeitet auf dieser Basis weltweit.<\/p>\n<p>Heute konzentriert sich die Arbeit des Instituts auf die Innovation des Theatertrainings in Theorie und Praxis. Alle Seminare, Meisterklassen oder Vorlesungen verstehen sich als Bestandteile des World Theatre Training Laboratory. In diesem langzeit Forschungsprojekt werden neue \u00dcbungen, Lehr- und Arbeitsmethoden entwickelt mit dem Ziel der Ver\u00f6ffentlichung in der <strong><span style=\"color: #008000;\"><a style=\"color: #008000;\" href=\"http:\/\/theatreculture.org\/de\/forschung\/world-theatre-training-library\/\">World Theatre Training Library<\/a><\/span><\/strong>.<\/p>\n<p>Das World Theatre Training Institute AKT-ZENT betritt mit seinen Projekten immer wieder Neuland. Der k\u00fcnstlerisch-methodische Fokus liegt im Moment auf der Entwicklung neuer Strategien der Selbst-Bildung und Selbst-Erschaffung des k\u00fcnstlerischen Individuums basierend auf dem Konzept des &#8222;Homo Creativus&#8220; und dem Verst\u00e4ndnis eines &#8222;holistischen Theaters&#8220;.<\/p>\n<p>Dr Jurij Alschitz nutzt zudem das Zusammenspiel von natur- und geisteswissenschaftlichen Erkenntnissen, um neue Methoden und praktische \u00dcbungen zu entwickeln. Auf dieser Basis entsteht die angewandte Quantenp\u00e4dagogik f\u00fcr Schauspieltraining.<\/p>\n<p>Seit 2020 ist dem Institut eine <strong><span style=\"color: #008000;\"><a style=\"color: #008000;\" href=\"https:\/\/online-theatre-academy.com\/de\/\" target=\"_blank\" rel=\"noopener noreferrer\">\u21d2Online Theatre Academy<\/a><\/span><\/strong> angegliedert.<\/p>\n<h2>Projektlinien<\/h2>\n<p><span style=\"color: #008000;\"><strong><a style=\"color: #008000;\" href=\"https:\/\/theatreculture.org\/de\/programme\/online-theater-akademie\/\" rel=\"noopener\">Online Theatre Academy<\/a><\/strong><\/span><\/p>\n<p><span style=\"color: #008000;\"><a style=\"color: #008000;\" href=\"http:\/\/theatreculture.org\/de\/forschung\/world-theatre-training-library\/\"><strong>The World Theatre Training Laboratory \/Library<\/strong><\/a><\/span><\/p>\n<p><strong><a href=\"http:\/\/theatreculture.org\/de\/programme\/teaching-professional-theatre-practice\/\"><span style=\"color: #008000;\">Teaching Professional Theatre Practice<\/span><\/a><\/strong><\/p>\n<p><strong><a href=\"http:\/\/theatreculture.org\/de\/programme\/methodika\/\"><span style=\"color: #008000;\">METHODIKA Internationales Festival f\u00fcr Theatertrainingsmethoden<\/span><\/a><\/strong><\/p>\n<p><strong><a href=\"http:\/\/theatreculture.org\/shop\/\"><span style=\"color: #008000;\">ars incognita book edition<\/span><\/a><\/strong><\/p>\n<p><iframe loading=\"lazy\" src=\"\/\/www.youtube.com\/embed\/5gtvRvRb_4o\" width=\"560\" height=\"314\" allowfullscreen=\"allowfullscreen\"><\/iframe><\/p>\n\n","protected":false},"excerpt":{"rendered":"<p>Das World Theatre Training Institute AKT-ZENT ist das Forschungsinstitut f\u00fcr Theatertrainingsmethoden des Internationalen Theater Instituts (ITI) &#8211; \u21d2World Organisation for the Perfoming Arts. Es wurde von seinem K\u00fcnstlerischen Leiter Dr. Jurij Alschitz als AKT-ZENT Internationales Theater Zentrum Berlin gegr\u00fcndet, um Theatertraining f\u00fcr professionelle Theaterschaffende anzubieten; mit dem Ziel, Aus- und Weiterbildung, sowie Forschung mit k\u00fcnstlerischer [&hellip;]<\/p>\n","protected":false},"author":1,"featured_media":670,"parent":1508,"menu_order":0,"comment_status":"closed","ping_status":"closed","template":"","meta":[],"yoast_head":"<!-- This site is optimized with the Yoast SEO plugin v17.9 - https:\/\/yoast.com\/wordpress\/plugins\/seo\/ -->\n<title>World Theatre Training Institute - Weiterbildung und Forschung<\/title>\n<meta name=\"description\" content=\"Das World Theatre Training Institute bietet Training, Theaterausbildung, Weiterbildung und Forschung f\u00fcr Theaterschaffende.\" \/>\n<meta name=\"robots\" content=\"index, follow, max-snippet:-1, max-image-preview:large, max-video-preview:-1\" \/>\n<link rel=\"canonical\" href=\"https:\/\/theatreculture.org\/de\/ueber-uns\/wtti-in-kuerze\/\" \/>\n<meta property=\"og:locale\" content=\"de_DE\" \/>\n<meta property=\"og:type\" content=\"article\" \/>\n<meta property=\"og:title\" content=\"World Theatre Training Institute - Weiterbildung und Forschung\" \/>\n<meta property=\"og:description\" content=\"Das World Theatre Training Institute bietet Training, Theaterausbildung, Weiterbildung und Forschung f\u00fcr Theaterschaffende.\" \/>\n<meta property=\"og:url\" content=\"https:\/\/theatreculture.org\/de\/ueber-uns\/wtti-in-kuerze\/\" \/>\n<meta property=\"og:site_name\" content=\"World Theatre Training Institute AKT-ZENT\/ITI\" \/>\n<meta property=\"article:publisher\" content=\"https:\/\/www.facebook.com\/theatreculture.org\/\" \/>\n<meta property=\"article:modified_time\" content=\"2024-11-08T18:49:34+00:00\" \/>\n<meta property=\"og:image\" content=\"https:\/\/theatreculture.org\/wp-content\/uploads\/2018\/05\/theater_klein-e1525181802663.jpg\" \/>\n\t<meta property=\"og:image:width\" content=\"2126\" \/>\n\t<meta property=\"og:image:height\" content=\"409\" \/>\n\t<meta property=\"og:image:type\" content=\"image\/jpeg\" \/>\n<meta name=\"twitter:card\" content=\"summary_large_image\" \/>\n<meta name=\"twitter:label1\" content=\"Gesch\u00e4tzte Lesezeit\" \/>\n\t<meta name=\"twitter:data1\" content=\"2\u00a0Minuten\" \/>\n<script type=\"application\/ld+json\" class=\"yoast-schema-graph\">{\"@context\":\"https:\/\/schema.org\",\"@graph\":[{\"@type\":\"Organization\",\"@id\":\"https:\/\/theatreculture.org\/#organization\",\"name\":\"World Theatre Training Institute AKT-ZENT\",\"url\":\"https:\/\/theatreculture.org\/\",\"sameAs\":[\"https:\/\/www.facebook.com\/theatreculture.org\/\",\"https:\/\/www.instagram.com\/worldtheatretraining\/\",\"https:\/\/www.youtube.com\/@worldtheatretraininginstit4622\",\"https:\/\/en.wikipedia.org\/wiki\/World_Theatre_Training_Institute\"],\"logo\":{\"@type\":\"ImageObject\",\"@id\":\"https:\/\/theatreculture.org\/#logo\",\"inLanguage\":\"de\",\"url\":\"https:\/\/theatreculture.org\/wp-content\/uploads\/2018\/02\/maennchen_quadrat_gruen.jpg\",\"contentUrl\":\"https:\/\/theatreculture.org\/wp-content\/uploads\/2018\/02\/maennchen_quadrat_gruen.jpg\",\"width\":1435,\"height\":1435,\"caption\":\"World Theatre Training Institute AKT-ZENT\"},\"image\":{\"@id\":\"https:\/\/theatreculture.org\/#logo\"}},{\"@type\":\"WebSite\",\"@id\":\"https:\/\/theatreculture.org\/#website\",\"url\":\"https:\/\/theatreculture.org\/\",\"name\":\"World Theatre Training Institute AKT-ZENT\/ITI\",\"description\":\"\",\"publisher\":{\"@id\":\"https:\/\/theatreculture.org\/#organization\"},\"potentialAction\":[{\"@type\":\"SearchAction\",\"target\":{\"@type\":\"EntryPoint\",\"urlTemplate\":\"https:\/\/theatreculture.org\/?s={search_term_string}\"},\"query-input\":\"required name=search_term_string\"}],\"inLanguage\":\"de\"},{\"@type\":\"ImageObject\",\"@id\":\"https:\/\/theatreculture.org\/de\/ueber-uns\/wtti-in-kuerze\/#primaryimage\",\"inLanguage\":\"de\",\"url\":\"https:\/\/theatreculture.org\/wp-content\/uploads\/2018\/05\/theater_klein-e1525181802663.jpg\",\"contentUrl\":\"https:\/\/theatreculture.org\/wp-content\/uploads\/2018\/05\/theater_klein-e1525181802663.jpg\",\"width\":2126,\"height\":409,\"caption\":\"Actors performing the word \\\"theatre\\\"\"},{\"@type\":\"WebPage\",\"@id\":\"https:\/\/theatreculture.org\/de\/ueber-uns\/wtti-in-kuerze\/#webpage\",\"url\":\"https:\/\/theatreculture.org\/de\/ueber-uns\/wtti-in-kuerze\/\",\"name\":\"World Theatre Training Institute - Weiterbildung und Forschung\",\"isPartOf\":{\"@id\":\"https:\/\/theatreculture.org\/#website\"},\"primaryImageOfPage\":{\"@id\":\"https:\/\/theatreculture.org\/de\/ueber-uns\/wtti-in-kuerze\/#primaryimage\"},\"datePublished\":\"2018-01-31T18:04:13+00:00\",\"dateModified\":\"2024-11-08T18:49:34+00:00\",\"description\":\"Das World Theatre Training Institute bietet Training, Theaterausbildung, Weiterbildung und Forschung f\\u00fcr Theaterschaffende.\",\"breadcrumb\":{\"@id\":\"https:\/\/theatreculture.org\/de\/ueber-uns\/wtti-in-kuerze\/#breadcrumb\"},\"inLanguage\":\"de\",\"potentialAction\":[{\"@type\":\"ReadAction\",\"target\":[\"https:\/\/theatreculture.org\/de\/ueber-uns\/wtti-in-kuerze\/\"]}]},{\"@type\":\"BreadcrumbList\",\"@id\":\"https:\/\/theatreculture.org\/de\/ueber-uns\/wtti-in-kuerze\/#breadcrumb\",\"itemListElement\":[{\"@type\":\"ListItem\",\"position\":1,\"name\":\"Startseite\",\"item\":\"https:\/\/theatreculture.org\/\"},{\"@type\":\"ListItem\",\"position\":2,\"name\":\"\\u00dcBER UNS\",\"item\":\"https:\/\/theatreculture.org\/de\/ueber-uns\/\"},{\"@type\":\"ListItem\",\"position\":3,\"name\":\"WTTI IN K\\u00dcRZE\"}]}]}<\/script>\n<!-- \/ Yoast SEO plugin. -->","yoast_head_json":{"title":"World Theatre Training Institute - Weiterbildung und Forschung","description":"Das World Theatre Training Institute bietet Training, Theaterausbildung, Weiterbildung und Forschung f\u00fcr Theaterschaffende.","robots":{"index":"index","follow":"follow","max-snippet":"max-snippet:-1","max-image-preview":"max-image-preview:large","max-video-preview":"max-video-preview:-1"},"canonical":"https:\/\/theatreculture.org\/de\/ueber-uns\/wtti-in-kuerze\/","og_locale":"de_DE","og_type":"article","og_title":"World Theatre Training Institute - Weiterbildung und Forschung","og_description":"Das World Theatre Training Institute bietet Training, Theaterausbildung, Weiterbildung und Forschung f\u00fcr Theaterschaffende.","og_url":"https:\/\/theatreculture.org\/de\/ueber-uns\/wtti-in-kuerze\/","og_site_name":"World Theatre Training Institute AKT-ZENT\/ITI","article_publisher":"https:\/\/www.facebook.com\/theatreculture.org\/","article_modified_time":"2024-11-08T18:49:34+00:00","og_image":[{"width":2126,"height":409,"url":"https:\/\/theatreculture.org\/wp-content\/uploads\/2018\/05\/theater_klein-e1525181802663.jpg","type":"image\/jpeg"}],"twitter_card":"summary_large_image","twitter_misc":{"Gesch\u00e4tzte Lesezeit":"2\u00a0Minuten"},"schema":{"@context":"https:\/\/schema.org","@graph":[{"@type":"Organization","@id":"https:\/\/theatreculture.org\/#organization","name":"World Theatre Training Institute AKT-ZENT","url":"https:\/\/theatreculture.org\/","sameAs":["https:\/\/www.facebook.com\/theatreculture.org\/","https:\/\/www.instagram.com\/worldtheatretraining\/","https:\/\/www.youtube.com\/@worldtheatretraininginstit4622","https:\/\/en.wikipedia.org\/wiki\/World_Theatre_Training_Institute"],"logo":{"@type":"ImageObject","@id":"https:\/\/theatreculture.org\/#logo","inLanguage":"de","url":"https:\/\/theatreculture.org\/wp-content\/uploads\/2018\/02\/maennchen_quadrat_gruen.jpg","contentUrl":"https:\/\/theatreculture.org\/wp-content\/uploads\/2018\/02\/maennchen_quadrat_gruen.jpg","width":1435,"height":1435,"caption":"World Theatre Training Institute AKT-ZENT"},"image":{"@id":"https:\/\/theatreculture.org\/#logo"}},{"@type":"WebSite","@id":"https:\/\/theatreculture.org\/#website","url":"https:\/\/theatreculture.org\/","name":"World Theatre Training Institute AKT-ZENT\/ITI","description":"","publisher":{"@id":"https:\/\/theatreculture.org\/#organization"},"potentialAction":[{"@type":"SearchAction","target":{"@type":"EntryPoint","urlTemplate":"https:\/\/theatreculture.org\/?s={search_term_string}"},"query-input":"required name=search_term_string"}],"inLanguage":"de"},{"@type":"ImageObject","@id":"https:\/\/theatreculture.org\/de\/ueber-uns\/wtti-in-kuerze\/#primaryimage","inLanguage":"de","url":"https:\/\/theatreculture.org\/wp-content\/uploads\/2018\/05\/theater_klein-e1525181802663.jpg","contentUrl":"https:\/\/theatreculture.org\/wp-content\/uploads\/2018\/05\/theater_klein-e1525181802663.jpg","width":2126,"height":409,"caption":"Actors performing the word \"theatre\""},{"@type":"WebPage","@id":"https:\/\/theatreculture.org\/de\/ueber-uns\/wtti-in-kuerze\/#webpage","url":"https:\/\/theatreculture.org\/de\/ueber-uns\/wtti-in-kuerze\/","name":"World Theatre Training Institute - Weiterbildung und Forschung","isPartOf":{"@id":"https:\/\/theatreculture.org\/#website"},"primaryImageOfPage":{"@id":"https:\/\/theatreculture.org\/de\/ueber-uns\/wtti-in-kuerze\/#primaryimage"},"datePublished":"2018-01-31T18:04:13+00:00","dateModified":"2024-11-08T18:49:34+00:00","description":"Das World Theatre Training Institute bietet Training, Theaterausbildung, Weiterbildung und Forschung f\u00fcr Theaterschaffende.","breadcrumb":{"@id":"https:\/\/theatreculture.org\/de\/ueber-uns\/wtti-in-kuerze\/#breadcrumb"},"inLanguage":"de","potentialAction":[{"@type":"ReadAction","target":["https:\/\/theatreculture.org\/de\/ueber-uns\/wtti-in-kuerze\/"]}]},{"@type":"BreadcrumbList","@id":"https:\/\/theatreculture.org\/de\/ueber-uns\/wtti-in-kuerze\/#breadcrumb","itemListElement":[{"@type":"ListItem","position":1,"name":"Startseite","item":"https:\/\/theatreculture.org\/"},{"@type":"ListItem","position":2,"name":"\u00dcBER UNS","item":"https:\/\/theatreculture.org\/de\/ueber-uns\/"},{"@type":"ListItem","position":3,"name":"WTTI IN K\u00dcRZE"}]}]}},"_links":{"self":[{"href":"https:\/\/theatreculture.org\/wp-json\/wp\/v2\/pages\/35"}],"collection":[{"href":"https:\/\/theatreculture.org\/wp-json\/wp\/v2\/pages"}],"about":[{"href":"https:\/\/theatreculture.org\/wp-json\/wp\/v2\/types\/page"}],"author":[{"embeddable":true,"href":"https:\/\/theatreculture.org\/wp-json\/wp\/v2\/users\/1"}],"replies":[{"embeddable":true,"href":"https:\/\/theatreculture.org\/wp-json\/wp\/v2\/comments?post=35"}],"version-history":[{"count":39,"href":"https:\/\/theatreculture.org\/wp-json\/wp\/v2\/pages\/35\/revisions"}],"predecessor-version":[{"id":7303,"href":"https:\/\/theatreculture.org\/wp-json\/wp\/v2\/pages\/35\/revisions\/7303"}],"up":[{"embeddable":true,"href":"https:\/\/theatreculture.org\/wp-json\/wp\/v2\/pages\/1508"}],"wp:featuredmedia":[{"embeddable":true,"href":"https:\/\/theatreculture.org\/wp-json\/wp\/v2\/media\/670"}],"wp:attachment":[{"href":"https:\/\/theatreculture.org\/wp-json\/wp\/v2\/media?parent=35"}],"curies":[{"name":"wp","href":"https:\/\/api.w.org\/{rel}","templated":true}]}}