{"id":3134,"date":"2019-08-25T14:08:24","date_gmt":"2019-08-25T13:08:24","guid":{"rendered":"http:\/\/theatreculture.org\/?page_id=3134"},"modified":"2023-11-03T18:35:13","modified_gmt":"2023-11-03T17:35:13","slug":"forschung-quantenpadagogik","status":"publish","type":"page","link":"https:\/\/theatreculture.org\/de\/die-schule\/forschung-quantenpadagogik\/","title":{"rendered":"FORSCHUNG QUANTENP\u00c4DAGOGIK"},"content":{"rendered":"\n<h2>World Theatre Training<\/h2>\n<p><span class=\"tlid-translation translation\" lang=\"de\"><span class=\"\" title=\"\">Nach 30 Jahren weltweiter Lehrt\u00e4tigkeit und Erforschung neuer Methoden wie das <\/span><\/span><span class=\"tlid-translation translation\" lang=\"de\"><span class=\"\" title=\"\">k\u00fcnstlerische Potenzial von Schauspielern erschlossen werden kann, teilt Dr. Jurij Alschitz mit allen seine tiefe Einsicht in das Thema.<\/span><\/span><\/p>\n<p>Jurij Alschitz <span style=\"color: #008000;\"><strong><a style=\"color: #008000;\" href=\"http:\/\/theatreculture.org\/wp-content\/uploads\/2019\/01\/The-Path-to-a-Holistic-Theatre-ITI-UNESCO-Network-conference2018.pdf\" target=\"_blank\" rel=\"noopener noreferrer\">\u21d2The Path to a Holistic Theatre<\/a><\/strong><\/span>\u00a0 at the ITI\/UNESCO Network conference 2018<\/p>\n<p><strong><em>AL<\/em>thattheatre<\/strong> ist ein weiteres praktisches Arbeitsergebnis des langj\u00e4hrigen ITI Forschungsprojektes <strong><span style=\"color: #008000;\"><a style=\"color: #008000;\" href=\"http:\/\/theatreculture.org\/de\/world-theatre-training-library\/\">The World Theatre Training Library<\/a><\/span><\/strong>.<\/p>\n<p>Das World Theatre Training Institute begr\u00fc\u00dft Ihr Interesse als Individuum ebenso wie k\u00fcnstlerische und wissenschaftliche Kooperationen mit Institutionen f\u00fcr die kontinuierliche Weiterentwicklung. <strong><em>AL<\/em>thattheatre <\/strong>ist der Ausgangspunkt f\u00fcr die unendlichen M\u00f6glichkeiten auf dem neuen Feld der Quantenp\u00e4dagogik f\u00fcr die Darstellenden K\u00fcnste. Im gleichen Zuge erforscht das Institut mit <strong><em>AL<\/em>thattheatre<\/strong> das Potential des <em>Hybrid Theatre Training<\/em>.<\/p>\n<p><strong><em>\u00a0<\/em><\/strong><\/p>\n<p>\u00a0<\/p>\n","protected":false},"excerpt":{"rendered":"<p>World Theatre Training Nach 30 Jahren weltweiter Lehrt\u00e4tigkeit und Erforschung neuer Methoden wie das k\u00fcnstlerische Potenzial von Schauspielern erschlossen werden kann, teilt Dr. Jurij Alschitz mit allen seine tiefe Einsicht in das Thema. Jurij Alschitz \u21d2The Path to a Holistic Theatre\u00a0 at the ITI\/UNESCO Network conference 2018 ALthattheatre ist ein weiteres praktisches Arbeitsergebnis des langj\u00e4hrigen [&hellip;]<\/p>\n","protected":false},"author":1,"featured_media":3137,"parent":1566,"menu_order":4,"comment_status":"closed","ping_status":"closed","template":"","meta":[],"yoast_head":"<!-- This site is optimized with the Yoast SEO plugin v17.9 - https:\/\/yoast.com\/wordpress\/plugins\/seo\/ -->\n<title>FORSCHUNG QUANTENP\u00c4DAGOGIK - World Theatre Training Institute AKT-ZENT\/ITI<\/title>\n<meta name=\"robots\" content=\"index, follow, max-snippet:-1, max-image-preview:large, max-video-preview:-1\" \/>\n<link rel=\"canonical\" href=\"https:\/\/theatreculture.org\/de\/die-schule\/forschung-quantenpadagogik\/\" \/>\n<meta property=\"og:locale\" content=\"de_DE\" \/>\n<meta property=\"og:type\" content=\"article\" \/>\n<meta property=\"og:title\" content=\"FORSCHUNG QUANTENP\u00c4DAGOGIK - World Theatre Training Institute AKT-ZENT\/ITI\" \/>\n<meta property=\"og:description\" content=\"World Theatre Training Nach 30 Jahren weltweiter Lehrt\u00e4tigkeit und Erforschung neuer Methoden wie das k\u00fcnstlerische Potenzial von Schauspielern erschlossen werden kann, teilt Dr. Jurij Alschitz mit allen seine tiefe Einsicht in das Thema. Jurij Alschitz \u21d2The Path to a Holistic Theatre\u00a0 at the ITI\/UNESCO Network conference 2018 ALthattheatre ist ein weiteres praktisches Arbeitsergebnis des langj\u00e4hrigen [&hellip;]\" \/>\n<meta property=\"og:url\" content=\"https:\/\/theatreculture.org\/de\/die-schule\/forschung-quantenpadagogik\/\" \/>\n<meta property=\"og:site_name\" content=\"World Theatre Training Institute AKT-ZENT\/ITI\" \/>\n<meta property=\"article:publisher\" content=\"https:\/\/www.facebook.com\/theatreculture.org\/\" \/>\n<meta property=\"article:modified_time\" content=\"2023-11-03T17:35:13+00:00\" \/>\n<meta property=\"og:image\" content=\"https:\/\/theatreculture.org\/wp-content\/uploads\/2019\/08\/QuoteFBpost-Template-v3DE-01.jpg\" \/>\n\t<meta property=\"og:image:width\" content=\"1800\" \/>\n\t<meta property=\"og:image:height\" content=\"942\" \/>\n\t<meta property=\"og:image:type\" content=\"image\/jpeg\" \/>\n<meta name=\"twitter:card\" content=\"summary_large_image\" \/>\n<meta name=\"twitter:label1\" content=\"Gesch\u00e4tzte Lesezeit\" \/>\n\t<meta name=\"twitter:data1\" content=\"1\u00a0Minute\" \/>\n<script type=\"application\/ld+json\" class=\"yoast-schema-graph\">{\"@context\":\"https:\/\/schema.org\",\"@graph\":[{\"@type\":\"Organization\",\"@id\":\"https:\/\/theatreculture.org\/#organization\",\"name\":\"World Theatre Training Institute AKT-ZENT\",\"url\":\"https:\/\/theatreculture.org\/\",\"sameAs\":[\"https:\/\/www.facebook.com\/theatreculture.org\/\",\"https:\/\/www.instagram.com\/worldtheatretraining\/\",\"https:\/\/www.youtube.com\/@worldtheatretraininginstit4622\",\"https:\/\/en.wikipedia.org\/wiki\/World_Theatre_Training_Institute\"],\"logo\":{\"@type\":\"ImageObject\",\"@id\":\"https:\/\/theatreculture.org\/#logo\",\"inLanguage\":\"de\",\"url\":\"https:\/\/theatreculture.org\/wp-content\/uploads\/2018\/02\/maennchen_quadrat_gruen.jpg\",\"contentUrl\":\"https:\/\/theatreculture.org\/wp-content\/uploads\/2018\/02\/maennchen_quadrat_gruen.jpg\",\"width\":1435,\"height\":1435,\"caption\":\"World Theatre Training Institute AKT-ZENT\"},\"image\":{\"@id\":\"https:\/\/theatreculture.org\/#logo\"}},{\"@type\":\"WebSite\",\"@id\":\"https:\/\/theatreculture.org\/#website\",\"url\":\"https:\/\/theatreculture.org\/\",\"name\":\"World Theatre Training Institute AKT-ZENT\/ITI\",\"description\":\"\",\"publisher\":{\"@id\":\"https:\/\/theatreculture.org\/#organization\"},\"potentialAction\":[{\"@type\":\"SearchAction\",\"target\":{\"@type\":\"EntryPoint\",\"urlTemplate\":\"https:\/\/theatreculture.org\/?s={search_term_string}\"},\"query-input\":\"required name=search_term_string\"}],\"inLanguage\":\"de\"},{\"@type\":\"ImageObject\",\"@id\":\"https:\/\/theatreculture.org\/de\/die-schule\/forschung-quantenpadagogik\/#primaryimage\",\"inLanguage\":\"de\",\"url\":\"https:\/\/theatreculture.org\/wp-content\/uploads\/2019\/08\/QuoteFBpost-Template-v3DE-01.jpg\",\"contentUrl\":\"https:\/\/theatreculture.org\/wp-content\/uploads\/2019\/08\/QuoteFBpost-Template-v3DE-01.jpg\",\"width\":1800,\"height\":942,\"caption\":\"Wahrnehmung des Theaters\"},{\"@type\":\"WebPage\",\"@id\":\"https:\/\/theatreculture.org\/de\/die-schule\/forschung-quantenpadagogik\/#webpage\",\"url\":\"https:\/\/theatreculture.org\/de\/die-schule\/forschung-quantenpadagogik\/\",\"name\":\"FORSCHUNG QUANTENP\\u00c4DAGOGIK - World Theatre Training Institute AKT-ZENT\/ITI\",\"isPartOf\":{\"@id\":\"https:\/\/theatreculture.org\/#website\"},\"primaryImageOfPage\":{\"@id\":\"https:\/\/theatreculture.org\/de\/die-schule\/forschung-quantenpadagogik\/#primaryimage\"},\"datePublished\":\"2019-08-25T13:08:24+00:00\",\"dateModified\":\"2023-11-03T17:35:13+00:00\",\"breadcrumb\":{\"@id\":\"https:\/\/theatreculture.org\/de\/die-schule\/forschung-quantenpadagogik\/#breadcrumb\"},\"inLanguage\":\"de\",\"potentialAction\":[{\"@type\":\"ReadAction\",\"target\":[\"https:\/\/theatreculture.org\/de\/die-schule\/forschung-quantenpadagogik\/\"]}]},{\"@type\":\"BreadcrumbList\",\"@id\":\"https:\/\/theatreculture.org\/de\/die-schule\/forschung-quantenpadagogik\/#breadcrumb\",\"itemListElement\":[{\"@type\":\"ListItem\",\"position\":1,\"name\":\"Startseite\",\"item\":\"https:\/\/theatreculture.org\/\"},{\"@type\":\"ListItem\",\"position\":2,\"name\":\"Die Schule\",\"item\":\"https:\/\/theatreculture.org\/de\/die-schule\/\"},{\"@type\":\"ListItem\",\"position\":3,\"name\":\"FORSCHUNG QUANTENP\\u00c4DAGOGIK\"}]}]}<\/script>\n<!-- \/ Yoast SEO plugin. -->","yoast_head_json":{"title":"FORSCHUNG QUANTENP\u00c4DAGOGIK - World Theatre Training Institute AKT-ZENT\/ITI","robots":{"index":"index","follow":"follow","max-snippet":"max-snippet:-1","max-image-preview":"max-image-preview:large","max-video-preview":"max-video-preview:-1"},"canonical":"https:\/\/theatreculture.org\/de\/die-schule\/forschung-quantenpadagogik\/","og_locale":"de_DE","og_type":"article","og_title":"FORSCHUNG QUANTENP\u00c4DAGOGIK - World Theatre Training Institute AKT-ZENT\/ITI","og_description":"World Theatre Training Nach 30 Jahren weltweiter Lehrt\u00e4tigkeit und Erforschung neuer Methoden wie das k\u00fcnstlerische Potenzial von Schauspielern erschlossen werden kann, teilt Dr. Jurij Alschitz mit allen seine tiefe Einsicht in das Thema. Jurij Alschitz \u21d2The Path to a Holistic Theatre\u00a0 at the ITI\/UNESCO Network conference 2018 ALthattheatre ist ein weiteres praktisches Arbeitsergebnis des langj\u00e4hrigen [&hellip;]","og_url":"https:\/\/theatreculture.org\/de\/die-schule\/forschung-quantenpadagogik\/","og_site_name":"World Theatre Training Institute AKT-ZENT\/ITI","article_publisher":"https:\/\/www.facebook.com\/theatreculture.org\/","article_modified_time":"2023-11-03T17:35:13+00:00","og_image":[{"width":1800,"height":942,"url":"https:\/\/theatreculture.org\/wp-content\/uploads\/2019\/08\/QuoteFBpost-Template-v3DE-01.jpg","type":"image\/jpeg"}],"twitter_card":"summary_large_image","twitter_misc":{"Gesch\u00e4tzte Lesezeit":"1\u00a0Minute"},"schema":{"@context":"https:\/\/schema.org","@graph":[{"@type":"Organization","@id":"https:\/\/theatreculture.org\/#organization","name":"World Theatre Training Institute AKT-ZENT","url":"https:\/\/theatreculture.org\/","sameAs":["https:\/\/www.facebook.com\/theatreculture.org\/","https:\/\/www.instagram.com\/worldtheatretraining\/","https:\/\/www.youtube.com\/@worldtheatretraininginstit4622","https:\/\/en.wikipedia.org\/wiki\/World_Theatre_Training_Institute"],"logo":{"@type":"ImageObject","@id":"https:\/\/theatreculture.org\/#logo","inLanguage":"de","url":"https:\/\/theatreculture.org\/wp-content\/uploads\/2018\/02\/maennchen_quadrat_gruen.jpg","contentUrl":"https:\/\/theatreculture.org\/wp-content\/uploads\/2018\/02\/maennchen_quadrat_gruen.jpg","width":1435,"height":1435,"caption":"World Theatre Training Institute AKT-ZENT"},"image":{"@id":"https:\/\/theatreculture.org\/#logo"}},{"@type":"WebSite","@id":"https:\/\/theatreculture.org\/#website","url":"https:\/\/theatreculture.org\/","name":"World Theatre Training Institute AKT-ZENT\/ITI","description":"","publisher":{"@id":"https:\/\/theatreculture.org\/#organization"},"potentialAction":[{"@type":"SearchAction","target":{"@type":"EntryPoint","urlTemplate":"https:\/\/theatreculture.org\/?s={search_term_string}"},"query-input":"required name=search_term_string"}],"inLanguage":"de"},{"@type":"ImageObject","@id":"https:\/\/theatreculture.org\/de\/die-schule\/forschung-quantenpadagogik\/#primaryimage","inLanguage":"de","url":"https:\/\/theatreculture.org\/wp-content\/uploads\/2019\/08\/QuoteFBpost-Template-v3DE-01.jpg","contentUrl":"https:\/\/theatreculture.org\/wp-content\/uploads\/2019\/08\/QuoteFBpost-Template-v3DE-01.jpg","width":1800,"height":942,"caption":"Wahrnehmung des Theaters"},{"@type":"WebPage","@id":"https:\/\/theatreculture.org\/de\/die-schule\/forschung-quantenpadagogik\/#webpage","url":"https:\/\/theatreculture.org\/de\/die-schule\/forschung-quantenpadagogik\/","name":"FORSCHUNG QUANTENP\u00c4DAGOGIK - World Theatre Training Institute AKT-ZENT\/ITI","isPartOf":{"@id":"https:\/\/theatreculture.org\/#website"},"primaryImageOfPage":{"@id":"https:\/\/theatreculture.org\/de\/die-schule\/forschung-quantenpadagogik\/#primaryimage"},"datePublished":"2019-08-25T13:08:24+00:00","dateModified":"2023-11-03T17:35:13+00:00","breadcrumb":{"@id":"https:\/\/theatreculture.org\/de\/die-schule\/forschung-quantenpadagogik\/#breadcrumb"},"inLanguage":"de","potentialAction":[{"@type":"ReadAction","target":["https:\/\/theatreculture.org\/de\/die-schule\/forschung-quantenpadagogik\/"]}]},{"@type":"BreadcrumbList","@id":"https:\/\/theatreculture.org\/de\/die-schule\/forschung-quantenpadagogik\/#breadcrumb","itemListElement":[{"@type":"ListItem","position":1,"name":"Startseite","item":"https:\/\/theatreculture.org\/"},{"@type":"ListItem","position":2,"name":"Die Schule","item":"https:\/\/theatreculture.org\/de\/die-schule\/"},{"@type":"ListItem","position":3,"name":"FORSCHUNG QUANTENP\u00c4DAGOGIK"}]}]}},"_links":{"self":[{"href":"https:\/\/theatreculture.org\/wp-json\/wp\/v2\/pages\/3134"}],"collection":[{"href":"https:\/\/theatreculture.org\/wp-json\/wp\/v2\/pages"}],"about":[{"href":"https:\/\/theatreculture.org\/wp-json\/wp\/v2\/types\/page"}],"author":[{"embeddable":true,"href":"https:\/\/theatreculture.org\/wp-json\/wp\/v2\/users\/1"}],"replies":[{"embeddable":true,"href":"https:\/\/theatreculture.org\/wp-json\/wp\/v2\/comments?post=3134"}],"version-history":[{"count":7,"href":"https:\/\/theatreculture.org\/wp-json\/wp\/v2\/pages\/3134\/revisions"}],"predecessor-version":[{"id":6548,"href":"https:\/\/theatreculture.org\/wp-json\/wp\/v2\/pages\/3134\/revisions\/6548"}],"up":[{"embeddable":true,"href":"https:\/\/theatreculture.org\/wp-json\/wp\/v2\/pages\/1566"}],"wp:featuredmedia":[{"embeddable":true,"href":"https:\/\/theatreculture.org\/wp-json\/wp\/v2\/media\/3137"}],"wp:attachment":[{"href":"https:\/\/theatreculture.org\/wp-json\/wp\/v2\/media?parent=3134"}],"curies":[{"name":"wp","href":"https:\/\/api.w.org\/{rel}","templated":true}]}}