{"id":3008,"date":"2019-08-24T11:35:33","date_gmt":"2019-08-24T10:35:33","guid":{"rendered":"http:\/\/theatreculture.org\/?page_id=3008"},"modified":"2021-06-04T11:15:54","modified_gmt":"2021-06-04T10:15:54","slug":"praktische-informationen","status":"publish","type":"page","link":"https:\/\/theatreculture.org\/de\/die-schule\/althattheatre\/praktische-informationen\/","title":{"rendered":"Praktische Informationen"},"content":{"rendered":"\n<h2>Bewerbung und Vertrag<\/h2>\n<p>Eine Bewerbung f\u00fcr <em>AL<\/em>thattheatre ist grunds\u00e4tzlich zu jeder Zeit m\u00f6glich.<\/p>\n<p>Interessent*innen, die wir nicht bei einem Seminar kennenlernen konnten, werden wir zu einem Skype-Interview einladen. Hier k\u00f6nnen alle Fragen besprochen werden. Beide Seiten k\u00f6nnen dabei verstehen, ob dieses Programm im Moment das Richtige ist.\u00a0<\/p>\n<p>Eine Bewerbung f\u00fcr <em>AL<\/em>thattheatre 2021 ist bis Ende Februar m\u00f6glich. Allerdings sind die Pl\u00e4tze begrenzt und k\u00f6nnten bis dahin ausgebucht sein.<\/p>\n<p><span style=\"color: #008000;\"><strong><a style=\"color: #008000;\" href=\"http:\/\/theatreculture.org\/de\/kontakt\/bewerbunganmeldung\/\">Anmeldeformular<\/a><\/strong><\/span><\/p>\n<h2>Abschluss + Zertifizierung<\/h2>\n<p>Die erfolgreich abgeschlossene Theaterausbildung <em>AL<\/em>thattheatre wird vom World Theatre Training Institute und dem Internationalen Theater Institut (ITI worldwide) zertifiziert, gezeichnet durch den k\u00fcnstlerischen Leiter Dr. Jurij Alschitz.<\/p>\n<p><img loading=\"lazy\" class=\"alignleft size-full wp-image-2652\" src=\"http:\/\/theatreculture.org\/wp-content\/uploads\/2019\/08\/logo_leiste_i.jpg\" alt=\"\" width=\"1715\" height=\"187\" srcset=\"https:\/\/theatreculture.org\/wp-content\/uploads\/2019\/08\/logo_leiste_i.jpg 1715w, https:\/\/theatreculture.org\/wp-content\/uploads\/2019\/08\/logo_leiste_i-300x33.jpg 300w, https:\/\/theatreculture.org\/wp-content\/uploads\/2019\/08\/logo_leiste_i-768x84.jpg 768w, https:\/\/theatreculture.org\/wp-content\/uploads\/2019\/08\/logo_leiste_i-200x22.jpg 200w, https:\/\/theatreculture.org\/wp-content\/uploads\/2019\/08\/logo_leiste_i-400x44.jpg 400w\" sizes=\"(max-width: 1715px) 100vw, 1715px\" \/><\/p>\n<p>\u00a0<\/p>\n<p>Die zu erbringende Studienleistung beinhaltet das komplette Online-Training und das 40-t\u00e4gige Arbeitsmodul, das mit einem Examen abschlie\u00dft.<\/p>\n<p>Um die Unabh\u00e4ngigkeit und die k\u00fcnstlerisch-wissenschaftliche Freiheit dieses innovativen Ansatzes zu erm\u00f6glichen, steht das Programm au\u00dferhalb des BA\/MA Akkreditierungssystems (Bologna System). Stattdessen erhalten die Studierenden ihr Diplom vom Forschungszentrum des ITI, der Weltorganisation der Darstellenden K\u00fcnste.<\/p>\n<p>Das World Theatre Training Institute ist Mitglied des ITI\/UNESCO Network for Higher Education in the Performing Arts. Das Programm erf\u00e4hrt weltweite Aufmerksamkeit.<\/p>\n<h2>Studiengeb\u00fchr<\/h2>\n<p><span style=\"color: #000080;\"><em>Preise und Termine f\u00fcr 2022 werden am 1. September 2021 aktualisiert sein.<\/em><\/span><\/p>\n<p>Der Kurs <em>AL<\/em>thattheatre umfa\u00dft im Ganzen 3 Monate. Die Intensit\u00e4t ist mit einem Studium von mindesten einem Jahr vergleichbar<br \/><strong>Die monatliche Geb\u00fchr betr\u00e4gt 800 \u20ac, im Ganzen 2.400 \u20ac.<\/strong><\/p>\n<h3><strong>Zahlungsmethode<\/strong><\/h3>\n<p>Mit der R\u00fccksendung des unterschriebenen Ausbildungsvertrages wird ein Betrag von 400\u20ac f\u00e4llig; die zweite Rate (400\u20ac) ist zahlbar bis zum 1. M\u00e4rz 2021; erst dann kann das Online-Studium begonnen werden. Die dritte Rate (800\u20ac) ist zum 1. April f\u00e4llig und die letzte zum 15. Mai 2021.<\/p>\n<p><strong>World Theatre Training Institute AKT-ZENT<\/strong><br \/><strong>IBAN: DE89 1005 0000 0230 0322 06<\/strong><br \/><strong>BIC: BELADEBEXXX<\/strong><\/p>\n<h3>R\u00fccktrittsbedingungen<\/h3>\n<p>Bei einem R\u00fccktritt vom Vertrag bis zum 1. Februar 2021 werden 50% der gezahlten ersten Rate (200\u20ac) r\u00fcckerstattet, danach verbleibt die volle Summe (400\u20ac) beim Veranstalter. Bei einem Abbruch des Studiums nach dem 1. April verbleibt die 3. Rate beim Veranstalter bzw. ist nachzuzahlen. Bei einem Abbruch des Studiums nach dem 15. April, also w\u00e4hrend des praktischen Teils in Montecreto ist die volle Kursgeb\u00fchr f\u00e4llig.<\/p>\n<h2>Online Training<\/h2>\n<p>Das Online-Training beginnt am 1. M\u00e4rz 2021. Die Studierenden werden vorher kontaktiert und aufgefordert, sich auf unserer <span style=\"color: #008000;\"><strong><span class=\"tlid-translation translation\" lang=\"en\"><span class=\"\" title=\"\">\u21d2<a style=\"color: #008000;\" href=\"https:\/\/online-theatre-academy.com\/\" target=\"_blank\" rel=\"noopener noreferrer\">Online Theatre Academy<\/a><\/span><\/span><span class=\"tlid-translation translation\" lang=\"en\"><span class=\"\" title=\"\">.<\/span><\/span><\/strong><\/span> zu registrieren. Die Kommunikation mit den Lehrer*innen wird auf Deutsch, Englisch oder Italienisch erfolgen. Die eigene Arbeit ist immer in der Muttersprache. Die Lehrer*innen werden Skype-Meetings ansetzen und dabei die Aufgaben individuell anpassen und erweitern entsprechend der jeweiligen Interessen und Berufserfahrung.<\/p>\n<h2>Die 40 Tage in Montecreto, Italien<\/h2>\n<p>Der Zeitraum des Arbeitsaufenthaltes ist vom 15. April bis 27. Mai 2021. Ankunft und Abreise sollten am Tag davor, bzw. danach erfolgen.<\/p>\n<h3>Der Ort<\/h3>\n<p><img loading=\"lazy\" class=\"alignright wp-image-2602\" src=\"http:\/\/theatreculture.org\/wp-content\/uploads\/2019\/08\/https-_sportincamp.com_wp-content_uploads_2016_02_Montecreto-42-150x150.jpg\" alt=\"Montecreto\" width=\"220\" height=\"220\" srcset=\"https:\/\/theatreculture.org\/wp-content\/uploads\/2019\/08\/https-_sportincamp.com_wp-content_uploads_2016_02_Montecreto-42-150x150.jpg 150w, https:\/\/theatreculture.org\/wp-content\/uploads\/2019\/08\/https-_sportincamp.com_wp-content_uploads_2016_02_Montecreto-42-220x220.jpg 220w, https:\/\/theatreculture.org\/wp-content\/uploads\/2019\/08\/https-_sportincamp.com_wp-content_uploads_2016_02_Montecreto-42-50x50.jpg 50w, https:\/\/theatreculture.org\/wp-content\/uploads\/2019\/08\/https-_sportincamp.com_wp-content_uploads_2016_02_Montecreto-42-100x100.jpg 100w\" sizes=\"(max-width: 220px) 100vw, 220px\" \/><\/p>\n<p>Das Kloster liegt oberhalb des kleinen Dorfes Montecreto in den Apenninen s\u00fcdlich von Bologna. Hier haben wir perfekte Konditionen mit verschiedenen Arbeitsr\u00e4umen, drinnen wie drau\u00dfen. Wir haben die M\u00f6glichkeit im gleichen Geb\u00e4ude zu schlafen. Es gibt Einzel-, Doppel- und Drei-Bettzimmer. Gro\u00dfe K\u00fcchen k\u00f6nnen von allen genutzt werden, um individuell oder gemeinsam zu kochen.<\/p>\n<p><strong>Preise f\u00fcr die Unterbringung im Kloster: <\/strong><br \/>EZ: 25 \u20ac am Tag<br \/>DZ: 15 \u20ac am Tag pro Person<br \/>Triple: 12 \u20ac am Tag pro Person<\/p>\n<p>Nat\u00fcrlich kann man auch private Apartments in Montecreto mieten. Die Angebote beginnen mit ca. 300\u20ac pro Woche bei Doppelbelegung.<\/p>\n<h3>Anreise<\/h3>\n<p>Die N\u00e4he zu Bologna und Modena macht die Anreise per Bahn oder Flugzeug einfach. Die Information zum regionalen Bus nach Montecreto wird vor Ankunft mitgeteilt, je nach M\u00f6glichkeit wird auch ein Transfer arrangiert.<\/p>\n<h2>Weitere Fragen?<img loading=\"lazy\" class=\"wp-image-2619 alignright\" src=\"http:\/\/theatreculture.org\/wp-content\/uploads\/2019\/08\/IMG_0364-150x150.jpg\" alt=\"Christine Schmalor\" width=\"220\" height=\"220\" srcset=\"https:\/\/theatreculture.org\/wp-content\/uploads\/2019\/08\/IMG_0364-150x150.jpg 150w, https:\/\/theatreculture.org\/wp-content\/uploads\/2019\/08\/IMG_0364-220x220.jpg 220w, https:\/\/theatreculture.org\/wp-content\/uploads\/2019\/08\/IMG_0364-50x50.jpg 50w, https:\/\/theatreculture.org\/wp-content\/uploads\/2019\/08\/IMG_0364-200x200.jpg 200w, https:\/\/theatreculture.org\/wp-content\/uploads\/2019\/08\/IMG_0364-100x100.jpg 100w, https:\/\/theatreculture.org\/wp-content\/uploads\/2019\/08\/IMG_0364.jpg 240w\" sizes=\"(max-width: 220px) 100vw, 220px\" \/><\/h2>\n<p>Kein Problem, bitte kontaktiert mich direkt \u00fcber das <a href=\"http:\/\/theatreculture.org\/de\/kontakt\/kontaktformular\/\"><strong><span style=\"color: #008000;\">Formular<\/span><\/strong><\/a>\u00a0oder auch telefonisch unter +49 30 612 87274<\/p>\n<p>Ich bin Christine Schmalor, Programmdirektorin und Teil des Lehrerteams dieses Projektes.<\/p>\n<p>Ich freue mich darauf, \u00a0Euch kennenzulernen.<\/p>\n","protected":false},"excerpt":{"rendered":"<p>Bewerbung und Vertrag Eine Bewerbung f\u00fcr ALthattheatre ist grunds\u00e4tzlich zu jeder Zeit m\u00f6glich. Interessent*innen, die wir nicht bei einem Seminar kennenlernen konnten, werden wir zu einem Skype-Interview einladen. Hier k\u00f6nnen alle Fragen besprochen werden. Beide Seiten k\u00f6nnen dabei verstehen, ob dieses Programm im Moment das Richtige ist.\u00a0 Eine Bewerbung f\u00fcr ALthattheatre 2021 ist bis Ende [&hellip;]<\/p>\n","protected":false},"author":1,"featured_media":2584,"parent":1417,"menu_order":4,"comment_status":"closed","ping_status":"closed","template":"","meta":[],"yoast_head":"<!-- This site is optimized with the Yoast SEO plugin v17.9 - https:\/\/yoast.com\/wordpress\/plugins\/seo\/ -->\n<title>Praktische Informationen - World Theatre Training Institute AKT-ZENT\/ITI<\/title>\n<meta name=\"robots\" content=\"index, follow, max-snippet:-1, max-image-preview:large, max-video-preview:-1\" \/>\n<link rel=\"canonical\" href=\"https:\/\/theatreculture.org\/de\/die-schule\/althattheatre\/praktische-informationen\/\" \/>\n<meta property=\"og:locale\" content=\"de_DE\" \/>\n<meta property=\"og:type\" content=\"article\" \/>\n<meta property=\"og:title\" content=\"Praktische Informationen - World Theatre Training Institute AKT-ZENT\/ITI\" \/>\n<meta property=\"og:description\" content=\"Bewerbung und Vertrag Eine Bewerbung f\u00fcr ALthattheatre ist grunds\u00e4tzlich zu jeder Zeit m\u00f6glich. Interessent*innen, die wir nicht bei einem Seminar kennenlernen konnten, werden wir zu einem Skype-Interview einladen. Hier k\u00f6nnen alle Fragen besprochen werden. Beide Seiten k\u00f6nnen dabei verstehen, ob dieses Programm im Moment das Richtige ist.\u00a0 Eine Bewerbung f\u00fcr ALthattheatre 2021 ist bis Ende [&hellip;]\" \/>\n<meta property=\"og:url\" content=\"https:\/\/theatreculture.org\/de\/die-schule\/althattheatre\/praktische-informationen\/\" \/>\n<meta property=\"og:site_name\" content=\"World Theatre Training Institute AKT-ZENT\/ITI\" \/>\n<meta property=\"article:publisher\" content=\"https:\/\/www.facebook.com\/theatreculture.org\/\" \/>\n<meta property=\"article:modified_time\" content=\"2021-06-04T10:15:54+00:00\" \/>\n<meta property=\"og:image\" content=\"https:\/\/theatreculture.org\/wp-content\/uploads\/2019\/08\/IMG_7889.jpg\" \/>\n\t<meta property=\"og:image:width\" content=\"3442\" \/>\n\t<meta property=\"og:image:height\" content=\"1671\" \/>\n\t<meta property=\"og:image:type\" content=\"image\/jpeg\" \/>\n<meta name=\"twitter:card\" content=\"summary_large_image\" \/>\n<meta name=\"twitter:label1\" content=\"Gesch\u00e4tzte Lesezeit\" \/>\n\t<meta name=\"twitter:data1\" content=\"3\u00a0Minuten\" \/>\n<script type=\"application\/ld+json\" class=\"yoast-schema-graph\">{\"@context\":\"https:\/\/schema.org\",\"@graph\":[{\"@type\":\"Organization\",\"@id\":\"https:\/\/theatreculture.org\/#organization\",\"name\":\"World Theatre Training Institute AKT-ZENT\",\"url\":\"https:\/\/theatreculture.org\/\",\"sameAs\":[\"https:\/\/www.facebook.com\/theatreculture.org\/\",\"https:\/\/www.instagram.com\/worldtheatretraining\/\",\"https:\/\/www.youtube.com\/@worldtheatretraininginstit4622\",\"https:\/\/en.wikipedia.org\/wiki\/World_Theatre_Training_Institute\"],\"logo\":{\"@type\":\"ImageObject\",\"@id\":\"https:\/\/theatreculture.org\/#logo\",\"inLanguage\":\"de\",\"url\":\"https:\/\/theatreculture.org\/wp-content\/uploads\/2018\/02\/maennchen_quadrat_gruen.jpg\",\"contentUrl\":\"https:\/\/theatreculture.org\/wp-content\/uploads\/2018\/02\/maennchen_quadrat_gruen.jpg\",\"width\":1435,\"height\":1435,\"caption\":\"World Theatre Training Institute AKT-ZENT\"},\"image\":{\"@id\":\"https:\/\/theatreculture.org\/#logo\"}},{\"@type\":\"WebSite\",\"@id\":\"https:\/\/theatreculture.org\/#website\",\"url\":\"https:\/\/theatreculture.org\/\",\"name\":\"World Theatre Training Institute AKT-ZENT\/ITI\",\"description\":\"\",\"publisher\":{\"@id\":\"https:\/\/theatreculture.org\/#organization\"},\"potentialAction\":[{\"@type\":\"SearchAction\",\"target\":{\"@type\":\"EntryPoint\",\"urlTemplate\":\"https:\/\/theatreculture.org\/?s={search_term_string}\"},\"query-input\":\"required name=search_term_string\"}],\"inLanguage\":\"de\"},{\"@type\":\"ImageObject\",\"@id\":\"https:\/\/theatreculture.org\/de\/die-schule\/althattheatre\/praktische-informationen\/#primaryimage\",\"inLanguage\":\"de\",\"url\":\"https:\/\/theatreculture.org\/wp-content\/uploads\/2019\/08\/IMG_7889.jpg\",\"contentUrl\":\"https:\/\/theatreculture.org\/wp-content\/uploads\/2019\/08\/IMG_7889.jpg\",\"width\":3442,\"height\":1671},{\"@type\":\"WebPage\",\"@id\":\"https:\/\/theatreculture.org\/de\/die-schule\/althattheatre\/praktische-informationen\/#webpage\",\"url\":\"https:\/\/theatreculture.org\/de\/die-schule\/althattheatre\/praktische-informationen\/\",\"name\":\"Praktische Informationen - World Theatre Training Institute AKT-ZENT\/ITI\",\"isPartOf\":{\"@id\":\"https:\/\/theatreculture.org\/#website\"},\"primaryImageOfPage\":{\"@id\":\"https:\/\/theatreculture.org\/de\/die-schule\/althattheatre\/praktische-informationen\/#primaryimage\"},\"datePublished\":\"2019-08-24T10:35:33+00:00\",\"dateModified\":\"2021-06-04T10:15:54+00:00\",\"breadcrumb\":{\"@id\":\"https:\/\/theatreculture.org\/de\/die-schule\/althattheatre\/praktische-informationen\/#breadcrumb\"},\"inLanguage\":\"de\",\"potentialAction\":[{\"@type\":\"ReadAction\",\"target\":[\"https:\/\/theatreculture.org\/de\/die-schule\/althattheatre\/praktische-informationen\/\"]}]},{\"@type\":\"BreadcrumbList\",\"@id\":\"https:\/\/theatreculture.org\/de\/die-schule\/althattheatre\/praktische-informationen\/#breadcrumb\",\"itemListElement\":[{\"@type\":\"ListItem\",\"position\":1,\"name\":\"Startseite\",\"item\":\"https:\/\/theatreculture.org\/\"},{\"@type\":\"ListItem\",\"position\":2,\"name\":\"Die Schule\",\"item\":\"https:\/\/theatreculture.org\/de\/die-schule\/\"},{\"@type\":\"ListItem\",\"position\":3,\"name\":\"ALthattheatre\",\"item\":\"https:\/\/theatreculture.org\/de\/die-schule\/althattheatre\/\"},{\"@type\":\"ListItem\",\"position\":4,\"name\":\"Praktische Informationen\"}]}]}<\/script>\n<!-- \/ Yoast SEO plugin. -->","yoast_head_json":{"title":"Praktische Informationen - World Theatre Training Institute AKT-ZENT\/ITI","robots":{"index":"index","follow":"follow","max-snippet":"max-snippet:-1","max-image-preview":"max-image-preview:large","max-video-preview":"max-video-preview:-1"},"canonical":"https:\/\/theatreculture.org\/de\/die-schule\/althattheatre\/praktische-informationen\/","og_locale":"de_DE","og_type":"article","og_title":"Praktische Informationen - World Theatre Training Institute AKT-ZENT\/ITI","og_description":"Bewerbung und Vertrag Eine Bewerbung f\u00fcr ALthattheatre ist grunds\u00e4tzlich zu jeder Zeit m\u00f6glich. Interessent*innen, die wir nicht bei einem Seminar kennenlernen konnten, werden wir zu einem Skype-Interview einladen. Hier k\u00f6nnen alle Fragen besprochen werden. Beide Seiten k\u00f6nnen dabei verstehen, ob dieses Programm im Moment das Richtige ist.\u00a0 Eine Bewerbung f\u00fcr ALthattheatre 2021 ist bis Ende [&hellip;]","og_url":"https:\/\/theatreculture.org\/de\/die-schule\/althattheatre\/praktische-informationen\/","og_site_name":"World Theatre Training Institute AKT-ZENT\/ITI","article_publisher":"https:\/\/www.facebook.com\/theatreculture.org\/","article_modified_time":"2021-06-04T10:15:54+00:00","og_image":[{"width":3442,"height":1671,"url":"https:\/\/theatreculture.org\/wp-content\/uploads\/2019\/08\/IMG_7889.jpg","type":"image\/jpeg"}],"twitter_card":"summary_large_image","twitter_misc":{"Gesch\u00e4tzte Lesezeit":"3\u00a0Minuten"},"schema":{"@context":"https:\/\/schema.org","@graph":[{"@type":"Organization","@id":"https:\/\/theatreculture.org\/#organization","name":"World Theatre Training Institute AKT-ZENT","url":"https:\/\/theatreculture.org\/","sameAs":["https:\/\/www.facebook.com\/theatreculture.org\/","https:\/\/www.instagram.com\/worldtheatretraining\/","https:\/\/www.youtube.com\/@worldtheatretraininginstit4622","https:\/\/en.wikipedia.org\/wiki\/World_Theatre_Training_Institute"],"logo":{"@type":"ImageObject","@id":"https:\/\/theatreculture.org\/#logo","inLanguage":"de","url":"https:\/\/theatreculture.org\/wp-content\/uploads\/2018\/02\/maennchen_quadrat_gruen.jpg","contentUrl":"https:\/\/theatreculture.org\/wp-content\/uploads\/2018\/02\/maennchen_quadrat_gruen.jpg","width":1435,"height":1435,"caption":"World Theatre Training Institute AKT-ZENT"},"image":{"@id":"https:\/\/theatreculture.org\/#logo"}},{"@type":"WebSite","@id":"https:\/\/theatreculture.org\/#website","url":"https:\/\/theatreculture.org\/","name":"World Theatre Training Institute AKT-ZENT\/ITI","description":"","publisher":{"@id":"https:\/\/theatreculture.org\/#organization"},"potentialAction":[{"@type":"SearchAction","target":{"@type":"EntryPoint","urlTemplate":"https:\/\/theatreculture.org\/?s={search_term_string}"},"query-input":"required name=search_term_string"}],"inLanguage":"de"},{"@type":"ImageObject","@id":"https:\/\/theatreculture.org\/de\/die-schule\/althattheatre\/praktische-informationen\/#primaryimage","inLanguage":"de","url":"https:\/\/theatreculture.org\/wp-content\/uploads\/2019\/08\/IMG_7889.jpg","contentUrl":"https:\/\/theatreculture.org\/wp-content\/uploads\/2019\/08\/IMG_7889.jpg","width":3442,"height":1671},{"@type":"WebPage","@id":"https:\/\/theatreculture.org\/de\/die-schule\/althattheatre\/praktische-informationen\/#webpage","url":"https:\/\/theatreculture.org\/de\/die-schule\/althattheatre\/praktische-informationen\/","name":"Praktische Informationen - World Theatre Training Institute AKT-ZENT\/ITI","isPartOf":{"@id":"https:\/\/theatreculture.org\/#website"},"primaryImageOfPage":{"@id":"https:\/\/theatreculture.org\/de\/die-schule\/althattheatre\/praktische-informationen\/#primaryimage"},"datePublished":"2019-08-24T10:35:33+00:00","dateModified":"2021-06-04T10:15:54+00:00","breadcrumb":{"@id":"https:\/\/theatreculture.org\/de\/die-schule\/althattheatre\/praktische-informationen\/#breadcrumb"},"inLanguage":"de","potentialAction":[{"@type":"ReadAction","target":["https:\/\/theatreculture.org\/de\/die-schule\/althattheatre\/praktische-informationen\/"]}]},{"@type":"BreadcrumbList","@id":"https:\/\/theatreculture.org\/de\/die-schule\/althattheatre\/praktische-informationen\/#breadcrumb","itemListElement":[{"@type":"ListItem","position":1,"name":"Startseite","item":"https:\/\/theatreculture.org\/"},{"@type":"ListItem","position":2,"name":"Die Schule","item":"https:\/\/theatreculture.org\/de\/die-schule\/"},{"@type":"ListItem","position":3,"name":"ALthattheatre","item":"https:\/\/theatreculture.org\/de\/die-schule\/althattheatre\/"},{"@type":"ListItem","position":4,"name":"Praktische Informationen"}]}]}},"_links":{"self":[{"href":"https:\/\/theatreculture.org\/wp-json\/wp\/v2\/pages\/3008"}],"collection":[{"href":"https:\/\/theatreculture.org\/wp-json\/wp\/v2\/pages"}],"about":[{"href":"https:\/\/theatreculture.org\/wp-json\/wp\/v2\/types\/page"}],"author":[{"embeddable":true,"href":"https:\/\/theatreculture.org\/wp-json\/wp\/v2\/users\/1"}],"replies":[{"embeddable":true,"href":"https:\/\/theatreculture.org\/wp-json\/wp\/v2\/comments?post=3008"}],"version-history":[{"count":31,"href":"https:\/\/theatreculture.org\/wp-json\/wp\/v2\/pages\/3008\/revisions"}],"predecessor-version":[{"id":5046,"href":"https:\/\/theatreculture.org\/wp-json\/wp\/v2\/pages\/3008\/revisions\/5046"}],"up":[{"embeddable":true,"href":"https:\/\/theatreculture.org\/wp-json\/wp\/v2\/pages\/1417"}],"wp:featuredmedia":[{"embeddable":true,"href":"https:\/\/theatreculture.org\/wp-json\/wp\/v2\/media\/2584"}],"wp:attachment":[{"href":"https:\/\/theatreculture.org\/wp-json\/wp\/v2\/media?parent=3008"}],"curies":[{"name":"wp","href":"https:\/\/api.w.org\/{rel}","templated":true}]}}