{"id":2991,"date":"2019-08-23T16:08:37","date_gmt":"2019-08-23T15:08:37","guid":{"rendered":"http:\/\/theatreculture.org\/?page_id=2991"},"modified":"2019-08-25T13:49:05","modified_gmt":"2019-08-25T12:49:05","slug":"the-40-days","status":"publish","type":"page","link":"https:\/\/theatreculture.org\/de\/die-schule\/althattheatre\/the-40-days\/","title":{"rendered":"40 Tage"},"content":{"rendered":"\n<h2>Der Quantensprung<\/h2>\n<p>Nach einer intensiven Online-Vorbereitung treffen sich Lehrer und Studenten an einem ausgew\u00e4hlten Ort, umgeben von Natur, fern ab vom t\u00e4glichen Leben.<\/p>\n<p><a href=\"https:\/\/www.youtube.com\/watch?v=JP4g91jVOkc\"><img loading=\"lazy\" class=\"alignleft wp-image-2716 size-full\" src=\"http:\/\/theatreculture.org\/wp-content\/uploads\/2019\/08\/40.40_thumb-1.jpg\" alt=\"40 days\" width=\"320\" height=\"180\" srcset=\"https:\/\/theatreculture.org\/wp-content\/uploads\/2019\/08\/40.40_thumb-1.jpg 320w, https:\/\/theatreculture.org\/wp-content\/uploads\/2019\/08\/40.40_thumb-1-300x169.jpg 300w, https:\/\/theatreculture.org\/wp-content\/uploads\/2019\/08\/40.40_thumb-1-200x113.jpg 200w\" sizes=\"(max-width: 320px) 100vw, 320px\" \/><\/a>Hier werden die Studierenden eine gro\u00dfe Anzahl verschiedenster Impulse erhalten, die auf allen Ebenen Resonanz hervorrufen. In 40 Tagen erschaffen sie ihre k\u00fcnstlerische Vision, d.h. sie entwickeln ihre individuelle B\u00fchnensprache. Die Tage sind nach spezifischen Lernalgorithmen konzipiert und verbinden Impulsvortr\u00e4ge mit Training und praktischer B\u00fchnenarbeit &#8211; vor allem aber mit Momenten der Stille.<\/p>\n<p>Die Lehrinhalte behandeln alle theaterrelevanten Fragen, werden aber nicht in klassischer Reihenfolge unterrichtet. Stattdessen werden sie aufgrund ihrer gegenseitigen Verkn\u00fcpfung zeitgleich behandelt und er\u00f6ffnen sich dadurch nach und nach. Dabei wird das Ziel verfolgt, das Bewu\u00dftsein in Richtung eines holistischen Denkens zu ver\u00e4ndern und den Zugang zum sog. <em>hyper-knowledge<\/em> zu erm\u00f6glichen.<\/p>\n<h4 style=\"text-align: center;\"><span style=\"background-color: #606f82; color: #ffffff;\">&nbsp;&nbsp; Pause &#8211; Zeit der Selbstwahrnehmung &nbsp;&nbsp; <br><\/span><\/h4>\n<p><span class=\"tlid-translation\">St\u00e4ndige Neukombinationen erlauben individuelle Erkenntnisse und lassen das eigene kognitive Interesse an Ver\u00e4nderungsprozessen wachsen. Die Grenzen der Vorstellungskraft werden erweitert. Letztendlich bef\u00e4higt <\/span><strong><em>AL<\/em><\/strong><span class=\"tlid-translation\"><strong>thattheatre<\/strong> die Studierenden zum sog. <em>spherical thinking<\/em> und zur&nbsp; Kreation im Hyperraum. <\/span><\/p>\n<p><span class=\"tlid-translation\">Wissen wird nicht fixiert, sondern erfahren. Es manifestiert sich in einem Moment, um sich danach gleich wieder zu ver\u00e4ndern. Nennen wir es <\/span><em>liquid knowledge<\/em><span class=\"tlid-translation\">.<\/span><\/p>\n<table style=\"border-collapse: collapse; width: 100%;\">\n<tbody>\n<tr>\n<td style=\"width: 100%; background-color: #606f82;\">\n<p><strong><span style=\"color: #ffffff;\">\u201eDer Schauspieler sollte als die wichtigste <span style=\"background-color: #606f82;\">theatralische<\/span> Einheit des Ganzen angesehen werden, als ein Atom oder ein Nanopartikel des Theaters. \u00c4hnlich der Quantenphysik tr\u00e4gt dieser Partikel alle Zeichen des Ganzen in sich w\u00e4hrend er zugleich sein eigenes Theater ist. Daraus entsteht ein Theater innerhalb des Theaters: ein Mikro-Raum innerhalb des Macro-Raums, ein Mikro-Theater innerhalb des Makro-Theaters.\u201d<\/span> <\/strong><\/p>\n<p style=\"text-align: right;\"><strong><span style=\"color: #ffffff;\">Jurij Alschitz<\/span><\/strong><\/p>\n<\/td>\n<\/tr>\n<\/tbody>\n<\/table>\n<h3>Die Qualit\u00e4t der Diversit\u00e4t<\/h3>\n<p>Ganz bewu\u00dft, l\u00e4dt <strong><em>AL<\/em>thattheatre<\/strong> K\u00fcnstler*innen verschiedenen Alters und unterschiedlicher Berufserfahrung ein. Es gibt nur eine Gemeinsamkeit, die alle verbindet: hohe Motivation und die professionelle Perspektive im Theater.<\/p>\n<p>Die vorangegangenen Erfahrungen haben gezeigt, dass gerade die Mischung von Studierenden verschiedenen Alters und Erfahrung beste Erfolge erzielte. Das Programm richtet sich an das Individuum. Jede*r arbeitet zun\u00e4chst unabh\u00e4ngig, findet aber Stimulation auf allen Ebenen. Anf\u00e4nger, die keine Blockaden durch lebenslange Berufspraxis haben, provozieren in ihrer jugendlichen Frische die, die in ihrem bestehenden System etwas ver\u00e4ndern wollen; umgekehrt wird B\u00fchnenerfahrung und <em>know-how<\/em> ganz nebenbei vermittelt. Wissen wird aber nicht nur geteilt, sondern vor allem gemeinsam neu erschaffen.<\/p>\n<p>Je mehr Unterschiede bez\u00fcglich Alter und kulturellem Hintergrund, umso mehr Stimulation f\u00fcr jede*n &#8211; das gilt f\u00fcr Studierende und Lehrer gleicherma\u00dfen. Gemeinsam suchen wir nach dem \u201etransparenten\u201c Schauspieler der Zukunft, der mit Leichtigkeit verschiedene Darstellungsmethoden verbinden, wechseln und erschaffen kann.<\/p>\n","protected":false},"excerpt":{"rendered":"<p>Der Quantensprung Nach einer intensiven Online-Vorbereitung treffen sich Lehrer und Studenten an einem ausgew\u00e4hlten Ort, umgeben von Natur, fern ab vom t\u00e4glichen Leben. Hier werden die Studierenden eine gro\u00dfe Anzahl verschiedenster Impulse erhalten, die auf allen Ebenen Resonanz hervorrufen. In 40 Tagen erschaffen sie ihre k\u00fcnstlerische Vision, d.h. sie entwickeln ihre individuelle B\u00fchnensprache. Die Tage [&hellip;]<\/p>\n","protected":false},"author":1,"featured_media":2811,"parent":1417,"menu_order":3,"comment_status":"closed","ping_status":"closed","template":"","meta":[],"yoast_head":"<!-- This site is optimized with the Yoast SEO plugin v17.9 - https:\/\/yoast.com\/wordpress\/plugins\/seo\/ -->\n<title>40 Tage - World Theatre Training Institute AKT-ZENT\/ITI<\/title>\n<meta name=\"robots\" content=\"index, follow, max-snippet:-1, max-image-preview:large, max-video-preview:-1\" \/>\n<link rel=\"canonical\" href=\"https:\/\/theatreculture.org\/de\/die-schule\/althattheatre\/the-40-days\/\" \/>\n<meta property=\"og:locale\" content=\"de_DE\" \/>\n<meta property=\"og:type\" content=\"article\" \/>\n<meta property=\"og:title\" content=\"40 Tage - World Theatre Training Institute AKT-ZENT\/ITI\" \/>\n<meta property=\"og:description\" content=\"Der Quantensprung Nach einer intensiven Online-Vorbereitung treffen sich Lehrer und Studenten an einem ausgew\u00e4hlten Ort, umgeben von Natur, fern ab vom t\u00e4glichen Leben. Hier werden die Studierenden eine gro\u00dfe Anzahl verschiedenster Impulse erhalten, die auf allen Ebenen Resonanz hervorrufen. In 40 Tagen erschaffen sie ihre k\u00fcnstlerische Vision, d.h. sie entwickeln ihre individuelle B\u00fchnensprache. Die Tage [&hellip;]\" \/>\n<meta property=\"og:url\" content=\"https:\/\/theatreculture.org\/de\/die-schule\/althattheatre\/the-40-days\/\" \/>\n<meta property=\"og:site_name\" content=\"World Theatre Training Institute AKT-ZENT\/ITI\" \/>\n<meta property=\"article:publisher\" content=\"https:\/\/www.facebook.com\/theatreculture.org\/\" \/>\n<meta property=\"article:modified_time\" content=\"2019-08-25T12:49:05+00:00\" \/>\n<meta property=\"og:image\" content=\"https:\/\/theatreculture.org\/wp-content\/uploads\/2019\/08\/IMG_20190424_203225.jpg\" \/>\n\t<meta property=\"og:image:width\" content=\"4608\" \/>\n\t<meta property=\"og:image:height\" content=\"1680\" \/>\n\t<meta property=\"og:image:type\" content=\"image\/jpeg\" \/>\n<meta name=\"twitter:card\" content=\"summary_large_image\" \/>\n<meta name=\"twitter:label1\" content=\"Gesch\u00e4tzte Lesezeit\" \/>\n\t<meta name=\"twitter:data1\" content=\"2\u00a0Minuten\" \/>\n<script type=\"application\/ld+json\" class=\"yoast-schema-graph\">{\"@context\":\"https:\/\/schema.org\",\"@graph\":[{\"@type\":\"Organization\",\"@id\":\"https:\/\/theatreculture.org\/#organization\",\"name\":\"World Theatre Training Institute AKT-ZENT\",\"url\":\"https:\/\/theatreculture.org\/\",\"sameAs\":[\"https:\/\/www.facebook.com\/theatreculture.org\/\",\"https:\/\/www.instagram.com\/worldtheatretraining\/\",\"https:\/\/www.youtube.com\/@worldtheatretraininginstit4622\",\"https:\/\/en.wikipedia.org\/wiki\/World_Theatre_Training_Institute\"],\"logo\":{\"@type\":\"ImageObject\",\"@id\":\"https:\/\/theatreculture.org\/#logo\",\"inLanguage\":\"de\",\"url\":\"https:\/\/theatreculture.org\/wp-content\/uploads\/2018\/02\/maennchen_quadrat_gruen.jpg\",\"contentUrl\":\"https:\/\/theatreculture.org\/wp-content\/uploads\/2018\/02\/maennchen_quadrat_gruen.jpg\",\"width\":1435,\"height\":1435,\"caption\":\"World Theatre Training Institute AKT-ZENT\"},\"image\":{\"@id\":\"https:\/\/theatreculture.org\/#logo\"}},{\"@type\":\"WebSite\",\"@id\":\"https:\/\/theatreculture.org\/#website\",\"url\":\"https:\/\/theatreculture.org\/\",\"name\":\"World Theatre Training Institute AKT-ZENT\/ITI\",\"description\":\"\",\"publisher\":{\"@id\":\"https:\/\/theatreculture.org\/#organization\"},\"potentialAction\":[{\"@type\":\"SearchAction\",\"target\":{\"@type\":\"EntryPoint\",\"urlTemplate\":\"https:\/\/theatreculture.org\/?s={search_term_string}\"},\"query-input\":\"required name=search_term_string\"}],\"inLanguage\":\"de\"},{\"@type\":\"ImageObject\",\"@id\":\"https:\/\/theatreculture.org\/de\/die-schule\/althattheatre\/the-40-days\/#primaryimage\",\"inLanguage\":\"de\",\"url\":\"https:\/\/theatreculture.org\/wp-content\/uploads\/2019\/08\/IMG_20190424_203225.jpg\",\"contentUrl\":\"https:\/\/theatreculture.org\/wp-content\/uploads\/2019\/08\/IMG_20190424_203225.jpg\",\"width\":4608,\"height\":1680},{\"@type\":\"WebPage\",\"@id\":\"https:\/\/theatreculture.org\/de\/die-schule\/althattheatre\/the-40-days\/#webpage\",\"url\":\"https:\/\/theatreculture.org\/de\/die-schule\/althattheatre\/the-40-days\/\",\"name\":\"40 Tage - World Theatre Training Institute AKT-ZENT\/ITI\",\"isPartOf\":{\"@id\":\"https:\/\/theatreculture.org\/#website\"},\"primaryImageOfPage\":{\"@id\":\"https:\/\/theatreculture.org\/de\/die-schule\/althattheatre\/the-40-days\/#primaryimage\"},\"datePublished\":\"2019-08-23T15:08:37+00:00\",\"dateModified\":\"2019-08-25T12:49:05+00:00\",\"breadcrumb\":{\"@id\":\"https:\/\/theatreculture.org\/de\/die-schule\/althattheatre\/the-40-days\/#breadcrumb\"},\"inLanguage\":\"de\",\"potentialAction\":[{\"@type\":\"ReadAction\",\"target\":[\"https:\/\/theatreculture.org\/de\/die-schule\/althattheatre\/the-40-days\/\"]}]},{\"@type\":\"BreadcrumbList\",\"@id\":\"https:\/\/theatreculture.org\/de\/die-schule\/althattheatre\/the-40-days\/#breadcrumb\",\"itemListElement\":[{\"@type\":\"ListItem\",\"position\":1,\"name\":\"Startseite\",\"item\":\"https:\/\/theatreculture.org\/\"},{\"@type\":\"ListItem\",\"position\":2,\"name\":\"Die Schule\",\"item\":\"https:\/\/theatreculture.org\/de\/die-schule\/\"},{\"@type\":\"ListItem\",\"position\":3,\"name\":\"ALthattheatre\",\"item\":\"https:\/\/theatreculture.org\/de\/die-schule\/althattheatre\/\"},{\"@type\":\"ListItem\",\"position\":4,\"name\":\"40 Tage\"}]}]}<\/script>\n<!-- \/ Yoast SEO plugin. -->","yoast_head_json":{"title":"40 Tage - World Theatre Training Institute AKT-ZENT\/ITI","robots":{"index":"index","follow":"follow","max-snippet":"max-snippet:-1","max-image-preview":"max-image-preview:large","max-video-preview":"max-video-preview:-1"},"canonical":"https:\/\/theatreculture.org\/de\/die-schule\/althattheatre\/the-40-days\/","og_locale":"de_DE","og_type":"article","og_title":"40 Tage - World Theatre Training Institute AKT-ZENT\/ITI","og_description":"Der Quantensprung Nach einer intensiven Online-Vorbereitung treffen sich Lehrer und Studenten an einem ausgew\u00e4hlten Ort, umgeben von Natur, fern ab vom t\u00e4glichen Leben. Hier werden die Studierenden eine gro\u00dfe Anzahl verschiedenster Impulse erhalten, die auf allen Ebenen Resonanz hervorrufen. In 40 Tagen erschaffen sie ihre k\u00fcnstlerische Vision, d.h. sie entwickeln ihre individuelle B\u00fchnensprache. Die Tage [&hellip;]","og_url":"https:\/\/theatreculture.org\/de\/die-schule\/althattheatre\/the-40-days\/","og_site_name":"World Theatre Training Institute AKT-ZENT\/ITI","article_publisher":"https:\/\/www.facebook.com\/theatreculture.org\/","article_modified_time":"2019-08-25T12:49:05+00:00","og_image":[{"width":4608,"height":1680,"url":"https:\/\/theatreculture.org\/wp-content\/uploads\/2019\/08\/IMG_20190424_203225.jpg","type":"image\/jpeg"}],"twitter_card":"summary_large_image","twitter_misc":{"Gesch\u00e4tzte Lesezeit":"2\u00a0Minuten"},"schema":{"@context":"https:\/\/schema.org","@graph":[{"@type":"Organization","@id":"https:\/\/theatreculture.org\/#organization","name":"World Theatre Training Institute AKT-ZENT","url":"https:\/\/theatreculture.org\/","sameAs":["https:\/\/www.facebook.com\/theatreculture.org\/","https:\/\/www.instagram.com\/worldtheatretraining\/","https:\/\/www.youtube.com\/@worldtheatretraininginstit4622","https:\/\/en.wikipedia.org\/wiki\/World_Theatre_Training_Institute"],"logo":{"@type":"ImageObject","@id":"https:\/\/theatreculture.org\/#logo","inLanguage":"de","url":"https:\/\/theatreculture.org\/wp-content\/uploads\/2018\/02\/maennchen_quadrat_gruen.jpg","contentUrl":"https:\/\/theatreculture.org\/wp-content\/uploads\/2018\/02\/maennchen_quadrat_gruen.jpg","width":1435,"height":1435,"caption":"World Theatre Training Institute AKT-ZENT"},"image":{"@id":"https:\/\/theatreculture.org\/#logo"}},{"@type":"WebSite","@id":"https:\/\/theatreculture.org\/#website","url":"https:\/\/theatreculture.org\/","name":"World Theatre Training Institute AKT-ZENT\/ITI","description":"","publisher":{"@id":"https:\/\/theatreculture.org\/#organization"},"potentialAction":[{"@type":"SearchAction","target":{"@type":"EntryPoint","urlTemplate":"https:\/\/theatreculture.org\/?s={search_term_string}"},"query-input":"required name=search_term_string"}],"inLanguage":"de"},{"@type":"ImageObject","@id":"https:\/\/theatreculture.org\/de\/die-schule\/althattheatre\/the-40-days\/#primaryimage","inLanguage":"de","url":"https:\/\/theatreculture.org\/wp-content\/uploads\/2019\/08\/IMG_20190424_203225.jpg","contentUrl":"https:\/\/theatreculture.org\/wp-content\/uploads\/2019\/08\/IMG_20190424_203225.jpg","width":4608,"height":1680},{"@type":"WebPage","@id":"https:\/\/theatreculture.org\/de\/die-schule\/althattheatre\/the-40-days\/#webpage","url":"https:\/\/theatreculture.org\/de\/die-schule\/althattheatre\/the-40-days\/","name":"40 Tage - World Theatre Training Institute AKT-ZENT\/ITI","isPartOf":{"@id":"https:\/\/theatreculture.org\/#website"},"primaryImageOfPage":{"@id":"https:\/\/theatreculture.org\/de\/die-schule\/althattheatre\/the-40-days\/#primaryimage"},"datePublished":"2019-08-23T15:08:37+00:00","dateModified":"2019-08-25T12:49:05+00:00","breadcrumb":{"@id":"https:\/\/theatreculture.org\/de\/die-schule\/althattheatre\/the-40-days\/#breadcrumb"},"inLanguage":"de","potentialAction":[{"@type":"ReadAction","target":["https:\/\/theatreculture.org\/de\/die-schule\/althattheatre\/the-40-days\/"]}]},{"@type":"BreadcrumbList","@id":"https:\/\/theatreculture.org\/de\/die-schule\/althattheatre\/the-40-days\/#breadcrumb","itemListElement":[{"@type":"ListItem","position":1,"name":"Startseite","item":"https:\/\/theatreculture.org\/"},{"@type":"ListItem","position":2,"name":"Die Schule","item":"https:\/\/theatreculture.org\/de\/die-schule\/"},{"@type":"ListItem","position":3,"name":"ALthattheatre","item":"https:\/\/theatreculture.org\/de\/die-schule\/althattheatre\/"},{"@type":"ListItem","position":4,"name":"40 Tage"}]}]}},"_links":{"self":[{"href":"https:\/\/theatreculture.org\/wp-json\/wp\/v2\/pages\/2991"}],"collection":[{"href":"https:\/\/theatreculture.org\/wp-json\/wp\/v2\/pages"}],"about":[{"href":"https:\/\/theatreculture.org\/wp-json\/wp\/v2\/types\/page"}],"author":[{"embeddable":true,"href":"https:\/\/theatreculture.org\/wp-json\/wp\/v2\/users\/1"}],"replies":[{"embeddable":true,"href":"https:\/\/theatreculture.org\/wp-json\/wp\/v2\/comments?post=2991"}],"version-history":[{"count":7,"href":"https:\/\/theatreculture.org\/wp-json\/wp\/v2\/pages\/2991\/revisions"}],"predecessor-version":[{"id":3129,"href":"https:\/\/theatreculture.org\/wp-json\/wp\/v2\/pages\/2991\/revisions\/3129"}],"up":[{"embeddable":true,"href":"https:\/\/theatreculture.org\/wp-json\/wp\/v2\/pages\/1417"}],"wp:featuredmedia":[{"embeddable":true,"href":"https:\/\/theatreculture.org\/wp-json\/wp\/v2\/media\/2811"}],"wp:attachment":[{"href":"https:\/\/theatreculture.org\/wp-json\/wp\/v2\/media?parent=2991"}],"curies":[{"name":"wp","href":"https:\/\/api.w.org\/{rel}","templated":true}]}}