{"id":2981,"date":"2019-08-23T14:00:14","date_gmt":"2019-08-23T13:00:14","guid":{"rendered":"http:\/\/theatreculture.org\/?page_id=2981"},"modified":"2021-06-04T11:02:24","modified_gmt":"2021-06-04T10:02:24","slug":"online-training","status":"publish","type":"page","link":"https:\/\/theatreculture.org\/de\/die-schule\/althattheatre\/online-training\/","title":{"rendered":"Online-Training"},"content":{"rendered":"\n<h2>Hybrid Theatre Training<\/h2>\n<p>Hybrid Theatre Training kombiniert <em>Online-Training<\/em> mit der B\u00fchnenpraxis.<\/p>\n<p>Ihr beginnt mit Euren Studien <em>online<\/em>, wo-immer auf dieser Welt; Ihr verbindet Euch mit den aktuellen Str\u00f6mungen und Vorschl\u00e4gen, wie man dem Theater begegnen kann; Ihr erhaltet wertvolle Impulse f\u00fcr Euer Selbststudium; Ihr seid v\u00f6llig frei mit Eurem Zeitmanagement; jede*r beginnt bereits den k\u00fcnstlerischen Dialog mit einem der Lehrer*innen &#8211; und das alles mit der konkreten Perspektive, auf die B\u00fchne zu gehen und Eure Ideen in die Praxis umzusetzen. Das ist ein einzigartiger und aufregender Moment, wenn sich dann die Kolleg*innen aus aller Welt zusammenfinden, um gemeinsam zu studieren.<\/p>\n<p>Die praktische Arbeit nach solch intensiver online-Vorbereitung beginnt naturgem\u00e4\u00df auf einem hohen energetischen Niveau. Genau das ist die Voraussetzung f\u00fcr das sogenannte Resonanz-Training, das die Selbst-Bildung stimuliert und zu Eurer individuellen Entfaltung beitr\u00e4gt.<\/p>\n<h2>Wie sieht das Online-Training aus?<\/h2>\n<p>Ihr werdet \u00fcber die <span style=\"color: #008000;\"><a style=\"color: #008000;\" href=\"https:\/\/hybrid-theatre-training.org\/\" target=\"_blank\" rel=\"noopener noreferrer\"><strong><span class=\"tlid-translation translation\" lang=\"en\"><span class=\"\" title=\"\"><span style=\"color: #008000;\">\u21d2<a style=\"color: #008000;\" href=\"https:\/\/online-theatre-academy.com\/\" target=\"_blank\" rel=\"noopener noreferrer\">Online Theatre Academy<\/a><\/span><\/span><\/span><\/strong><\/a><\/span> des Instituts arbeiten. Dort erwarten Euch im Kurs <em>AL<\/em>thattheatre verschiedene Aufgaben, die in Form von Texten, Photos, Videos etc. einzureichen sind. Die Lehrer geben dazu Ihr <em>feedback<\/em>. Wir wollen die M\u00f6glichkeiten der modernen Medientechnologie nutzen, aber immer im Bewu\u00dftsein, dass sie nur Mittel zum Zweck sind; n\u00e4mlich Werkzeuge, die einfach zu gebrauchen sein werden. Jede*r wird <em>Zoom-Sessions<\/em> haben, in denen Ihr individuelle Aufgaben erhaltet und Eure Fragen stellen k\u00f6nnt &#8211; kurz Ihr beginnt den k\u00fcnstlerischen Dialog mit Euren Lehrer*innen &#8211; vor allem aber mit Euch selbst.<\/p>\n<p>Es ist die Zeit, in der Ihr Euren Horizont erweitert und jenseits des t\u00e4glichen Wissens, den Kosmos des Theaters erforscht. Mit sich ver\u00e4nderndem Bewu\u00dftsein werdet Ihr neue Dinge entdecken, bestehende Vorstellungen \u00fcberdenken &#8211; und Schritt f\u00fcr Schritt, die eigene Vision von Eurem Theater entwickeln. Es ist der Anfang davon, das eigene k\u00fcnstlerische \u201eIch\u201c zu formulieren.<\/p>\n<h3>In den Fesseln der Freiheit<\/h3>\n<p>Das Online-Training steht am Anfang Eurer Selbst-Bildung. Es dauert nur 6-8 Wochen und ist exakt auf den Tag hin ausgerichtet, an dem Ihr Euren Lehrern und allen Mitstudierenden zum ersten Mal pers\u00f6nlich begegnen werdet. <strong><em>Solch eine Vorbereitung verlangt ein hohes Ma\u00df an Selbstorganisation und Selbstdisziplin<\/em><\/strong>. Sie zeigt, ob die eigene <strong><em>Motivation<\/em><\/strong> gro\u00df genug ist, um ein*e Theaterk\u00fcnstler*in zu werden.<\/p>\n<p>Diese \u201eOnline-Wochen\u201c sind als Vollzeit-Studium angelegt &#8211; nicht unbedingt vor dem Computer, sondern angef\u00fcllt mit k\u00fcnstlerischen Experimenten und \u00dcbungen. Ihr werdet eine neue Welt um Euch herum er\u00f6ffnen und besch\u00e4ftigt sein, die zentrale Aufgabe zu meistern, n\u00e4mlich \u201eDas ist mein Theater\u201c zu erforschen und zu formulieren.<\/p>\n<h4><span style=\"color: #ccffff;\"><strong><span style=\"background-color: #588783;\">Es ist der Beginn, als freie*r K\u00fcnster*in zu arbeiten.<\/span> <\/strong><\/span><\/h4>\n","protected":false},"excerpt":{"rendered":"<p>Hybrid Theatre Training Hybrid Theatre Training kombiniert Online-Training mit der B\u00fchnenpraxis. Ihr beginnt mit Euren Studien online, wo-immer auf dieser Welt; Ihr verbindet Euch mit den aktuellen Str\u00f6mungen und Vorschl\u00e4gen, wie man dem Theater begegnen kann; Ihr erhaltet wertvolle Impulse f\u00fcr Euer Selbststudium; Ihr seid v\u00f6llig frei mit Eurem Zeitmanagement; jede*r beginnt bereits den k\u00fcnstlerischen [&hellip;]<\/p>\n","protected":false},"author":1,"featured_media":2570,"parent":1417,"menu_order":2,"comment_status":"closed","ping_status":"closed","template":"","meta":[],"yoast_head":"<!-- This site is optimized with the Yoast SEO plugin v17.9 - https:\/\/yoast.com\/wordpress\/plugins\/seo\/ -->\n<title>Online-Training - World Theatre Training Institute AKT-ZENT\/ITI<\/title>\n<meta name=\"description\" content=\"Hybrid Theatre Training kombiniert online-training mit der B\u00fchnenpraxis f\u00fcr das Ausbildungsprogramm ALthattheatre von Jurij Alschitz\" \/>\n<meta name=\"robots\" content=\"index, follow, max-snippet:-1, max-image-preview:large, max-video-preview:-1\" \/>\n<link rel=\"canonical\" href=\"https:\/\/theatreculture.org\/de\/die-schule\/althattheatre\/online-training\/\" \/>\n<meta property=\"og:locale\" content=\"de_DE\" \/>\n<meta property=\"og:type\" content=\"article\" \/>\n<meta property=\"og:title\" content=\"Online-Training - World Theatre Training Institute AKT-ZENT\/ITI\" \/>\n<meta property=\"og:description\" content=\"Hybrid Theatre Training kombiniert online-training mit der B\u00fchnenpraxis f\u00fcr das Ausbildungsprogramm ALthattheatre von Jurij Alschitz\" \/>\n<meta property=\"og:url\" content=\"https:\/\/theatreculture.org\/de\/die-schule\/althattheatre\/online-training\/\" \/>\n<meta property=\"og:site_name\" content=\"World Theatre Training Institute AKT-ZENT\/ITI\" \/>\n<meta property=\"article:publisher\" content=\"https:\/\/www.facebook.com\/theatreculture.org\/\" \/>\n<meta property=\"article:modified_time\" content=\"2021-06-04T10:02:24+00:00\" \/>\n<meta property=\"og:image\" content=\"https:\/\/theatreculture.org\/wp-content\/uploads\/2019\/08\/DSC0850-143-1.jpg\" \/>\n\t<meta property=\"og:image:width\" content=\"1197\" \/>\n\t<meta property=\"og:image:height\" content=\"520\" \/>\n\t<meta property=\"og:image:type\" content=\"image\/jpeg\" \/>\n<meta name=\"twitter:card\" content=\"summary_large_image\" \/>\n<meta name=\"twitter:label1\" content=\"Gesch\u00e4tzte Lesezeit\" \/>\n\t<meta name=\"twitter:data1\" content=\"2\u00a0Minuten\" \/>\n<script type=\"application\/ld+json\" class=\"yoast-schema-graph\">{\"@context\":\"https:\/\/schema.org\",\"@graph\":[{\"@type\":\"Organization\",\"@id\":\"https:\/\/theatreculture.org\/#organization\",\"name\":\"World Theatre Training Institute AKT-ZENT\",\"url\":\"https:\/\/theatreculture.org\/\",\"sameAs\":[\"https:\/\/www.facebook.com\/theatreculture.org\/\",\"https:\/\/www.instagram.com\/worldtheatretraining\/\",\"https:\/\/www.youtube.com\/@worldtheatretraininginstit4622\",\"https:\/\/en.wikipedia.org\/wiki\/World_Theatre_Training_Institute\"],\"logo\":{\"@type\":\"ImageObject\",\"@id\":\"https:\/\/theatreculture.org\/#logo\",\"inLanguage\":\"de\",\"url\":\"https:\/\/theatreculture.org\/wp-content\/uploads\/2018\/02\/maennchen_quadrat_gruen.jpg\",\"contentUrl\":\"https:\/\/theatreculture.org\/wp-content\/uploads\/2018\/02\/maennchen_quadrat_gruen.jpg\",\"width\":1435,\"height\":1435,\"caption\":\"World Theatre Training Institute AKT-ZENT\"},\"image\":{\"@id\":\"https:\/\/theatreculture.org\/#logo\"}},{\"@type\":\"WebSite\",\"@id\":\"https:\/\/theatreculture.org\/#website\",\"url\":\"https:\/\/theatreculture.org\/\",\"name\":\"World Theatre Training Institute AKT-ZENT\/ITI\",\"description\":\"\",\"publisher\":{\"@id\":\"https:\/\/theatreculture.org\/#organization\"},\"potentialAction\":[{\"@type\":\"SearchAction\",\"target\":{\"@type\":\"EntryPoint\",\"urlTemplate\":\"https:\/\/theatreculture.org\/?s={search_term_string}\"},\"query-input\":\"required name=search_term_string\"}],\"inLanguage\":\"de\"},{\"@type\":\"ImageObject\",\"@id\":\"https:\/\/theatreculture.org\/de\/die-schule\/althattheatre\/online-training\/#primaryimage\",\"inLanguage\":\"de\",\"url\":\"https:\/\/theatreculture.org\/wp-content\/uploads\/2019\/08\/DSC0850-143-1.jpg\",\"contentUrl\":\"https:\/\/theatreculture.org\/wp-content\/uploads\/2019\/08\/DSC0850-143-1.jpg\",\"width\":1197,\"height\":520},{\"@type\":\"WebPage\",\"@id\":\"https:\/\/theatreculture.org\/de\/die-schule\/althattheatre\/online-training\/#webpage\",\"url\":\"https:\/\/theatreculture.org\/de\/die-schule\/althattheatre\/online-training\/\",\"name\":\"Online-Training - World Theatre Training Institute AKT-ZENT\/ITI\",\"isPartOf\":{\"@id\":\"https:\/\/theatreculture.org\/#website\"},\"primaryImageOfPage\":{\"@id\":\"https:\/\/theatreculture.org\/de\/die-schule\/althattheatre\/online-training\/#primaryimage\"},\"datePublished\":\"2019-08-23T13:00:14+00:00\",\"dateModified\":\"2021-06-04T10:02:24+00:00\",\"description\":\"Hybrid Theatre Training kombiniert online-training mit der B\\u00fchnenpraxis f\\u00fcr das Ausbildungsprogramm ALthattheatre von Jurij Alschitz\",\"breadcrumb\":{\"@id\":\"https:\/\/theatreculture.org\/de\/die-schule\/althattheatre\/online-training\/#breadcrumb\"},\"inLanguage\":\"de\",\"potentialAction\":[{\"@type\":\"ReadAction\",\"target\":[\"https:\/\/theatreculture.org\/de\/die-schule\/althattheatre\/online-training\/\"]}]},{\"@type\":\"BreadcrumbList\",\"@id\":\"https:\/\/theatreculture.org\/de\/die-schule\/althattheatre\/online-training\/#breadcrumb\",\"itemListElement\":[{\"@type\":\"ListItem\",\"position\":1,\"name\":\"Startseite\",\"item\":\"https:\/\/theatreculture.org\/\"},{\"@type\":\"ListItem\",\"position\":2,\"name\":\"Die Schule\",\"item\":\"https:\/\/theatreculture.org\/de\/die-schule\/\"},{\"@type\":\"ListItem\",\"position\":3,\"name\":\"ALthattheatre\",\"item\":\"https:\/\/theatreculture.org\/de\/die-schule\/althattheatre\/\"},{\"@type\":\"ListItem\",\"position\":4,\"name\":\"Online-Training\"}]}]}<\/script>\n<!-- \/ Yoast SEO plugin. -->","yoast_head_json":{"title":"Online-Training - World Theatre Training Institute AKT-ZENT\/ITI","description":"Hybrid Theatre Training kombiniert online-training mit der B\u00fchnenpraxis f\u00fcr das Ausbildungsprogramm ALthattheatre von Jurij Alschitz","robots":{"index":"index","follow":"follow","max-snippet":"max-snippet:-1","max-image-preview":"max-image-preview:large","max-video-preview":"max-video-preview:-1"},"canonical":"https:\/\/theatreculture.org\/de\/die-schule\/althattheatre\/online-training\/","og_locale":"de_DE","og_type":"article","og_title":"Online-Training - World Theatre Training Institute AKT-ZENT\/ITI","og_description":"Hybrid Theatre Training kombiniert online-training mit der B\u00fchnenpraxis f\u00fcr das Ausbildungsprogramm ALthattheatre von Jurij Alschitz","og_url":"https:\/\/theatreculture.org\/de\/die-schule\/althattheatre\/online-training\/","og_site_name":"World Theatre Training Institute AKT-ZENT\/ITI","article_publisher":"https:\/\/www.facebook.com\/theatreculture.org\/","article_modified_time":"2021-06-04T10:02:24+00:00","og_image":[{"width":1197,"height":520,"url":"https:\/\/theatreculture.org\/wp-content\/uploads\/2019\/08\/DSC0850-143-1.jpg","type":"image\/jpeg"}],"twitter_card":"summary_large_image","twitter_misc":{"Gesch\u00e4tzte Lesezeit":"2\u00a0Minuten"},"schema":{"@context":"https:\/\/schema.org","@graph":[{"@type":"Organization","@id":"https:\/\/theatreculture.org\/#organization","name":"World Theatre Training Institute AKT-ZENT","url":"https:\/\/theatreculture.org\/","sameAs":["https:\/\/www.facebook.com\/theatreculture.org\/","https:\/\/www.instagram.com\/worldtheatretraining\/","https:\/\/www.youtube.com\/@worldtheatretraininginstit4622","https:\/\/en.wikipedia.org\/wiki\/World_Theatre_Training_Institute"],"logo":{"@type":"ImageObject","@id":"https:\/\/theatreculture.org\/#logo","inLanguage":"de","url":"https:\/\/theatreculture.org\/wp-content\/uploads\/2018\/02\/maennchen_quadrat_gruen.jpg","contentUrl":"https:\/\/theatreculture.org\/wp-content\/uploads\/2018\/02\/maennchen_quadrat_gruen.jpg","width":1435,"height":1435,"caption":"World Theatre Training Institute AKT-ZENT"},"image":{"@id":"https:\/\/theatreculture.org\/#logo"}},{"@type":"WebSite","@id":"https:\/\/theatreculture.org\/#website","url":"https:\/\/theatreculture.org\/","name":"World Theatre Training Institute AKT-ZENT\/ITI","description":"","publisher":{"@id":"https:\/\/theatreculture.org\/#organization"},"potentialAction":[{"@type":"SearchAction","target":{"@type":"EntryPoint","urlTemplate":"https:\/\/theatreculture.org\/?s={search_term_string}"},"query-input":"required name=search_term_string"}],"inLanguage":"de"},{"@type":"ImageObject","@id":"https:\/\/theatreculture.org\/de\/die-schule\/althattheatre\/online-training\/#primaryimage","inLanguage":"de","url":"https:\/\/theatreculture.org\/wp-content\/uploads\/2019\/08\/DSC0850-143-1.jpg","contentUrl":"https:\/\/theatreculture.org\/wp-content\/uploads\/2019\/08\/DSC0850-143-1.jpg","width":1197,"height":520},{"@type":"WebPage","@id":"https:\/\/theatreculture.org\/de\/die-schule\/althattheatre\/online-training\/#webpage","url":"https:\/\/theatreculture.org\/de\/die-schule\/althattheatre\/online-training\/","name":"Online-Training - World Theatre Training Institute AKT-ZENT\/ITI","isPartOf":{"@id":"https:\/\/theatreculture.org\/#website"},"primaryImageOfPage":{"@id":"https:\/\/theatreculture.org\/de\/die-schule\/althattheatre\/online-training\/#primaryimage"},"datePublished":"2019-08-23T13:00:14+00:00","dateModified":"2021-06-04T10:02:24+00:00","description":"Hybrid Theatre Training kombiniert online-training mit der B\u00fchnenpraxis f\u00fcr das Ausbildungsprogramm ALthattheatre von Jurij Alschitz","breadcrumb":{"@id":"https:\/\/theatreculture.org\/de\/die-schule\/althattheatre\/online-training\/#breadcrumb"},"inLanguage":"de","potentialAction":[{"@type":"ReadAction","target":["https:\/\/theatreculture.org\/de\/die-schule\/althattheatre\/online-training\/"]}]},{"@type":"BreadcrumbList","@id":"https:\/\/theatreculture.org\/de\/die-schule\/althattheatre\/online-training\/#breadcrumb","itemListElement":[{"@type":"ListItem","position":1,"name":"Startseite","item":"https:\/\/theatreculture.org\/"},{"@type":"ListItem","position":2,"name":"Die Schule","item":"https:\/\/theatreculture.org\/de\/die-schule\/"},{"@type":"ListItem","position":3,"name":"ALthattheatre","item":"https:\/\/theatreculture.org\/de\/die-schule\/althattheatre\/"},{"@type":"ListItem","position":4,"name":"Online-Training"}]}]}},"_links":{"self":[{"href":"https:\/\/theatreculture.org\/wp-json\/wp\/v2\/pages\/2981"}],"collection":[{"href":"https:\/\/theatreculture.org\/wp-json\/wp\/v2\/pages"}],"about":[{"href":"https:\/\/theatreculture.org\/wp-json\/wp\/v2\/types\/page"}],"author":[{"embeddable":true,"href":"https:\/\/theatreculture.org\/wp-json\/wp\/v2\/users\/1"}],"replies":[{"embeddable":true,"href":"https:\/\/theatreculture.org\/wp-json\/wp\/v2\/comments?post=2981"}],"version-history":[{"count":7,"href":"https:\/\/theatreculture.org\/wp-json\/wp\/v2\/pages\/2981\/revisions"}],"predecessor-version":[{"id":5039,"href":"https:\/\/theatreculture.org\/wp-json\/wp\/v2\/pages\/2981\/revisions\/5039"}],"up":[{"embeddable":true,"href":"https:\/\/theatreculture.org\/wp-json\/wp\/v2\/pages\/1417"}],"wp:featuredmedia":[{"embeddable":true,"href":"https:\/\/theatreculture.org\/wp-json\/wp\/v2\/media\/2570"}],"wp:attachment":[{"href":"https:\/\/theatreculture.org\/wp-json\/wp\/v2\/media?parent=2981"}],"curies":[{"name":"wp","href":"https:\/\/api.w.org\/{rel}","templated":true}]}}