{"id":2974,"date":"2019-08-23T13:00:23","date_gmt":"2019-08-23T12:00:23","guid":{"rendered":"http:\/\/theatreculture.org\/?page_id=2974"},"modified":"2020-02-11T13:41:01","modified_gmt":"2020-02-11T12:41:01","slug":"impuls-seminare","status":"publish","type":"page","link":"https:\/\/theatreculture.org\/de\/die-schule\/althattheatre\/impuls-seminare\/","title":{"rendered":"Impuls-Seminare"},"content":{"rendered":"\n<table style=\"height: 10px; width: 101.733%; border-collapse: collapse; border-style: none; background-color: #3ba3a3;\">\n<tbody>\n<tr style=\"height: 23px;\">\n<td style=\"width: 80.0467%; height: 10px; background-color: #cfd44e;\"><strong><span class=\"tlid-translation translation\" lang=\"de\"><span class=\"\" title=\"\">Termine werden noch bekannt gegeben<\/span><\/span><\/strong><\/td>\n<td style=\"width: 7.7757%; height: 10px; background-color: #cfd44e;\">\u00a0<\/td>\n<td style=\"width: 79.1192%; background-color: #cfd44e; height: 10px;\">\u00a0<\/td>\n<td style=\"width: 135.921%; background-color: #cfd44e; height: 10px;\"><span style=\"color: #000000;\"><strong>\u00a0<\/strong><\/span><\/td>\n<\/tr>\n<\/tbody>\n<\/table>\n<p>Kurze Einf\u00fchrungsseminare erlauben Euch den praktischen Einblick in die Arbeits- und Denkweise von <a href=\"http:\/\/theatreculture.org\/de\/die-schule\/althattheatre\/\"><strong><span style=\"color: #008000;\"><em>AL<\/em>thattheatre<\/span><\/strong><\/a>. Es ist der erste Kontakt mit der Quantenp\u00e4dagogik und der Idee, sich selbst dem Kosmos des Theaters zu \u00f6ffnen.<\/p>\n<p>Das Seminar zeigt, was Euch in der Ausbildung erwartet. Dar\u00fcber hinaus bereitet es Euch auf das <span style=\"color: #008000;\"><a style=\"color: #008000;\" href=\"http:\/\/theatreculture.org\/de\/die-schule\/althattheatre\/online-training\/\"><strong>Online-Training<\/strong><\/a><\/span> vor, das etwa 6 Wochen vor der intensiven Arbeitsphase von <span style=\"color: #008000;\"><a style=\"color: #008000;\" href=\"http:\/\/theatreculture.org\/de\/die-schule\/althattheatre\/the-40-days\/\"><strong>40 Tagen<\/strong><\/a><\/span> beginnt.<\/p>\n<p><strong><em>AL<\/em>thattheatre<\/strong> ver\u00e4ndert ganz bewu\u00dft das herk\u00f6mmliche Bewerbungsritual mit seinem hierarchischen Auswahlverfahren: die Lehrer bewerten nicht ihre zuk\u00fcnftigen Studenten, sondern zeigen ihnen den Weg, den sie gehen werden. <em><strong>Es ist an jedem Einzelnen, selbst zu entscheiden, ob dieser Weg in diesem Moment der richtige ist.<\/strong><\/em> Ihr seid diejenigen, die ihren Weg in voller Eigenverantwortung als K\u00fcnstler*innen finden m\u00fcssen.<\/p>\n<p>Nach dem Seminar werden wir Gespr\u00e4che f\u00fchren und Ihr habt Zeit nachzudenken.<\/p>\n<p>Hier sind alle <a href=\"http:\/\/theatreculture.org\/de\/die-schule\/althattheatre\/praktische-informationen\/\"><span style=\"color: #008000;\"><strong>praktischen Informationen<\/strong><\/span><\/a> zur Bewerbung, Studiengeb\u00fchren und zum Programm <em>AL<\/em>thattheatre zusammengefa\u00dft.<\/p>\n<p>Bitte benutzt das <a href=\"http:\/\/theatreculture.org\/de\/kontakt\/bewerbunganmeldung\/\"><strong><span style=\"color: #008000;\">Anmeldeformular<\/span><\/strong><\/a>, um Euch f\u00fcr das Impulsseminar anzumelden.<\/p>\n<p>\u00a0<\/p>\n","protected":false},"excerpt":{"rendered":"<p>Termine werden noch bekannt gegeben \u00a0 \u00a0 \u00a0 Kurze Einf\u00fchrungsseminare erlauben Euch den praktischen Einblick in die Arbeits- und Denkweise von ALthattheatre. Es ist der erste Kontakt mit der Quantenp\u00e4dagogik und der Idee, sich selbst dem Kosmos des Theaters zu \u00f6ffnen. Das Seminar zeigt, was Euch in der Ausbildung erwartet. Dar\u00fcber hinaus bereitet es Euch [&hellip;]<\/p>\n","protected":false},"author":1,"featured_media":0,"parent":1417,"menu_order":1,"comment_status":"closed","ping_status":"closed","template":"","meta":[],"yoast_head":"<!-- This site is optimized with the Yoast SEO plugin v17.9 - https:\/\/yoast.com\/wordpress\/plugins\/seo\/ -->\n<title>Impuls-Seminare - World Theatre Training Institute AKT-ZENT\/ITI<\/title>\n<meta name=\"robots\" content=\"index, follow, max-snippet:-1, max-image-preview:large, max-video-preview:-1\" \/>\n<link rel=\"canonical\" href=\"https:\/\/theatreculture.org\/de\/die-schule\/althattheatre\/impuls-seminare\/\" \/>\n<meta property=\"og:locale\" content=\"de_DE\" \/>\n<meta property=\"og:type\" content=\"article\" \/>\n<meta property=\"og:title\" content=\"Impuls-Seminare - World Theatre Training Institute AKT-ZENT\/ITI\" \/>\n<meta property=\"og:description\" content=\"Termine werden noch bekannt gegeben \u00a0 \u00a0 \u00a0 Kurze Einf\u00fchrungsseminare erlauben Euch den praktischen Einblick in die Arbeits- und Denkweise von ALthattheatre. Es ist der erste Kontakt mit der Quantenp\u00e4dagogik und der Idee, sich selbst dem Kosmos des Theaters zu \u00f6ffnen. Das Seminar zeigt, was Euch in der Ausbildung erwartet. Dar\u00fcber hinaus bereitet es Euch [&hellip;]\" \/>\n<meta property=\"og:url\" content=\"https:\/\/theatreculture.org\/de\/die-schule\/althattheatre\/impuls-seminare\/\" \/>\n<meta property=\"og:site_name\" content=\"World Theatre Training Institute AKT-ZENT\/ITI\" \/>\n<meta property=\"article:publisher\" content=\"https:\/\/www.facebook.com\/theatreculture.org\/\" \/>\n<meta property=\"article:modified_time\" content=\"2020-02-11T12:41:01+00:00\" \/>\n<meta name=\"twitter:card\" content=\"summary_large_image\" \/>\n<meta name=\"twitter:label1\" content=\"Gesch\u00e4tzte Lesezeit\" \/>\n\t<meta name=\"twitter:data1\" content=\"1\u00a0Minute\" \/>\n<script type=\"application\/ld+json\" class=\"yoast-schema-graph\">{\"@context\":\"https:\/\/schema.org\",\"@graph\":[{\"@type\":\"Organization\",\"@id\":\"https:\/\/theatreculture.org\/#organization\",\"name\":\"World Theatre Training Institute AKT-ZENT\",\"url\":\"https:\/\/theatreculture.org\/\",\"sameAs\":[\"https:\/\/www.facebook.com\/theatreculture.org\/\",\"https:\/\/www.instagram.com\/worldtheatretraining\/\",\"https:\/\/www.youtube.com\/@worldtheatretraininginstit4622\",\"https:\/\/en.wikipedia.org\/wiki\/World_Theatre_Training_Institute\"],\"logo\":{\"@type\":\"ImageObject\",\"@id\":\"https:\/\/theatreculture.org\/#logo\",\"inLanguage\":\"de\",\"url\":\"https:\/\/theatreculture.org\/wp-content\/uploads\/2018\/02\/maennchen_quadrat_gruen.jpg\",\"contentUrl\":\"https:\/\/theatreculture.org\/wp-content\/uploads\/2018\/02\/maennchen_quadrat_gruen.jpg\",\"width\":1435,\"height\":1435,\"caption\":\"World Theatre Training Institute AKT-ZENT\"},\"image\":{\"@id\":\"https:\/\/theatreculture.org\/#logo\"}},{\"@type\":\"WebSite\",\"@id\":\"https:\/\/theatreculture.org\/#website\",\"url\":\"https:\/\/theatreculture.org\/\",\"name\":\"World Theatre Training Institute AKT-ZENT\/ITI\",\"description\":\"\",\"publisher\":{\"@id\":\"https:\/\/theatreculture.org\/#organization\"},\"potentialAction\":[{\"@type\":\"SearchAction\",\"target\":{\"@type\":\"EntryPoint\",\"urlTemplate\":\"https:\/\/theatreculture.org\/?s={search_term_string}\"},\"query-input\":\"required name=search_term_string\"}],\"inLanguage\":\"de\"},{\"@type\":\"WebPage\",\"@id\":\"https:\/\/theatreculture.org\/de\/die-schule\/althattheatre\/impuls-seminare\/#webpage\",\"url\":\"https:\/\/theatreculture.org\/de\/die-schule\/althattheatre\/impuls-seminare\/\",\"name\":\"Impuls-Seminare - World Theatre Training Institute AKT-ZENT\/ITI\",\"isPartOf\":{\"@id\":\"https:\/\/theatreculture.org\/#website\"},\"datePublished\":\"2019-08-23T12:00:23+00:00\",\"dateModified\":\"2020-02-11T12:41:01+00:00\",\"breadcrumb\":{\"@id\":\"https:\/\/theatreculture.org\/de\/die-schule\/althattheatre\/impuls-seminare\/#breadcrumb\"},\"inLanguage\":\"de\",\"potentialAction\":[{\"@type\":\"ReadAction\",\"target\":[\"https:\/\/theatreculture.org\/de\/die-schule\/althattheatre\/impuls-seminare\/\"]}]},{\"@type\":\"BreadcrumbList\",\"@id\":\"https:\/\/theatreculture.org\/de\/die-schule\/althattheatre\/impuls-seminare\/#breadcrumb\",\"itemListElement\":[{\"@type\":\"ListItem\",\"position\":1,\"name\":\"Startseite\",\"item\":\"https:\/\/theatreculture.org\/\"},{\"@type\":\"ListItem\",\"position\":2,\"name\":\"Die Schule\",\"item\":\"https:\/\/theatreculture.org\/de\/die-schule\/\"},{\"@type\":\"ListItem\",\"position\":3,\"name\":\"ALthattheatre\",\"item\":\"https:\/\/theatreculture.org\/de\/die-schule\/althattheatre\/\"},{\"@type\":\"ListItem\",\"position\":4,\"name\":\"Impuls-Seminare\"}]}]}<\/script>\n<!-- \/ Yoast SEO plugin. -->","yoast_head_json":{"title":"Impuls-Seminare - World Theatre Training Institute AKT-ZENT\/ITI","robots":{"index":"index","follow":"follow","max-snippet":"max-snippet:-1","max-image-preview":"max-image-preview:large","max-video-preview":"max-video-preview:-1"},"canonical":"https:\/\/theatreculture.org\/de\/die-schule\/althattheatre\/impuls-seminare\/","og_locale":"de_DE","og_type":"article","og_title":"Impuls-Seminare - World Theatre Training Institute AKT-ZENT\/ITI","og_description":"Termine werden noch bekannt gegeben \u00a0 \u00a0 \u00a0 Kurze Einf\u00fchrungsseminare erlauben Euch den praktischen Einblick in die Arbeits- und Denkweise von ALthattheatre. Es ist der erste Kontakt mit der Quantenp\u00e4dagogik und der Idee, sich selbst dem Kosmos des Theaters zu \u00f6ffnen. Das Seminar zeigt, was Euch in der Ausbildung erwartet. Dar\u00fcber hinaus bereitet es Euch [&hellip;]","og_url":"https:\/\/theatreculture.org\/de\/die-schule\/althattheatre\/impuls-seminare\/","og_site_name":"World Theatre Training Institute AKT-ZENT\/ITI","article_publisher":"https:\/\/www.facebook.com\/theatreculture.org\/","article_modified_time":"2020-02-11T12:41:01+00:00","twitter_card":"summary_large_image","twitter_misc":{"Gesch\u00e4tzte Lesezeit":"1\u00a0Minute"},"schema":{"@context":"https:\/\/schema.org","@graph":[{"@type":"Organization","@id":"https:\/\/theatreculture.org\/#organization","name":"World Theatre Training Institute AKT-ZENT","url":"https:\/\/theatreculture.org\/","sameAs":["https:\/\/www.facebook.com\/theatreculture.org\/","https:\/\/www.instagram.com\/worldtheatretraining\/","https:\/\/www.youtube.com\/@worldtheatretraininginstit4622","https:\/\/en.wikipedia.org\/wiki\/World_Theatre_Training_Institute"],"logo":{"@type":"ImageObject","@id":"https:\/\/theatreculture.org\/#logo","inLanguage":"de","url":"https:\/\/theatreculture.org\/wp-content\/uploads\/2018\/02\/maennchen_quadrat_gruen.jpg","contentUrl":"https:\/\/theatreculture.org\/wp-content\/uploads\/2018\/02\/maennchen_quadrat_gruen.jpg","width":1435,"height":1435,"caption":"World Theatre Training Institute AKT-ZENT"},"image":{"@id":"https:\/\/theatreculture.org\/#logo"}},{"@type":"WebSite","@id":"https:\/\/theatreculture.org\/#website","url":"https:\/\/theatreculture.org\/","name":"World Theatre Training Institute AKT-ZENT\/ITI","description":"","publisher":{"@id":"https:\/\/theatreculture.org\/#organization"},"potentialAction":[{"@type":"SearchAction","target":{"@type":"EntryPoint","urlTemplate":"https:\/\/theatreculture.org\/?s={search_term_string}"},"query-input":"required name=search_term_string"}],"inLanguage":"de"},{"@type":"WebPage","@id":"https:\/\/theatreculture.org\/de\/die-schule\/althattheatre\/impuls-seminare\/#webpage","url":"https:\/\/theatreculture.org\/de\/die-schule\/althattheatre\/impuls-seminare\/","name":"Impuls-Seminare - World Theatre Training Institute AKT-ZENT\/ITI","isPartOf":{"@id":"https:\/\/theatreculture.org\/#website"},"datePublished":"2019-08-23T12:00:23+00:00","dateModified":"2020-02-11T12:41:01+00:00","breadcrumb":{"@id":"https:\/\/theatreculture.org\/de\/die-schule\/althattheatre\/impuls-seminare\/#breadcrumb"},"inLanguage":"de","potentialAction":[{"@type":"ReadAction","target":["https:\/\/theatreculture.org\/de\/die-schule\/althattheatre\/impuls-seminare\/"]}]},{"@type":"BreadcrumbList","@id":"https:\/\/theatreculture.org\/de\/die-schule\/althattheatre\/impuls-seminare\/#breadcrumb","itemListElement":[{"@type":"ListItem","position":1,"name":"Startseite","item":"https:\/\/theatreculture.org\/"},{"@type":"ListItem","position":2,"name":"Die Schule","item":"https:\/\/theatreculture.org\/de\/die-schule\/"},{"@type":"ListItem","position":3,"name":"ALthattheatre","item":"https:\/\/theatreculture.org\/de\/die-schule\/althattheatre\/"},{"@type":"ListItem","position":4,"name":"Impuls-Seminare"}]}]}},"_links":{"self":[{"href":"https:\/\/theatreculture.org\/wp-json\/wp\/v2\/pages\/2974"}],"collection":[{"href":"https:\/\/theatreculture.org\/wp-json\/wp\/v2\/pages"}],"about":[{"href":"https:\/\/theatreculture.org\/wp-json\/wp\/v2\/types\/page"}],"author":[{"embeddable":true,"href":"https:\/\/theatreculture.org\/wp-json\/wp\/v2\/users\/1"}],"replies":[{"embeddable":true,"href":"https:\/\/theatreculture.org\/wp-json\/wp\/v2\/comments?post=2974"}],"version-history":[{"count":18,"href":"https:\/\/theatreculture.org\/wp-json\/wp\/v2\/pages\/2974\/revisions"}],"predecessor-version":[{"id":3820,"href":"https:\/\/theatreculture.org\/wp-json\/wp\/v2\/pages\/2974\/revisions\/3820"}],"up":[{"embeddable":true,"href":"https:\/\/theatreculture.org\/wp-json\/wp\/v2\/pages\/1417"}],"wp:attachment":[{"href":"https:\/\/theatreculture.org\/wp-json\/wp\/v2\/media?parent=2974"}],"curies":[{"name":"wp","href":"https:\/\/api.w.org\/{rel}","templated":true}]}}