{"id":2910,"date":"2019-08-07T17:16:54","date_gmt":"2019-08-07T16:16:54","guid":{"rendered":"http:\/\/theatreculture.org\/?page_id=2910"},"modified":"2019-08-26T12:00:09","modified_gmt":"2019-08-26T11:00:09","slug":"meine-theaterausbildung","status":"publish","type":"page","link":"https:\/\/theatreculture.org\/de\/die-schule\/meine-theaterausbildung\/","title":{"rendered":"MEINE THEATERAUSBILDUNG"},"content":{"rendered":"\n<h2>Eine Ausbildung f\u00fcr die k\u00fcnstlerische Zukunft<\/h2>\n<p><span class=\"tlid-translation translation\" lang=\"en\"><span class=\"\" title=\"\"><strong><span style=\"color: #008000;\"><a style=\"color: #008000;\" href=\"http:\/\/theatreculture.org\/de\/ueber-uns\/kuenstlerischer-leiter\/\"><img loading=\"lazy\" class=\"alignleft  wp-image-3172\" src=\"http:\/\/theatreculture.org\/wp-content\/uploads\/2019\/08\/P1120363-2-300x277.jpg\" alt=\"my theatre education\" width=\"227\" height=\"209\" srcset=\"https:\/\/theatreculture.org\/wp-content\/uploads\/2019\/08\/P1120363-2-300x277.jpg 300w, https:\/\/theatreculture.org\/wp-content\/uploads\/2019\/08\/P1120363-2-768x709.jpg 768w, https:\/\/theatreculture.org\/wp-content\/uploads\/2019\/08\/P1120363-2-200x185.jpg 200w, https:\/\/theatreculture.org\/wp-content\/uploads\/2019\/08\/P1120363-2-400x369.jpg 400w\" sizes=\"(max-width: 227px) 100vw, 227px\" \/>Jurij Alschitz<\/a><\/span><\/strong> und sein <strong><span style=\"color: #008000;\"><a style=\"color: #008000;\" href=\"http:\/\/theatreculture.org\/de\/ueber-uns\/team-of-teachers\/\">internationales Lehrerteam<\/a><\/span><\/strong> <\/span><\/span><span class=\"tlid-translation translation\" lang=\"en\"><span class=\"\" title=\"\">haben eine v\u00f6llig neue Form der Schauspielausbildung entwickelt.<\/span><\/span><\/p>\n<p><span class=\"tlid-translation translation\" lang=\"en\"><span class=\"\" title=\"\">Anstatt einer mehrj\u00e4hrigen Ausbildung widmet Ihr Euch drei Monate lang einem zentralen Thema: &#8222;Mein Theater&#8220;. Zun\u00e4chst beginnt Ihr 6 Wochen <a href=\"http:\/\/theatreculture.org\/de\/die-schule\/althattheatre\/online-training\/\"><strong><span style=\"color: #008000;\">online<\/span> <\/strong><\/a>erst dann arbeitet Ihr f\u00fcr <a href=\"http:\/\/theatreculture.org\/de\/die-schule\/althattheatre\/the-40-days\/\"><strong><span style=\"color: #008000;\">40 Tage<\/span><\/strong><\/a>\u00a0 in konzentierter Atmosph\u00e4re mit einem internationalen Lehrerteam &#8222;fernab der Zivilisation&#8220; in einem italienischen Bergdorf.<br \/><\/span><\/span><\/p>\n<h3><span class=\"tlid-translation translation\" lang=\"en\"> Quantenp\u00e4dagogik <\/span><\/h3>\n<p><span class=\"tlid-translation translation\" lang=\"de\"><span class=\"\" title=\"\">Der innovative Ansatz erm\u00f6glicht es uns, Eure F\u00e4higkeiten in k\u00fcrzester Zeit zu \u00f6ffnen.<\/span> <span class=\"\" title=\"\">Auf der Grundlage der Resonanztheorie hat Jurij Alschitz ein bestimmtes Format entwickelt, um eine \u00c4nderung der Denkweise anzuregen, die es Euch erm\u00f6glicht, Wissens zu erschaffen anstatt es zu konsumieren.<\/span><\/span><\/p>\n<p><span class=\"tlid-translation translation\" lang=\"en\"><span class=\"tlid-translation translation\" lang=\"de\"><span class=\"\" title=\"\">W\u00e4hrend herk\u00f6mmliche Schulen weiterhin nach einem linearen Konzept unterrichten, indem sie ein Thema nach dem anderen behandeln und Euch dazu anhalten, sich das Gelernete anzueignen, bietet <strong><em>AL<\/em>thattheatre<\/strong> den Quantensprung: Ihr beginnt Euer Leben als K\u00fcnstler*innen mit einer einzigartigen <em>Bildung<\/em>, die die gesamte Komplexit\u00e4t des Theaters umfa\u00dft und Euch <\/span><span title=\"\">langfristig durch die berufliche Karriere tragen wird.<\/span> <span class=\"\" title=\"\">Ihr werdet auf allen Ebenen spezifische &#8211; theoretische und praktische Impulse erhalten, die es Euch erm\u00f6glichen, das eigene Theater zu finden und aus diesem Prozess als einzigartige*r K\u00fcnstler*in hervorzugehen. <\/span><\/span><\/span><span class=\"tlid-translation translation\" lang=\"en\"><span class=\"tlid-translation translation\" lang=\"de\"><span class=\"\" title=\"\">Nur auf dieser Basis ist es sinnvoll, anschlie\u00dfend verschiedene Methoden und Techniken zu erlernen, um individuelle Ausdrucksm\u00f6glichkeiten zu erweitern.<\/span> <span class=\"\" title=\"\">Der Prozess der Verfeinerung und Bereicherung wird Euch als K\u00fcnstler*innen ewig begleiten.<\/span><\/span><\/span><\/p>\n<h3>Das Theater als Sph\u00e4re<\/h3>\n<p><span class=\"tlid-translation translation\" lang=\"en\"><strong><em>AL<\/em>thattheatre <\/strong><\/span>reflektiert die heutige Realit\u00e4t im Hyperraum. F\u00fcr uns ist es bereits ganz nat\u00fcrlich, Zeit, Raum und Informationen in nicht linearer Weise zu verkn\u00fcpfen. Der Gebrauch von Hypertext (Links) \u00f6ffnet Wege des Denkens und des Handelns, die in ihrer Komplexit\u00e4t gerade K\u00fcnstlern zu eigen sind. Wir nennen das sph\u00e4risches Denken. Diese Art zu denken f\u00fchrt automatisch zu einer ver\u00e4nderten Weltsicht und damit auch zu einer anderen Wahrnehmung von Theater, n\u00e4mlich einem gro\u00dfen Ganzen ohne Hierarchien. Dabei werde ich als individuelle*r K\u00fcnstler*in zu einem Teil dieses Theaterkosmos.<\/p>\n<h3>Homo Creativus<\/h3>\n<p><span class=\"tlid-translation translation\" lang=\"en\"><strong><em>AL<\/em>thattheatre<\/strong> beabsichtigt nicht, Euch einfach Wissen, Techniken oder Methoden zu lehren &#8211; hingegen wird die F\u00e4higkeit entfaltet, Wissen selbst zu er\u00f6ffnen und ein eigenes System zu erschaffen; d.h. letzten Endes<em> sich selbst<\/em>. &#8222;Self-Creation&#8220; ist ein hochgestecktes Ziel f\u00fcr die k\u00fcnstlerische Pers\u00f6nlichkeit. Nicht zu verwechseln mit einer Imagekampagne, bedarf es einer Ver\u00e4nderung der inneren Haltung, die mit der &#8222;Selbst-Bildung&#8220; einhergeht. Das ist kein einfacher Weg, aber die Zukunft in unserer Gesellschaft. Bald werden wir nicht mehr fragen, &#8222;was hast Du gelernt?&#8220; sondern welche neuen<\/span> Zusammenh\u00e4nge hast Du hergestellt.<\/p>\n<h4><span style=\"color: #ccffff;\"><strong><span style=\"background-color: #86b5b1;\">Du machst den Schritt vom Homo Sapiens zum Homo Creativus.<\/span> <\/strong><\/span><\/h4>\n<h3>Wie funktioniert <em>AL<\/em>thattheatre im Detail:<\/h3>\n<p><strong><span style=\"color: #008000;\"><a style=\"color: #008000;\" href=\"http:\/\/theatreculture.org\/de\/die-schule\/althattheatre\/impuls-seminare\/\">Impuls-Seminare<\/a><\/span><\/strong><\/p>\n<p><strong><span style=\"color: #008000;\"><a style=\"color: #008000;\" href=\"http:\/\/theatreculture.org\/de\/die-schule\/althattheatre\/online-training\/\">Online-Training<\/a><\/span><\/strong><\/p>\n<p><strong><span style=\"color: #008000;\"><a style=\"color: #008000;\" href=\"http:\/\/theatreculture.org\/de\/die-schule\/althattheatre\/the-40-days\/\">40 Tage<\/a><\/span><\/strong><\/p>\n<p><strong><span style=\"color: #008000;\"><a style=\"color: #008000;\" href=\"http:\/\/theatreculture.org\/de\/die-schule\/althattheatre\/praktische-informationen\/\">Praktische Informationen<\/a><\/span><\/strong><\/p>\n<div class=\"tlid-result-transliteration-container result-transliteration-container transliteration-container\">\n<div class=\"tlid-transliteration-content transliteration-content full\">\u00a0<\/div>\n<\/div>\n","protected":false},"excerpt":{"rendered":"<p>Eine Ausbildung f\u00fcr die k\u00fcnstlerische Zukunft Jurij Alschitz und sein internationales Lehrerteam haben eine v\u00f6llig neue Form der Schauspielausbildung entwickelt. Anstatt einer mehrj\u00e4hrigen Ausbildung widmet Ihr Euch drei Monate lang einem zentralen Thema: &#8222;Mein Theater&#8220;. Zun\u00e4chst beginnt Ihr 6 Wochen online erst dann arbeitet Ihr f\u00fcr 40 Tage\u00a0 in konzentierter Atmosph\u00e4re mit einem internationalen Lehrerteam [&hellip;]<\/p>\n","protected":false},"author":1,"featured_media":3112,"parent":1566,"menu_order":2,"comment_status":"closed","ping_status":"closed","template":"","meta":[],"yoast_head":"<!-- This site is optimized with the Yoast SEO plugin v17.9 - https:\/\/yoast.com\/wordpress\/plugins\/seo\/ -->\n<title>MEINE THEATERAUSBILDUNG - World Theatre Training Institute AKT-ZENT\/ITI<\/title>\n<meta name=\"robots\" content=\"index, follow, max-snippet:-1, max-image-preview:large, max-video-preview:-1\" \/>\n<link rel=\"canonical\" href=\"https:\/\/theatreculture.org\/de\/die-schule\/meine-theaterausbildung\/\" \/>\n<meta property=\"og:locale\" content=\"de_DE\" \/>\n<meta property=\"og:type\" content=\"article\" \/>\n<meta property=\"og:title\" content=\"MEINE THEATERAUSBILDUNG - World Theatre Training Institute AKT-ZENT\/ITI\" \/>\n<meta property=\"og:description\" content=\"Eine Ausbildung f\u00fcr die k\u00fcnstlerische Zukunft Jurij Alschitz und sein internationales Lehrerteam haben eine v\u00f6llig neue Form der Schauspielausbildung entwickelt. Anstatt einer mehrj\u00e4hrigen Ausbildung widmet Ihr Euch drei Monate lang einem zentralen Thema: &#8222;Mein Theater&#8220;. Zun\u00e4chst beginnt Ihr 6 Wochen online erst dann arbeitet Ihr f\u00fcr 40 Tage\u00a0 in konzentierter Atmosph\u00e4re mit einem internationalen Lehrerteam [&hellip;]\" \/>\n<meta property=\"og:url\" content=\"https:\/\/theatreculture.org\/de\/die-schule\/meine-theaterausbildung\/\" \/>\n<meta property=\"og:site_name\" content=\"World Theatre Training Institute AKT-ZENT\/ITI\" \/>\n<meta property=\"article:publisher\" content=\"https:\/\/www.facebook.com\/theatreculture.org\/\" \/>\n<meta property=\"article:modified_time\" content=\"2019-08-26T11:00:09+00:00\" \/>\n<meta property=\"og:image\" content=\"https:\/\/theatreculture.org\/wp-content\/uploads\/2019\/08\/QuoteFBpost-Template-v4DE-01.jpg\" \/>\n\t<meta property=\"og:image:width\" content=\"1800\" \/>\n\t<meta property=\"og:image:height\" content=\"942\" \/>\n\t<meta property=\"og:image:type\" content=\"image\/jpeg\" \/>\n<meta name=\"twitter:card\" content=\"summary_large_image\" \/>\n<meta name=\"twitter:label1\" content=\"Gesch\u00e4tzte Lesezeit\" \/>\n\t<meta name=\"twitter:data1\" content=\"2\u00a0Minuten\" \/>\n<script type=\"application\/ld+json\" class=\"yoast-schema-graph\">{\"@context\":\"https:\/\/schema.org\",\"@graph\":[{\"@type\":\"Organization\",\"@id\":\"https:\/\/theatreculture.org\/#organization\",\"name\":\"World Theatre Training Institute AKT-ZENT\",\"url\":\"https:\/\/theatreculture.org\/\",\"sameAs\":[\"https:\/\/www.facebook.com\/theatreculture.org\/\",\"https:\/\/www.instagram.com\/worldtheatretraining\/\",\"https:\/\/www.youtube.com\/@worldtheatretraininginstit4622\",\"https:\/\/en.wikipedia.org\/wiki\/World_Theatre_Training_Institute\"],\"logo\":{\"@type\":\"ImageObject\",\"@id\":\"https:\/\/theatreculture.org\/#logo\",\"inLanguage\":\"de\",\"url\":\"https:\/\/theatreculture.org\/wp-content\/uploads\/2018\/02\/maennchen_quadrat_gruen.jpg\",\"contentUrl\":\"https:\/\/theatreculture.org\/wp-content\/uploads\/2018\/02\/maennchen_quadrat_gruen.jpg\",\"width\":1435,\"height\":1435,\"caption\":\"World Theatre Training Institute AKT-ZENT\"},\"image\":{\"@id\":\"https:\/\/theatreculture.org\/#logo\"}},{\"@type\":\"WebSite\",\"@id\":\"https:\/\/theatreculture.org\/#website\",\"url\":\"https:\/\/theatreculture.org\/\",\"name\":\"World Theatre Training Institute AKT-ZENT\/ITI\",\"description\":\"\",\"publisher\":{\"@id\":\"https:\/\/theatreculture.org\/#organization\"},\"potentialAction\":[{\"@type\":\"SearchAction\",\"target\":{\"@type\":\"EntryPoint\",\"urlTemplate\":\"https:\/\/theatreculture.org\/?s={search_term_string}\"},\"query-input\":\"required name=search_term_string\"}],\"inLanguage\":\"de\"},{\"@type\":\"ImageObject\",\"@id\":\"https:\/\/theatreculture.org\/de\/die-schule\/meine-theaterausbildung\/#primaryimage\",\"inLanguage\":\"de\",\"url\":\"https:\/\/theatreculture.org\/wp-content\/uploads\/2019\/08\/QuoteFBpost-Template-v4DE-01.jpg\",\"contentUrl\":\"https:\/\/theatreculture.org\/wp-content\/uploads\/2019\/08\/QuoteFBpost-Template-v4DE-01.jpg\",\"width\":1800,\"height\":942,\"caption\":\"Theater als Heimat\"},{\"@type\":\"WebPage\",\"@id\":\"https:\/\/theatreculture.org\/de\/die-schule\/meine-theaterausbildung\/#webpage\",\"url\":\"https:\/\/theatreculture.org\/de\/die-schule\/meine-theaterausbildung\/\",\"name\":\"MEINE THEATERAUSBILDUNG - World Theatre Training Institute AKT-ZENT\/ITI\",\"isPartOf\":{\"@id\":\"https:\/\/theatreculture.org\/#website\"},\"primaryImageOfPage\":{\"@id\":\"https:\/\/theatreculture.org\/de\/die-schule\/meine-theaterausbildung\/#primaryimage\"},\"datePublished\":\"2019-08-07T16:16:54+00:00\",\"dateModified\":\"2019-08-26T11:00:09+00:00\",\"breadcrumb\":{\"@id\":\"https:\/\/theatreculture.org\/de\/die-schule\/meine-theaterausbildung\/#breadcrumb\"},\"inLanguage\":\"de\",\"potentialAction\":[{\"@type\":\"ReadAction\",\"target\":[\"https:\/\/theatreculture.org\/de\/die-schule\/meine-theaterausbildung\/\"]}]},{\"@type\":\"BreadcrumbList\",\"@id\":\"https:\/\/theatreculture.org\/de\/die-schule\/meine-theaterausbildung\/#breadcrumb\",\"itemListElement\":[{\"@type\":\"ListItem\",\"position\":1,\"name\":\"Startseite\",\"item\":\"https:\/\/theatreculture.org\/\"},{\"@type\":\"ListItem\",\"position\":2,\"name\":\"Die Schule\",\"item\":\"https:\/\/theatreculture.org\/de\/die-schule\/\"},{\"@type\":\"ListItem\",\"position\":3,\"name\":\"MEINE THEATERAUSBILDUNG\"}]}]}<\/script>\n<!-- \/ Yoast SEO plugin. -->","yoast_head_json":{"title":"MEINE THEATERAUSBILDUNG - World Theatre Training Institute AKT-ZENT\/ITI","robots":{"index":"index","follow":"follow","max-snippet":"max-snippet:-1","max-image-preview":"max-image-preview:large","max-video-preview":"max-video-preview:-1"},"canonical":"https:\/\/theatreculture.org\/de\/die-schule\/meine-theaterausbildung\/","og_locale":"de_DE","og_type":"article","og_title":"MEINE THEATERAUSBILDUNG - World Theatre Training Institute AKT-ZENT\/ITI","og_description":"Eine Ausbildung f\u00fcr die k\u00fcnstlerische Zukunft Jurij Alschitz und sein internationales Lehrerteam haben eine v\u00f6llig neue Form der Schauspielausbildung entwickelt. Anstatt einer mehrj\u00e4hrigen Ausbildung widmet Ihr Euch drei Monate lang einem zentralen Thema: &#8222;Mein Theater&#8220;. Zun\u00e4chst beginnt Ihr 6 Wochen online erst dann arbeitet Ihr f\u00fcr 40 Tage\u00a0 in konzentierter Atmosph\u00e4re mit einem internationalen Lehrerteam [&hellip;]","og_url":"https:\/\/theatreculture.org\/de\/die-schule\/meine-theaterausbildung\/","og_site_name":"World Theatre Training Institute AKT-ZENT\/ITI","article_publisher":"https:\/\/www.facebook.com\/theatreculture.org\/","article_modified_time":"2019-08-26T11:00:09+00:00","og_image":[{"width":1800,"height":942,"url":"https:\/\/theatreculture.org\/wp-content\/uploads\/2019\/08\/QuoteFBpost-Template-v4DE-01.jpg","type":"image\/jpeg"}],"twitter_card":"summary_large_image","twitter_misc":{"Gesch\u00e4tzte Lesezeit":"2\u00a0Minuten"},"schema":{"@context":"https:\/\/schema.org","@graph":[{"@type":"Organization","@id":"https:\/\/theatreculture.org\/#organization","name":"World Theatre Training Institute AKT-ZENT","url":"https:\/\/theatreculture.org\/","sameAs":["https:\/\/www.facebook.com\/theatreculture.org\/","https:\/\/www.instagram.com\/worldtheatretraining\/","https:\/\/www.youtube.com\/@worldtheatretraininginstit4622","https:\/\/en.wikipedia.org\/wiki\/World_Theatre_Training_Institute"],"logo":{"@type":"ImageObject","@id":"https:\/\/theatreculture.org\/#logo","inLanguage":"de","url":"https:\/\/theatreculture.org\/wp-content\/uploads\/2018\/02\/maennchen_quadrat_gruen.jpg","contentUrl":"https:\/\/theatreculture.org\/wp-content\/uploads\/2018\/02\/maennchen_quadrat_gruen.jpg","width":1435,"height":1435,"caption":"World Theatre Training Institute AKT-ZENT"},"image":{"@id":"https:\/\/theatreculture.org\/#logo"}},{"@type":"WebSite","@id":"https:\/\/theatreculture.org\/#website","url":"https:\/\/theatreculture.org\/","name":"World Theatre Training Institute AKT-ZENT\/ITI","description":"","publisher":{"@id":"https:\/\/theatreculture.org\/#organization"},"potentialAction":[{"@type":"SearchAction","target":{"@type":"EntryPoint","urlTemplate":"https:\/\/theatreculture.org\/?s={search_term_string}"},"query-input":"required name=search_term_string"}],"inLanguage":"de"},{"@type":"ImageObject","@id":"https:\/\/theatreculture.org\/de\/die-schule\/meine-theaterausbildung\/#primaryimage","inLanguage":"de","url":"https:\/\/theatreculture.org\/wp-content\/uploads\/2019\/08\/QuoteFBpost-Template-v4DE-01.jpg","contentUrl":"https:\/\/theatreculture.org\/wp-content\/uploads\/2019\/08\/QuoteFBpost-Template-v4DE-01.jpg","width":1800,"height":942,"caption":"Theater als Heimat"},{"@type":"WebPage","@id":"https:\/\/theatreculture.org\/de\/die-schule\/meine-theaterausbildung\/#webpage","url":"https:\/\/theatreculture.org\/de\/die-schule\/meine-theaterausbildung\/","name":"MEINE THEATERAUSBILDUNG - World Theatre Training Institute AKT-ZENT\/ITI","isPartOf":{"@id":"https:\/\/theatreculture.org\/#website"},"primaryImageOfPage":{"@id":"https:\/\/theatreculture.org\/de\/die-schule\/meine-theaterausbildung\/#primaryimage"},"datePublished":"2019-08-07T16:16:54+00:00","dateModified":"2019-08-26T11:00:09+00:00","breadcrumb":{"@id":"https:\/\/theatreculture.org\/de\/die-schule\/meine-theaterausbildung\/#breadcrumb"},"inLanguage":"de","potentialAction":[{"@type":"ReadAction","target":["https:\/\/theatreculture.org\/de\/die-schule\/meine-theaterausbildung\/"]}]},{"@type":"BreadcrumbList","@id":"https:\/\/theatreculture.org\/de\/die-schule\/meine-theaterausbildung\/#breadcrumb","itemListElement":[{"@type":"ListItem","position":1,"name":"Startseite","item":"https:\/\/theatreculture.org\/"},{"@type":"ListItem","position":2,"name":"Die Schule","item":"https:\/\/theatreculture.org\/de\/die-schule\/"},{"@type":"ListItem","position":3,"name":"MEINE THEATERAUSBILDUNG"}]}]}},"_links":{"self":[{"href":"https:\/\/theatreculture.org\/wp-json\/wp\/v2\/pages\/2910"}],"collection":[{"href":"https:\/\/theatreculture.org\/wp-json\/wp\/v2\/pages"}],"about":[{"href":"https:\/\/theatreculture.org\/wp-json\/wp\/v2\/types\/page"}],"author":[{"embeddable":true,"href":"https:\/\/theatreculture.org\/wp-json\/wp\/v2\/users\/1"}],"replies":[{"embeddable":true,"href":"https:\/\/theatreculture.org\/wp-json\/wp\/v2\/comments?post=2910"}],"version-history":[{"count":16,"href":"https:\/\/theatreculture.org\/wp-json\/wp\/v2\/pages\/2910\/revisions"}],"predecessor-version":[{"id":3651,"href":"https:\/\/theatreculture.org\/wp-json\/wp\/v2\/pages\/2910\/revisions\/3651"}],"up":[{"embeddable":true,"href":"https:\/\/theatreculture.org\/wp-json\/wp\/v2\/pages\/1566"}],"wp:featuredmedia":[{"embeddable":true,"href":"https:\/\/theatreculture.org\/wp-json\/wp\/v2\/media\/3112"}],"wp:attachment":[{"href":"https:\/\/theatreculture.org\/wp-json\/wp\/v2\/media?parent=2910"}],"curies":[{"name":"wp","href":"https:\/\/api.w.org\/{rel}","templated":true}]}}