{"id":1911,"date":"2018-10-25T20:22:59","date_gmt":"2018-10-25T19:22:59","guid":{"rendered":"http:\/\/theatreculture.org\/?page_id=1911"},"modified":"2022-02-16T14:45:17","modified_gmt":"2022-02-16T13:45:17","slug":"iti-unesco-network-for-higher-education-in-the-performing-arts","status":"publish","type":"page","link":"https:\/\/theatreculture.org\/de\/netzwerk\/iti-unesco-network-for-higher-education-in-the-performing-arts\/","title":{"rendered":"ITI\/UNESCO Network for Higher Education in the Performing Arts"},"content":{"rendered":"<p>Das <span style=\"color: #008000;\"><strong><a style=\"color: #008000;\" href=\"https:\/\/www.iti-unesco-network.org\/\" target=\"_blank\" rel=\"noopener noreferrer\">\u21d2ITI\/UNESCO Network for Higher Education in the Performing Arts<\/a><\/strong><\/span> ist eine gemeinsame Initiative der UNESCO und des ITI zusammen mit Hochschul- und Forschungseinrichtungen. Es folgt den Richtlinien des\u00a0UNITWIN\/UNESCO Chair und Netzwerk Programms.Die zentrale Ausrichtung des Netzwerks ist die Ausbildung in den Darstellenden K\u00fcnsten &#8211; Theater, Tanz, Musiktheater, Dramatisches Schreiben sowie alle performativen K\u00fcnste.<\/p>\n<p>Mit der zweiten Gesamtkonferenz und Generalversammlung des ITI\/UNESCO Network for Higher Education in the Performing Arts in Shanghai, China 2018 erweiterte sich das Netzwerk von 20 auf nunmehr \u00fcber 40 Institutionen, unter ihnen das World Theatre Training Institute AKT-ZENT. Christine Schmalor, Programmdirektorin des WTTI, wurde in das neu etablierte <em>Board<\/em> gew\u00e4hlt.<br \/>\n<strong><span style=\"color: #008000;\"><a style=\"color: #008000;\" href=\"http:\/\/theatreculture.org\/wp-content\/uploads\/2018\/12\/Network-Report_2018.pdf\" target=\"_blank\" rel=\"noopener noreferrer\">\u21d2Network Report_2018<\/a><br \/>\n<\/span><\/strong><a href=\"https:\/\/drive.google.com\/file\/d\/1lYgoJ0ryBSzMLpgXfaJllU_4Og3ePCyG\/view\" target=\"_blank\" rel=\"noopener noreferrer\"><strong><span style=\"color: #008000;\">\u21d2Video Presentation<\/span><\/strong><\/a><\/p>\n<p>Im Juni 2020 richtet das World Theatre Training Institute die online conference zu neuen Dimensionen des Theatertrainings aus: <span style=\"color: #008000;\"><strong><a style=\"color: #008000;\" href=\"http:\/\/theatreculture.org\/de\/netzwerk\/iti-unesco-network-for-higher-education-in-the-performing-arts\/online-conference\/\">Challenges of the Mind<\/a><\/strong><\/span><\/p>\n<p>Im Dezember 2021 konnte ein einw\u00f6chiges Network Special Connecting Event die nunmehr \u00fcber 60 Mitglieder zumindest online in Verbindung bringen, um sich gegenseitig vorzustellen und \u00fcber aktuelle Themen zu diskutieren.<br \/>\n<span style=\"color: #008000;\"><strong><a style=\"color: #008000;\" href=\"https:\/\/theatreculture.org\/wp-content\/uploads\/2022\/02\/Report-Network-Special-Connecting-Event-2021-21-Jan..pdf\" target=\"_blank\" rel=\"noopener\">\u21d2Report mit Pr\u00e4sentationsvideos der Mitglieder<\/a><\/strong><\/span><\/p>\n<p><img loading=\"lazy\" class=\"alignnone size-full wp-image-1905\" src=\"http:\/\/theatreculture.org\/wp-content\/uploads\/2018\/10\/IMG_2102.jpg\" alt=\"\" width=\"2592\" height=\"1936\" srcset=\"https:\/\/theatreculture.org\/wp-content\/uploads\/2018\/10\/IMG_2102.jpg 2592w, https:\/\/theatreculture.org\/wp-content\/uploads\/2018\/10\/IMG_2102-300x224.jpg 300w, https:\/\/theatreculture.org\/wp-content\/uploads\/2018\/10\/IMG_2102-768x574.jpg 768w, https:\/\/theatreculture.org\/wp-content\/uploads\/2018\/10\/IMG_2102-200x149.jpg 200w, https:\/\/theatreculture.org\/wp-content\/uploads\/2018\/10\/IMG_2102-400x299.jpg 400w\" sizes=\"(max-width: 2592px) 100vw, 2592px\" \/><\/p>\n","protected":false},"excerpt":{"rendered":"<p>Das \u21d2ITI\/UNESCO Network for Higher Education in the Performing Arts ist eine gemeinsame Initiative der UNESCO und des ITI zusammen mit Hochschul- und Forschungseinrichtungen. Es folgt den Richtlinien des\u00a0UNITWIN\/UNESCO Chair und Netzwerk Programms.Die zentrale Ausrichtung des Netzwerks ist die Ausbildung in den Darstellenden K\u00fcnsten &#8211; Theater, Tanz, Musiktheater, Dramatisches Schreiben sowie alle performativen K\u00fcnste. Mit [&hellip;]<\/p>\n","protected":false},"author":1,"featured_media":2027,"parent":1516,"menu_order":2,"comment_status":"closed","ping_status":"closed","template":"","meta":[],"yoast_head":"<!-- This site is optimized with the Yoast SEO plugin v17.9 - https:\/\/yoast.com\/wordpress\/plugins\/seo\/ -->\n<title>ITI\/UNESCO Network for Higher Education in the Performing Arts - World Theatre Training Institute AKT-ZENT\/ITI<\/title>\n<meta name=\"robots\" content=\"index, follow, max-snippet:-1, max-image-preview:large, max-video-preview:-1\" \/>\n<link rel=\"canonical\" href=\"https:\/\/theatreculture.org\/de\/netzwerk\/iti-unesco-network-for-higher-education-in-the-performing-arts\/\" \/>\n<meta property=\"og:locale\" content=\"de_DE\" \/>\n<meta property=\"og:type\" content=\"article\" \/>\n<meta property=\"og:title\" content=\"ITI\/UNESCO Network for Higher Education in the Performing Arts - World Theatre Training Institute AKT-ZENT\/ITI\" \/>\n<meta property=\"og:description\" content=\"Das \u21d2ITI\/UNESCO Network for Higher Education in the Performing Arts ist eine gemeinsame Initiative der UNESCO und des ITI zusammen mit Hochschul- und Forschungseinrichtungen. Es folgt den Richtlinien des\u00a0UNITWIN\/UNESCO Chair und Netzwerk Programms.Die zentrale Ausrichtung des Netzwerks ist die Ausbildung in den Darstellenden K\u00fcnsten &#8211; Theater, Tanz, Musiktheater, Dramatisches Schreiben sowie alle performativen K\u00fcnste. Mit [&hellip;]\" \/>\n<meta property=\"og:url\" content=\"https:\/\/theatreculture.org\/de\/netzwerk\/iti-unesco-network-for-higher-education-in-the-performing-arts\/\" \/>\n<meta property=\"og:site_name\" content=\"World Theatre Training Institute AKT-ZENT\/ITI\" \/>\n<meta property=\"article:publisher\" content=\"https:\/\/www.facebook.com\/theatreculture.org\/\" \/>\n<meta property=\"article:modified_time\" content=\"2022-02-16T13:45:17+00:00\" \/>\n<meta property=\"og:image\" content=\"https:\/\/theatreculture.org\/wp-content\/uploads\/2018\/11\/group2.jpg\" \/>\n\t<meta property=\"og:image:width\" content=\"5493\" \/>\n\t<meta property=\"og:image:height\" content=\"2058\" \/>\n\t<meta property=\"og:image:type\" content=\"image\/jpeg\" \/>\n<meta name=\"twitter:card\" content=\"summary_large_image\" \/>\n<meta name=\"twitter:label1\" content=\"Gesch\u00e4tzte Lesezeit\" \/>\n\t<meta name=\"twitter:data1\" content=\"2\u00a0Minuten\" \/>\n<script type=\"application\/ld+json\" class=\"yoast-schema-graph\">{\"@context\":\"https:\/\/schema.org\",\"@graph\":[{\"@type\":\"Organization\",\"@id\":\"https:\/\/theatreculture.org\/#organization\",\"name\":\"World Theatre Training Institute AKT-ZENT\",\"url\":\"https:\/\/theatreculture.org\/\",\"sameAs\":[\"https:\/\/www.facebook.com\/theatreculture.org\/\",\"https:\/\/www.instagram.com\/worldtheatretraining\/\",\"https:\/\/www.youtube.com\/@worldtheatretraininginstit4622\",\"https:\/\/en.wikipedia.org\/wiki\/World_Theatre_Training_Institute\"],\"logo\":{\"@type\":\"ImageObject\",\"@id\":\"https:\/\/theatreculture.org\/#logo\",\"inLanguage\":\"de\",\"url\":\"https:\/\/theatreculture.org\/wp-content\/uploads\/2018\/02\/maennchen_quadrat_gruen.jpg\",\"contentUrl\":\"https:\/\/theatreculture.org\/wp-content\/uploads\/2018\/02\/maennchen_quadrat_gruen.jpg\",\"width\":1435,\"height\":1435,\"caption\":\"World Theatre Training Institute AKT-ZENT\"},\"image\":{\"@id\":\"https:\/\/theatreculture.org\/#logo\"}},{\"@type\":\"WebSite\",\"@id\":\"https:\/\/theatreculture.org\/#website\",\"url\":\"https:\/\/theatreculture.org\/\",\"name\":\"World Theatre Training Institute AKT-ZENT\/ITI\",\"description\":\"\",\"publisher\":{\"@id\":\"https:\/\/theatreculture.org\/#organization\"},\"potentialAction\":[{\"@type\":\"SearchAction\",\"target\":{\"@type\":\"EntryPoint\",\"urlTemplate\":\"https:\/\/theatreculture.org\/?s={search_term_string}\"},\"query-input\":\"required name=search_term_string\"}],\"inLanguage\":\"de\"},{\"@type\":\"ImageObject\",\"@id\":\"https:\/\/theatreculture.org\/de\/netzwerk\/iti-unesco-network-for-higher-education-in-the-performing-arts\/#primaryimage\",\"inLanguage\":\"de\",\"url\":\"https:\/\/theatreculture.org\/wp-content\/uploads\/2018\/11\/group2.jpg\",\"contentUrl\":\"https:\/\/theatreculture.org\/wp-content\/uploads\/2018\/11\/group2.jpg\",\"width\":5493,\"height\":2058,\"caption\":\"Network for Higher Education in the Performing Arts\"},{\"@type\":\"WebPage\",\"@id\":\"https:\/\/theatreculture.org\/de\/netzwerk\/iti-unesco-network-for-higher-education-in-the-performing-arts\/#webpage\",\"url\":\"https:\/\/theatreculture.org\/de\/netzwerk\/iti-unesco-network-for-higher-education-in-the-performing-arts\/\",\"name\":\"ITI\/UNESCO Network for Higher Education in the Performing Arts - World Theatre Training Institute AKT-ZENT\/ITI\",\"isPartOf\":{\"@id\":\"https:\/\/theatreculture.org\/#website\"},\"primaryImageOfPage\":{\"@id\":\"https:\/\/theatreculture.org\/de\/netzwerk\/iti-unesco-network-for-higher-education-in-the-performing-arts\/#primaryimage\"},\"datePublished\":\"2018-10-25T19:22:59+00:00\",\"dateModified\":\"2022-02-16T13:45:17+00:00\",\"breadcrumb\":{\"@id\":\"https:\/\/theatreculture.org\/de\/netzwerk\/iti-unesco-network-for-higher-education-in-the-performing-arts\/#breadcrumb\"},\"inLanguage\":\"de\",\"potentialAction\":[{\"@type\":\"ReadAction\",\"target\":[\"https:\/\/theatreculture.org\/de\/netzwerk\/iti-unesco-network-for-higher-education-in-the-performing-arts\/\"]}]},{\"@type\":\"BreadcrumbList\",\"@id\":\"https:\/\/theatreculture.org\/de\/netzwerk\/iti-unesco-network-for-higher-education-in-the-performing-arts\/#breadcrumb\",\"itemListElement\":[{\"@type\":\"ListItem\",\"position\":1,\"name\":\"Startseite\",\"item\":\"https:\/\/theatreculture.org\/\"},{\"@type\":\"ListItem\",\"position\":2,\"name\":\"NETZWERK\",\"item\":\"https:\/\/theatreculture.org\/de\/netzwerk\/\"},{\"@type\":\"ListItem\",\"position\":3,\"name\":\"ITI\/UNESCO Network for Higher Education in the Performing Arts\"}]}]}<\/script>\n<!-- \/ Yoast SEO plugin. -->","yoast_head_json":{"title":"ITI\/UNESCO Network for Higher Education in the Performing Arts - World Theatre Training Institute AKT-ZENT\/ITI","robots":{"index":"index","follow":"follow","max-snippet":"max-snippet:-1","max-image-preview":"max-image-preview:large","max-video-preview":"max-video-preview:-1"},"canonical":"https:\/\/theatreculture.org\/de\/netzwerk\/iti-unesco-network-for-higher-education-in-the-performing-arts\/","og_locale":"de_DE","og_type":"article","og_title":"ITI\/UNESCO Network for Higher Education in the Performing Arts - World Theatre Training Institute AKT-ZENT\/ITI","og_description":"Das \u21d2ITI\/UNESCO Network for Higher Education in the Performing Arts ist eine gemeinsame Initiative der UNESCO und des ITI zusammen mit Hochschul- und Forschungseinrichtungen. Es folgt den Richtlinien des\u00a0UNITWIN\/UNESCO Chair und Netzwerk Programms.Die zentrale Ausrichtung des Netzwerks ist die Ausbildung in den Darstellenden K\u00fcnsten &#8211; Theater, Tanz, Musiktheater, Dramatisches Schreiben sowie alle performativen K\u00fcnste. Mit [&hellip;]","og_url":"https:\/\/theatreculture.org\/de\/netzwerk\/iti-unesco-network-for-higher-education-in-the-performing-arts\/","og_site_name":"World Theatre Training Institute AKT-ZENT\/ITI","article_publisher":"https:\/\/www.facebook.com\/theatreculture.org\/","article_modified_time":"2022-02-16T13:45:17+00:00","og_image":[{"width":5493,"height":2058,"url":"https:\/\/theatreculture.org\/wp-content\/uploads\/2018\/11\/group2.jpg","type":"image\/jpeg"}],"twitter_card":"summary_large_image","twitter_misc":{"Gesch\u00e4tzte Lesezeit":"2\u00a0Minuten"},"schema":{"@context":"https:\/\/schema.org","@graph":[{"@type":"Organization","@id":"https:\/\/theatreculture.org\/#organization","name":"World Theatre Training Institute AKT-ZENT","url":"https:\/\/theatreculture.org\/","sameAs":["https:\/\/www.facebook.com\/theatreculture.org\/","https:\/\/www.instagram.com\/worldtheatretraining\/","https:\/\/www.youtube.com\/@worldtheatretraininginstit4622","https:\/\/en.wikipedia.org\/wiki\/World_Theatre_Training_Institute"],"logo":{"@type":"ImageObject","@id":"https:\/\/theatreculture.org\/#logo","inLanguage":"de","url":"https:\/\/theatreculture.org\/wp-content\/uploads\/2018\/02\/maennchen_quadrat_gruen.jpg","contentUrl":"https:\/\/theatreculture.org\/wp-content\/uploads\/2018\/02\/maennchen_quadrat_gruen.jpg","width":1435,"height":1435,"caption":"World Theatre Training Institute AKT-ZENT"},"image":{"@id":"https:\/\/theatreculture.org\/#logo"}},{"@type":"WebSite","@id":"https:\/\/theatreculture.org\/#website","url":"https:\/\/theatreculture.org\/","name":"World Theatre Training Institute AKT-ZENT\/ITI","description":"","publisher":{"@id":"https:\/\/theatreculture.org\/#organization"},"potentialAction":[{"@type":"SearchAction","target":{"@type":"EntryPoint","urlTemplate":"https:\/\/theatreculture.org\/?s={search_term_string}"},"query-input":"required name=search_term_string"}],"inLanguage":"de"},{"@type":"ImageObject","@id":"https:\/\/theatreculture.org\/de\/netzwerk\/iti-unesco-network-for-higher-education-in-the-performing-arts\/#primaryimage","inLanguage":"de","url":"https:\/\/theatreculture.org\/wp-content\/uploads\/2018\/11\/group2.jpg","contentUrl":"https:\/\/theatreculture.org\/wp-content\/uploads\/2018\/11\/group2.jpg","width":5493,"height":2058,"caption":"Network for Higher Education in the Performing Arts"},{"@type":"WebPage","@id":"https:\/\/theatreculture.org\/de\/netzwerk\/iti-unesco-network-for-higher-education-in-the-performing-arts\/#webpage","url":"https:\/\/theatreculture.org\/de\/netzwerk\/iti-unesco-network-for-higher-education-in-the-performing-arts\/","name":"ITI\/UNESCO Network for Higher Education in the Performing Arts - World Theatre Training Institute AKT-ZENT\/ITI","isPartOf":{"@id":"https:\/\/theatreculture.org\/#website"},"primaryImageOfPage":{"@id":"https:\/\/theatreculture.org\/de\/netzwerk\/iti-unesco-network-for-higher-education-in-the-performing-arts\/#primaryimage"},"datePublished":"2018-10-25T19:22:59+00:00","dateModified":"2022-02-16T13:45:17+00:00","breadcrumb":{"@id":"https:\/\/theatreculture.org\/de\/netzwerk\/iti-unesco-network-for-higher-education-in-the-performing-arts\/#breadcrumb"},"inLanguage":"de","potentialAction":[{"@type":"ReadAction","target":["https:\/\/theatreculture.org\/de\/netzwerk\/iti-unesco-network-for-higher-education-in-the-performing-arts\/"]}]},{"@type":"BreadcrumbList","@id":"https:\/\/theatreculture.org\/de\/netzwerk\/iti-unesco-network-for-higher-education-in-the-performing-arts\/#breadcrumb","itemListElement":[{"@type":"ListItem","position":1,"name":"Startseite","item":"https:\/\/theatreculture.org\/"},{"@type":"ListItem","position":2,"name":"NETZWERK","item":"https:\/\/theatreculture.org\/de\/netzwerk\/"},{"@type":"ListItem","position":3,"name":"ITI\/UNESCO Network for Higher Education in the Performing Arts"}]}]}},"_links":{"self":[{"href":"https:\/\/theatreculture.org\/wp-json\/wp\/v2\/pages\/1911"}],"collection":[{"href":"https:\/\/theatreculture.org\/wp-json\/wp\/v2\/pages"}],"about":[{"href":"https:\/\/theatreculture.org\/wp-json\/wp\/v2\/types\/page"}],"author":[{"embeddable":true,"href":"https:\/\/theatreculture.org\/wp-json\/wp\/v2\/users\/1"}],"replies":[{"embeddable":true,"href":"https:\/\/theatreculture.org\/wp-json\/wp\/v2\/comments?post=1911"}],"version-history":[{"count":13,"href":"https:\/\/theatreculture.org\/wp-json\/wp\/v2\/pages\/1911\/revisions"}],"predecessor-version":[{"id":5536,"href":"https:\/\/theatreculture.org\/wp-json\/wp\/v2\/pages\/1911\/revisions\/5536"}],"up":[{"embeddable":true,"href":"https:\/\/theatreculture.org\/wp-json\/wp\/v2\/pages\/1516"}],"wp:featuredmedia":[{"embeddable":true,"href":"https:\/\/theatreculture.org\/wp-json\/wp\/v2\/media\/2027"}],"wp:attachment":[{"href":"https:\/\/theatreculture.org\/wp-json\/wp\/v2\/media?parent=1911"}],"curies":[{"name":"wp","href":"https:\/\/api.w.org\/{rel}","templated":true}]}}