{"id":1626,"date":"2018-09-26T16:17:12","date_gmt":"2018-09-26T15:17:12","guid":{"rendered":"https:\/\/aktzent.cramer-cons.de\/?page_id=1626"},"modified":"2025-12-21T13:05:03","modified_gmt":"2025-12-21T12:05:03","slug":"newsletter-de","status":"publish","type":"page","link":"https:\/\/theatreculture.org\/de\/newsletter-de\/","title":{"rendered":"NEWSLETTER"},"content":{"rendered":"<div id='alo_easymail_page'><div id='alo_em_widget_loading' class='alo_em_widget_loading' style='display:none;'><img src='https:\/\/theatreculture.org\/wp-content\/plugins\/alo-easymail\/images\/wpspin_light.gif' alt='' style='vertical-align:middle' \/> Senden...<\/div>\n<div id='alo_easymail_widget_feedback'><\/div>\n<form name='alo_easymail_widget_form' id='alo_easymail_widget_form' class='alo_easymail_widget_form alo_easymail_widget_form_public' method='post' action='' onsubmit='alo_em_pubblic_form();return false;'>\n<table class='alo_easymail_form_table'><tbody>\n  <tr>\n    <td><label for='opt_name'>Name<\/label><\/td>    <td><input type='text' name='alo_em_opt_name' value='' id='opt_name' maxlength='50' class='input-text' \/><\/td>\n  <\/tr>\n  <tr>\n    <td><label for='opt_email'>E-Mail<\/label><\/td>\n    <td><input type='text' name='alo_em_opt_email' value='' id='opt_email' maxlength='50' class='input-text' \/><\/td>\n  <\/tr>\n<\/tbody><\/table>\n<div class='alo_easymail_disclaimer'><label for='alo_em_privacy_agree'><input type='checkbox' name='alo_em_privacy_agree' id='alo_em_privacy_agree' value='yes' class='input-checkbox' \/>Ich stimme der Verwendung und Speicherung meiner \u00fcbermittelten Daten zum Newsletter-Empfang zu<\/label><\/div>\n<input type='submit' name='submit' value='Abonnieren' class='input-submit' \/>\n<\/form>\n<\/div>\n\n\n<h3>Die Newsletter des World Theatre Training Institute AKT-ZENT<\/h3>\n<p><a href=\"https:\/\/theatreculture.org\/newsletters\/plane-fur-2026\/\"><span style=\"color: #008000;\"><strong>Programm Fr\u00fchjahr\/Sommer 2026<\/strong><\/span><\/a><\/p>\n<p><span style=\"color: #008000;\"><a style=\"color: #008000;\" href=\"https:\/\/theatreculture.org\/newsletters\/herbstprogramm-2025\/\"><strong>Programm Herbst 2025<\/strong><\/a><\/span><\/p>\n<p><strong><span style=\"color: #008000;\"><a style=\"color: #008000;\" href=\"https:\/\/theatreculture.org\/newsletters\/plane-das-jahr-2025-zu-beginnenworld-theatre-training-institute-akt-zent-iti\/\" target=\"_blank\" rel=\"noopener\">Programm Fr\u00fchjahr 2025<\/a><\/span><\/strong><\/p>\n<p><span style=\"color: #008000;\"><a style=\"color: #008000;\" href=\"https:\/\/theatreculture.org\/newsletters\/newsletter-das-herbstprogrammworld-theatre-training-institute-akt-zent-iti\/\" target=\"_blank\" rel=\"noopener\"><strong>Newsletter &#8211; das Herbstprogramm<\/strong><\/a><\/span><\/p>\n<p><strong><span style=\"color: #008000;\"><a style=\"color: #008000;\" href=\"https:\/\/theatreculture.org\/newsletters\/plane-fur-sommer-und-herbstworld-theatre-training-institute-akt-zent-iti\/\">Programm Sommer und Herbst 2024<\/a><\/span><\/strong><\/p>\n<p><span style=\"color: #008000;\"><a style=\"color: #008000;\" href=\"https:\/\/theatreculture.org\/newsletters\/newsletter-ostern-2024\/\"><strong>Newsletter M\u00e4rz 2024<\/strong><\/a><\/span><\/p>\n<p><strong><span style=\"color: #008000;\"><a style=\"color: #008000;\" href=\"https:\/\/theatreculture.org\/newsletters\/plane-fur-2024\/\" target=\"_blank\" rel=\"noopener\">Pl\u00e4ne f\u00fcr 2024<\/a><\/span><\/strong><\/p>\n<p><span style=\"color: #008000;\"><strong><a style=\"color: #008000;\" href=\"https:\/\/theatreculture.org\/newsletters\/das-herbstprogramm-2023\/\" target=\"_blank\" rel=\"noopener\">Programm Herbst 2023<\/a><\/strong><\/span><\/p>\n<p><strong><span style=\"color: #008000;\"><a style=\"color: #008000;\" href=\"https:\/\/theatreculture.org\/newsletters\/newsletter-nr-2_2023_world-theatre-training-institute-akt-zent\/\" target=\"_blank\" rel=\"noopener\">Newsletter Februar 2023<\/a><\/span><\/strong><\/p>\n<p><strong><span style=\"color: #008000;\"><a style=\"color: #008000;\" href=\"https:\/\/theatreculture.org\/newsletters\/newsletter-nr-1_2023\/\">Newsletter Januar 2023<\/a><\/span><\/strong><\/p>\n<p><span style=\"color: #008000;\"><strong><a style=\"color: #008000;\" href=\"https:\/\/theatreculture.org\/newsletters\/herbstprogramm\/\">Programm Herbst 2022<\/a><\/strong><\/span><\/p>\n<p><strong><span style=\"color: #008000;\"><a style=\"color: #008000;\" href=\"https:\/\/theatreculture.org\/newsletters\/programm-fuer-maerz-und-april\/?lang=de\">Programm M\u00e4rz &#8211; April 2022<\/a><\/span><\/strong><\/p>\n<p><span style=\"color: #008000;\"><strong><a style=\"color: #008000;\" href=\"https:\/\/theatreculture.org\/newsletters\/progamm-fuer-februar-und-maerz-2022\/\" target=\"_blank\" rel=\"noopener\">Programm Februar &#8211; M\u00e4rz 2022<\/a><\/strong><\/span><\/p>\n<p><span style=\"color: #008000;\"><strong><a style=\"color: #008000;\" href=\"https:\/\/theatreculture.org\/newsletters\/newsletter-dezember\/?lang=en\" target=\"_blank\" rel=\"noopener noreferrer\">Newsletter Dezember 2021<\/a><\/strong><\/span><\/p>\n<p><strong><span style=\"color: #008000;\"><a style=\"color: #008000;\" href=\"https:\/\/theatreculture.org\/newsletters\/newsletter-oktober-2021\/?lang=en\">Newsletter Oktober 2021<\/a><\/span><\/strong><\/p>\n<p><strong><span style=\"color: #008000;\"><a style=\"color: #008000;\" href=\"https:\/\/theatreculture.org\/newsletters\/newsletter-august\/?lang=en\" target=\"_blank\" rel=\"noopener noreferrer\">Newsletter August 2021<\/a><\/span><\/strong><\/p>\n<p><strong><span style=\"color: #008000;\"><a style=\"color: #008000;\" href=\"https:\/\/theatreculture.org\/newsletters\/programm-im-mai\/\">Programm im Mai 2021<\/a><\/span><\/strong><\/p>\n<p><span style=\"color: #008000;\"><strong><a style=\"color: #008000;\" href=\"https:\/\/theatreculture.org\/newsletters\/programm-april-mai\/?lang=en\" target=\"_blank\" rel=\"noopener noreferrer\">Programm April-Mai 2021<\/a><\/strong><\/span><\/p>\n<p><strong><span style=\"color: #008000;\"><a style=\"color: #008000;\" href=\"https:\/\/theatreculture.org\/newsletters\/programm-marz-april-2021\/\">Programm M\u00e4rz-April 2021<\/a><\/span><\/strong><\/p>\n<p><span style=\"color: #008000;\"><strong><a style=\"color: #008000;\" href=\"https:\/\/theatreculture.org\/newsletters\/newsletter-januar-2021\/?lang=en\" target=\"_blank\" rel=\"noopener noreferrer\">Newsletter Januar 2021<\/a><\/strong><\/span><\/p>\n<p>\u00a0<\/p>\n","protected":false},"excerpt":{"rendered":"<p>Die Newsletter des World Theatre Training Institute AKT-ZENT Programm Fr\u00fchjahr\/Sommer 2026 Programm Herbst 2025 Programm Fr\u00fchjahr 2025 Newsletter &#8211; das Herbstprogramm Programm Sommer und Herbst 2024 Newsletter M\u00e4rz 2024 Pl\u00e4ne f\u00fcr 2024 Programm Herbst 2023 Newsletter Februar 2023 Newsletter Januar 2023 Programm Herbst 2022 Programm M\u00e4rz &#8211; April 2022 Programm Februar &#8211; M\u00e4rz 2022 Newsletter [&hellip;]<\/p>\n","protected":false},"author":1,"featured_media":0,"parent":0,"menu_order":3,"comment_status":"closed","ping_status":"closed","template":"","meta":[],"yoast_head":"<!-- This site is optimized with the Yoast SEO plugin v17.9 - https:\/\/yoast.com\/wordpress\/plugins\/seo\/ -->\n<title>NEWSLETTER - World Theatre Training Institute AKT-ZENT\/ITI<\/title>\n<meta name=\"robots\" content=\"index, follow, max-snippet:-1, max-image-preview:large, max-video-preview:-1\" \/>\n<link rel=\"canonical\" href=\"https:\/\/theatreculture.org\/de\/newsletter-de\/\" \/>\n<meta property=\"og:locale\" content=\"de_DE\" \/>\n<meta property=\"og:type\" content=\"article\" \/>\n<meta property=\"og:title\" content=\"NEWSLETTER - World Theatre Training Institute AKT-ZENT\/ITI\" \/>\n<meta property=\"og:description\" content=\"Die Newsletter des World Theatre Training Institute AKT-ZENT Programm Fr\u00fchjahr\/Sommer 2026 Programm Herbst 2025 Programm Fr\u00fchjahr 2025 Newsletter &#8211; das Herbstprogramm Programm Sommer und Herbst 2024 Newsletter M\u00e4rz 2024 Pl\u00e4ne f\u00fcr 2024 Programm Herbst 2023 Newsletter Februar 2023 Newsletter Januar 2023 Programm Herbst 2022 Programm M\u00e4rz &#8211; April 2022 Programm Februar &#8211; M\u00e4rz 2022 Newsletter [&hellip;]\" \/>\n<meta property=\"og:url\" content=\"https:\/\/theatreculture.org\/de\/newsletter-de\/\" \/>\n<meta property=\"og:site_name\" content=\"World Theatre Training Institute AKT-ZENT\/ITI\" \/>\n<meta property=\"article:publisher\" content=\"https:\/\/www.facebook.com\/theatreculture.org\/\" \/>\n<meta property=\"article:modified_time\" content=\"2025-12-21T12:05:03+00:00\" \/>\n<meta name=\"twitter:card\" content=\"summary_large_image\" \/>\n<meta name=\"twitter:label1\" content=\"Gesch\u00e4tzte Lesezeit\" \/>\n\t<meta name=\"twitter:data1\" content=\"1\u00a0Minute\" \/>\n<script type=\"application\/ld+json\" class=\"yoast-schema-graph\">{\"@context\":\"https:\/\/schema.org\",\"@graph\":[{\"@type\":\"Organization\",\"@id\":\"https:\/\/theatreculture.org\/#organization\",\"name\":\"World Theatre Training Institute AKT-ZENT\",\"url\":\"https:\/\/theatreculture.org\/\",\"sameAs\":[\"https:\/\/www.facebook.com\/theatreculture.org\/\",\"https:\/\/www.instagram.com\/worldtheatretraining\/\",\"https:\/\/www.youtube.com\/@worldtheatretraininginstit4622\",\"https:\/\/en.wikipedia.org\/wiki\/World_Theatre_Training_Institute\"],\"logo\":{\"@type\":\"ImageObject\",\"@id\":\"https:\/\/theatreculture.org\/#logo\",\"inLanguage\":\"de\",\"url\":\"https:\/\/theatreculture.org\/wp-content\/uploads\/2018\/02\/maennchen_quadrat_gruen.jpg\",\"contentUrl\":\"https:\/\/theatreculture.org\/wp-content\/uploads\/2018\/02\/maennchen_quadrat_gruen.jpg\",\"width\":1435,\"height\":1435,\"caption\":\"World Theatre Training Institute AKT-ZENT\"},\"image\":{\"@id\":\"https:\/\/theatreculture.org\/#logo\"}},{\"@type\":\"WebSite\",\"@id\":\"https:\/\/theatreculture.org\/#website\",\"url\":\"https:\/\/theatreculture.org\/\",\"name\":\"World Theatre Training Institute AKT-ZENT\/ITI\",\"description\":\"\",\"publisher\":{\"@id\":\"https:\/\/theatreculture.org\/#organization\"},\"potentialAction\":[{\"@type\":\"SearchAction\",\"target\":{\"@type\":\"EntryPoint\",\"urlTemplate\":\"https:\/\/theatreculture.org\/?s={search_term_string}\"},\"query-input\":\"required name=search_term_string\"}],\"inLanguage\":\"de\"},{\"@type\":\"WebPage\",\"@id\":\"https:\/\/theatreculture.org\/de\/newsletter-de\/#webpage\",\"url\":\"https:\/\/theatreculture.org\/de\/newsletter-de\/\",\"name\":\"NEWSLETTER - World Theatre Training Institute AKT-ZENT\/ITI\",\"isPartOf\":{\"@id\":\"https:\/\/theatreculture.org\/#website\"},\"datePublished\":\"2018-09-26T15:17:12+00:00\",\"dateModified\":\"2025-12-21T12:05:03+00:00\",\"breadcrumb\":{\"@id\":\"https:\/\/theatreculture.org\/de\/newsletter-de\/#breadcrumb\"},\"inLanguage\":\"de\",\"potentialAction\":[{\"@type\":\"ReadAction\",\"target\":[\"https:\/\/theatreculture.org\/de\/newsletter-de\/\"]}]},{\"@type\":\"BreadcrumbList\",\"@id\":\"https:\/\/theatreculture.org\/de\/newsletter-de\/#breadcrumb\",\"itemListElement\":[{\"@type\":\"ListItem\",\"position\":1,\"name\":\"Startseite\",\"item\":\"https:\/\/theatreculture.org\/\"},{\"@type\":\"ListItem\",\"position\":2,\"name\":\"NEWSLETTER\"}]}]}<\/script>\n<!-- \/ Yoast SEO plugin. -->","yoast_head_json":{"title":"NEWSLETTER - World Theatre Training Institute AKT-ZENT\/ITI","robots":{"index":"index","follow":"follow","max-snippet":"max-snippet:-1","max-image-preview":"max-image-preview:large","max-video-preview":"max-video-preview:-1"},"canonical":"https:\/\/theatreculture.org\/de\/newsletter-de\/","og_locale":"de_DE","og_type":"article","og_title":"NEWSLETTER - World Theatre Training Institute AKT-ZENT\/ITI","og_description":"Die Newsletter des World Theatre Training Institute AKT-ZENT Programm Fr\u00fchjahr\/Sommer 2026 Programm Herbst 2025 Programm Fr\u00fchjahr 2025 Newsletter &#8211; das Herbstprogramm Programm Sommer und Herbst 2024 Newsletter M\u00e4rz 2024 Pl\u00e4ne f\u00fcr 2024 Programm Herbst 2023 Newsletter Februar 2023 Newsletter Januar 2023 Programm Herbst 2022 Programm M\u00e4rz &#8211; April 2022 Programm Februar &#8211; M\u00e4rz 2022 Newsletter [&hellip;]","og_url":"https:\/\/theatreculture.org\/de\/newsletter-de\/","og_site_name":"World Theatre Training Institute AKT-ZENT\/ITI","article_publisher":"https:\/\/www.facebook.com\/theatreculture.org\/","article_modified_time":"2025-12-21T12:05:03+00:00","twitter_card":"summary_large_image","twitter_misc":{"Gesch\u00e4tzte Lesezeit":"1\u00a0Minute"},"schema":{"@context":"https:\/\/schema.org","@graph":[{"@type":"Organization","@id":"https:\/\/theatreculture.org\/#organization","name":"World Theatre Training Institute AKT-ZENT","url":"https:\/\/theatreculture.org\/","sameAs":["https:\/\/www.facebook.com\/theatreculture.org\/","https:\/\/www.instagram.com\/worldtheatretraining\/","https:\/\/www.youtube.com\/@worldtheatretraininginstit4622","https:\/\/en.wikipedia.org\/wiki\/World_Theatre_Training_Institute"],"logo":{"@type":"ImageObject","@id":"https:\/\/theatreculture.org\/#logo","inLanguage":"de","url":"https:\/\/theatreculture.org\/wp-content\/uploads\/2018\/02\/maennchen_quadrat_gruen.jpg","contentUrl":"https:\/\/theatreculture.org\/wp-content\/uploads\/2018\/02\/maennchen_quadrat_gruen.jpg","width":1435,"height":1435,"caption":"World Theatre Training Institute AKT-ZENT"},"image":{"@id":"https:\/\/theatreculture.org\/#logo"}},{"@type":"WebSite","@id":"https:\/\/theatreculture.org\/#website","url":"https:\/\/theatreculture.org\/","name":"World Theatre Training Institute AKT-ZENT\/ITI","description":"","publisher":{"@id":"https:\/\/theatreculture.org\/#organization"},"potentialAction":[{"@type":"SearchAction","target":{"@type":"EntryPoint","urlTemplate":"https:\/\/theatreculture.org\/?s={search_term_string}"},"query-input":"required name=search_term_string"}],"inLanguage":"de"},{"@type":"WebPage","@id":"https:\/\/theatreculture.org\/de\/newsletter-de\/#webpage","url":"https:\/\/theatreculture.org\/de\/newsletter-de\/","name":"NEWSLETTER - World Theatre Training Institute AKT-ZENT\/ITI","isPartOf":{"@id":"https:\/\/theatreculture.org\/#website"},"datePublished":"2018-09-26T15:17:12+00:00","dateModified":"2025-12-21T12:05:03+00:00","breadcrumb":{"@id":"https:\/\/theatreculture.org\/de\/newsletter-de\/#breadcrumb"},"inLanguage":"de","potentialAction":[{"@type":"ReadAction","target":["https:\/\/theatreculture.org\/de\/newsletter-de\/"]}]},{"@type":"BreadcrumbList","@id":"https:\/\/theatreculture.org\/de\/newsletter-de\/#breadcrumb","itemListElement":[{"@type":"ListItem","position":1,"name":"Startseite","item":"https:\/\/theatreculture.org\/"},{"@type":"ListItem","position":2,"name":"NEWSLETTER"}]}]}},"_links":{"self":[{"href":"https:\/\/theatreculture.org\/wp-json\/wp\/v2\/pages\/1626"}],"collection":[{"href":"https:\/\/theatreculture.org\/wp-json\/wp\/v2\/pages"}],"about":[{"href":"https:\/\/theatreculture.org\/wp-json\/wp\/v2\/types\/page"}],"author":[{"embeddable":true,"href":"https:\/\/theatreculture.org\/wp-json\/wp\/v2\/users\/1"}],"replies":[{"embeddable":true,"href":"https:\/\/theatreculture.org\/wp-json\/wp\/v2\/comments?post=1626"}],"version-history":[{"count":27,"href":"https:\/\/theatreculture.org\/wp-json\/wp\/v2\/pages\/1626\/revisions"}],"predecessor-version":[{"id":8089,"href":"https:\/\/theatreculture.org\/wp-json\/wp\/v2\/pages\/1626\/revisions\/8089"}],"wp:attachment":[{"href":"https:\/\/theatreculture.org\/wp-json\/wp\/v2\/media?parent=1626"}],"curies":[{"name":"wp","href":"https:\/\/api.w.org\/{rel}","templated":true}]}}