{"id":1604,"date":"2018-09-26T14:28:26","date_gmt":"2018-09-26T13:28:26","guid":{"rendered":"https:\/\/aktzent.cramer-cons.de\/?page_id=1604"},"modified":"2018-10-04T21:11:38","modified_gmt":"2018-10-04T20:11:38","slug":"european-association-for-theatre-culture","status":"publish","type":"page","link":"https:\/\/theatreculture.org\/de\/netzwerk\/european-association-for-theatre-culture\/","title":{"rendered":"EUROPEAN ASSOCIATION FOR THEATRE CULTURE"},"content":{"rendered":"<p>Die European Association for Theatre Culture (EATC) ist ein ungew\u00f6hnliches Netzwerk \u2013 n\u00e4mlich ein Netzwerk der Ideen \u2013 mit dem gemeinsamen Ziel unterschiedliche Theatertraditionen der Welt in einen fruchtbaren Austausch miteinander zu bringen.<\/p>\n<h2>Die Geschichte der EATC<\/h2>\n<figure id=\"attachment_702\" aria-describedby=\"caption-attachment-702\" style=\"width: 254px\" class=\"wp-caption alignleft\"><img loading=\"lazy\" class=\"wp-image-702\" src=\"https:\/\/aktzent.cramer-cons.de\/wp-content\/uploads\/2018\/05\/AZ-Bull-1.kopie_-300x209.jpg\" alt=\"\" width=\"254\" height=\"177\" srcset=\"https:\/\/theatreculture.org\/wp-content\/uploads\/2018\/05\/AZ-Bull-1.kopie_-300x209.jpg 300w, https:\/\/theatreculture.org\/wp-content\/uploads\/2018\/05\/AZ-Bull-1.kopie_-200x139.jpg 200w, https:\/\/theatreculture.org\/wp-content\/uploads\/2018\/05\/AZ-Bull-1.kopie_-400x278.jpg 400w, https:\/\/theatreculture.org\/wp-content\/uploads\/2018\/05\/AZ-Bull-1.kopie_-768x534.jpg 768w, https:\/\/theatreculture.org\/wp-content\/uploads\/2018\/05\/AZ-Bull-1.kopie_-1024x713.jpg 1024w\" sizes=\"(max-width: 254px) 100vw, 254px\" \/><figcaption id=\"caption-attachment-702\" class=\"wp-caption-text\">\u00a9 Brodski<\/figcaption><\/figure>\n<p>Schon seit 1995 hatten die von Jurij Alschitz gegr\u00fcndeten Zentren\u00a0 AKT-ZENT Internationales Theaterzentrum Berlin (Deutschland), Ko\u00efn\u00e8 Langages Transartistiques (Frankreich), PROTEI Progetti Teatrali Internazionali (Italien), und SCUT Skandinaviskt Centrum f\u00f6r Utforskning av Teater (Norwegen, Schweden) regelm\u00e4\u00dfig zusammen gearbeitet, im Jahr 2000 schlossen sie sich dann als Netzwerk zusammen. \u00dcber die Jahre erweiterte sich der Kreis durch vielf\u00e4ltige Partnerschaften: Akademien und Theaterdepartments, nationale ITI-Zentren, aber auch die jungen Kompanien, die von Jurij Alschitz&#8216; Meisterstudenten selbst neu gegr\u00fcndet wurden. Nach und nach erweiterte sich der Aktionsradius \u00fcber Europa hinaus und erfreut sich weltweiter partnerschaftlicher Kontakte.<\/p>\n<p>AKT-ZENT ist seit Beginn das organisatorische Zentrum, das seit 1995 <span style=\"color: #008000;\"><a style=\"color: #008000;\" href=\"http:\/\/theatreculture.org\/de\/ueber-uns\/geschichte\/\"><strong>\u21d2langfristige Forschungsprojekte<\/strong><\/a><\/span> initiiert hat, die regelm\u00e4\u00dfig von den verschiedenen Programmen der Europ\u00e4ischen Kommission unterst\u00fctzt wurden.<\/p>\n<h2>Die Perspektive der EATC<\/h2>\n<p>Die EATC ist heute ein erweitertes Netzwerk von Theaterzentren, Kulturorganisationen, Schauspielschulen, Akademien und Universit\u00e4ten, die f\u00fcr kurz- und lanfristige Projekte in unterschiedlichen Konstellationen zusammenarbeiten.<\/p>\n<p>Die EATC verfolgt mit Programmen zur kontinuierlichen Weiterbildung von Schauspielern, Regisseuren, P\u00e4dagogen und Wissenschaftler*innen unter anderem den Gedanken der \u201eTransition\u201c, n\u00e4mlich den Aufbau einer zweiten Karriere f\u00fcr B\u00fchnenk\u00fcnstler*innen als methodisch geschulte Lehrer f\u00fcr die professionelle Schauspielausbildung sowie f\u00fcr die Entwicklung neuer Lehrmethoden auf akademischem Niveau.<\/p>\n<p>Die EATC hat das erkl\u00e4rte Ziel, Unterrichtsmethodik der professionellen Theaterausbildung als Gegenstand wissenschaftlicher Forschung zu etablieren. Dies bedeutet das eine umf\u00e4ngliche Neuorientierung der Lehre, Curricula und Trainingsmethoden.<\/p>\n<p>Die EATC bietet den Rahmen f\u00fcr internationalen, transkulturellen Austausch zwischen Theaterschaffenden und Lehrern mit der Perspektive, langfristig weltweit innovative Netzwerke von wissenschaftlich und methodisch geschulten Theaterlehrer*innen zu generieren.<\/p>\n<p>Die EATC verfolgt seit 2017 die Idee der &#8222;Interkulturellen Theaterp\u00e4dagogik&#8220; &#8211; ein europ\u00e4isches Projekt im Anfangsstadium, das f\u00fcr interessierte Partner offen steht.<\/p>\n","protected":false},"excerpt":{"rendered":"<p>Die European Association for Theatre Culture (EATC) ist ein ungew\u00f6hnliches Netzwerk \u2013 n\u00e4mlich ein Netzwerk der Ideen \u2013 mit dem gemeinsamen Ziel unterschiedliche Theatertraditionen der Welt in einen fruchtbaren Austausch miteinander zu bringen. Die Geschichte der EATC Schon seit 1995 hatten die von Jurij Alschitz gegr\u00fcndeten Zentren\u00a0 AKT-ZENT Internationales Theaterzentrum Berlin (Deutschland), Ko\u00efn\u00e8 Langages Transartistiques [&hellip;]<\/p>\n","protected":false},"author":1,"featured_media":708,"parent":1516,"menu_order":2,"comment_status":"closed","ping_status":"closed","template":"","meta":[],"yoast_head":"<!-- This site is optimized with the Yoast SEO plugin v17.9 - https:\/\/yoast.com\/wordpress\/plugins\/seo\/ -->\n<title>EUROPEAN ASSOCIATION FOR THEATRE CULTURE - World Theatre Training Institute AKT-ZENT\/ITI<\/title>\n<meta name=\"robots\" content=\"index, follow, max-snippet:-1, max-image-preview:large, max-video-preview:-1\" \/>\n<link rel=\"canonical\" href=\"https:\/\/theatreculture.org\/de\/netzwerk\/european-association-for-theatre-culture\/\" \/>\n<meta property=\"og:locale\" content=\"de_DE\" \/>\n<meta property=\"og:type\" content=\"article\" \/>\n<meta property=\"og:title\" content=\"EUROPEAN ASSOCIATION FOR THEATRE CULTURE - World Theatre Training Institute AKT-ZENT\/ITI\" \/>\n<meta property=\"og:description\" content=\"Die European Association for Theatre Culture (EATC) ist ein ungew\u00f6hnliches Netzwerk \u2013 n\u00e4mlich ein Netzwerk der Ideen \u2013 mit dem gemeinsamen Ziel unterschiedliche Theatertraditionen der Welt in einen fruchtbaren Austausch miteinander zu bringen. Die Geschichte der EATC Schon seit 1995 hatten die von Jurij Alschitz gegr\u00fcndeten Zentren\u00a0 AKT-ZENT Internationales Theaterzentrum Berlin (Deutschland), Ko\u00efn\u00e8 Langages Transartistiques [&hellip;]\" \/>\n<meta property=\"og:url\" content=\"https:\/\/theatreculture.org\/de\/netzwerk\/european-association-for-theatre-culture\/\" \/>\n<meta property=\"og:site_name\" content=\"World Theatre Training Institute AKT-ZENT\/ITI\" \/>\n<meta property=\"article:publisher\" content=\"https:\/\/www.facebook.com\/theatreculture.org\/\" \/>\n<meta property=\"article:modified_time\" content=\"2018-10-04T20:11:38+00:00\" \/>\n<meta property=\"og:image\" content=\"https:\/\/theatreculture.org\/wp-content\/uploads\/2018\/05\/AZ-Chor-2.jpg\" \/>\n\t<meta property=\"og:image:width\" content=\"6073\" \/>\n\t<meta property=\"og:image:height\" content=\"2676\" \/>\n\t<meta property=\"og:image:type\" content=\"image\/jpeg\" \/>\n<meta name=\"twitter:card\" content=\"summary_large_image\" \/>\n<meta name=\"twitter:label1\" content=\"Gesch\u00e4tzte Lesezeit\" \/>\n\t<meta name=\"twitter:data1\" content=\"2\u00a0Minuten\" \/>\n<script type=\"application\/ld+json\" class=\"yoast-schema-graph\">{\"@context\":\"https:\/\/schema.org\",\"@graph\":[{\"@type\":\"Organization\",\"@id\":\"https:\/\/theatreculture.org\/#organization\",\"name\":\"World Theatre Training Institute AKT-ZENT\",\"url\":\"https:\/\/theatreculture.org\/\",\"sameAs\":[\"https:\/\/www.facebook.com\/theatreculture.org\/\",\"https:\/\/www.instagram.com\/worldtheatretraining\/\",\"https:\/\/www.youtube.com\/@worldtheatretraininginstit4622\",\"https:\/\/en.wikipedia.org\/wiki\/World_Theatre_Training_Institute\"],\"logo\":{\"@type\":\"ImageObject\",\"@id\":\"https:\/\/theatreculture.org\/#logo\",\"inLanguage\":\"de\",\"url\":\"https:\/\/theatreculture.org\/wp-content\/uploads\/2018\/02\/maennchen_quadrat_gruen.jpg\",\"contentUrl\":\"https:\/\/theatreculture.org\/wp-content\/uploads\/2018\/02\/maennchen_quadrat_gruen.jpg\",\"width\":1435,\"height\":1435,\"caption\":\"World Theatre Training Institute AKT-ZENT\"},\"image\":{\"@id\":\"https:\/\/theatreculture.org\/#logo\"}},{\"@type\":\"WebSite\",\"@id\":\"https:\/\/theatreculture.org\/#website\",\"url\":\"https:\/\/theatreculture.org\/\",\"name\":\"World Theatre Training Institute AKT-ZENT\/ITI\",\"description\":\"\",\"publisher\":{\"@id\":\"https:\/\/theatreculture.org\/#organization\"},\"potentialAction\":[{\"@type\":\"SearchAction\",\"target\":{\"@type\":\"EntryPoint\",\"urlTemplate\":\"https:\/\/theatreculture.org\/?s={search_term_string}\"},\"query-input\":\"required name=search_term_string\"}],\"inLanguage\":\"de\"},{\"@type\":\"ImageObject\",\"@id\":\"https:\/\/theatreculture.org\/de\/netzwerk\/european-association-for-theatre-culture\/#primaryimage\",\"inLanguage\":\"de\",\"url\":\"https:\/\/theatreculture.org\/wp-content\/uploads\/2018\/05\/AZ-Chor-2.jpg\",\"contentUrl\":\"https:\/\/theatreculture.org\/wp-content\/uploads\/2018\/05\/AZ-Chor-2.jpg\",\"width\":6073,\"height\":2676,\"caption\":\"\\u00a9 Brodski\"},{\"@type\":\"WebPage\",\"@id\":\"https:\/\/theatreculture.org\/de\/netzwerk\/european-association-for-theatre-culture\/#webpage\",\"url\":\"https:\/\/theatreculture.org\/de\/netzwerk\/european-association-for-theatre-culture\/\",\"name\":\"EUROPEAN ASSOCIATION FOR THEATRE CULTURE - World Theatre Training Institute AKT-ZENT\/ITI\",\"isPartOf\":{\"@id\":\"https:\/\/theatreculture.org\/#website\"},\"primaryImageOfPage\":{\"@id\":\"https:\/\/theatreculture.org\/de\/netzwerk\/european-association-for-theatre-culture\/#primaryimage\"},\"datePublished\":\"2018-09-26T13:28:26+00:00\",\"dateModified\":\"2018-10-04T20:11:38+00:00\",\"breadcrumb\":{\"@id\":\"https:\/\/theatreculture.org\/de\/netzwerk\/european-association-for-theatre-culture\/#breadcrumb\"},\"inLanguage\":\"de\",\"potentialAction\":[{\"@type\":\"ReadAction\",\"target\":[\"https:\/\/theatreculture.org\/de\/netzwerk\/european-association-for-theatre-culture\/\"]}]},{\"@type\":\"BreadcrumbList\",\"@id\":\"https:\/\/theatreculture.org\/de\/netzwerk\/european-association-for-theatre-culture\/#breadcrumb\",\"itemListElement\":[{\"@type\":\"ListItem\",\"position\":1,\"name\":\"Startseite\",\"item\":\"https:\/\/theatreculture.org\/\"},{\"@type\":\"ListItem\",\"position\":2,\"name\":\"NETZWERK\",\"item\":\"https:\/\/theatreculture.org\/de\/netzwerk\/\"},{\"@type\":\"ListItem\",\"position\":3,\"name\":\"EUROPEAN ASSOCIATION FOR THEATRE CULTURE\"}]}]}<\/script>\n<!-- \/ Yoast SEO plugin. -->","yoast_head_json":{"title":"EUROPEAN ASSOCIATION FOR THEATRE CULTURE - World Theatre Training Institute AKT-ZENT\/ITI","robots":{"index":"index","follow":"follow","max-snippet":"max-snippet:-1","max-image-preview":"max-image-preview:large","max-video-preview":"max-video-preview:-1"},"canonical":"https:\/\/theatreculture.org\/de\/netzwerk\/european-association-for-theatre-culture\/","og_locale":"de_DE","og_type":"article","og_title":"EUROPEAN ASSOCIATION FOR THEATRE CULTURE - World Theatre Training Institute AKT-ZENT\/ITI","og_description":"Die European Association for Theatre Culture (EATC) ist ein ungew\u00f6hnliches Netzwerk \u2013 n\u00e4mlich ein Netzwerk der Ideen \u2013 mit dem gemeinsamen Ziel unterschiedliche Theatertraditionen der Welt in einen fruchtbaren Austausch miteinander zu bringen. Die Geschichte der EATC Schon seit 1995 hatten die von Jurij Alschitz gegr\u00fcndeten Zentren\u00a0 AKT-ZENT Internationales Theaterzentrum Berlin (Deutschland), Ko\u00efn\u00e8 Langages Transartistiques [&hellip;]","og_url":"https:\/\/theatreculture.org\/de\/netzwerk\/european-association-for-theatre-culture\/","og_site_name":"World Theatre Training Institute AKT-ZENT\/ITI","article_publisher":"https:\/\/www.facebook.com\/theatreculture.org\/","article_modified_time":"2018-10-04T20:11:38+00:00","og_image":[{"width":6073,"height":2676,"url":"https:\/\/theatreculture.org\/wp-content\/uploads\/2018\/05\/AZ-Chor-2.jpg","type":"image\/jpeg"}],"twitter_card":"summary_large_image","twitter_misc":{"Gesch\u00e4tzte Lesezeit":"2\u00a0Minuten"},"schema":{"@context":"https:\/\/schema.org","@graph":[{"@type":"Organization","@id":"https:\/\/theatreculture.org\/#organization","name":"World Theatre Training Institute AKT-ZENT","url":"https:\/\/theatreculture.org\/","sameAs":["https:\/\/www.facebook.com\/theatreculture.org\/","https:\/\/www.instagram.com\/worldtheatretraining\/","https:\/\/www.youtube.com\/@worldtheatretraininginstit4622","https:\/\/en.wikipedia.org\/wiki\/World_Theatre_Training_Institute"],"logo":{"@type":"ImageObject","@id":"https:\/\/theatreculture.org\/#logo","inLanguage":"de","url":"https:\/\/theatreculture.org\/wp-content\/uploads\/2018\/02\/maennchen_quadrat_gruen.jpg","contentUrl":"https:\/\/theatreculture.org\/wp-content\/uploads\/2018\/02\/maennchen_quadrat_gruen.jpg","width":1435,"height":1435,"caption":"World Theatre Training Institute AKT-ZENT"},"image":{"@id":"https:\/\/theatreculture.org\/#logo"}},{"@type":"WebSite","@id":"https:\/\/theatreculture.org\/#website","url":"https:\/\/theatreculture.org\/","name":"World Theatre Training Institute AKT-ZENT\/ITI","description":"","publisher":{"@id":"https:\/\/theatreculture.org\/#organization"},"potentialAction":[{"@type":"SearchAction","target":{"@type":"EntryPoint","urlTemplate":"https:\/\/theatreculture.org\/?s={search_term_string}"},"query-input":"required name=search_term_string"}],"inLanguage":"de"},{"@type":"ImageObject","@id":"https:\/\/theatreculture.org\/de\/netzwerk\/european-association-for-theatre-culture\/#primaryimage","inLanguage":"de","url":"https:\/\/theatreculture.org\/wp-content\/uploads\/2018\/05\/AZ-Chor-2.jpg","contentUrl":"https:\/\/theatreculture.org\/wp-content\/uploads\/2018\/05\/AZ-Chor-2.jpg","width":6073,"height":2676,"caption":"\u00a9 Brodski"},{"@type":"WebPage","@id":"https:\/\/theatreculture.org\/de\/netzwerk\/european-association-for-theatre-culture\/#webpage","url":"https:\/\/theatreculture.org\/de\/netzwerk\/european-association-for-theatre-culture\/","name":"EUROPEAN ASSOCIATION FOR THEATRE CULTURE - World Theatre Training Institute AKT-ZENT\/ITI","isPartOf":{"@id":"https:\/\/theatreculture.org\/#website"},"primaryImageOfPage":{"@id":"https:\/\/theatreculture.org\/de\/netzwerk\/european-association-for-theatre-culture\/#primaryimage"},"datePublished":"2018-09-26T13:28:26+00:00","dateModified":"2018-10-04T20:11:38+00:00","breadcrumb":{"@id":"https:\/\/theatreculture.org\/de\/netzwerk\/european-association-for-theatre-culture\/#breadcrumb"},"inLanguage":"de","potentialAction":[{"@type":"ReadAction","target":["https:\/\/theatreculture.org\/de\/netzwerk\/european-association-for-theatre-culture\/"]}]},{"@type":"BreadcrumbList","@id":"https:\/\/theatreculture.org\/de\/netzwerk\/european-association-for-theatre-culture\/#breadcrumb","itemListElement":[{"@type":"ListItem","position":1,"name":"Startseite","item":"https:\/\/theatreculture.org\/"},{"@type":"ListItem","position":2,"name":"NETZWERK","item":"https:\/\/theatreculture.org\/de\/netzwerk\/"},{"@type":"ListItem","position":3,"name":"EUROPEAN ASSOCIATION FOR THEATRE CULTURE"}]}]}},"_links":{"self":[{"href":"https:\/\/theatreculture.org\/wp-json\/wp\/v2\/pages\/1604"}],"collection":[{"href":"https:\/\/theatreculture.org\/wp-json\/wp\/v2\/pages"}],"about":[{"href":"https:\/\/theatreculture.org\/wp-json\/wp\/v2\/types\/page"}],"author":[{"embeddable":true,"href":"https:\/\/theatreculture.org\/wp-json\/wp\/v2\/users\/1"}],"replies":[{"embeddable":true,"href":"https:\/\/theatreculture.org\/wp-json\/wp\/v2\/comments?post=1604"}],"version-history":[{"count":16,"href":"https:\/\/theatreculture.org\/wp-json\/wp\/v2\/pages\/1604\/revisions"}],"predecessor-version":[{"id":1859,"href":"https:\/\/theatreculture.org\/wp-json\/wp\/v2\/pages\/1604\/revisions\/1859"}],"up":[{"embeddable":true,"href":"https:\/\/theatreculture.org\/wp-json\/wp\/v2\/pages\/1516"}],"wp:featuredmedia":[{"embeddable":true,"href":"https:\/\/theatreculture.org\/wp-json\/wp\/v2\/media\/708"}],"wp:attachment":[{"href":"https:\/\/theatreculture.org\/wp-json\/wp\/v2\/media?parent=1604"}],"curies":[{"name":"wp","href":"https:\/\/api.w.org\/{rel}","templated":true}]}}