{"id":1593,"date":"2018-09-26T14:03:45","date_gmt":"2018-09-26T13:03:45","guid":{"rendered":"https:\/\/aktzent.cramer-cons.de\/?page_id=1593"},"modified":"2022-07-07T11:05:21","modified_gmt":"2022-07-07T10:05:21","slug":"texte","status":"publish","type":"page","link":"https:\/\/theatreculture.org\/de\/idea-centre\/texte\/","title":{"rendered":"TEXTE"},"content":{"rendered":"<h2>Aus dem B\u00fccherregal des Instituts<\/h2>\n<p>Jurij Alschitz <strong><a href=\"https:\/\/theatreculture.org\/wp-content\/uploads\/2021\/04\/The-Path-to-a-Holistic-Theatre.pdf\" target=\"_blank\" rel=\"noopener noreferrer\"><span style=\"color: #008000;\">\u21d2The Path to a Holistic Theatre<\/span><\/a><\/strong>\u00a0 (EN)<\/p>\n<p>Ruth Wyneken <span style=\"color: #008000;\"><strong><a style=\"color: #008000;\" href=\"https:\/\/theatreculture.org\/wp-content\/uploads\/2021\/01\/Ruth-Wyneken_-Truth-Mimesis-Imitation.pdf\" target=\"_blank\" rel=\"noopener noreferrer\">\u21d2Truth-Mimesis-Imitation<\/a><\/strong>\u00a0<\/span> lecture at Methodika International Festival for Theatre Training Methods 2018 (EN)<\/p>\n<p>Jurij Alschitz\u00a0 <strong><span style=\"color: #008000;\"><a style=\"color: #008000;\" href=\"http:\/\/theatreculture.org\/wp-content\/uploads\/2018\/01\/A-new-Face.pdf\" target=\"_blank\" rel=\"noopener noreferrer\">\u21d2Manifesto: A new Face of the Acting Teacher<\/a><\/span><\/strong>\u00a0\u00a0 (EN)<\/p>\n<p>Jurij Alschitz\u00a0\u00a0 <strong><span style=\"color: #008000;\"><a style=\"color: #008000;\" href=\"http:\/\/theatreculture.org\/wp-content\/uploads\/2018\/02\/Alschitz_Persona-Personage.pdf\" target=\"_blank\" rel=\"noopener noreferrer\"> \u21d2The Mirror of Mutual Reflection<\/a><\/span><\/strong>\u00a0\u00a0 (EN)<\/p>\n<p>Sergei A. Issaev\u00a0 <strong><span style=\"color: #008000;\"><a style=\"color: #008000;\" href=\"http:\/\/theatreculture.org\/wp-content\/uploads\/2018\/02\/Issayev_ION.pdf\" target=\"_blank\" rel=\"noopener noreferrer\">\u21d2Der sch\u00f6pferische Proze\u00df in der Bewu\u00dftlosigkeit<\/a><\/span><\/strong>\u00a0\u00a0\u00a0 (DE)<\/p>\n<p>Christine Schmalor <span style=\"color: #008000;\"><strong><a style=\"color: #008000;\" href=\"https:\/\/theatreculture.org\/wp-content\/uploads\/2022\/07\/Der-Augen-Blick.pdf\" target=\"_blank\" rel=\"noopener\">\u21d2Der Augen-Blick<\/a><\/strong><\/span>\u00a0\u00a0\u00a0 (DE)<\/p>\n<p>Ruth Wyneken <strong><a href=\"https:\/\/theatreculture.org\/wp-content\/uploads\/2021\/01\/Ruth-Wyneken_-Truth-Mimesis-Imitation.pdf\" target=\"_blank\" rel=\"noopener noreferrer\"><span style=\"color: #008000;\">\u21d2Truth-Mimesis-Imitation<\/span><\/a><\/strong>\u00a0 lecture at Methodika International Festival for Theatre Training Methods 2018 (EN)<\/p>\n<p>Report <strong><span style=\"color: #008000;\"><a style=\"color: #008000;\" href=\"http:\/\/theatreculture.org\/wp-content\/uploads\/2018\/03\/Energy-and-Theatre_Methodika_2001-1.pdf\" target=\"_blank\" rel=\"noopener noreferrer\">\u21d2Energy and Theatre_Methodika_2001<\/a><\/span><\/strong>\u00a0\u00a0\u00a0 (EN)<\/p>\n<p>Report <strong><span style=\"color: #008000;\">\u21d2<\/span><\/strong><a href=\"\/methodika2003.pdf\" target=\"_blank\" rel=\"noopener noreferrer\"><strong><span style=\"color: #008000;\">The Face and the Mask of the Actor Methodika 2003<\/span><\/strong><\/a>\u00a0\u00a0\u00a0\u00a0 (EN)<\/p>\n","protected":false},"excerpt":{"rendered":"<p>Aus dem B\u00fccherregal des Instituts Jurij Alschitz \u21d2The Path to a Holistic Theatre\u00a0 (EN) Ruth Wyneken \u21d2Truth-Mimesis-Imitation\u00a0 lecture at Methodika International Festival for Theatre Training Methods 2018 (EN) Jurij Alschitz\u00a0 \u21d2Manifesto: A new Face of the Acting Teacher\u00a0\u00a0 (EN) Jurij Alschitz\u00a0\u00a0 \u21d2The Mirror of Mutual Reflection\u00a0\u00a0 (EN) Sergei A. Issaev\u00a0 \u21d2Der sch\u00f6pferische Proze\u00df in der [&hellip;]<\/p>\n","protected":false},"author":1,"featured_media":722,"parent":1588,"menu_order":2,"comment_status":"closed","ping_status":"closed","template":"","meta":[],"yoast_head":"<!-- This site is optimized with the Yoast SEO plugin v17.9 - https:\/\/yoast.com\/wordpress\/plugins\/seo\/ -->\n<title>TEXTE - World Theatre Training Institute AKT-ZENT\/ITI<\/title>\n<meta name=\"robots\" content=\"index, follow, max-snippet:-1, max-image-preview:large, max-video-preview:-1\" \/>\n<link rel=\"canonical\" href=\"https:\/\/theatreculture.org\/de\/idea-centre\/texte\/\" \/>\n<meta property=\"og:locale\" content=\"de_DE\" \/>\n<meta property=\"og:type\" content=\"article\" \/>\n<meta property=\"og:title\" content=\"TEXTE - World Theatre Training Institute AKT-ZENT\/ITI\" \/>\n<meta property=\"og:description\" content=\"Aus dem B\u00fccherregal des Instituts Jurij Alschitz \u21d2The Path to a Holistic Theatre\u00a0 (EN) Ruth Wyneken \u21d2Truth-Mimesis-Imitation\u00a0 lecture at Methodika International Festival for Theatre Training Methods 2018 (EN) Jurij Alschitz\u00a0 \u21d2Manifesto: A new Face of the Acting Teacher\u00a0\u00a0 (EN) Jurij Alschitz\u00a0\u00a0 \u21d2The Mirror of Mutual Reflection\u00a0\u00a0 (EN) Sergei A. Issaev\u00a0 \u21d2Der sch\u00f6pferische Proze\u00df in der [&hellip;]\" \/>\n<meta property=\"og:url\" content=\"https:\/\/theatreculture.org\/de\/idea-centre\/texte\/\" \/>\n<meta property=\"og:site_name\" content=\"World Theatre Training Institute AKT-ZENT\/ITI\" \/>\n<meta property=\"article:publisher\" content=\"https:\/\/www.facebook.com\/theatreculture.org\/\" \/>\n<meta property=\"article:modified_time\" content=\"2022-07-07T10:05:21+00:00\" \/>\n<meta property=\"og:image\" content=\"https:\/\/theatreculture.org\/wp-content\/uploads\/2018\/05\/01P1000575.jpg\" \/>\n\t<meta property=\"og:image:width\" content=\"2048\" \/>\n\t<meta property=\"og:image:height\" content=\"1024\" \/>\n\t<meta property=\"og:image:type\" content=\"image\/jpeg\" \/>\n<meta name=\"twitter:card\" content=\"summary_large_image\" \/>\n<meta name=\"twitter:label1\" content=\"Gesch\u00e4tzte Lesezeit\" \/>\n\t<meta name=\"twitter:data1\" content=\"1\u00a0Minute\" \/>\n<script type=\"application\/ld+json\" class=\"yoast-schema-graph\">{\"@context\":\"https:\/\/schema.org\",\"@graph\":[{\"@type\":\"Organization\",\"@id\":\"https:\/\/theatreculture.org\/#organization\",\"name\":\"World Theatre Training Institute AKT-ZENT\",\"url\":\"https:\/\/theatreculture.org\/\",\"sameAs\":[\"https:\/\/www.facebook.com\/theatreculture.org\/\",\"https:\/\/www.instagram.com\/worldtheatretraining\/\",\"https:\/\/www.youtube.com\/@worldtheatretraininginstit4622\",\"https:\/\/en.wikipedia.org\/wiki\/World_Theatre_Training_Institute\"],\"logo\":{\"@type\":\"ImageObject\",\"@id\":\"https:\/\/theatreculture.org\/#logo\",\"inLanguage\":\"de\",\"url\":\"https:\/\/theatreculture.org\/wp-content\/uploads\/2018\/02\/maennchen_quadrat_gruen.jpg\",\"contentUrl\":\"https:\/\/theatreculture.org\/wp-content\/uploads\/2018\/02\/maennchen_quadrat_gruen.jpg\",\"width\":1435,\"height\":1435,\"caption\":\"World Theatre Training Institute AKT-ZENT\"},\"image\":{\"@id\":\"https:\/\/theatreculture.org\/#logo\"}},{\"@type\":\"WebSite\",\"@id\":\"https:\/\/theatreculture.org\/#website\",\"url\":\"https:\/\/theatreculture.org\/\",\"name\":\"World Theatre Training Institute AKT-ZENT\/ITI\",\"description\":\"\",\"publisher\":{\"@id\":\"https:\/\/theatreculture.org\/#organization\"},\"potentialAction\":[{\"@type\":\"SearchAction\",\"target\":{\"@type\":\"EntryPoint\",\"urlTemplate\":\"https:\/\/theatreculture.org\/?s={search_term_string}\"},\"query-input\":\"required name=search_term_string\"}],\"inLanguage\":\"de\"},{\"@type\":\"ImageObject\",\"@id\":\"https:\/\/theatreculture.org\/de\/idea-centre\/texte\/#primaryimage\",\"inLanguage\":\"de\",\"url\":\"https:\/\/theatreculture.org\/wp-content\/uploads\/2018\/05\/01P1000575.jpg\",\"contentUrl\":\"https:\/\/theatreculture.org\/wp-content\/uploads\/2018\/05\/01P1000575.jpg\",\"width\":2048,\"height\":1024,\"caption\":\"\\u00a9akt-zent\"},{\"@type\":\"WebPage\",\"@id\":\"https:\/\/theatreculture.org\/de\/idea-centre\/texte\/#webpage\",\"url\":\"https:\/\/theatreculture.org\/de\/idea-centre\/texte\/\",\"name\":\"TEXTE - World Theatre Training Institute AKT-ZENT\/ITI\",\"isPartOf\":{\"@id\":\"https:\/\/theatreculture.org\/#website\"},\"primaryImageOfPage\":{\"@id\":\"https:\/\/theatreculture.org\/de\/idea-centre\/texte\/#primaryimage\"},\"datePublished\":\"2018-09-26T13:03:45+00:00\",\"dateModified\":\"2022-07-07T10:05:21+00:00\",\"breadcrumb\":{\"@id\":\"https:\/\/theatreculture.org\/de\/idea-centre\/texte\/#breadcrumb\"},\"inLanguage\":\"de\",\"potentialAction\":[{\"@type\":\"ReadAction\",\"target\":[\"https:\/\/theatreculture.org\/de\/idea-centre\/texte\/\"]}]},{\"@type\":\"BreadcrumbList\",\"@id\":\"https:\/\/theatreculture.org\/de\/idea-centre\/texte\/#breadcrumb\",\"itemListElement\":[{\"@type\":\"ListItem\",\"position\":1,\"name\":\"Startseite\",\"item\":\"https:\/\/theatreculture.org\/\"},{\"@type\":\"ListItem\",\"position\":2,\"name\":\"IDEA CENTRE\",\"item\":\"https:\/\/theatreculture.org\/de\/idea-centre\/\"},{\"@type\":\"ListItem\",\"position\":3,\"name\":\"TEXTE\"}]}]}<\/script>\n<!-- \/ Yoast SEO plugin. -->","yoast_head_json":{"title":"TEXTE - World Theatre Training Institute AKT-ZENT\/ITI","robots":{"index":"index","follow":"follow","max-snippet":"max-snippet:-1","max-image-preview":"max-image-preview:large","max-video-preview":"max-video-preview:-1"},"canonical":"https:\/\/theatreculture.org\/de\/idea-centre\/texte\/","og_locale":"de_DE","og_type":"article","og_title":"TEXTE - World Theatre Training Institute AKT-ZENT\/ITI","og_description":"Aus dem B\u00fccherregal des Instituts Jurij Alschitz \u21d2The Path to a Holistic Theatre\u00a0 (EN) Ruth Wyneken \u21d2Truth-Mimesis-Imitation\u00a0 lecture at Methodika International Festival for Theatre Training Methods 2018 (EN) Jurij Alschitz\u00a0 \u21d2Manifesto: A new Face of the Acting Teacher\u00a0\u00a0 (EN) Jurij Alschitz\u00a0\u00a0 \u21d2The Mirror of Mutual Reflection\u00a0\u00a0 (EN) Sergei A. Issaev\u00a0 \u21d2Der sch\u00f6pferische Proze\u00df in der [&hellip;]","og_url":"https:\/\/theatreculture.org\/de\/idea-centre\/texte\/","og_site_name":"World Theatre Training Institute AKT-ZENT\/ITI","article_publisher":"https:\/\/www.facebook.com\/theatreculture.org\/","article_modified_time":"2022-07-07T10:05:21+00:00","og_image":[{"width":2048,"height":1024,"url":"https:\/\/theatreculture.org\/wp-content\/uploads\/2018\/05\/01P1000575.jpg","type":"image\/jpeg"}],"twitter_card":"summary_large_image","twitter_misc":{"Gesch\u00e4tzte Lesezeit":"1\u00a0Minute"},"schema":{"@context":"https:\/\/schema.org","@graph":[{"@type":"Organization","@id":"https:\/\/theatreculture.org\/#organization","name":"World Theatre Training Institute AKT-ZENT","url":"https:\/\/theatreculture.org\/","sameAs":["https:\/\/www.facebook.com\/theatreculture.org\/","https:\/\/www.instagram.com\/worldtheatretraining\/","https:\/\/www.youtube.com\/@worldtheatretraininginstit4622","https:\/\/en.wikipedia.org\/wiki\/World_Theatre_Training_Institute"],"logo":{"@type":"ImageObject","@id":"https:\/\/theatreculture.org\/#logo","inLanguage":"de","url":"https:\/\/theatreculture.org\/wp-content\/uploads\/2018\/02\/maennchen_quadrat_gruen.jpg","contentUrl":"https:\/\/theatreculture.org\/wp-content\/uploads\/2018\/02\/maennchen_quadrat_gruen.jpg","width":1435,"height":1435,"caption":"World Theatre Training Institute AKT-ZENT"},"image":{"@id":"https:\/\/theatreculture.org\/#logo"}},{"@type":"WebSite","@id":"https:\/\/theatreculture.org\/#website","url":"https:\/\/theatreculture.org\/","name":"World Theatre Training Institute AKT-ZENT\/ITI","description":"","publisher":{"@id":"https:\/\/theatreculture.org\/#organization"},"potentialAction":[{"@type":"SearchAction","target":{"@type":"EntryPoint","urlTemplate":"https:\/\/theatreculture.org\/?s={search_term_string}"},"query-input":"required name=search_term_string"}],"inLanguage":"de"},{"@type":"ImageObject","@id":"https:\/\/theatreculture.org\/de\/idea-centre\/texte\/#primaryimage","inLanguage":"de","url":"https:\/\/theatreculture.org\/wp-content\/uploads\/2018\/05\/01P1000575.jpg","contentUrl":"https:\/\/theatreculture.org\/wp-content\/uploads\/2018\/05\/01P1000575.jpg","width":2048,"height":1024,"caption":"\u00a9akt-zent"},{"@type":"WebPage","@id":"https:\/\/theatreculture.org\/de\/idea-centre\/texte\/#webpage","url":"https:\/\/theatreculture.org\/de\/idea-centre\/texte\/","name":"TEXTE - World Theatre Training Institute AKT-ZENT\/ITI","isPartOf":{"@id":"https:\/\/theatreculture.org\/#website"},"primaryImageOfPage":{"@id":"https:\/\/theatreculture.org\/de\/idea-centre\/texte\/#primaryimage"},"datePublished":"2018-09-26T13:03:45+00:00","dateModified":"2022-07-07T10:05:21+00:00","breadcrumb":{"@id":"https:\/\/theatreculture.org\/de\/idea-centre\/texte\/#breadcrumb"},"inLanguage":"de","potentialAction":[{"@type":"ReadAction","target":["https:\/\/theatreculture.org\/de\/idea-centre\/texte\/"]}]},{"@type":"BreadcrumbList","@id":"https:\/\/theatreculture.org\/de\/idea-centre\/texte\/#breadcrumb","itemListElement":[{"@type":"ListItem","position":1,"name":"Startseite","item":"https:\/\/theatreculture.org\/"},{"@type":"ListItem","position":2,"name":"IDEA CENTRE","item":"https:\/\/theatreculture.org\/de\/idea-centre\/"},{"@type":"ListItem","position":3,"name":"TEXTE"}]}]}},"_links":{"self":[{"href":"https:\/\/theatreculture.org\/wp-json\/wp\/v2\/pages\/1593"}],"collection":[{"href":"https:\/\/theatreculture.org\/wp-json\/wp\/v2\/pages"}],"about":[{"href":"https:\/\/theatreculture.org\/wp-json\/wp\/v2\/types\/page"}],"author":[{"embeddable":true,"href":"https:\/\/theatreculture.org\/wp-json\/wp\/v2\/users\/1"}],"replies":[{"embeddable":true,"href":"https:\/\/theatreculture.org\/wp-json\/wp\/v2\/comments?post=1593"}],"version-history":[{"count":7,"href":"https:\/\/theatreculture.org\/wp-json\/wp\/v2\/pages\/1593\/revisions"}],"predecessor-version":[{"id":5802,"href":"https:\/\/theatreculture.org\/wp-json\/wp\/v2\/pages\/1593\/revisions\/5802"}],"up":[{"embeddable":true,"href":"https:\/\/theatreculture.org\/wp-json\/wp\/v2\/pages\/1588"}],"wp:featuredmedia":[{"embeddable":true,"href":"https:\/\/theatreculture.org\/wp-json\/wp\/v2\/media\/722"}],"wp:attachment":[{"href":"https:\/\/theatreculture.org\/wp-json\/wp\/v2\/media?parent=1593"}],"curies":[{"name":"wp","href":"https:\/\/api.w.org\/{rel}","templated":true}]}}