{"id":1520,"date":"2018-09-25T22:59:11","date_gmt":"2018-09-25T21:59:11","guid":{"rendered":"https:\/\/aktzent.cramer-cons.de\/?page_id=1520"},"modified":"2024-11-26T20:01:15","modified_gmt":"2024-11-26T19:01:15","slug":"bewerbunganmeldung","status":"publish","type":"page","link":"https:\/\/theatreculture.org\/de\/kontakt\/bewerbunganmeldung\/","title":{"rendered":"BEWERBUNG + ANMELDUNG"},"content":{"rendered":"<div role=\"form\" class=\"wpcf7\" id=\"wpcf7-f1519-o1\" lang=\"en-US\" dir=\"ltr\">\n<div class=\"screen-reader-response\"><p role=\"status\" aria-live=\"polite\" aria-atomic=\"true\"><\/p> <ul><\/ul><\/div>\n<form action=\"\/de\/wp-json\/wp\/v2\/pages\/1520#wpcf7-f1519-o1\" method=\"post\" class=\"wpcf7-form init\" enctype=\"multipart\/form-data\" novalidate=\"novalidate\" data-status=\"init\">\n<div style=\"display: none;\">\n<input type=\"hidden\" name=\"_wpcf7\" value=\"1519\" \/>\n<input type=\"hidden\" name=\"_wpcf7_version\" value=\"5.5.3\" \/>\n<input type=\"hidden\" name=\"_wpcf7_locale\" value=\"en_US\" \/>\n<input type=\"hidden\" name=\"_wpcf7_unit_tag\" value=\"wpcf7-f1519-o1\" \/>\n<input type=\"hidden\" name=\"_wpcf7_container_post\" value=\"0\" \/>\n<input type=\"hidden\" name=\"_wpcf7_posted_data_hash\" value=\"\" \/>\n<\/div>\n<p><label> Name des Kurses (ben\u00f6tigt)<br \/>\n    <span class=\"wpcf7-form-control-wrap your-name-of-the-course\"><input type=\"text\" name=\"your-name-of-the-course\" value=\"\" size=\"40\" class=\"wpcf7-form-control wpcf7-text wpcf7-validates-as-required\" aria-required=\"true\" aria-invalid=\"false\" \/><\/span> <\/label><br \/>\n<label> Vorname, Name (ben\u00f6tigt)<br \/>\n    <span class=\"wpcf7-form-control-wrap your-name\"><input type=\"text\" name=\"your-name\" value=\"\" size=\"40\" class=\"wpcf7-form-control wpcf7-text wpcf7-validates-as-required\" aria-required=\"true\" aria-invalid=\"false\" \/><\/span> <\/label><br \/>\n<label> Email (ben\u00f6tigt)<br \/>\n    <span class=\"wpcf7-form-control-wrap your-email\"><input type=\"email\" name=\"your-email\" value=\"\" size=\"40\" class=\"wpcf7-form-control wpcf7-text wpcf7-email wpcf7-validates-as-required wpcf7-validates-as-email\" aria-required=\"true\" aria-invalid=\"false\" \/><\/span> <\/label><\/p>\n<p><b>Adresse:<\/b><br \/>\n<label> Strasse, Nr. (ben\u00f6tigt)<br \/>\n    <span class=\"wpcf7-form-control-wrap your-street\"><input type=\"text\" name=\"your-street\" value=\"\" size=\"40\" class=\"wpcf7-form-control wpcf7-text wpcf7-validates-as-required\" aria-required=\"true\" aria-invalid=\"false\" \/><\/span> <\/label><br \/>\n<label> PLZ, Stadt (ben\u00f6tigt)<br \/>\n    <span class=\"wpcf7-form-control-wrap your-city\"><input type=\"text\" name=\"your-city\" value=\"\" size=\"40\" class=\"wpcf7-form-control wpcf7-text wpcf7-validates-as-required\" aria-required=\"true\" aria-invalid=\"false\" \/><\/span> <\/label><br \/>\n<label> Land (ben\u00f6tigt)<br \/>\n    <span class=\"wpcf7-form-control-wrap your-country\"><input type=\"text\" name=\"your-country\" value=\"\" size=\"40\" class=\"wpcf7-form-control wpcf7-text wpcf7-validates-as-required\" aria-required=\"true\" aria-invalid=\"false\" \/><\/span> <\/label><\/p>\n<p><label> Telefon (+ Vorwahl)<br \/>\n    <span class=\"wpcf7-form-control-wrap your-phone\"><input type=\"text\" name=\"your-phone\" value=\"\" size=\"40\" class=\"wpcf7-form-control wpcf7-text\" aria-invalid=\"false\" \/><\/span> <\/label><br \/>\n<label> Website<br \/>\n    <span class=\"wpcf7-form-control-wrap your-website\"><input type=\"url\" name=\"your-website\" value=\"\" size=\"40\" class=\"wpcf7-form-control wpcf7-text wpcf7-url wpcf7-validates-as-url\" aria-invalid=\"false\" \/><\/span> <\/label><\/p>\n<p><label> Ihre Nachricht und Motivationsschreiben<br \/>\n<span class=\"wpcf7-form-control-wrap YourMessageandLetterofMotivation\"><textarea name=\"YourMessageandLetterofMotivation\" cols=\"40\" rows=\"10\" class=\"wpcf7-form-control wpcf7-textarea wpcf7-validates-as-required\" aria-required=\"true\" aria-invalid=\"false\"><\/textarea><\/span> <\/label><\/p>\n<p><label> Hier k\u00f6nnen Sie Ihren Lebenslauf hochladen (Limit 1 MB). Nur notwendig, wenn Sie keine Website angegeben haben<br \/>\n<span class=\"wpcf7-form-control-wrap CV\"><input type=\"file\" name=\"CV\" size=\"40\" class=\"wpcf7-form-control wpcf7-file\" accept=\".jpg,.jpeg,.png,.gif,.pdf,.doc,.docx,.ppt,.pptx,.odt,.avi,.ogg,.m4a,.mov,.mp3,.mp4,.mpg,.wav,.wmv\" aria-invalid=\"false\" \/><\/span><\/label><\/p>\n<p><label> Hier k\u00f6nnen Sie ein Bild hochladen (Limit 2 MB). Nur notwendig, wenn Sie keine Website angegeben haben<br \/>\n<span class=\"wpcf7-form-control-wrap picture\"><input type=\"file\" name=\"picture\" size=\"40\" class=\"wpcf7-form-control wpcf7-file\" accept=\".jpg,.jpeg,.png,.gif,.pdf,.doc,.docx,.ppt,.pptx,.odt,.avi,.ogg,.m4a,.mov,.mp3,.mp4,.mpg,.wav,.wmv\" aria-invalid=\"false\" \/><\/span><\/label><\/p>\n<p><span class=\"wpcf7-form-control-wrap PrivacyPolicy\"><span class=\"wpcf7-form-control wpcf7-acceptance\"><span class=\"wpcf7-list-item\"><label><input type=\"checkbox\" name=\"PrivacyPolicy\" value=\"1\" aria-invalid=\"false\" \/><span class=\"wpcf7-list-item-label\">Ich stimme der <a href=\"\/de\/datenschutz\/\" style=\"color:green;font-weight:bold;\">Datenschutzerkl\u00e4rung<\/a> zu und akzeptiere die untenstehenden Teilnahmebedingungen.<\/span><\/label><\/span><\/span><\/span><\/p>\n<p><div id=\"cf7sr-69ebb168b3289\" class=\"cf7sr-g-recaptcha\" data-theme=\"light\" data-type=\"image\" data-size=\"normal\" data-sitekey=\"6LcSQ54qAAAAADYTPiUENCtx1DSeAZF27rrVUaBQ\"><\/div><span class=\"wpcf7-form-control-wrap cf7sr-recaptcha\" data-name=\"cf7sr-recaptcha\"><input type=\"hidden\" name=\"cf7sr-recaptcha\" value=\"\" class=\"wpcf7-form-control\"><\/span><\/p>\n<p><input type=\"submit\" value=\"Absenden\" class=\"wpcf7-form-control has-spinner wpcf7-submit\" \/><\/p>\n<div class=\"wpcf7-response-output\" aria-hidden=\"true\"><\/div><\/form><\/div>\n<p><strong>Teilnahmebedingungen:<\/strong><\/p>\n<p>Die Auswahl der Bewerbungen wird von der k\u00fcnstlerischen Leitung des Kurses \/ Team vorgenommen. Sie werden gem\u00e4\u00df der in der Ausschreibung des Kurses genannten <em>Deadlines<\/em> informiert.<\/p>\n<p>F\u00fcr einzelne Kurse bitten wir um eine Anmeldegeb\u00fchr, d.h. der Platz ist erst nach Zahlung verbindlich reserviert. Sie wird bei Absage nicht r\u00fcckerstattet.<br \/>\nDie verbleibende Kursgeb\u00fchr ist bis zum ersten Seminartag f\u00e4llig. Barzahlung ist m\u00f6glich, die Form der \u00dcberweisung wird bevorzugt, zahlbar auf das Konto:<\/p>\n<p>World Theatre Training Institute AKT-ZENT<br \/>\nIBAN: DE89 1005 0000 0230 0322 06<br \/>\nBIC: BELADEBEXXX<\/p>\n<p>Bitte beachten Sie, dass die Seminargeb\u00fchr weder Kranken- noch Unfallversicherungsschutz beinhaltet. Es k\u00f6nnen keine Anspr\u00fcche gegen\u00fcber dem Veranstalter geltend gemacht werden.<\/p>\n<p>Bildrechte:<br \/>\nF\u00fcr die Produktion von Lehrmaterial des World Theatre Training Institute AKT-ZENT\/ITI,<br \/>\nstimme ich folgendem unwiderruflich zu:<br \/>\n1. W\u00e4hrend des Seminars d\u00fcrfen Photos, Film- und Audioaufnahmen von meiner Person und Stimme gemacht und zu diesem Zweck verwendet werden.<br \/>\n2. Die Verwendung darf in allen heute bekannten und zuk\u00fcnftig erfundenen Medienformaten weltweit stattfinden; zeitlich unbegrenzt f\u00fcr den Zweck der Ausbildung und Training, dessen Werbung und Information.<\/p>\n","protected":false},"excerpt":{"rendered":"<p>Teilnahmebedingungen: Die Auswahl der Bewerbungen wird von der k\u00fcnstlerischen Leitung des Kurses \/ Team vorgenommen. Sie werden gem\u00e4\u00df der in der Ausschreibung des Kurses genannten Deadlines informiert. F\u00fcr einzelne Kurse bitten wir um eine Anmeldegeb\u00fchr, d.h. der Platz ist erst nach Zahlung verbindlich reserviert. Sie wird bei Absage nicht r\u00fcckerstattet. Die verbleibende Kursgeb\u00fchr ist bis [&hellip;]<\/p>\n","protected":false},"author":1,"featured_media":0,"parent":1522,"menu_order":2,"comment_status":"closed","ping_status":"closed","template":"","meta":[],"yoast_head":"<!-- This site is optimized with the Yoast SEO plugin v17.9 - https:\/\/yoast.com\/wordpress\/plugins\/seo\/ -->\n<title>BEWERBUNG + ANMELDUNG - World Theatre Training Institute AKT-ZENT\/ITI<\/title>\n<meta name=\"robots\" content=\"index, follow, max-snippet:-1, max-image-preview:large, max-video-preview:-1\" \/>\n<link rel=\"canonical\" href=\"https:\/\/theatreculture.org\/de\/kontakt\/bewerbunganmeldung\/\" \/>\n<meta property=\"og:locale\" content=\"de_DE\" \/>\n<meta property=\"og:type\" content=\"article\" \/>\n<meta property=\"og:title\" content=\"BEWERBUNG + ANMELDUNG - World Theatre Training Institute AKT-ZENT\/ITI\" \/>\n<meta property=\"og:description\" content=\"Teilnahmebedingungen: Die Auswahl der Bewerbungen wird von der k\u00fcnstlerischen Leitung des Kurses \/ Team vorgenommen. Sie werden gem\u00e4\u00df der in der Ausschreibung des Kurses genannten Deadlines informiert. F\u00fcr einzelne Kurse bitten wir um eine Anmeldegeb\u00fchr, d.h. der Platz ist erst nach Zahlung verbindlich reserviert. Sie wird bei Absage nicht r\u00fcckerstattet. Die verbleibende Kursgeb\u00fchr ist bis [&hellip;]\" \/>\n<meta property=\"og:url\" content=\"https:\/\/theatreculture.org\/de\/kontakt\/bewerbunganmeldung\/\" \/>\n<meta property=\"og:site_name\" content=\"World Theatre Training Institute AKT-ZENT\/ITI\" \/>\n<meta property=\"article:publisher\" content=\"https:\/\/www.facebook.com\/theatreculture.org\/\" \/>\n<meta property=\"article:modified_time\" content=\"2024-11-26T19:01:15+00:00\" \/>\n<meta name=\"twitter:card\" content=\"summary_large_image\" \/>\n<meta name=\"twitter:label1\" content=\"Gesch\u00e4tzte Lesezeit\" \/>\n\t<meta name=\"twitter:data1\" content=\"1\u00a0Minute\" \/>\n<script type=\"application\/ld+json\" class=\"yoast-schema-graph\">{\"@context\":\"https:\/\/schema.org\",\"@graph\":[{\"@type\":\"Organization\",\"@id\":\"https:\/\/theatreculture.org\/#organization\",\"name\":\"World Theatre Training Institute AKT-ZENT\",\"url\":\"https:\/\/theatreculture.org\/\",\"sameAs\":[\"https:\/\/www.facebook.com\/theatreculture.org\/\",\"https:\/\/www.instagram.com\/worldtheatretraining\/\",\"https:\/\/www.youtube.com\/@worldtheatretraininginstit4622\",\"https:\/\/en.wikipedia.org\/wiki\/World_Theatre_Training_Institute\"],\"logo\":{\"@type\":\"ImageObject\",\"@id\":\"https:\/\/theatreculture.org\/#logo\",\"inLanguage\":\"de\",\"url\":\"https:\/\/theatreculture.org\/wp-content\/uploads\/2018\/02\/maennchen_quadrat_gruen.jpg\",\"contentUrl\":\"https:\/\/theatreculture.org\/wp-content\/uploads\/2018\/02\/maennchen_quadrat_gruen.jpg\",\"width\":1435,\"height\":1435,\"caption\":\"World Theatre Training Institute AKT-ZENT\"},\"image\":{\"@id\":\"https:\/\/theatreculture.org\/#logo\"}},{\"@type\":\"WebSite\",\"@id\":\"https:\/\/theatreculture.org\/#website\",\"url\":\"https:\/\/theatreculture.org\/\",\"name\":\"World Theatre Training Institute AKT-ZENT\/ITI\",\"description\":\"\",\"publisher\":{\"@id\":\"https:\/\/theatreculture.org\/#organization\"},\"potentialAction\":[{\"@type\":\"SearchAction\",\"target\":{\"@type\":\"EntryPoint\",\"urlTemplate\":\"https:\/\/theatreculture.org\/?s={search_term_string}\"},\"query-input\":\"required name=search_term_string\"}],\"inLanguage\":\"de\"},{\"@type\":\"WebPage\",\"@id\":\"https:\/\/theatreculture.org\/de\/kontakt\/bewerbunganmeldung\/#webpage\",\"url\":\"https:\/\/theatreculture.org\/de\/kontakt\/bewerbunganmeldung\/\",\"name\":\"BEWERBUNG + ANMELDUNG - World Theatre Training Institute AKT-ZENT\/ITI\",\"isPartOf\":{\"@id\":\"https:\/\/theatreculture.org\/#website\"},\"datePublished\":\"2018-09-25T21:59:11+00:00\",\"dateModified\":\"2024-11-26T19:01:15+00:00\",\"breadcrumb\":{\"@id\":\"https:\/\/theatreculture.org\/de\/kontakt\/bewerbunganmeldung\/#breadcrumb\"},\"inLanguage\":\"de\",\"potentialAction\":[{\"@type\":\"ReadAction\",\"target\":[\"https:\/\/theatreculture.org\/de\/kontakt\/bewerbunganmeldung\/\"]}]},{\"@type\":\"BreadcrumbList\",\"@id\":\"https:\/\/theatreculture.org\/de\/kontakt\/bewerbunganmeldung\/#breadcrumb\",\"itemListElement\":[{\"@type\":\"ListItem\",\"position\":1,\"name\":\"Startseite\",\"item\":\"https:\/\/theatreculture.org\/\"},{\"@type\":\"ListItem\",\"position\":2,\"name\":\"KONTAKT\",\"item\":\"https:\/\/theatreculture.org\/de\/kontakt\/\"},{\"@type\":\"ListItem\",\"position\":3,\"name\":\"BEWERBUNG + ANMELDUNG\"}]}]}<\/script>\n<!-- \/ Yoast SEO plugin. -->","yoast_head_json":{"title":"BEWERBUNG + ANMELDUNG - World Theatre Training Institute AKT-ZENT\/ITI","robots":{"index":"index","follow":"follow","max-snippet":"max-snippet:-1","max-image-preview":"max-image-preview:large","max-video-preview":"max-video-preview:-1"},"canonical":"https:\/\/theatreculture.org\/de\/kontakt\/bewerbunganmeldung\/","og_locale":"de_DE","og_type":"article","og_title":"BEWERBUNG + ANMELDUNG - World Theatre Training Institute AKT-ZENT\/ITI","og_description":"Teilnahmebedingungen: Die Auswahl der Bewerbungen wird von der k\u00fcnstlerischen Leitung des Kurses \/ Team vorgenommen. Sie werden gem\u00e4\u00df der in der Ausschreibung des Kurses genannten Deadlines informiert. F\u00fcr einzelne Kurse bitten wir um eine Anmeldegeb\u00fchr, d.h. der Platz ist erst nach Zahlung verbindlich reserviert. Sie wird bei Absage nicht r\u00fcckerstattet. Die verbleibende Kursgeb\u00fchr ist bis [&hellip;]","og_url":"https:\/\/theatreculture.org\/de\/kontakt\/bewerbunganmeldung\/","og_site_name":"World Theatre Training Institute AKT-ZENT\/ITI","article_publisher":"https:\/\/www.facebook.com\/theatreculture.org\/","article_modified_time":"2024-11-26T19:01:15+00:00","twitter_card":"summary_large_image","twitter_misc":{"Gesch\u00e4tzte Lesezeit":"1\u00a0Minute"},"schema":{"@context":"https:\/\/schema.org","@graph":[{"@type":"Organization","@id":"https:\/\/theatreculture.org\/#organization","name":"World Theatre Training Institute AKT-ZENT","url":"https:\/\/theatreculture.org\/","sameAs":["https:\/\/www.facebook.com\/theatreculture.org\/","https:\/\/www.instagram.com\/worldtheatretraining\/","https:\/\/www.youtube.com\/@worldtheatretraininginstit4622","https:\/\/en.wikipedia.org\/wiki\/World_Theatre_Training_Institute"],"logo":{"@type":"ImageObject","@id":"https:\/\/theatreculture.org\/#logo","inLanguage":"de","url":"https:\/\/theatreculture.org\/wp-content\/uploads\/2018\/02\/maennchen_quadrat_gruen.jpg","contentUrl":"https:\/\/theatreculture.org\/wp-content\/uploads\/2018\/02\/maennchen_quadrat_gruen.jpg","width":1435,"height":1435,"caption":"World Theatre Training Institute AKT-ZENT"},"image":{"@id":"https:\/\/theatreculture.org\/#logo"}},{"@type":"WebSite","@id":"https:\/\/theatreculture.org\/#website","url":"https:\/\/theatreculture.org\/","name":"World Theatre Training Institute AKT-ZENT\/ITI","description":"","publisher":{"@id":"https:\/\/theatreculture.org\/#organization"},"potentialAction":[{"@type":"SearchAction","target":{"@type":"EntryPoint","urlTemplate":"https:\/\/theatreculture.org\/?s={search_term_string}"},"query-input":"required name=search_term_string"}],"inLanguage":"de"},{"@type":"WebPage","@id":"https:\/\/theatreculture.org\/de\/kontakt\/bewerbunganmeldung\/#webpage","url":"https:\/\/theatreculture.org\/de\/kontakt\/bewerbunganmeldung\/","name":"BEWERBUNG + ANMELDUNG - World Theatre Training Institute AKT-ZENT\/ITI","isPartOf":{"@id":"https:\/\/theatreculture.org\/#website"},"datePublished":"2018-09-25T21:59:11+00:00","dateModified":"2024-11-26T19:01:15+00:00","breadcrumb":{"@id":"https:\/\/theatreculture.org\/de\/kontakt\/bewerbunganmeldung\/#breadcrumb"},"inLanguage":"de","potentialAction":[{"@type":"ReadAction","target":["https:\/\/theatreculture.org\/de\/kontakt\/bewerbunganmeldung\/"]}]},{"@type":"BreadcrumbList","@id":"https:\/\/theatreculture.org\/de\/kontakt\/bewerbunganmeldung\/#breadcrumb","itemListElement":[{"@type":"ListItem","position":1,"name":"Startseite","item":"https:\/\/theatreculture.org\/"},{"@type":"ListItem","position":2,"name":"KONTAKT","item":"https:\/\/theatreculture.org\/de\/kontakt\/"},{"@type":"ListItem","position":3,"name":"BEWERBUNG + ANMELDUNG"}]}]}},"_links":{"self":[{"href":"https:\/\/theatreculture.org\/wp-json\/wp\/v2\/pages\/1520"}],"collection":[{"href":"https:\/\/theatreculture.org\/wp-json\/wp\/v2\/pages"}],"about":[{"href":"https:\/\/theatreculture.org\/wp-json\/wp\/v2\/types\/page"}],"author":[{"embeddable":true,"href":"https:\/\/theatreculture.org\/wp-json\/wp\/v2\/users\/1"}],"replies":[{"embeddable":true,"href":"https:\/\/theatreculture.org\/wp-json\/wp\/v2\/comments?post=1520"}],"version-history":[{"count":10,"href":"https:\/\/theatreculture.org\/wp-json\/wp\/v2\/pages\/1520\/revisions"}],"predecessor-version":[{"id":1749,"href":"https:\/\/theatreculture.org\/wp-json\/wp\/v2\/pages\/1520\/revisions\/1749"}],"up":[{"embeddable":true,"href":"https:\/\/theatreculture.org\/wp-json\/wp\/v2\/pages\/1522"}],"wp:attachment":[{"href":"https:\/\/theatreculture.org\/wp-json\/wp\/v2\/media?parent=1520"}],"curies":[{"name":"wp","href":"https:\/\/api.w.org\/{rel}","templated":true}]}}