{"id":1417,"date":"2018-09-21T08:32:04","date_gmt":"2018-09-21T07:32:04","guid":{"rendered":"https:\/\/aktzent.cramer-cons.de\/?page_id=1417"},"modified":"2019-11-07T11:24:24","modified_gmt":"2019-11-07T10:24:24","slug":"althattheatre","status":"publish","type":"page","link":"https:\/\/theatreculture.org\/de\/die-schule\/althattheatre\/","title":{"rendered":"ALthattheatre"},"content":{"rendered":"<h2><\/h2>\n<h2><strong>Mit <em>AL<\/em><\/strong><strong>thattheatre beginnt eine Revolution in der Schauspielausbildung<br \/>\n<\/strong><\/h2>\n<p><span style=\"color: #000000;\"><em>Das Forschungszentrum des ITI &#8211; World Organization for the Performing Arts &#8211; bietet K\u00fcnstler*innen an, an der Innovation des Schauspieltrainings mitzuwirken.<\/em><\/span><\/p>\n<p><strong><em>AL<\/em><\/strong><strong>thattheatre <\/strong>wurde von dem international anerkannten Theaterregisseur und Lehrer <span style=\"color: #008000;\"><strong><a style=\"color: #008000;\" href=\"http:\/\/theatreculture.org\/de\/ueber-uns\/kuenstlerischer-leiter\/\">Dr. Jurij Alschitz<\/a><\/strong><\/span> entwickelt. Gemeinsam mit seinem Lehrerteam f\u00fchrt er die <strong>Quantenp\u00e4dagogik<\/strong> in die Schauspielausbildung ein.<\/p>\n<p>Aufgrund eines innovativen Lehrkonzepts bietet <strong><em>AL<\/em><\/strong><strong>thattheatre<\/strong> sowohl eine Grundausbildung, als auch eine Weiterbildung f\u00fcr professionelle Theaterschaffende.<\/p>\n<table width=\"100%\">\n<tbody>\n<tr>\n<td style=\"background-color: #6dd419; width: 100%;\" width=\"100%\">\n<h3 style=\"text-align: center;\"><span style=\"color: #ffffff;\"><a style=\"color: #ffffff;\" href=\"http:\/\/theatreculture.org\/de\/die-schule\/meine-theaterausbildung\/\"><strong>Meine Theaterausbildung <\/strong><\/a><\/span><\/h3>\n<p style=\"text-align: center;\"><a href=\"http:\/\/theatreculture.org\/de\/die-schule\/meine-theaterausbildung\/\"><strong><span style=\"color: #ffffff;\">Schauspielschule \u2666 Geburt des K\u00fcnstlers<\/span><\/strong><\/a><\/p>\n<\/td>\n<\/tr>\n<\/tbody>\n<\/table>\n<table width=\"100%\">\n<tbody>\n<tr>\n<td style=\"background-color: #3bb01e; width: 100%;\" width=\"100%\">\n<h3 style=\"text-align: center;\"><a href=\"http:\/\/theatreculture.org\/de\/die-schule\/postgraduierte-perspektive\/\"><strong><span style=\"color: #ffffff;\">Postgraduierte Perspektive<\/span><\/strong><\/a><\/h3>\n<p style=\"text-align: center;\"><span style=\"color: #ffffff;\"><strong><span style=\"color: #ffffff;\"><a style=\"color: #ffffff;\" href=\"http:\/\/theatreculture.org\/de\/die-schule\/postgraduierte-perspektive\/\">Professionelle Ideen f\u00fcr professionelles Theater \u2666 Wiedergeburt des K\u00fcnstlers<\/a><\/span><br \/>\n<\/strong><\/span><\/p>\n<\/td>\n<\/tr>\n<\/tbody>\n<\/table>\n<table width=\"100%\">\n<tbody>\n<tr>\n<td style=\"background-color: #1f7821; width: 100%;\" width=\"100%\">\n<h3 style=\"text-align: center;\"><a href=\"http:\/\/theatreculture.org\/de\/die-schule\/forschung-quantenpadagogik\/\"><strong><span style=\"color: #ffffff;\">Forschung Quantenp\u00e4dagogik<\/span><\/strong><\/a><\/h3>\n<p style=\"text-align: center;\"><strong><a href=\"http:\/\/theatreculture.org\/de\/die-schule\/forschung-quantenpadagogik\/\"><span style=\"color: #ffffff;\">Impuls Training und Resonanztheorie \u2666\u00a0 Hybrid Theatre Training \u2666 Homo Creativus<\/span><\/a><br \/>\n<\/strong><\/p>\n<\/td>\n<\/tr>\n<\/tbody>\n<\/table>\n<h3><strong>Jurij Alschitz: Vision f\u00fcr <em>AL<\/em>thattheatre<\/strong><\/h3>\n<p>\u201eTheater als Ganzes ist nicht die Summe seiner Teile. Es ist nicht die Summe von Auff\u00fchrungen, Rollen, Theorien, Ideen etc.. Stattdessen ist das Theater ein gro\u00dfer Organismus, dem all diese Teile angeh\u00f6ren.<\/p>\n<p>Als Schauspieler sind wir Partikel dieses Theaterorganismus, genauso wie Atome die Materie bilden. Wir geh\u00f6ren dem Theater an, w\u00e4hrend wir zugleich dessen Essenz in uns tragen. Alles, was auf irgendeine Weise zum Theater geh\u00f6rt &#8211; sei es eine bekannte Theorie, eine gro\u00dfe oder kleine Auff\u00fchrung, ein unentdeckter Schauspieler oder ein Star &#8211; sind Bestandteile der gro\u00dfen Sph\u00e4re des Theater, die auf ihre einzigartige Weise dazu beitragen, das Ganze zu bilden. Daraus ergibt sich logischerweise eine Resonanz zwischen dem Schauspieler als Micro-Theater und seinem Macro-Theater; und so wird ein \u201eheiliger Bund\u201c zwischen dem Schauspieler und seinem Theater geschlossen.<\/p>\n<table style=\"width: 100%; border-collapse: collapse; background-color: #475457;\">\n<tbody>\n<tr>\n<td style=\"width: 100%; background-color: #e82d10;\"><span style=\"color: #ffffff;\"><em><strong>This is it! The Law of the Theatre must be enclosed within the hearts of actors! Do not teach methods and systems from the start, but write the Covenant in their hearts so that they feel that they are people of the Theatre.<\/strong><\/em><\/span><\/td>\n<\/tr>\n<\/tbody>\n<\/table>\n<p>Dieses Konzept von Theater enth\u00e4lt das Gef\u00fchl von Ewigkeit. Das Theater ist tats\u00e4chlich eine zeitlose Einheit, die keine Vergangenheit oder Zukunft kennt. Das Theater lebt in der ewigen Gegenwart. Diese Zeitlosigkeit erlaubt jedem, \u00fcberall, zu jeder Zeit teilzuhaben. Das ist das Entscheidende des Projektes <strong><em>AL<\/em><\/strong><strong>thattheatre<\/strong>: es wendet sich an jeden auf diesem Globus, jedweden Alters, Geschlecht, Nationalit\u00e4t oder Berufserfahrung. Ungeachtet unserer Differenzen ist es die Resonanz zum Theater, die uns zusammenbringt, uns gemeinsam arbeiten und unser Wissen vermehren l\u00e4\u00dft.<\/p>\n<p><strong><em>AL<\/em><\/strong><strong>thattheatre<\/strong> er\u00f6ffnet jedem erstaunliche Ebenen von gedanklicher Durchdringung, die bef\u00e4higen, das \u201eeigene Theater\u201c zu erschaffen und so als einzigartige Pers\u00f6nlichkeit aus dem Prozess hervorzugehen. Erst auf diesem Fundament ist es nutzbringend, verschiedene Methoden und Techniken zu lernen, um die k\u00fcnstlerische Kreativit\u00e4t zu steigern.\u201c<\/p>\n<p><strong> <em>AL<\/em>thattheatre wird durch ein internationles Lehrerteam unterrichtet, das von Dr. Jurij Alschitz aufgebaut wurde und seit vielen Jahren zusammenarbeitet.<br \/>\n<\/strong><\/p>\n<p><strong>Die Stimmen der Lehrer:<\/strong> <a href=\"http:\/\/theatreculture.org\/de\/idea-centre\/the-teachers-voices\/\"><strong><span style=\"color: #008000;\">the teachers\u2019 voices<\/span><\/strong><\/a><\/p>\n<h3><strong><span style=\"color: #e82d10;\">Kontaktieren Sie uns: +49 30 612 87274<\/span> oder <span style=\"color: #008000;\"><a style=\"color: #008000;\" href=\"http:\/\/theatreculture.org\/de\/kontakt\/kontaktformular\/\" target=\"_blank\" rel=\"noopener noreferrer\">per e-mail<\/a><\/span><\/strong><\/h3>\n","protected":false},"excerpt":{"rendered":"<p>Mit ALthattheatre beginnt eine Revolution in der Schauspielausbildung Das Forschungszentrum des ITI &#8211; World Organization for the Performing Arts &#8211; bietet K\u00fcnstler*innen an, an der Innovation des Schauspieltrainings mitzuwirken. ALthattheatre wurde von dem international anerkannten Theaterregisseur und Lehrer Dr. Jurij Alschitz entwickelt. Gemeinsam mit seinem Lehrerteam f\u00fchrt er die Quantenp\u00e4dagogik in die Schauspielausbildung ein. Aufgrund [&hellip;]<\/p>\n","protected":false},"author":1,"featured_media":1363,"parent":1566,"menu_order":1,"comment_status":"closed","ping_status":"closed","template":"","meta":[],"yoast_head":"<!-- This site is optimized with the Yoast SEO plugin v17.9 - https:\/\/yoast.com\/wordpress\/plugins\/seo\/ -->\n<title>ALthattheatre - Innovatives Schauspieltraining - Theatreculture<\/title>\n<meta name=\"description\" content=\"Mit ALthattheatre - innovatives Schauspieltraining beginnt eine Revolution in der Schauspielausbildung, mit Dr. Jurij Alschitz und internationalem Team.\" \/>\n<meta name=\"robots\" content=\"index, follow, max-snippet:-1, max-image-preview:large, max-video-preview:-1\" \/>\n<link rel=\"canonical\" href=\"https:\/\/theatreculture.org\/de\/die-schule\/althattheatre\/\" \/>\n<meta property=\"og:locale\" content=\"de_DE\" \/>\n<meta property=\"og:type\" content=\"article\" \/>\n<meta property=\"og:title\" content=\"ALthattheatre - Innovatives Schauspieltraining - Theatreculture\" \/>\n<meta property=\"og:description\" content=\"Mit ALthattheatre - innovatives Schauspieltraining beginnt eine Revolution in der Schauspielausbildung, mit Dr. Jurij Alschitz und internationalem Team.\" \/>\n<meta property=\"og:url\" content=\"https:\/\/theatreculture.org\/de\/die-schule\/althattheatre\/\" \/>\n<meta property=\"og:site_name\" content=\"World Theatre Training Institute AKT-ZENT\/ITI\" \/>\n<meta property=\"article:publisher\" content=\"https:\/\/www.facebook.com\/theatreculture.org\/\" \/>\n<meta property=\"article:modified_time\" content=\"2019-11-07T10:24:24+00:00\" \/>\n<meta property=\"og:image\" content=\"https:\/\/theatreculture.org\/wp-content\/uploads\/2018\/09\/AL.Logo_.jpg\" \/>\n\t<meta property=\"og:image:width\" content=\"813\" \/>\n\t<meta property=\"og:image:height\" content=\"829\" \/>\n\t<meta property=\"og:image:type\" content=\"image\/jpeg\" \/>\n<meta name=\"twitter:card\" content=\"summary_large_image\" \/>\n<meta name=\"twitter:label1\" content=\"Gesch\u00e4tzte Lesezeit\" \/>\n\t<meta name=\"twitter:data1\" content=\"2\u00a0Minuten\" \/>\n<script type=\"application\/ld+json\" class=\"yoast-schema-graph\">{\"@context\":\"https:\/\/schema.org\",\"@graph\":[{\"@type\":\"Organization\",\"@id\":\"https:\/\/theatreculture.org\/#organization\",\"name\":\"World Theatre Training Institute AKT-ZENT\",\"url\":\"https:\/\/theatreculture.org\/\",\"sameAs\":[\"https:\/\/www.facebook.com\/theatreculture.org\/\",\"https:\/\/www.instagram.com\/worldtheatretraining\/\",\"https:\/\/www.youtube.com\/@worldtheatretraininginstit4622\",\"https:\/\/en.wikipedia.org\/wiki\/World_Theatre_Training_Institute\"],\"logo\":{\"@type\":\"ImageObject\",\"@id\":\"https:\/\/theatreculture.org\/#logo\",\"inLanguage\":\"de\",\"url\":\"https:\/\/theatreculture.org\/wp-content\/uploads\/2018\/02\/maennchen_quadrat_gruen.jpg\",\"contentUrl\":\"https:\/\/theatreculture.org\/wp-content\/uploads\/2018\/02\/maennchen_quadrat_gruen.jpg\",\"width\":1435,\"height\":1435,\"caption\":\"World Theatre Training Institute AKT-ZENT\"},\"image\":{\"@id\":\"https:\/\/theatreculture.org\/#logo\"}},{\"@type\":\"WebSite\",\"@id\":\"https:\/\/theatreculture.org\/#website\",\"url\":\"https:\/\/theatreculture.org\/\",\"name\":\"World Theatre Training Institute AKT-ZENT\/ITI\",\"description\":\"\",\"publisher\":{\"@id\":\"https:\/\/theatreculture.org\/#organization\"},\"potentialAction\":[{\"@type\":\"SearchAction\",\"target\":{\"@type\":\"EntryPoint\",\"urlTemplate\":\"https:\/\/theatreculture.org\/?s={search_term_string}\"},\"query-input\":\"required name=search_term_string\"}],\"inLanguage\":\"de\"},{\"@type\":\"ImageObject\",\"@id\":\"https:\/\/theatreculture.org\/de\/die-schule\/althattheatre\/#primaryimage\",\"inLanguage\":\"de\",\"url\":\"https:\/\/theatreculture.org\/wp-content\/uploads\/2018\/09\/AL.Logo_.jpg\",\"contentUrl\":\"https:\/\/theatreculture.org\/wp-content\/uploads\/2018\/09\/AL.Logo_.jpg\",\"width\":813,\"height\":829,\"caption\":\"international theatre training\"},{\"@type\":\"WebPage\",\"@id\":\"https:\/\/theatreculture.org\/de\/die-schule\/althattheatre\/#webpage\",\"url\":\"https:\/\/theatreculture.org\/de\/die-schule\/althattheatre\/\",\"name\":\"ALthattheatre - Innovatives Schauspieltraining - Theatreculture\",\"isPartOf\":{\"@id\":\"https:\/\/theatreculture.org\/#website\"},\"primaryImageOfPage\":{\"@id\":\"https:\/\/theatreculture.org\/de\/die-schule\/althattheatre\/#primaryimage\"},\"datePublished\":\"2018-09-21T07:32:04+00:00\",\"dateModified\":\"2019-11-07T10:24:24+00:00\",\"description\":\"Mit ALthattheatre - innovatives Schauspieltraining beginnt eine Revolution in der Schauspielausbildung, mit Dr. Jurij Alschitz und internationalem Team.\",\"breadcrumb\":{\"@id\":\"https:\/\/theatreculture.org\/de\/die-schule\/althattheatre\/#breadcrumb\"},\"inLanguage\":\"de\",\"potentialAction\":[{\"@type\":\"ReadAction\",\"target\":[\"https:\/\/theatreculture.org\/de\/die-schule\/althattheatre\/\"]}]},{\"@type\":\"BreadcrumbList\",\"@id\":\"https:\/\/theatreculture.org\/de\/die-schule\/althattheatre\/#breadcrumb\",\"itemListElement\":[{\"@type\":\"ListItem\",\"position\":1,\"name\":\"Startseite\",\"item\":\"https:\/\/theatreculture.org\/\"},{\"@type\":\"ListItem\",\"position\":2,\"name\":\"Die Schule\",\"item\":\"https:\/\/theatreculture.org\/de\/die-schule\/\"},{\"@type\":\"ListItem\",\"position\":3,\"name\":\"ALthattheatre\"}]}]}<\/script>\n<!-- \/ Yoast SEO plugin. -->","yoast_head_json":{"title":"ALthattheatre - Innovatives Schauspieltraining - Theatreculture","description":"Mit ALthattheatre - innovatives Schauspieltraining beginnt eine Revolution in der Schauspielausbildung, mit Dr. Jurij Alschitz und internationalem Team.","robots":{"index":"index","follow":"follow","max-snippet":"max-snippet:-1","max-image-preview":"max-image-preview:large","max-video-preview":"max-video-preview:-1"},"canonical":"https:\/\/theatreculture.org\/de\/die-schule\/althattheatre\/","og_locale":"de_DE","og_type":"article","og_title":"ALthattheatre - Innovatives Schauspieltraining - Theatreculture","og_description":"Mit ALthattheatre - innovatives Schauspieltraining beginnt eine Revolution in der Schauspielausbildung, mit Dr. Jurij Alschitz und internationalem Team.","og_url":"https:\/\/theatreculture.org\/de\/die-schule\/althattheatre\/","og_site_name":"World Theatre Training Institute AKT-ZENT\/ITI","article_publisher":"https:\/\/www.facebook.com\/theatreculture.org\/","article_modified_time":"2019-11-07T10:24:24+00:00","og_image":[{"width":813,"height":829,"url":"https:\/\/theatreculture.org\/wp-content\/uploads\/2018\/09\/AL.Logo_.jpg","type":"image\/jpeg"}],"twitter_card":"summary_large_image","twitter_misc":{"Gesch\u00e4tzte Lesezeit":"2\u00a0Minuten"},"schema":{"@context":"https:\/\/schema.org","@graph":[{"@type":"Organization","@id":"https:\/\/theatreculture.org\/#organization","name":"World Theatre Training Institute AKT-ZENT","url":"https:\/\/theatreculture.org\/","sameAs":["https:\/\/www.facebook.com\/theatreculture.org\/","https:\/\/www.instagram.com\/worldtheatretraining\/","https:\/\/www.youtube.com\/@worldtheatretraininginstit4622","https:\/\/en.wikipedia.org\/wiki\/World_Theatre_Training_Institute"],"logo":{"@type":"ImageObject","@id":"https:\/\/theatreculture.org\/#logo","inLanguage":"de","url":"https:\/\/theatreculture.org\/wp-content\/uploads\/2018\/02\/maennchen_quadrat_gruen.jpg","contentUrl":"https:\/\/theatreculture.org\/wp-content\/uploads\/2018\/02\/maennchen_quadrat_gruen.jpg","width":1435,"height":1435,"caption":"World Theatre Training Institute AKT-ZENT"},"image":{"@id":"https:\/\/theatreculture.org\/#logo"}},{"@type":"WebSite","@id":"https:\/\/theatreculture.org\/#website","url":"https:\/\/theatreculture.org\/","name":"World Theatre Training Institute AKT-ZENT\/ITI","description":"","publisher":{"@id":"https:\/\/theatreculture.org\/#organization"},"potentialAction":[{"@type":"SearchAction","target":{"@type":"EntryPoint","urlTemplate":"https:\/\/theatreculture.org\/?s={search_term_string}"},"query-input":"required name=search_term_string"}],"inLanguage":"de"},{"@type":"ImageObject","@id":"https:\/\/theatreculture.org\/de\/die-schule\/althattheatre\/#primaryimage","inLanguage":"de","url":"https:\/\/theatreculture.org\/wp-content\/uploads\/2018\/09\/AL.Logo_.jpg","contentUrl":"https:\/\/theatreculture.org\/wp-content\/uploads\/2018\/09\/AL.Logo_.jpg","width":813,"height":829,"caption":"international theatre training"},{"@type":"WebPage","@id":"https:\/\/theatreculture.org\/de\/die-schule\/althattheatre\/#webpage","url":"https:\/\/theatreculture.org\/de\/die-schule\/althattheatre\/","name":"ALthattheatre - Innovatives Schauspieltraining - Theatreculture","isPartOf":{"@id":"https:\/\/theatreculture.org\/#website"},"primaryImageOfPage":{"@id":"https:\/\/theatreculture.org\/de\/die-schule\/althattheatre\/#primaryimage"},"datePublished":"2018-09-21T07:32:04+00:00","dateModified":"2019-11-07T10:24:24+00:00","description":"Mit ALthattheatre - innovatives Schauspieltraining beginnt eine Revolution in der Schauspielausbildung, mit Dr. Jurij Alschitz und internationalem Team.","breadcrumb":{"@id":"https:\/\/theatreculture.org\/de\/die-schule\/althattheatre\/#breadcrumb"},"inLanguage":"de","potentialAction":[{"@type":"ReadAction","target":["https:\/\/theatreculture.org\/de\/die-schule\/althattheatre\/"]}]},{"@type":"BreadcrumbList","@id":"https:\/\/theatreculture.org\/de\/die-schule\/althattheatre\/#breadcrumb","itemListElement":[{"@type":"ListItem","position":1,"name":"Startseite","item":"https:\/\/theatreculture.org\/"},{"@type":"ListItem","position":2,"name":"Die Schule","item":"https:\/\/theatreculture.org\/de\/die-schule\/"},{"@type":"ListItem","position":3,"name":"ALthattheatre"}]}]}},"_links":{"self":[{"href":"https:\/\/theatreculture.org\/wp-json\/wp\/v2\/pages\/1417"}],"collection":[{"href":"https:\/\/theatreculture.org\/wp-json\/wp\/v2\/pages"}],"about":[{"href":"https:\/\/theatreculture.org\/wp-json\/wp\/v2\/types\/page"}],"author":[{"embeddable":true,"href":"https:\/\/theatreculture.org\/wp-json\/wp\/v2\/users\/1"}],"replies":[{"embeddable":true,"href":"https:\/\/theatreculture.org\/wp-json\/wp\/v2\/comments?post=1417"}],"version-history":[{"count":58,"href":"https:\/\/theatreculture.org\/wp-json\/wp\/v2\/pages\/1417\/revisions"}],"predecessor-version":[{"id":3658,"href":"https:\/\/theatreculture.org\/wp-json\/wp\/v2\/pages\/1417\/revisions\/3658"}],"up":[{"embeddable":true,"href":"https:\/\/theatreculture.org\/wp-json\/wp\/v2\/pages\/1566"}],"wp:featuredmedia":[{"embeddable":true,"href":"https:\/\/theatreculture.org\/wp-json\/wp\/v2\/media\/1363"}],"wp:attachment":[{"href":"https:\/\/theatreculture.org\/wp-json\/wp\/v2\/media?parent=1417"}],"curies":[{"name":"wp","href":"https:\/\/api.w.org\/{rel}","templated":true}]}}