{"id":1403,"date":"2018-09-20T18:19:32","date_gmt":"2018-09-20T17:19:32","guid":{"rendered":"https:\/\/aktzent.cramer-cons.de\/?page_id=1403"},"modified":"2023-01-20T10:43:44","modified_gmt":"2023-01-20T09:43:44","slug":"team-of-teachers","status":"publish","type":"page","link":"https:\/\/theatreculture.org\/de\/ueber-uns\/team-of-teachers\/","title":{"rendered":"TEAM OF TEACHERS"},"content":{"rendered":"<h2>Das Lehrerteam<\/h2>\n<h3><img loading=\"lazy\" class=\"wp-image-141 alignleft\" src=\"https:\/\/aktzent.cramer-cons.de\/wp-content\/uploads\/2018\/02\/XXV-International-Directors\u2019-and-Trainers\u2019-Colloquium-300x300.jpg\" alt=\"\" width=\"284\" height=\"284\" srcset=\"https:\/\/theatreculture.org\/wp-content\/uploads\/2018\/02\/XXV-International-Directors\u2019-and-Trainers\u2019-Colloquium-300x300.jpg 300w, https:\/\/theatreculture.org\/wp-content\/uploads\/2018\/02\/XXV-International-Directors\u2019-and-Trainers\u2019-Colloquium-100x100.jpg 100w, https:\/\/theatreculture.org\/wp-content\/uploads\/2018\/02\/XXV-International-Directors\u2019-and-Trainers\u2019-Colloquium-200x200.jpg 200w, https:\/\/theatreculture.org\/wp-content\/uploads\/2018\/02\/XXV-International-Directors\u2019-and-Trainers\u2019-Colloquium-400x400.jpg 400w, https:\/\/theatreculture.org\/wp-content\/uploads\/2018\/02\/XXV-International-Directors\u2019-and-Trainers\u2019-Colloquium-150x150.jpg 150w, https:\/\/theatreculture.org\/wp-content\/uploads\/2018\/02\/XXV-International-Directors\u2019-and-Trainers\u2019-Colloquium-768x768.jpg 768w, https:\/\/theatreculture.org\/wp-content\/uploads\/2018\/02\/XXV-International-Directors\u2019-and-Trainers\u2019-Colloquium-1024x1024.jpg 1024w\" sizes=\"(max-width: 284px) 100vw, 284px\" \/>Der k\u00fcnstlerische Leiter<\/h3>\n<p><strong><a href=\"http:\/\/theatreculture.org\/de\/ueber-uns\/kuenstlerischer-leiter\/\"><span style=\"color: #008000;\">Dr Jurij Alschitz<\/span><\/a><\/strong> hat ein einzigartiges Model des <em>team teaching <\/em>entwickelt. Die Mitglieder sind zertifizierte Lehrer, die das Recht erhalten haben &#8222;<em>Training as Method<\/em>&#8220; zu unterrichten.<\/p>\n<figure id=\"attachment_137\" aria-describedby=\"caption-attachment-137\" style=\"width: 331px\" class=\"wp-caption alignright\"><img loading=\"lazy\" class=\"wp-image-137\" src=\"https:\/\/aktzent.cramer-cons.de\/wp-content\/uploads\/2018\/02\/XXV-International-Directors\u2019-and-Trainers\u2019-Colloquium-16-300x200.jpg\" alt=\"\" width=\"331\" height=\"221\" srcset=\"https:\/\/theatreculture.org\/wp-content\/uploads\/2018\/02\/XXV-International-Directors\u2019-and-Trainers\u2019-Colloquium-16-300x200.jpg 300w, https:\/\/theatreculture.org\/wp-content\/uploads\/2018\/02\/XXV-International-Directors\u2019-and-Trainers\u2019-Colloquium-16-200x133.jpg 200w, https:\/\/theatreculture.org\/wp-content\/uploads\/2018\/02\/XXV-International-Directors\u2019-and-Trainers\u2019-Colloquium-16-400x267.jpg 400w, https:\/\/theatreculture.org\/wp-content\/uploads\/2018\/02\/XXV-International-Directors\u2019-and-Trainers\u2019-Colloquium-16-768x512.jpg 768w, https:\/\/theatreculture.org\/wp-content\/uploads\/2018\/02\/XXV-International-Directors\u2019-and-Trainers\u2019-Colloquium-16-1024x683.jpg 1024w\" sizes=\"(max-width: 331px) 100vw, 331px\" \/><figcaption id=\"caption-attachment-137\" class=\"wp-caption-text\">all \u00a9 Christian A. Rogler<\/figcaption><\/figure>\n<h3><\/h3>\n<h3><\/h3>\n<h3><\/h3>\n<h3>Das Team<\/h3>\n<p>Die Lehrer arbeiten weltweit unabh\u00e4ngig mit der Verpflichtung sich regelm\u00e4\u00dfig weiterzubilden, um auf dem aktuellen Stand der Forschung von Jurij Alschitz zu bleiben. Je nach Natur eines Projektes oder eines Lehrauftrags des Instituts arbeitet das Team in verschiedenen Konstellationen und w\u00e4hlt das passende Format.<\/p>\n<h3><img loading=\"lazy\" class=\" wp-image-142 alignright\" src=\"https:\/\/aktzent.cramer-cons.de\/wp-content\/uploads\/2018\/02\/XXV-International-Directors\u2019-and-Trainers\u2019-Colloquium-9-300x202.jpg\" alt=\"\" width=\"331\" height=\"223\" srcset=\"https:\/\/theatreculture.org\/wp-content\/uploads\/2018\/02\/XXV-International-Directors\u2019-and-Trainers\u2019-Colloquium-9-300x202.jpg 300w, https:\/\/theatreculture.org\/wp-content\/uploads\/2018\/02\/XXV-International-Directors\u2019-and-Trainers\u2019-Colloquium-9-200x135.jpg 200w, https:\/\/theatreculture.org\/wp-content\/uploads\/2018\/02\/XXV-International-Directors\u2019-and-Trainers\u2019-Colloquium-9-400x269.jpg 400w, https:\/\/theatreculture.org\/wp-content\/uploads\/2018\/02\/XXV-International-Directors\u2019-and-Trainers\u2019-Colloquium-9-768x517.jpg 768w, https:\/\/theatreculture.org\/wp-content\/uploads\/2018\/02\/XXV-International-Directors\u2019-and-Trainers\u2019-Colloquium-9-1024x690.jpg 1024w\" sizes=\"(max-width: 331px) 100vw, 331px\" \/><\/h3>\n<p>Alle Mitglieder des Teams leiten ihr eigenes Theaterzentrum oder Theatergruppe; sie arbeiten als\u00a0 Regisseur*innen und als Lehrer*innen an Akademien.<\/p>\n<table style=\"border-collapse: collapse; width: 100%;\" border=\"1\">\n<tbody>\n<tr style=\"height: 194px;\">\n<td style=\"width: 25.8667%; height: 78px; text-align: left; vertical-align: top;\"><img loading=\"lazy\" class=\"wp-image-922 size-thumbnail alignleft\" src=\"https:\/\/aktzent.cramer-cons.de\/wp-content\/uploads\/2018\/08\/MG_6445-square-150x150.jpg\" alt=\"\" width=\"150\" height=\"150\" srcset=\"https:\/\/theatreculture.org\/wp-content\/uploads\/2018\/08\/MG_6445-square-150x150.jpg 150w, https:\/\/theatreculture.org\/wp-content\/uploads\/2018\/08\/MG_6445-square-100x100.jpg 100w, https:\/\/theatreculture.org\/wp-content\/uploads\/2018\/08\/MG_6445-square-300x300.jpg 300w, https:\/\/theatreculture.org\/wp-content\/uploads\/2018\/08\/MG_6445-square-768x768.jpg 768w, https:\/\/theatreculture.org\/wp-content\/uploads\/2018\/08\/MG_6445-square-1024x1024.jpg 1024w, https:\/\/theatreculture.org\/wp-content\/uploads\/2018\/08\/MG_6445-square-220x220.jpg 220w, https:\/\/theatreculture.org\/wp-content\/uploads\/2018\/08\/MG_6445-square-50x50.jpg 50w, https:\/\/theatreculture.org\/wp-content\/uploads\/2018\/08\/MG_6445-square-200x200.jpg 200w, https:\/\/theatreculture.org\/wp-content\/uploads\/2018\/08\/MG_6445-square-400x400.jpg 400w\" sizes=\"(max-width: 150px) 100vw, 150px\" \/><\/td>\n<td style=\"width: 74%; height: 78px; text-align: left; vertical-align: top;\"><span style=\"color: #008000;\"><a style=\"color: #008000;\" href=\"http:\/\/theatreculture.org\/de\/ueber-uns\/programm-direktorin\/\"><strong>Christine Schmalor<\/strong><\/a><\/span><strong>, Deutschland<\/strong><\/p>\n<p>Programmdirektorin des World Theatre Training Institute AKT-ZENT. Sie ist bei den meisten Projekten als Lehrerin beteiligt und \u00fcbernimmt die wissenschaftliche Dokumentation; Leitung <em>ars incognita<\/em> Buchpublikation; 2004-11 Pr\u00e4sidentin des ITI Theatre Education &amp; Training Committee.<\/td>\n<\/tr>\n<tr style=\"height: 166px;\">\n<td style=\"width: 25.8667%; height: 142px; text-align: left; vertical-align: top;\"><img loading=\"lazy\" class=\"wp-image-143 size-thumbnail alignleft\" src=\"https:\/\/aktzent.cramer-cons.de\/wp-content\/uploads\/2018\/02\/XXV-International-Directors\u2019-and-Trainers\u2019-Colloquium-15-150x150.jpg\" alt=\"\" width=\"150\" height=\"150\" srcset=\"https:\/\/theatreculture.org\/wp-content\/uploads\/2018\/02\/XXV-International-Directors\u2019-and-Trainers\u2019-Colloquium-15-150x150.jpg 150w, https:\/\/theatreculture.org\/wp-content\/uploads\/2018\/02\/XXV-International-Directors\u2019-and-Trainers\u2019-Colloquium-15-100x100.jpg 100w, https:\/\/theatreculture.org\/wp-content\/uploads\/2018\/02\/XXV-International-Directors\u2019-and-Trainers\u2019-Colloquium-15-200x200.jpg 200w, https:\/\/theatreculture.org\/wp-content\/uploads\/2018\/02\/XXV-International-Directors\u2019-and-Trainers\u2019-Colloquium-15-400x400.jpg 400w, https:\/\/theatreculture.org\/wp-content\/uploads\/2018\/02\/XXV-International-Directors\u2019-and-Trainers\u2019-Colloquium-15-300x300.jpg 300w, https:\/\/theatreculture.org\/wp-content\/uploads\/2018\/02\/XXV-International-Directors\u2019-and-Trainers\u2019-Colloquium-15-768x768.jpg 768w, https:\/\/theatreculture.org\/wp-content\/uploads\/2018\/02\/XXV-International-Directors\u2019-and-Trainers\u2019-Colloquium-15-1024x1024.jpg 1024w\" sizes=\"(max-width: 150px) 100vw, 150px\" \/><\/td>\n<td style=\"width: 74%; height: 142px; text-align: left; vertical-align: top;\"><strong><span style=\"color: #008000;\"><a style=\"color: #008000;\" href=\"https:\/\/www.facebook.com\/dimitris.tsiamis.7\" target=\"_blank\" rel=\"noopener noreferrer\">\u21d2Dimitris Tsiamis<\/a>\u00a0 <\/span>Greece<\/strong><\/p>\n<p>Gr\u00fcnder und k\u00fcnstlerischer Leiter <em><strong>Per-Theater-Formance company<\/strong><\/em> arbeitet weltweit als Schauspieler, Regisseur und Lehrer.<\/td>\n<\/tr>\n<tr style=\"height: 182px;\">\n<td style=\"width: 25.8667%; height: 159px; text-align: left; vertical-align: top;\"><img loading=\"lazy\" class=\"wp-image-144 size-thumbnail alignleft\" src=\"https:\/\/aktzent.cramer-cons.de\/wp-content\/uploads\/2018\/02\/XXV-International-Directors\u2019-and-Trainers\u2019-Colloquium-45-150x150.jpg\" alt=\"\" width=\"150\" height=\"150\" srcset=\"https:\/\/theatreculture.org\/wp-content\/uploads\/2018\/02\/XXV-International-Directors\u2019-and-Trainers\u2019-Colloquium-45-150x150.jpg 150w, https:\/\/theatreculture.org\/wp-content\/uploads\/2018\/02\/XXV-International-Directors\u2019-and-Trainers\u2019-Colloquium-45-100x100.jpg 100w, https:\/\/theatreculture.org\/wp-content\/uploads\/2018\/02\/XXV-International-Directors\u2019-and-Trainers\u2019-Colloquium-45-200x200.jpg 200w, https:\/\/theatreculture.org\/wp-content\/uploads\/2018\/02\/XXV-International-Directors\u2019-and-Trainers\u2019-Colloquium-45-400x400.jpg 400w, https:\/\/theatreculture.org\/wp-content\/uploads\/2018\/02\/XXV-International-Directors\u2019-and-Trainers\u2019-Colloquium-45-300x300.jpg 300w, https:\/\/theatreculture.org\/wp-content\/uploads\/2018\/02\/XXV-International-Directors\u2019-and-Trainers\u2019-Colloquium-45-768x768.jpg 768w, https:\/\/theatreculture.org\/wp-content\/uploads\/2018\/02\/XXV-International-Directors\u2019-and-Trainers\u2019-Colloquium-45-1024x1024.jpg 1024w\" sizes=\"(max-width: 150px) 100vw, 150px\" \/><\/td>\n<td style=\"width: 74%; height: 159px; text-align: left; vertical-align: top;\"><strong><span style=\"color: #008000;\"><span style=\"color: #000000;\">Riccardo Palmieri,<\/span> <\/span>Italy<\/strong><\/p>\n<p>Regiesseur, Lehrer, Schauspieler. Gr\u00fcnder und k\u00fcnstlerischer Leiter von <span style=\"color: #008000;\"><a style=\"color: #008000;\" href=\"https:\/\/www.facebook.com\/cajkateatro\/\" target=\"_blank\" rel=\"noopener noreferrer\"><strong>\u21d2<\/strong><em><strong>Cajka Teatro d\u2019Avanguardia Popolare<\/strong><\/em><\/a> <\/span>in Modena. Das Theater realisiert Eigenproduktionen und ist Gastgeber von internationalen und national Theaterevents.<\/td>\n<\/tr>\n<tr style=\"height: 192px;\">\n<td style=\"width: 25.8667%; height: 166px; text-align: left; vertical-align: top;\"><img loading=\"lazy\" class=\"wp-image-145 size-thumbnail alignleft\" src=\"https:\/\/aktzent.cramer-cons.de\/wp-content\/uploads\/2018\/02\/Olga-150x150.jpg\" alt=\"\" width=\"150\" height=\"150\" srcset=\"https:\/\/theatreculture.org\/wp-content\/uploads\/2018\/02\/Olga-150x150.jpg 150w, https:\/\/theatreculture.org\/wp-content\/uploads\/2018\/02\/Olga-100x100.jpg 100w, https:\/\/theatreculture.org\/wp-content\/uploads\/2018\/02\/Olga-200x200.jpg 200w, https:\/\/theatreculture.org\/wp-content\/uploads\/2018\/02\/Olga-400x400.jpg 400w, https:\/\/theatreculture.org\/wp-content\/uploads\/2018\/02\/Olga-300x300.jpg 300w, https:\/\/theatreculture.org\/wp-content\/uploads\/2018\/02\/Olga-768x768.jpg 768w, https:\/\/theatreculture.org\/wp-content\/uploads\/2018\/02\/Olga-1024x1024.jpg 1024w\" sizes=\"(max-width: 150px) 100vw, 150px\" \/><\/td>\n<td style=\"width: 74%; height: 166px; text-align: left; vertical-align: top;\"><strong><span style=\"color: #008000;\"><a style=\"color: #008000;\" href=\"https:\/\/www.olgalapina.net\/\" target=\"_blank\" rel=\"noopener noreferrer\">\u21d2Olga Lapina<\/a>\u00a0 <\/span>Lithuania<\/strong><\/p>\n<p class=\"font_7\">Regisseurin an verschiedenen litauischen Staatstheatern; Performances und workshops in Brasilien, Deutschland, Estland, Frankreich, Russland etc. Seit 2011 Schauspiel- und Regiedozentin an der Universit\u00e4t Klaipeda und an der Litauischen Akademie f\u00fcr Musik und Theater. PhD &#8222;Improvisation as a Creative Strategy in the Process of Making Performance&#8220; an der LMTA 2018.<\/p>\n<\/td>\n<\/tr>\n<\/tbody>\n<\/table>\n<p><strong>Adjunct<\/strong><\/p>\n<p>Apostolos Apostolides, Zypern<\/p>\n<p>Giampaolo Gotti, Frankreich \/ Italien<\/p>\n<p>Aus 25 Jahren Weiterbildungskursen sind hunderte von K\u00fcnstlern als Lehrer*innen und Regisseure*innen hervorgegangen, die auf der Basis von Jurij Alschitz &#8222;Training as Method&#8220; arbeiten und unterrichten.\u00a0 Siehe <strong><span style=\"color: #008000;\"><a style=\"color: #008000;\" href=\"https:\/\/theatreculture.org\/network\/alumni\/\">Alumni<\/a><\/span><\/strong>.<\/p>\n","protected":false},"excerpt":{"rendered":"<p>Das Lehrerteam Der k\u00fcnstlerische Leiter Dr Jurij Alschitz hat ein einzigartiges Model des team teaching entwickelt. Die Mitglieder sind zertifizierte Lehrer, die das Recht erhalten haben &#8222;Training as Method&#8220; zu unterrichten. Das Team Die Lehrer arbeiten weltweit unabh\u00e4ngig mit der Verpflichtung sich regelm\u00e4\u00dfig weiterzubilden, um auf dem aktuellen Stand der Forschung von Jurij Alschitz zu [&hellip;]<\/p>\n","protected":false},"author":1,"featured_media":0,"parent":1508,"menu_order":7,"comment_status":"closed","ping_status":"closed","template":"","meta":[],"yoast_head":"<!-- This site is optimized with the Yoast SEO plugin v17.9 - https:\/\/yoast.com\/wordpress\/plugins\/seo\/ -->\n<title>TEAM OF TEACHERS | World Theatre Training Institute AKT-ZENT<\/title>\n<meta name=\"description\" content=\"Dr. Jurij Alschitz hat ein einzigartiges Model des team teaching entwickelt. Das internationale Lehrerteam von AKT-ZENT unterrichtet auf gemeinsamer Basis.\" \/>\n<meta name=\"robots\" content=\"index, follow, max-snippet:-1, max-image-preview:large, max-video-preview:-1\" \/>\n<link rel=\"canonical\" href=\"https:\/\/theatreculture.org\/de\/ueber-uns\/team-of-teachers\/\" \/>\n<meta property=\"og:locale\" content=\"de_DE\" \/>\n<meta property=\"og:type\" content=\"article\" \/>\n<meta property=\"og:title\" content=\"TEAM OF TEACHERS | World Theatre Training Institute AKT-ZENT\" \/>\n<meta property=\"og:description\" content=\"Dr. Jurij Alschitz hat ein einzigartiges Model des team teaching entwickelt. Das internationale Lehrerteam von AKT-ZENT unterrichtet auf gemeinsamer Basis.\" \/>\n<meta property=\"og:url\" content=\"https:\/\/theatreculture.org\/de\/ueber-uns\/team-of-teachers\/\" \/>\n<meta property=\"og:site_name\" content=\"World Theatre Training Institute AKT-ZENT\/ITI\" \/>\n<meta property=\"article:publisher\" content=\"https:\/\/www.facebook.com\/theatreculture.org\/\" \/>\n<meta property=\"article:modified_time\" content=\"2023-01-20T09:43:44+00:00\" \/>\n<meta property=\"og:image\" content=\"https:\/\/aktzent.cramer-cons.de\/wp-content\/uploads\/2018\/02\/XXV-International-Directors\u2019-and-Trainers\u2019-Colloquium-300x300.jpg\" \/>\n<meta name=\"twitter:card\" content=\"summary_large_image\" \/>\n<meta name=\"twitter:label1\" content=\"Gesch\u00e4tzte Lesezeit\" \/>\n\t<meta name=\"twitter:data1\" content=\"3\u00a0Minuten\" \/>\n<script type=\"application\/ld+json\" class=\"yoast-schema-graph\">{\"@context\":\"https:\/\/schema.org\",\"@graph\":[{\"@type\":\"Organization\",\"@id\":\"https:\/\/theatreculture.org\/#organization\",\"name\":\"World Theatre Training Institute AKT-ZENT\",\"url\":\"https:\/\/theatreculture.org\/\",\"sameAs\":[\"https:\/\/www.facebook.com\/theatreculture.org\/\",\"https:\/\/www.instagram.com\/worldtheatretraining\/\",\"https:\/\/www.youtube.com\/@worldtheatretraininginstit4622\",\"https:\/\/en.wikipedia.org\/wiki\/World_Theatre_Training_Institute\"],\"logo\":{\"@type\":\"ImageObject\",\"@id\":\"https:\/\/theatreculture.org\/#logo\",\"inLanguage\":\"de\",\"url\":\"https:\/\/theatreculture.org\/wp-content\/uploads\/2018\/02\/maennchen_quadrat_gruen.jpg\",\"contentUrl\":\"https:\/\/theatreculture.org\/wp-content\/uploads\/2018\/02\/maennchen_quadrat_gruen.jpg\",\"width\":1435,\"height\":1435,\"caption\":\"World Theatre Training Institute AKT-ZENT\"},\"image\":{\"@id\":\"https:\/\/theatreculture.org\/#logo\"}},{\"@type\":\"WebSite\",\"@id\":\"https:\/\/theatreculture.org\/#website\",\"url\":\"https:\/\/theatreculture.org\/\",\"name\":\"World Theatre Training Institute AKT-ZENT\/ITI\",\"description\":\"\",\"publisher\":{\"@id\":\"https:\/\/theatreculture.org\/#organization\"},\"potentialAction\":[{\"@type\":\"SearchAction\",\"target\":{\"@type\":\"EntryPoint\",\"urlTemplate\":\"https:\/\/theatreculture.org\/?s={search_term_string}\"},\"query-input\":\"required name=search_term_string\"}],\"inLanguage\":\"de\"},{\"@type\":\"ImageObject\",\"@id\":\"https:\/\/theatreculture.org\/de\/ueber-uns\/team-of-teachers\/#primaryimage\",\"inLanguage\":\"de\",\"url\":\"https:\/\/aktzent.cramer-cons.de\/wp-content\/uploads\/2018\/02\/XXV-International-Directors\\u2019-and-Trainers\\u2019-Colloquium-300x300.jpg\",\"contentUrl\":\"https:\/\/aktzent.cramer-cons.de\/wp-content\/uploads\/2018\/02\/XXV-International-Directors\\u2019-and-Trainers\\u2019-Colloquium-300x300.jpg\"},{\"@type\":\"WebPage\",\"@id\":\"https:\/\/theatreculture.org\/de\/ueber-uns\/team-of-teachers\/#webpage\",\"url\":\"https:\/\/theatreculture.org\/de\/ueber-uns\/team-of-teachers\/\",\"name\":\"TEAM OF TEACHERS | World Theatre Training Institute AKT-ZENT\",\"isPartOf\":{\"@id\":\"https:\/\/theatreculture.org\/#website\"},\"primaryImageOfPage\":{\"@id\":\"https:\/\/theatreculture.org\/de\/ueber-uns\/team-of-teachers\/#primaryimage\"},\"datePublished\":\"2018-09-20T17:19:32+00:00\",\"dateModified\":\"2023-01-20T09:43:44+00:00\",\"description\":\"Dr. Jurij Alschitz hat ein einzigartiges Model des team teaching entwickelt. Das internationale Lehrerteam von AKT-ZENT unterrichtet auf gemeinsamer Basis.\",\"breadcrumb\":{\"@id\":\"https:\/\/theatreculture.org\/de\/ueber-uns\/team-of-teachers\/#breadcrumb\"},\"inLanguage\":\"de\",\"potentialAction\":[{\"@type\":\"ReadAction\",\"target\":[\"https:\/\/theatreculture.org\/de\/ueber-uns\/team-of-teachers\/\"]}]},{\"@type\":\"BreadcrumbList\",\"@id\":\"https:\/\/theatreculture.org\/de\/ueber-uns\/team-of-teachers\/#breadcrumb\",\"itemListElement\":[{\"@type\":\"ListItem\",\"position\":1,\"name\":\"Startseite\",\"item\":\"https:\/\/theatreculture.org\/\"},{\"@type\":\"ListItem\",\"position\":2,\"name\":\"\\u00dcBER UNS\",\"item\":\"https:\/\/theatreculture.org\/de\/ueber-uns\/\"},{\"@type\":\"ListItem\",\"position\":3,\"name\":\"TEAM OF TEACHERS\"}]}]}<\/script>\n<!-- \/ Yoast SEO plugin. -->","yoast_head_json":{"title":"TEAM OF TEACHERS | World Theatre Training Institute AKT-ZENT","description":"Dr. Jurij Alschitz hat ein einzigartiges Model des team teaching entwickelt. Das internationale Lehrerteam von AKT-ZENT unterrichtet auf gemeinsamer Basis.","robots":{"index":"index","follow":"follow","max-snippet":"max-snippet:-1","max-image-preview":"max-image-preview:large","max-video-preview":"max-video-preview:-1"},"canonical":"https:\/\/theatreculture.org\/de\/ueber-uns\/team-of-teachers\/","og_locale":"de_DE","og_type":"article","og_title":"TEAM OF TEACHERS | World Theatre Training Institute AKT-ZENT","og_description":"Dr. Jurij Alschitz hat ein einzigartiges Model des team teaching entwickelt. Das internationale Lehrerteam von AKT-ZENT unterrichtet auf gemeinsamer Basis.","og_url":"https:\/\/theatreculture.org\/de\/ueber-uns\/team-of-teachers\/","og_site_name":"World Theatre Training Institute AKT-ZENT\/ITI","article_publisher":"https:\/\/www.facebook.com\/theatreculture.org\/","article_modified_time":"2023-01-20T09:43:44+00:00","og_image":[{"url":"https:\/\/aktzent.cramer-cons.de\/wp-content\/uploads\/2018\/02\/XXV-International-Directors\u2019-and-Trainers\u2019-Colloquium-300x300.jpg"}],"twitter_card":"summary_large_image","twitter_misc":{"Gesch\u00e4tzte Lesezeit":"3\u00a0Minuten"},"schema":{"@context":"https:\/\/schema.org","@graph":[{"@type":"Organization","@id":"https:\/\/theatreculture.org\/#organization","name":"World Theatre Training Institute AKT-ZENT","url":"https:\/\/theatreculture.org\/","sameAs":["https:\/\/www.facebook.com\/theatreculture.org\/","https:\/\/www.instagram.com\/worldtheatretraining\/","https:\/\/www.youtube.com\/@worldtheatretraininginstit4622","https:\/\/en.wikipedia.org\/wiki\/World_Theatre_Training_Institute"],"logo":{"@type":"ImageObject","@id":"https:\/\/theatreculture.org\/#logo","inLanguage":"de","url":"https:\/\/theatreculture.org\/wp-content\/uploads\/2018\/02\/maennchen_quadrat_gruen.jpg","contentUrl":"https:\/\/theatreculture.org\/wp-content\/uploads\/2018\/02\/maennchen_quadrat_gruen.jpg","width":1435,"height":1435,"caption":"World Theatre Training Institute AKT-ZENT"},"image":{"@id":"https:\/\/theatreculture.org\/#logo"}},{"@type":"WebSite","@id":"https:\/\/theatreculture.org\/#website","url":"https:\/\/theatreculture.org\/","name":"World Theatre Training Institute AKT-ZENT\/ITI","description":"","publisher":{"@id":"https:\/\/theatreculture.org\/#organization"},"potentialAction":[{"@type":"SearchAction","target":{"@type":"EntryPoint","urlTemplate":"https:\/\/theatreculture.org\/?s={search_term_string}"},"query-input":"required name=search_term_string"}],"inLanguage":"de"},{"@type":"ImageObject","@id":"https:\/\/theatreculture.org\/de\/ueber-uns\/team-of-teachers\/#primaryimage","inLanguage":"de","url":"https:\/\/aktzent.cramer-cons.de\/wp-content\/uploads\/2018\/02\/XXV-International-Directors\u2019-and-Trainers\u2019-Colloquium-300x300.jpg","contentUrl":"https:\/\/aktzent.cramer-cons.de\/wp-content\/uploads\/2018\/02\/XXV-International-Directors\u2019-and-Trainers\u2019-Colloquium-300x300.jpg"},{"@type":"WebPage","@id":"https:\/\/theatreculture.org\/de\/ueber-uns\/team-of-teachers\/#webpage","url":"https:\/\/theatreculture.org\/de\/ueber-uns\/team-of-teachers\/","name":"TEAM OF TEACHERS | World Theatre Training Institute AKT-ZENT","isPartOf":{"@id":"https:\/\/theatreculture.org\/#website"},"primaryImageOfPage":{"@id":"https:\/\/theatreculture.org\/de\/ueber-uns\/team-of-teachers\/#primaryimage"},"datePublished":"2018-09-20T17:19:32+00:00","dateModified":"2023-01-20T09:43:44+00:00","description":"Dr. Jurij Alschitz hat ein einzigartiges Model des team teaching entwickelt. Das internationale Lehrerteam von AKT-ZENT unterrichtet auf gemeinsamer Basis.","breadcrumb":{"@id":"https:\/\/theatreculture.org\/de\/ueber-uns\/team-of-teachers\/#breadcrumb"},"inLanguage":"de","potentialAction":[{"@type":"ReadAction","target":["https:\/\/theatreculture.org\/de\/ueber-uns\/team-of-teachers\/"]}]},{"@type":"BreadcrumbList","@id":"https:\/\/theatreculture.org\/de\/ueber-uns\/team-of-teachers\/#breadcrumb","itemListElement":[{"@type":"ListItem","position":1,"name":"Startseite","item":"https:\/\/theatreculture.org\/"},{"@type":"ListItem","position":2,"name":"\u00dcBER UNS","item":"https:\/\/theatreculture.org\/de\/ueber-uns\/"},{"@type":"ListItem","position":3,"name":"TEAM OF TEACHERS"}]}]}},"_links":{"self":[{"href":"https:\/\/theatreculture.org\/wp-json\/wp\/v2\/pages\/1403"}],"collection":[{"href":"https:\/\/theatreculture.org\/wp-json\/wp\/v2\/pages"}],"about":[{"href":"https:\/\/theatreculture.org\/wp-json\/wp\/v2\/types\/page"}],"author":[{"embeddable":true,"href":"https:\/\/theatreculture.org\/wp-json\/wp\/v2\/users\/1"}],"replies":[{"embeddable":true,"href":"https:\/\/theatreculture.org\/wp-json\/wp\/v2\/comments?post=1403"}],"version-history":[{"count":11,"href":"https:\/\/theatreculture.org\/wp-json\/wp\/v2\/pages\/1403\/revisions"}],"predecessor-version":[{"id":6082,"href":"https:\/\/theatreculture.org\/wp-json\/wp\/v2\/pages\/1403\/revisions\/6082"}],"up":[{"embeddable":true,"href":"https:\/\/theatreculture.org\/wp-json\/wp\/v2\/pages\/1508"}],"wp:attachment":[{"href":"https:\/\/theatreculture.org\/wp-json\/wp\/v2\/media?parent=1403"}],"curies":[{"name":"wp","href":"https:\/\/api.w.org\/{rel}","templated":true}]}}