{"id":1320,"date":"2018-09-15T20:35:05","date_gmt":"2018-09-15T19:35:05","guid":{"rendered":"https:\/\/aktzent.cramer-cons.de\/?page_id=1320"},"modified":"2019-11-01T12:03:47","modified_gmt":"2019-11-01T11:03:47","slug":"hybrid-theatre-training-platform","status":"publish","type":"page","link":"https:\/\/theatreculture.org\/de\/hybrid-theatre-training-platform\/","title":{"rendered":"HYBRID THEATRE TRAINING PLATFORM"},"content":{"rendered":"<p style=\"text-align: left;\"><em>&#8222;<span class=\"tlid-translation translation\"><span class=\"\" title=\"\">Die Welt tritt in eine weitere Phase ihrer Entwicklung ein, in der die Verbreitung neuer Informationstechnologien den Charakter einer globalen Wissensrevolution annimmt.<\/span> <span class=\"\" title=\"\">Diese so genannte Noosph\u00e4re bestimmt die Entwicklung einer v\u00f6llig neuen Art von Gesellschaft und wirkt sich darauf aus, wie K\u00fcnstler sich darin bewegen und handeln.&#8220;<\/span><\/span><\/em><\/p>\n<p style=\"text-align: right;\"><em>Dr. Jurij Alschitz<\/em><\/p>\n<p><span lang=\"EN-US\"><strong><span style=\"color: #008000;\"><a style=\"color: #008000;\" href=\"https:\/\/hybrid-theatre-training.org\" target=\"_blank\" rel=\"noopener noreferrer\">\u21d2 Die Hybrid Theatre Training Platform<\/a><\/span><\/strong> ist ein Forum f\u00fcr die Erforschung und Innovation von Theatertraining. Hier werden Seminaren und Laboratorien mit einem <\/span><span lang=\"EN-US\">Online-Training <\/span><span lang=\"EN-US\">verbunden.<\/span> <span lang=\"EN-US\">Die Online-Module stehen weltweit allen interessierten Personen, Studenten und professionellen Theaterk\u00fcnstlern zur Verf\u00fcgung. <\/span><\/p>\n<p><span lang=\"EN-US\">Zu jedem Zeitpunkt kann mit dem Selbststudium begonnen werden, das<\/span><span lang=\"EN-US\"> immer von einem Lehrer begleitet wird. Die erg\u00e4nzenden Praxismodule werden regelm\u00e4\u00dfig vom <\/span><span lang=\"EN-US\">World Theatre Training Institute in Europa und auf Anfrage weltweit <\/span><span lang=\"EN-US\">angeboten.<\/span><\/p>\n<table style=\"border-collapse: collapse; width: 100%;\">\n<tbody>\n<tr>\n<td style=\"background-color: #e6e040;\">\n<h3><span style=\"color: #008000;\"><a style=\"color: #008000;\" href=\"https:\/\/hybrid-theatre-training.org\/\" target=\"_blank\" rel=\"noopener noreferrer\"><strong>Kursprogramm und Anmeldung hier<\/strong><\/a><\/span><\/h3>\n<\/td>\n<\/tr>\n<\/tbody>\n<\/table>\n<p><span class=\"tlid-translation translation\"><span class=\"\" title=\"\">Mit diesem Vorschlag f\u00fcr eine neue <\/span><\/span><span class=\"tlid-translation translation\"><span class=\"\" title=\"\">Bildungspraxis <\/span><\/span><span class=\"tlid-translation translation\"><span class=\"\" title=\"\">folgt das <\/span><\/span><span class=\"tlid-translation translation\"><span class=\"\" title=\"\">World Theatre Training Institute <\/span><\/span><span class=\"tlid-translation translation\"><span class=\"\" title=\"\">weltweiten Untersuchungen, wonach die Selbst-Bildung <\/span><\/span><span class=\"tlid-translation translation\"><span class=\"\" title=\"\">des Individuums eine zentrale Rolle f\u00fcr die zuk\u00fcnftige Entwicklung unserer Gesellschaften spielen wird.<\/span><\/span><\/p>\n<p><span class=\"tlid-translation translation\"><span class=\"\" title=\"\">Die Hybrid Theatre Training Platform soll daher nicht als reines Online-Tool verstanden werden, sondern als Forum, um individuelles Wissen zu schaffen, Denkweisen zu ver\u00e4ndern und neue Wege zur Selbsterschaffung des K\u00fcnstlers zu er\u00f6ffnen.<\/span><\/span><\/p>\n<p>Die Plattform bietet vielfache M\u00f6glichkeiten des Gedankenaustausches und f\u00fcr die Publikation der<span style=\"color: #008000;\"><a style=\"color: #008000;\" href=\"http:\/\/theatreculture.org\/de\/forschung\/world-theatre-training-library\/\"><strong>\u00a0World Theatre Training Library<\/strong><\/a><\/span><strong>.<\/strong><\/p>\n","protected":false},"excerpt":{"rendered":"<p>&#8222;Die Welt tritt in eine weitere Phase ihrer Entwicklung ein, in der die Verbreitung neuer Informationstechnologien den Charakter einer globalen Wissensrevolution annimmt. Diese so genannte Noosph\u00e4re bestimmt die Entwicklung einer v\u00f6llig neuen Art von Gesellschaft und wirkt sich darauf aus, wie K\u00fcnstler sich darin bewegen und handeln.&#8220; Dr. Jurij Alschitz \u21d2 Die Hybrid Theatre Training [&hellip;]<\/p>\n","protected":false},"author":1,"featured_media":207,"parent":0,"menu_order":2,"comment_status":"closed","ping_status":"closed","template":"","meta":[],"yoast_head":"<!-- This site is optimized with the Yoast SEO plugin v17.9 - https:\/\/yoast.com\/wordpress\/plugins\/seo\/ -->\n<title>HYBRID THEATRE TRAINING PLATFORM - World Theatre Training Institute AKT-ZENT\/ITI<\/title>\n<meta name=\"description\" content=\"Die Hybrid Theatre Training Platform verbindet online Training mit praktischer Theaterarbeit. Innovative Kurse f\u00fcr weltweites Selbststudium.\" \/>\n<meta name=\"robots\" content=\"index, follow, max-snippet:-1, max-image-preview:large, max-video-preview:-1\" \/>\n<link rel=\"canonical\" href=\"https:\/\/theatreculture.org\/de\/hybrid-theatre-training-platform\/\" \/>\n<meta property=\"og:locale\" content=\"de_DE\" \/>\n<meta property=\"og:type\" content=\"article\" \/>\n<meta property=\"og:title\" content=\"HYBRID THEATRE TRAINING PLATFORM - World Theatre Training Institute AKT-ZENT\/ITI\" \/>\n<meta property=\"og:description\" content=\"Die Hybrid Theatre Training Platform verbindet online Training mit praktischer Theaterarbeit. Innovative Kurse f\u00fcr weltweites Selbststudium.\" \/>\n<meta property=\"og:url\" content=\"https:\/\/theatreculture.org\/de\/hybrid-theatre-training-platform\/\" \/>\n<meta property=\"og:site_name\" content=\"World Theatre Training Institute AKT-ZENT\/ITI\" \/>\n<meta property=\"article:publisher\" content=\"https:\/\/www.facebook.com\/theatreculture.org\/\" \/>\n<meta property=\"article:modified_time\" content=\"2019-11-01T11:03:47+00:00\" \/>\n<meta property=\"og:image\" content=\"https:\/\/theatreculture.org\/wp-content\/uploads\/2018\/02\/040_goodmorning.jpg\" \/>\n\t<meta property=\"og:image:width\" content=\"2362\" \/>\n\t<meta property=\"og:image:height\" content=\"1236\" \/>\n\t<meta property=\"og:image:type\" content=\"image\/jpeg\" \/>\n<meta name=\"twitter:card\" content=\"summary_large_image\" \/>\n<meta name=\"twitter:label1\" content=\"Gesch\u00e4tzte Lesezeit\" \/>\n\t<meta name=\"twitter:data1\" content=\"1\u00a0Minute\" \/>\n<script type=\"application\/ld+json\" class=\"yoast-schema-graph\">{\"@context\":\"https:\/\/schema.org\",\"@graph\":[{\"@type\":\"Organization\",\"@id\":\"https:\/\/theatreculture.org\/#organization\",\"name\":\"World Theatre Training Institute AKT-ZENT\",\"url\":\"https:\/\/theatreculture.org\/\",\"sameAs\":[\"https:\/\/www.facebook.com\/theatreculture.org\/\",\"https:\/\/www.instagram.com\/worldtheatretraining\/\",\"https:\/\/www.youtube.com\/@worldtheatretraininginstit4622\",\"https:\/\/en.wikipedia.org\/wiki\/World_Theatre_Training_Institute\"],\"logo\":{\"@type\":\"ImageObject\",\"@id\":\"https:\/\/theatreculture.org\/#logo\",\"inLanguage\":\"de\",\"url\":\"https:\/\/theatreculture.org\/wp-content\/uploads\/2018\/02\/maennchen_quadrat_gruen.jpg\",\"contentUrl\":\"https:\/\/theatreculture.org\/wp-content\/uploads\/2018\/02\/maennchen_quadrat_gruen.jpg\",\"width\":1435,\"height\":1435,\"caption\":\"World Theatre Training Institute AKT-ZENT\"},\"image\":{\"@id\":\"https:\/\/theatreculture.org\/#logo\"}},{\"@type\":\"WebSite\",\"@id\":\"https:\/\/theatreculture.org\/#website\",\"url\":\"https:\/\/theatreculture.org\/\",\"name\":\"World Theatre Training Institute AKT-ZENT\/ITI\",\"description\":\"\",\"publisher\":{\"@id\":\"https:\/\/theatreculture.org\/#organization\"},\"potentialAction\":[{\"@type\":\"SearchAction\",\"target\":{\"@type\":\"EntryPoint\",\"urlTemplate\":\"https:\/\/theatreculture.org\/?s={search_term_string}\"},\"query-input\":\"required name=search_term_string\"}],\"inLanguage\":\"de\"},{\"@type\":\"ImageObject\",\"@id\":\"https:\/\/theatreculture.org\/de\/hybrid-theatre-training-platform\/#primaryimage\",\"inLanguage\":\"de\",\"url\":\"https:\/\/theatreculture.org\/wp-content\/uploads\/2018\/02\/040_goodmorning.jpg\",\"contentUrl\":\"https:\/\/theatreculture.org\/wp-content\/uploads\/2018\/02\/040_goodmorning.jpg\",\"width\":2362,\"height\":1236,\"caption\":\"Training lesson\"},{\"@type\":\"WebPage\",\"@id\":\"https:\/\/theatreculture.org\/de\/hybrid-theatre-training-platform\/#webpage\",\"url\":\"https:\/\/theatreculture.org\/de\/hybrid-theatre-training-platform\/\",\"name\":\"HYBRID THEATRE TRAINING PLATFORM - World Theatre Training Institute AKT-ZENT\/ITI\",\"isPartOf\":{\"@id\":\"https:\/\/theatreculture.org\/#website\"},\"primaryImageOfPage\":{\"@id\":\"https:\/\/theatreculture.org\/de\/hybrid-theatre-training-platform\/#primaryimage\"},\"datePublished\":\"2018-09-15T19:35:05+00:00\",\"dateModified\":\"2019-11-01T11:03:47+00:00\",\"description\":\"Die Hybrid Theatre Training Platform verbindet online Training mit praktischer Theaterarbeit. Innovative Kurse f\\u00fcr weltweites Selbststudium.\",\"breadcrumb\":{\"@id\":\"https:\/\/theatreculture.org\/de\/hybrid-theatre-training-platform\/#breadcrumb\"},\"inLanguage\":\"de\",\"potentialAction\":[{\"@type\":\"ReadAction\",\"target\":[\"https:\/\/theatreculture.org\/de\/hybrid-theatre-training-platform\/\"]}]},{\"@type\":\"BreadcrumbList\",\"@id\":\"https:\/\/theatreculture.org\/de\/hybrid-theatre-training-platform\/#breadcrumb\",\"itemListElement\":[{\"@type\":\"ListItem\",\"position\":1,\"name\":\"Startseite\",\"item\":\"https:\/\/theatreculture.org\/\"},{\"@type\":\"ListItem\",\"position\":2,\"name\":\"HYBRID THEATRE TRAINING PLATFORM\"}]}]}<\/script>\n<!-- \/ Yoast SEO plugin. -->","yoast_head_json":{"title":"HYBRID THEATRE TRAINING PLATFORM - World Theatre Training Institute AKT-ZENT\/ITI","description":"Die Hybrid Theatre Training Platform verbindet online Training mit praktischer Theaterarbeit. Innovative Kurse f\u00fcr weltweites Selbststudium.","robots":{"index":"index","follow":"follow","max-snippet":"max-snippet:-1","max-image-preview":"max-image-preview:large","max-video-preview":"max-video-preview:-1"},"canonical":"https:\/\/theatreculture.org\/de\/hybrid-theatre-training-platform\/","og_locale":"de_DE","og_type":"article","og_title":"HYBRID THEATRE TRAINING PLATFORM - World Theatre Training Institute AKT-ZENT\/ITI","og_description":"Die Hybrid Theatre Training Platform verbindet online Training mit praktischer Theaterarbeit. Innovative Kurse f\u00fcr weltweites Selbststudium.","og_url":"https:\/\/theatreculture.org\/de\/hybrid-theatre-training-platform\/","og_site_name":"World Theatre Training Institute AKT-ZENT\/ITI","article_publisher":"https:\/\/www.facebook.com\/theatreculture.org\/","article_modified_time":"2019-11-01T11:03:47+00:00","og_image":[{"width":2362,"height":1236,"url":"https:\/\/theatreculture.org\/wp-content\/uploads\/2018\/02\/040_goodmorning.jpg","type":"image\/jpeg"}],"twitter_card":"summary_large_image","twitter_misc":{"Gesch\u00e4tzte Lesezeit":"1\u00a0Minute"},"schema":{"@context":"https:\/\/schema.org","@graph":[{"@type":"Organization","@id":"https:\/\/theatreculture.org\/#organization","name":"World Theatre Training Institute AKT-ZENT","url":"https:\/\/theatreculture.org\/","sameAs":["https:\/\/www.facebook.com\/theatreculture.org\/","https:\/\/www.instagram.com\/worldtheatretraining\/","https:\/\/www.youtube.com\/@worldtheatretraininginstit4622","https:\/\/en.wikipedia.org\/wiki\/World_Theatre_Training_Institute"],"logo":{"@type":"ImageObject","@id":"https:\/\/theatreculture.org\/#logo","inLanguage":"de","url":"https:\/\/theatreculture.org\/wp-content\/uploads\/2018\/02\/maennchen_quadrat_gruen.jpg","contentUrl":"https:\/\/theatreculture.org\/wp-content\/uploads\/2018\/02\/maennchen_quadrat_gruen.jpg","width":1435,"height":1435,"caption":"World Theatre Training Institute AKT-ZENT"},"image":{"@id":"https:\/\/theatreculture.org\/#logo"}},{"@type":"WebSite","@id":"https:\/\/theatreculture.org\/#website","url":"https:\/\/theatreculture.org\/","name":"World Theatre Training Institute AKT-ZENT\/ITI","description":"","publisher":{"@id":"https:\/\/theatreculture.org\/#organization"},"potentialAction":[{"@type":"SearchAction","target":{"@type":"EntryPoint","urlTemplate":"https:\/\/theatreculture.org\/?s={search_term_string}"},"query-input":"required name=search_term_string"}],"inLanguage":"de"},{"@type":"ImageObject","@id":"https:\/\/theatreculture.org\/de\/hybrid-theatre-training-platform\/#primaryimage","inLanguage":"de","url":"https:\/\/theatreculture.org\/wp-content\/uploads\/2018\/02\/040_goodmorning.jpg","contentUrl":"https:\/\/theatreculture.org\/wp-content\/uploads\/2018\/02\/040_goodmorning.jpg","width":2362,"height":1236,"caption":"Training lesson"},{"@type":"WebPage","@id":"https:\/\/theatreculture.org\/de\/hybrid-theatre-training-platform\/#webpage","url":"https:\/\/theatreculture.org\/de\/hybrid-theatre-training-platform\/","name":"HYBRID THEATRE TRAINING PLATFORM - World Theatre Training Institute AKT-ZENT\/ITI","isPartOf":{"@id":"https:\/\/theatreculture.org\/#website"},"primaryImageOfPage":{"@id":"https:\/\/theatreculture.org\/de\/hybrid-theatre-training-platform\/#primaryimage"},"datePublished":"2018-09-15T19:35:05+00:00","dateModified":"2019-11-01T11:03:47+00:00","description":"Die Hybrid Theatre Training Platform verbindet online Training mit praktischer Theaterarbeit. Innovative Kurse f\u00fcr weltweites Selbststudium.","breadcrumb":{"@id":"https:\/\/theatreculture.org\/de\/hybrid-theatre-training-platform\/#breadcrumb"},"inLanguage":"de","potentialAction":[{"@type":"ReadAction","target":["https:\/\/theatreculture.org\/de\/hybrid-theatre-training-platform\/"]}]},{"@type":"BreadcrumbList","@id":"https:\/\/theatreculture.org\/de\/hybrid-theatre-training-platform\/#breadcrumb","itemListElement":[{"@type":"ListItem","position":1,"name":"Startseite","item":"https:\/\/theatreculture.org\/"},{"@type":"ListItem","position":2,"name":"HYBRID THEATRE TRAINING PLATFORM"}]}]}},"_links":{"self":[{"href":"https:\/\/theatreculture.org\/wp-json\/wp\/v2\/pages\/1320"}],"collection":[{"href":"https:\/\/theatreculture.org\/wp-json\/wp\/v2\/pages"}],"about":[{"href":"https:\/\/theatreculture.org\/wp-json\/wp\/v2\/types\/page"}],"author":[{"embeddable":true,"href":"https:\/\/theatreculture.org\/wp-json\/wp\/v2\/users\/1"}],"replies":[{"embeddable":true,"href":"https:\/\/theatreculture.org\/wp-json\/wp\/v2\/comments?post=1320"}],"version-history":[{"count":13,"href":"https:\/\/theatreculture.org\/wp-json\/wp\/v2\/pages\/1320\/revisions"}],"predecessor-version":[{"id":3618,"href":"https:\/\/theatreculture.org\/wp-json\/wp\/v2\/pages\/1320\/revisions\/3618"}],"wp:featuredmedia":[{"embeddable":true,"href":"https:\/\/theatreculture.org\/wp-json\/wp\/v2\/media\/207"}],"wp:attachment":[{"href":"https:\/\/theatreculture.org\/wp-json\/wp\/v2\/media?parent=1320"}],"curies":[{"name":"wp","href":"https:\/\/api.w.org\/{rel}","templated":true}]}}