{"id":1308,"date":"2018-09-15T15:36:15","date_gmt":"2018-09-15T14:36:15","guid":{"rendered":"https:\/\/aktzent.cramer-cons.de\/?page_id=1308"},"modified":"2023-01-27T19:41:14","modified_gmt":"2023-01-27T18:41:14","slug":"world-theatre-training-library","status":"publish","type":"page","link":"https:\/\/theatreculture.org\/de\/world-theatre-training-library\/","title":{"rendered":"WORLD THEATRE TRAINING LIBRARY"},"content":{"rendered":"<h2>Das Spektrum des Projektes<\/h2>\n<p>Die &#8222;World Theatre Training Library&#8220; <span class=\"tlid-translation translation\"><span class=\"\" title=\"\">ist ein Projekt, das weltweit zeitgen\u00f6ssisches Wissen \u00fcber Theaterpraxis und Auff\u00fchrungstraditionen studiert und dokumentiert, sowie daraus neue Praktiken kollektiv entwickelt und diese der internationalen Theatergemeinschaft zur\u00fcckgibt. Es tr\u00e4gt zur Erhaltung eines fl\u00fcchtigen Schatzes der Menscheit bei &#8211; dem Theater als immaterielles Weltkulturerbe.<br \/>\n<\/span><\/span><\/p>\n<p>Mit der &#8222;World Theatre Training Library&#8220; <span class=\"tlid-translation translation\"><span class=\"\" title=\"\">wird eine umfassende Untersuchung von Theatertrainingsmethoden und -\u00fcbungen unternommen, die <\/span><span class=\"\" title=\"\">verschiedene Theatertraditionen und Schulen zusammenbringt, mit dem erkl\u00e4rten Ziel, von <\/span><span class=\"\" title=\"\">praktischem Nutzen zu sein.<\/span><\/span><\/p>\n<p><span class=\"tlid-translation translation\"><span class=\"\" title=\"\">Es ist ein internationales Kooperationsprojekt von K\u00fcnstlern und Wissenschaftlern, das den internationalen Dialog f\u00f6rdert und sowohl interkulturelle als auch transkulturelle Bildung unterst\u00fctzt.<\/span><\/span><\/p>\n<p><span class=\"tlid-translation translation\"><span class=\"\" title=\"\">Ziel des Projekts ist es, die kulturelle Identit\u00e4t zu st\u00e4rken und ihre Vielfalt zu feiern.<\/span> <span class=\"\" title=\"\">Grundlage jedes Arbeitsschrittes ist ein Austausch von Wissen, dessen Sammlung zur Entwicklung der Theaterkunst in ihrer ganzen Diversit\u00e4t beitragen soll.<\/span><\/span><\/p>\n<p><span class=\"tlid-translation translation\"><span class=\"\" title=\"\">Das Projekt besteht aus Forschungsreisen, offenen Workshops und Seminaren, der Entwicklung von Masterprogrammen f\u00fcr Theaterlehrer, Laboratorien mit professionellen Schauspielern und Kolloquien mit Theatermachern und Wissenschaftlern weltweit.<\/span><\/span><\/p>\n<p><span class=\"tlid-translation translation\"><span class=\"\" title=\"\">Jede Aktivit\u00e4t und jedes neue Programm des Instituts leistet ihren Beitrag zur &#8222;World Theatre Training Library&#8220;, die f\u00fcr den weltweiten Zugang in verschiedenen Formaten ver\u00f6ffentlicht wird.<\/span><\/span><\/p>\n<h2>Inhalt der \u201cWorld Theatre Training Library\u201d<\/h2>\n<p>Die &#8222;World Theatre Training Library\u201d e<span class=\"tlid-translation translation\"><span class=\"\" title=\"\">nth\u00e4lt Beschreibungen von Trainingsmethoden und \u00dcbungen, die ihren Ursprung in verschiedenen Ecken der Welt haben, unabh\u00e4ngig von ihrem historischen, stilistischen oder \u00e4sthetischen Hintergrund , jenseits von <\/span><span class=\"\" title=\"\">bestimmten Kunstkonzepten, Dogmen oder Hierarchien. <\/span><br \/>\n<span title=\"\">Auf dieser Grundlage schl\u00e4gt die &#8222;World Theatre Training Library&#8220; eine umfassende Konzeption des Begriffes Training vor; als ein Werkzeug f\u00fcr die interkulturelle k\u00fcnstlerische Produktion; als einen Schritt in die Richtung eines holistischen Theaterverst\u00e4ndnisses.<\/span><\/span><\/p>\n<h2>Formen der Umsetzung<\/h2>\n<p>Das World Theatre Training Institute hat f\u00fcr die verschiedenen Aktivit\u00e4ten ein weltweites Netzwerk etabliert; zumeist nationale ITI Zentren und f\u00fchrende Akademien\/Universit\u00e4ten der jeweiligen L\u00e4nder.<\/p>\n<p><span class=\"tlid-translation translation\"><span class=\"\" title=\"\">Das Projekt akzeptiert laufend neue Partner, um den Input zu vergr\u00f6\u00dfern und die Verbreitung der Ergebnisse zu garantieren<\/span>. <span class=\"\" title=\"\">Verschiedene Programme und Arbeitsschritte dienen den drei Projekts\u00e4ulen:<\/span><\/span><\/p>\n<p><span class=\"tlid-translation translation\"><strong><span class=\"\" title=\"\">1. Wissen sammeln 2. Wissen schaffen 3. Wissen verbreiten<\/span><\/strong><\/span><\/p>\n<h3><span style=\"color: #333333;\">World Theatre Training Laboratory <\/span><\/h3>\n<p><span class=\"tlid-translation translation\"><span class=\"\" title=\"\">Laboratorien i<\/span><\/span><span class=\"tlid-translation translation\"><span class=\"\" title=\"\">n verschiedenen Formaten entwicklen Trainingsmethoden und \u00dcbungen, die auf den gesammelten Eindr\u00fccken und Informationen der Reisen basieren, die der k\u00fcnstlerische Leiter mit seinem Team \u00fcber Jahre hinweg unternommen hat. <\/span><\/span><span class=\"tlid-translation translation\"><span title=\"\">Besondere Aufmerksamkeit wird<\/span><\/span><span class=\"tlid-translation translation\"><span title=\"\"> den Best Practices innovativer, experimenteller und interdisziplin\u00e4rer K\u00fcnstler und jener K\u00fcnstler geschenkt, die die Kunst des Dramas mit lokalen Auff\u00fchrungstraditionen verbinden. <\/span><\/span><\/p>\n<p><span class=\"tlid-translation translation\"><span class=\"\" title=\"\">Die internationale Zusammensetzung der K\u00fcnstler*innen er\u00f6ffnet zugleich den Dialog verschiedenster Theatertraditionen. Die Ergebnisse werden in offenen Proben, Arbeitsdemonstrationen,Vortr\u00e4gen und Auff\u00fchrungen pr\u00e4sentiert. Der unmittelbare Kontakt zu den lokalen K\u00fcnstlern und <em>Communities<\/em> ist dabei von gro\u00dfer Bedeutung.<\/span><\/span><\/p>\n<h3>Training the Trainers<\/h3>\n<p>Meisterklassen f\u00fcr Theaterlehrer in den verschiedenen Weltregionen erweisen sich als \u00e4u\u00dferst sinnvoll f\u00fcr die Entwicklung neuer Trainings\u00fcbungen. In diesem Zusammenhang enstand das M.A.Programm <strong><span style=\"color: #008000;\"><a style=\"color: #008000;\" href=\"http:\/\/theatreculture.org\/de\/programme\/teaching-professional-theatre-practice\/\">Teaching Professional Theatre Practice<\/a><\/span><\/strong> , das zun\u00e4chst in Mexiko entwickelt wurde und heute Institutionen in allen Weltregionen zur Verf\u00fcgung steht.<\/p>\n<h3>World Theatre Training Colloquia<\/h3>\n<p>In international zusammengesetzten Gruppen diskutieren Experten die Arbeit und reflektieren sie kritisch, um den Prozess zu unterst\u00fctzen.<\/p>\n<h3>Online Theatre Academy<\/h3>\n<p><a href=\"https:\/\/online-theatre-academy.com\/de\" target=\"_blank\" rel=\"noopener\"><strong><span style=\"color: #008000;\">\u21d2 Die Online Theatre Academy<\/span><\/strong><\/a> bietet durch online Training weitere M\u00f6glichkeiten zur Recherche und kollektiver Kreation. Sie ist das perfekte Instrument, Ergebnisse weltweit zu <strong>kommunizieren und publizieren<\/strong>.<\/p>\n<p><strong><span class=\"tlid-translation translation\"><span class=\"\" title=\"\">Das Projekt ist als offenes System konzipiert und begr\u00fc\u00dft die internationale Zusammenarbeit in jedem Stadium.<\/span><\/span><\/strong><\/p>\n","protected":false},"excerpt":{"rendered":"<p>Das Spektrum des Projektes Die &#8222;World Theatre Training Library&#8220; ist ein Projekt, das weltweit zeitgen\u00f6ssisches Wissen \u00fcber Theaterpraxis und Auff\u00fchrungstraditionen studiert und dokumentiert, sowie daraus neue Praktiken kollektiv entwickelt und diese der internationalen Theatergemeinschaft zur\u00fcckgibt. Es tr\u00e4gt zur Erhaltung eines fl\u00fcchtigen Schatzes der Menscheit bei &#8211; dem Theater als immaterielles Weltkulturerbe. Mit der &#8222;World Theatre [&hellip;]<\/p>\n","protected":false},"author":1,"featured_media":667,"parent":0,"menu_order":6,"comment_status":"closed","ping_status":"closed","template":"","meta":[],"yoast_head":"<!-- This site is optimized with the Yoast SEO plugin v17.9 - https:\/\/yoast.com\/wordpress\/plugins\/seo\/ -->\n<title>WORLD THEATRE TRAINING LIBRARY - World Theatre Training Institute AKT-ZENT\/ITI<\/title>\n<meta name=\"robots\" content=\"index, follow, max-snippet:-1, max-image-preview:large, max-video-preview:-1\" \/>\n<link rel=\"canonical\" href=\"https:\/\/theatreculture.org\/de\/world-theatre-training-library\/\" \/>\n<meta property=\"og:locale\" content=\"de_DE\" \/>\n<meta property=\"og:type\" content=\"article\" \/>\n<meta property=\"og:title\" content=\"WORLD THEATRE TRAINING LIBRARY - World Theatre Training Institute AKT-ZENT\/ITI\" \/>\n<meta property=\"og:description\" content=\"Das Spektrum des Projektes Die &#8222;World Theatre Training Library&#8220; ist ein Projekt, das weltweit zeitgen\u00f6ssisches Wissen \u00fcber Theaterpraxis und Auff\u00fchrungstraditionen studiert und dokumentiert, sowie daraus neue Praktiken kollektiv entwickelt und diese der internationalen Theatergemeinschaft zur\u00fcckgibt. Es tr\u00e4gt zur Erhaltung eines fl\u00fcchtigen Schatzes der Menscheit bei &#8211; dem Theater als immaterielles Weltkulturerbe. Mit der &#8222;World Theatre [&hellip;]\" \/>\n<meta property=\"og:url\" content=\"https:\/\/theatreculture.org\/de\/world-theatre-training-library\/\" \/>\n<meta property=\"og:site_name\" content=\"World Theatre Training Institute AKT-ZENT\/ITI\" \/>\n<meta property=\"article:publisher\" content=\"https:\/\/www.facebook.com\/theatreculture.org\/\" \/>\n<meta property=\"article:modified_time\" content=\"2023-01-27T18:41:14+00:00\" \/>\n<meta property=\"og:image\" content=\"https:\/\/theatreculture.org\/wp-content\/uploads\/2018\/04\/WTTL_LAB.jpg\" \/>\n\t<meta property=\"og:image:width\" content=\"2432\" \/>\n\t<meta property=\"og:image:height\" content=\"2432\" \/>\n\t<meta property=\"og:image:type\" content=\"image\/jpeg\" \/>\n<meta name=\"twitter:card\" content=\"summary_large_image\" \/>\n<meta name=\"twitter:label1\" content=\"Gesch\u00e4tzte Lesezeit\" \/>\n\t<meta name=\"twitter:data1\" content=\"3\u00a0Minuten\" \/>\n<script type=\"application\/ld+json\" class=\"yoast-schema-graph\">{\"@context\":\"https:\/\/schema.org\",\"@graph\":[{\"@type\":\"Organization\",\"@id\":\"https:\/\/theatreculture.org\/#organization\",\"name\":\"World Theatre Training Institute AKT-ZENT\",\"url\":\"https:\/\/theatreculture.org\/\",\"sameAs\":[\"https:\/\/www.facebook.com\/theatreculture.org\/\",\"https:\/\/www.instagram.com\/worldtheatretraining\/\",\"https:\/\/www.youtube.com\/@worldtheatretraininginstit4622\",\"https:\/\/en.wikipedia.org\/wiki\/World_Theatre_Training_Institute\"],\"logo\":{\"@type\":\"ImageObject\",\"@id\":\"https:\/\/theatreculture.org\/#logo\",\"inLanguage\":\"de\",\"url\":\"https:\/\/theatreculture.org\/wp-content\/uploads\/2018\/02\/maennchen_quadrat_gruen.jpg\",\"contentUrl\":\"https:\/\/theatreculture.org\/wp-content\/uploads\/2018\/02\/maennchen_quadrat_gruen.jpg\",\"width\":1435,\"height\":1435,\"caption\":\"World Theatre Training Institute AKT-ZENT\"},\"image\":{\"@id\":\"https:\/\/theatreculture.org\/#logo\"}},{\"@type\":\"WebSite\",\"@id\":\"https:\/\/theatreculture.org\/#website\",\"url\":\"https:\/\/theatreculture.org\/\",\"name\":\"World Theatre Training Institute AKT-ZENT\/ITI\",\"description\":\"\",\"publisher\":{\"@id\":\"https:\/\/theatreculture.org\/#organization\"},\"potentialAction\":[{\"@type\":\"SearchAction\",\"target\":{\"@type\":\"EntryPoint\",\"urlTemplate\":\"https:\/\/theatreculture.org\/?s={search_term_string}\"},\"query-input\":\"required name=search_term_string\"}],\"inLanguage\":\"de\"},{\"@type\":\"ImageObject\",\"@id\":\"https:\/\/theatreculture.org\/de\/world-theatre-training-library\/#primaryimage\",\"inLanguage\":\"de\",\"url\":\"https:\/\/theatreculture.org\/wp-content\/uploads\/2018\/04\/WTTL_LAB.jpg\",\"contentUrl\":\"https:\/\/theatreculture.org\/wp-content\/uploads\/2018\/04\/WTTL_LAB.jpg\",\"width\":2432,\"height\":2432,\"caption\":\"actors' training\"},{\"@type\":\"WebPage\",\"@id\":\"https:\/\/theatreculture.org\/de\/world-theatre-training-library\/#webpage\",\"url\":\"https:\/\/theatreculture.org\/de\/world-theatre-training-library\/\",\"name\":\"WORLD THEATRE TRAINING LIBRARY - World Theatre Training Institute AKT-ZENT\/ITI\",\"isPartOf\":{\"@id\":\"https:\/\/theatreculture.org\/#website\"},\"primaryImageOfPage\":{\"@id\":\"https:\/\/theatreculture.org\/de\/world-theatre-training-library\/#primaryimage\"},\"datePublished\":\"2018-09-15T14:36:15+00:00\",\"dateModified\":\"2023-01-27T18:41:14+00:00\",\"breadcrumb\":{\"@id\":\"https:\/\/theatreculture.org\/de\/world-theatre-training-library\/#breadcrumb\"},\"inLanguage\":\"de\",\"potentialAction\":[{\"@type\":\"ReadAction\",\"target\":[\"https:\/\/theatreculture.org\/de\/world-theatre-training-library\/\"]}]},{\"@type\":\"BreadcrumbList\",\"@id\":\"https:\/\/theatreculture.org\/de\/world-theatre-training-library\/#breadcrumb\",\"itemListElement\":[{\"@type\":\"ListItem\",\"position\":1,\"name\":\"Startseite\",\"item\":\"https:\/\/theatreculture.org\/\"},{\"@type\":\"ListItem\",\"position\":2,\"name\":\"WORLD THEATRE TRAINING LIBRARY\"}]}]}<\/script>\n<!-- \/ Yoast SEO plugin. -->","yoast_head_json":{"title":"WORLD THEATRE TRAINING LIBRARY - World Theatre Training Institute AKT-ZENT\/ITI","robots":{"index":"index","follow":"follow","max-snippet":"max-snippet:-1","max-image-preview":"max-image-preview:large","max-video-preview":"max-video-preview:-1"},"canonical":"https:\/\/theatreculture.org\/de\/world-theatre-training-library\/","og_locale":"de_DE","og_type":"article","og_title":"WORLD THEATRE TRAINING LIBRARY - World Theatre Training Institute AKT-ZENT\/ITI","og_description":"Das Spektrum des Projektes Die &#8222;World Theatre Training Library&#8220; ist ein Projekt, das weltweit zeitgen\u00f6ssisches Wissen \u00fcber Theaterpraxis und Auff\u00fchrungstraditionen studiert und dokumentiert, sowie daraus neue Praktiken kollektiv entwickelt und diese der internationalen Theatergemeinschaft zur\u00fcckgibt. Es tr\u00e4gt zur Erhaltung eines fl\u00fcchtigen Schatzes der Menscheit bei &#8211; dem Theater als immaterielles Weltkulturerbe. Mit der &#8222;World Theatre [&hellip;]","og_url":"https:\/\/theatreculture.org\/de\/world-theatre-training-library\/","og_site_name":"World Theatre Training Institute AKT-ZENT\/ITI","article_publisher":"https:\/\/www.facebook.com\/theatreculture.org\/","article_modified_time":"2023-01-27T18:41:14+00:00","og_image":[{"width":2432,"height":2432,"url":"https:\/\/theatreculture.org\/wp-content\/uploads\/2018\/04\/WTTL_LAB.jpg","type":"image\/jpeg"}],"twitter_card":"summary_large_image","twitter_misc":{"Gesch\u00e4tzte Lesezeit":"3\u00a0Minuten"},"schema":{"@context":"https:\/\/schema.org","@graph":[{"@type":"Organization","@id":"https:\/\/theatreculture.org\/#organization","name":"World Theatre Training Institute AKT-ZENT","url":"https:\/\/theatreculture.org\/","sameAs":["https:\/\/www.facebook.com\/theatreculture.org\/","https:\/\/www.instagram.com\/worldtheatretraining\/","https:\/\/www.youtube.com\/@worldtheatretraininginstit4622","https:\/\/en.wikipedia.org\/wiki\/World_Theatre_Training_Institute"],"logo":{"@type":"ImageObject","@id":"https:\/\/theatreculture.org\/#logo","inLanguage":"de","url":"https:\/\/theatreculture.org\/wp-content\/uploads\/2018\/02\/maennchen_quadrat_gruen.jpg","contentUrl":"https:\/\/theatreculture.org\/wp-content\/uploads\/2018\/02\/maennchen_quadrat_gruen.jpg","width":1435,"height":1435,"caption":"World Theatre Training Institute AKT-ZENT"},"image":{"@id":"https:\/\/theatreculture.org\/#logo"}},{"@type":"WebSite","@id":"https:\/\/theatreculture.org\/#website","url":"https:\/\/theatreculture.org\/","name":"World Theatre Training Institute AKT-ZENT\/ITI","description":"","publisher":{"@id":"https:\/\/theatreculture.org\/#organization"},"potentialAction":[{"@type":"SearchAction","target":{"@type":"EntryPoint","urlTemplate":"https:\/\/theatreculture.org\/?s={search_term_string}"},"query-input":"required name=search_term_string"}],"inLanguage":"de"},{"@type":"ImageObject","@id":"https:\/\/theatreculture.org\/de\/world-theatre-training-library\/#primaryimage","inLanguage":"de","url":"https:\/\/theatreculture.org\/wp-content\/uploads\/2018\/04\/WTTL_LAB.jpg","contentUrl":"https:\/\/theatreculture.org\/wp-content\/uploads\/2018\/04\/WTTL_LAB.jpg","width":2432,"height":2432,"caption":"actors' training"},{"@type":"WebPage","@id":"https:\/\/theatreculture.org\/de\/world-theatre-training-library\/#webpage","url":"https:\/\/theatreculture.org\/de\/world-theatre-training-library\/","name":"WORLD THEATRE TRAINING LIBRARY - World Theatre Training Institute AKT-ZENT\/ITI","isPartOf":{"@id":"https:\/\/theatreculture.org\/#website"},"primaryImageOfPage":{"@id":"https:\/\/theatreculture.org\/de\/world-theatre-training-library\/#primaryimage"},"datePublished":"2018-09-15T14:36:15+00:00","dateModified":"2023-01-27T18:41:14+00:00","breadcrumb":{"@id":"https:\/\/theatreculture.org\/de\/world-theatre-training-library\/#breadcrumb"},"inLanguage":"de","potentialAction":[{"@type":"ReadAction","target":["https:\/\/theatreculture.org\/de\/world-theatre-training-library\/"]}]},{"@type":"BreadcrumbList","@id":"https:\/\/theatreculture.org\/de\/world-theatre-training-library\/#breadcrumb","itemListElement":[{"@type":"ListItem","position":1,"name":"Startseite","item":"https:\/\/theatreculture.org\/"},{"@type":"ListItem","position":2,"name":"WORLD THEATRE TRAINING LIBRARY"}]}]}},"_links":{"self":[{"href":"https:\/\/theatreculture.org\/wp-json\/wp\/v2\/pages\/1308"}],"collection":[{"href":"https:\/\/theatreculture.org\/wp-json\/wp\/v2\/pages"}],"about":[{"href":"https:\/\/theatreculture.org\/wp-json\/wp\/v2\/types\/page"}],"author":[{"embeddable":true,"href":"https:\/\/theatreculture.org\/wp-json\/wp\/v2\/users\/1"}],"replies":[{"embeddable":true,"href":"https:\/\/theatreculture.org\/wp-json\/wp\/v2\/comments?post=1308"}],"version-history":[{"count":22,"href":"https:\/\/theatreculture.org\/wp-json\/wp\/v2\/pages\/1308\/revisions"}],"predecessor-version":[{"id":6133,"href":"https:\/\/theatreculture.org\/wp-json\/wp\/v2\/pages\/1308\/revisions\/6133"}],"wp:featuredmedia":[{"embeddable":true,"href":"https:\/\/theatreculture.org\/wp-json\/wp\/v2\/media\/667"}],"wp:attachment":[{"href":"https:\/\/theatreculture.org\/wp-json\/wp\/v2\/media?parent=1308"}],"curies":[{"name":"wp","href":"https:\/\/api.w.org\/{rel}","templated":true}]}}