{"id":1289,"date":"2018-09-14T17:16:46","date_gmt":"2018-09-14T16:16:46","guid":{"rendered":"https:\/\/aktzent.cramer-cons.de\/?page_id=1289"},"modified":"2021-07-17T13:46:39","modified_gmt":"2021-07-17T12:46:39","slug":"methodika","status":"publish","type":"page","link":"https:\/\/theatreculture.org\/de\/programme\/methodika\/","title":{"rendered":"METHODIKA"},"content":{"rendered":"<h2>Internationales Festival f\u00fcr Methoden des Theatertrainings<\/h2>\n<p>METHODIKA ist ein einzigartiges internationales Festival f\u00fcr Theaterschaffende, P\u00e4dagogen, Studenten und Wissenschaftler, um verschiedene Trainingsmethoden f\u00fcr Lehre und Theaterpraxis zu erkunden. Das Festival hat die Form eines intensiven Arbeitstreffens. Das Festival \u00f6ffnet neue Richtungen und methodische Ans\u00e4tze f\u00fcr die Entwicklung der Schauspiel- und Theaterp\u00e4dagogik, verbreitet dieses Wissen unter Theaterschaffenden und Wissenschaftlern, um schlie\u00dflich die Diskussion um Trainingsmethoden in Theaterschulen und im Theater selbst anzufachen.<\/p>\n<p>Die Notwendigkeit f\u00fcr diesen Erfahrungsaustausch zeigt sich darin, dass die Aufmerksamkeit der Regie im Theater immer weniger bei der Schauspielkunst selbst liegt, als vielmehr in der Realisierung visueller oder konzeptioneller Ideen. Die Theaterschulen ihrerseits stehen heute unter dem Druck, einem neuen Markt gerecht werden zu m\u00fcssen, um ihren Sch\u00fclern eine reelle Berufschance geben zu k\u00f6nnen. Die Lehrenden beklagen selbst, dass dabei Recherche, k\u00fcnstlerische Experimente, d.h. die notwendige Erneuerung und Provokation gegen\u00fcber bestehender Praxis verloren gehen. Die Schulen sind in Gefahr zum konservativsten Teil des Theatersystems zu werden. Und alle sind sich dessen bewusst.<\/p>\n<p>Es ist also kein Wunder, dass alle bisherigen METHODIKA-Festivals auf gro\u00dfe Resonanz stie\u00dfen. Der Wunsch, auf professionell hohem Niveau neue Ideen und Techniken f\u00fcr eine moderne Schauspiellehre zu entwickeln ist gro\u00df. Das World Theatre Training Institute unterst\u00fctzt mit Freuden all diejenigen, die sich auf internationalem Niveau zu diesem Thema austauschen wollen und freut sich, dass bereits einige couragierte Projekte aus den Treffen hervorgegangen sind.<\/p>\n<h3>METHODIKA Festivals:<\/h3>\n<p>1999\u00a0\u00a0\u00a0\u00a0\u00a0 Personality and Ensemble\u00a0 \u22c5\u00a0 Milan, Italy<\/p>\n<p>2001\u00a0\u00a0\u00a0\u00a0\u00a0 Energy and Theatre\u00a0 \u22c5\u00a0 Gripsholm, Sweden \u22c5\u00a0 <strong><a href=\"https:\/\/aktzent.cramer-cons.de\/wp-content\/uploads\/2018\/03\/Energy-and-Theatre_Methodika_2001-1.pdf\" target=\"_blank\" rel=\"noopener noreferrer\"><span style=\"color: #008000;\">Report\u00a0<\/span><\/a> <\/strong><\/p>\n<p>2003\u00a0\u00a0\u00a0\u00a0\u00a0 The Face and the Mask of the Actor\u00a0 \u22c5\u00a0 Gripsholm, Sweden \u22c5\u00a0 <strong><span style=\"color: #008000;\"><a style=\"color: #008000;\" href=\"http:\/\/theatreculture.org\/methodika2003.pdf\" target=\"_blank\" rel=\"noopener noreferrer\">Report\u00a0<\/a><\/span><\/strong><\/p>\n<p>2007\u00a0\u00a0\u00a0\u00a0\u00a0 The Theatre of the Centaur\u00a0 \u22c5\u00a0 Venice, Italy<\/p>\n<p>2009\u00a0\u00a0\u00a0\u00a0\u00a0 Chronos: Time in relation to Theatre\u00a0 \u22c5\u00a0 Modena, Italy<\/p>\n<p>2012\u00a0\u00a0\u00a0\u00a0\u00a0 Chronotopos \u2013 Time and Space in Theatre\u00a0 \u22c5\u00a0 Kalopanagiotis, Cyprus<\/p>\n<p>2014\u00a0\u00a0\u00a0\u00a0\u00a0 Ritual as basis for dramatic performance\u00a0 \u22c5\u00a0 Kazan, Russia<\/p>\n<p>2018 \u00a0\u00a0\u00a0\u00a0\u00a0Resonance with the School of Jurij Alschitz\u00a0 \u22c5\u00a0 Berlin, Germany\u00a0 \u22c5\u00a0 <strong><span style=\"color: #008000;\"><a style=\"color: #008000;\" href=\"http:\/\/theatreculture.org\/wp-content\/uploads\/2019\/01\/Programmheft.pdf\" target=\"_blank\" rel=\"noopener noreferrer\">Programmheft<\/a><\/span><\/strong><\/p>\n<p>2020\u00a0\u00a0\u00a0\u00a0\u00a0 <strong><span style=\"color: #008000;\"><a href=\"https:\/\/theatreculture.org\/de\/programme\/methodika\/ix-methodika-2021\/\"><span style=\"color: #008000;\">The Training as Method<\/span><\/a>\u00a0<\/span><\/strong> \u22c5\u00a0 Pescara, Italy<\/p>\n<p>Von 2001 &#8211; 2014 fanden die METHODIKA Festivals unter der Schirmherrschaft des Theatre Education &amp; Training Committee des <strong><span style=\"color: #008000;\"><a style=\"color: #008000;\" href=\"https:\/\/www.iti-worldwide.org\/\" target=\"_blank\" rel=\"noopener noreferrer\">\u21d2Internationalen Theaterinstituts<\/a><\/span><\/strong> statt. Seit 2020 ist die METHODIKA Teil der Aktivit\u00e4ten des <strong><a href=\"https:\/\/www.iti-unesco-network.org\/\" target=\"_blank\" rel=\"noopener noreferrer\"><span style=\"color: #008000;\">\u21d2ITI\/UNESCO Network for Higher Education in Performing Arts<\/span><\/a><\/strong>.<\/p>\n<p><strong>Mehr \u00fcber die Geschichte der METHODIKA<\/strong> <a href=\"http:\/\/theatreculture.org\/wp-content\/uploads\/2018\/02\/History-Methodika.pdf\" target=\"_blank\" rel=\"noopener noreferrer\"><span style=\"color: #008000;\"><strong>\u21d2Download pdf<\/strong><\/span><\/a><\/p>\n<p><strong>\u00a0<\/strong><\/p>\n<p>\u00a0<\/p>\n\n","protected":false},"excerpt":{"rendered":"<p>Internationales Festival f\u00fcr Methoden des Theatertrainings METHODIKA ist ein einzigartiges internationales Festival f\u00fcr Theaterschaffende, P\u00e4dagogen, Studenten und Wissenschaftler, um verschiedene Trainingsmethoden f\u00fcr Lehre und Theaterpraxis zu erkunden. Das Festival hat die Form eines intensiven Arbeitstreffens. Das Festival \u00f6ffnet neue Richtungen und methodische Ans\u00e4tze f\u00fcr die Entwicklung der Schauspiel- und Theaterp\u00e4dagogik, verbreitet dieses Wissen unter Theaterschaffenden [&hellip;]<\/p>\n","protected":false},"author":1,"featured_media":701,"parent":1505,"menu_order":3,"comment_status":"closed","ping_status":"closed","template":"","meta":[],"yoast_head":"<!-- This site is optimized with the Yoast SEO plugin v17.9 - https:\/\/yoast.com\/wordpress\/plugins\/seo\/ -->\n<title>METHODIKA - World Theatre Training Institute AKT-ZENT\/ITI<\/title>\n<meta name=\"robots\" content=\"index, follow, max-snippet:-1, max-image-preview:large, max-video-preview:-1\" \/>\n<link rel=\"canonical\" href=\"https:\/\/theatreculture.org\/de\/programme\/methodika\/\" \/>\n<meta property=\"og:locale\" content=\"de_DE\" \/>\n<meta property=\"og:type\" content=\"article\" \/>\n<meta property=\"og:title\" content=\"METHODIKA - World Theatre Training Institute AKT-ZENT\/ITI\" \/>\n<meta property=\"og:description\" content=\"Internationales Festival f\u00fcr Methoden des Theatertrainings METHODIKA ist ein einzigartiges internationales Festival f\u00fcr Theaterschaffende, P\u00e4dagogen, Studenten und Wissenschaftler, um verschiedene Trainingsmethoden f\u00fcr Lehre und Theaterpraxis zu erkunden. Das Festival hat die Form eines intensiven Arbeitstreffens. Das Festival \u00f6ffnet neue Richtungen und methodische Ans\u00e4tze f\u00fcr die Entwicklung der Schauspiel- und Theaterp\u00e4dagogik, verbreitet dieses Wissen unter Theaterschaffenden [&hellip;]\" \/>\n<meta property=\"og:url\" content=\"https:\/\/theatreculture.org\/de\/programme\/methodika\/\" \/>\n<meta property=\"og:site_name\" content=\"World Theatre Training Institute AKT-ZENT\/ITI\" \/>\n<meta property=\"article:publisher\" content=\"https:\/\/www.facebook.com\/theatreculture.org\/\" \/>\n<meta property=\"article:modified_time\" content=\"2021-07-17T12:46:39+00:00\" \/>\n<meta property=\"og:image\" content=\"https:\/\/theatreculture.org\/wp-content\/uploads\/2018\/05\/M_2001.4-2-e1533491988779.jpg\" \/>\n\t<meta property=\"og:image:width\" content=\"2602\" \/>\n\t<meta property=\"og:image:height\" content=\"1392\" \/>\n\t<meta property=\"og:image:type\" content=\"image\/jpeg\" \/>\n<meta name=\"twitter:card\" content=\"summary_large_image\" \/>\n<meta name=\"twitter:label1\" content=\"Gesch\u00e4tzte Lesezeit\" \/>\n\t<meta name=\"twitter:data1\" content=\"2\u00a0Minuten\" \/>\n<script type=\"application\/ld+json\" class=\"yoast-schema-graph\">{\"@context\":\"https:\/\/schema.org\",\"@graph\":[{\"@type\":\"Organization\",\"@id\":\"https:\/\/theatreculture.org\/#organization\",\"name\":\"World Theatre Training Institute AKT-ZENT\",\"url\":\"https:\/\/theatreculture.org\/\",\"sameAs\":[\"https:\/\/www.facebook.com\/theatreculture.org\/\",\"https:\/\/www.instagram.com\/worldtheatretraining\/\",\"https:\/\/www.youtube.com\/@worldtheatretraininginstit4622\",\"https:\/\/en.wikipedia.org\/wiki\/World_Theatre_Training_Institute\"],\"logo\":{\"@type\":\"ImageObject\",\"@id\":\"https:\/\/theatreculture.org\/#logo\",\"inLanguage\":\"de\",\"url\":\"https:\/\/theatreculture.org\/wp-content\/uploads\/2018\/02\/maennchen_quadrat_gruen.jpg\",\"contentUrl\":\"https:\/\/theatreculture.org\/wp-content\/uploads\/2018\/02\/maennchen_quadrat_gruen.jpg\",\"width\":1435,\"height\":1435,\"caption\":\"World Theatre Training Institute AKT-ZENT\"},\"image\":{\"@id\":\"https:\/\/theatreculture.org\/#logo\"}},{\"@type\":\"WebSite\",\"@id\":\"https:\/\/theatreculture.org\/#website\",\"url\":\"https:\/\/theatreculture.org\/\",\"name\":\"World Theatre Training Institute AKT-ZENT\/ITI\",\"description\":\"\",\"publisher\":{\"@id\":\"https:\/\/theatreculture.org\/#organization\"},\"potentialAction\":[{\"@type\":\"SearchAction\",\"target\":{\"@type\":\"EntryPoint\",\"urlTemplate\":\"https:\/\/theatreculture.org\/?s={search_term_string}\"},\"query-input\":\"required name=search_term_string\"}],\"inLanguage\":\"de\"},{\"@type\":\"ImageObject\",\"@id\":\"https:\/\/theatreculture.org\/de\/programme\/methodika\/#primaryimage\",\"inLanguage\":\"de\",\"url\":\"https:\/\/theatreculture.org\/wp-content\/uploads\/2018\/05\/M_2001.4-2-e1533491988779.jpg\",\"contentUrl\":\"https:\/\/theatreculture.org\/wp-content\/uploads\/2018\/05\/M_2001.4-2-e1533491988779.jpg\",\"width\":2602,\"height\":1392,\"caption\":\"theatre directors and teachers\"},{\"@type\":\"WebPage\",\"@id\":\"https:\/\/theatreculture.org\/de\/programme\/methodika\/#webpage\",\"url\":\"https:\/\/theatreculture.org\/de\/programme\/methodika\/\",\"name\":\"METHODIKA - World Theatre Training Institute AKT-ZENT\/ITI\",\"isPartOf\":{\"@id\":\"https:\/\/theatreculture.org\/#website\"},\"primaryImageOfPage\":{\"@id\":\"https:\/\/theatreculture.org\/de\/programme\/methodika\/#primaryimage\"},\"datePublished\":\"2018-09-14T16:16:46+00:00\",\"dateModified\":\"2021-07-17T12:46:39+00:00\",\"breadcrumb\":{\"@id\":\"https:\/\/theatreculture.org\/de\/programme\/methodika\/#breadcrumb\"},\"inLanguage\":\"de\",\"potentialAction\":[{\"@type\":\"ReadAction\",\"target\":[\"https:\/\/theatreculture.org\/de\/programme\/methodika\/\"]}]},{\"@type\":\"BreadcrumbList\",\"@id\":\"https:\/\/theatreculture.org\/de\/programme\/methodika\/#breadcrumb\",\"itemListElement\":[{\"@type\":\"ListItem\",\"position\":1,\"name\":\"Startseite\",\"item\":\"https:\/\/theatreculture.org\/\"},{\"@type\":\"ListItem\",\"position\":2,\"name\":\"PROGRAMME\",\"item\":\"https:\/\/theatreculture.org\/de\/programme\/\"},{\"@type\":\"ListItem\",\"position\":3,\"name\":\"METHODIKA\"}]}]}<\/script>\n<!-- \/ Yoast SEO plugin. -->","yoast_head_json":{"title":"METHODIKA - World Theatre Training Institute AKT-ZENT\/ITI","robots":{"index":"index","follow":"follow","max-snippet":"max-snippet:-1","max-image-preview":"max-image-preview:large","max-video-preview":"max-video-preview:-1"},"canonical":"https:\/\/theatreculture.org\/de\/programme\/methodika\/","og_locale":"de_DE","og_type":"article","og_title":"METHODIKA - World Theatre Training Institute AKT-ZENT\/ITI","og_description":"Internationales Festival f\u00fcr Methoden des Theatertrainings METHODIKA ist ein einzigartiges internationales Festival f\u00fcr Theaterschaffende, P\u00e4dagogen, Studenten und Wissenschaftler, um verschiedene Trainingsmethoden f\u00fcr Lehre und Theaterpraxis zu erkunden. Das Festival hat die Form eines intensiven Arbeitstreffens. Das Festival \u00f6ffnet neue Richtungen und methodische Ans\u00e4tze f\u00fcr die Entwicklung der Schauspiel- und Theaterp\u00e4dagogik, verbreitet dieses Wissen unter Theaterschaffenden [&hellip;]","og_url":"https:\/\/theatreculture.org\/de\/programme\/methodika\/","og_site_name":"World Theatre Training Institute AKT-ZENT\/ITI","article_publisher":"https:\/\/www.facebook.com\/theatreculture.org\/","article_modified_time":"2021-07-17T12:46:39+00:00","og_image":[{"width":2602,"height":1392,"url":"https:\/\/theatreculture.org\/wp-content\/uploads\/2018\/05\/M_2001.4-2-e1533491988779.jpg","type":"image\/jpeg"}],"twitter_card":"summary_large_image","twitter_misc":{"Gesch\u00e4tzte Lesezeit":"2\u00a0Minuten"},"schema":{"@context":"https:\/\/schema.org","@graph":[{"@type":"Organization","@id":"https:\/\/theatreculture.org\/#organization","name":"World Theatre Training Institute AKT-ZENT","url":"https:\/\/theatreculture.org\/","sameAs":["https:\/\/www.facebook.com\/theatreculture.org\/","https:\/\/www.instagram.com\/worldtheatretraining\/","https:\/\/www.youtube.com\/@worldtheatretraininginstit4622","https:\/\/en.wikipedia.org\/wiki\/World_Theatre_Training_Institute"],"logo":{"@type":"ImageObject","@id":"https:\/\/theatreculture.org\/#logo","inLanguage":"de","url":"https:\/\/theatreculture.org\/wp-content\/uploads\/2018\/02\/maennchen_quadrat_gruen.jpg","contentUrl":"https:\/\/theatreculture.org\/wp-content\/uploads\/2018\/02\/maennchen_quadrat_gruen.jpg","width":1435,"height":1435,"caption":"World Theatre Training Institute AKT-ZENT"},"image":{"@id":"https:\/\/theatreculture.org\/#logo"}},{"@type":"WebSite","@id":"https:\/\/theatreculture.org\/#website","url":"https:\/\/theatreculture.org\/","name":"World Theatre Training Institute AKT-ZENT\/ITI","description":"","publisher":{"@id":"https:\/\/theatreculture.org\/#organization"},"potentialAction":[{"@type":"SearchAction","target":{"@type":"EntryPoint","urlTemplate":"https:\/\/theatreculture.org\/?s={search_term_string}"},"query-input":"required name=search_term_string"}],"inLanguage":"de"},{"@type":"ImageObject","@id":"https:\/\/theatreculture.org\/de\/programme\/methodika\/#primaryimage","inLanguage":"de","url":"https:\/\/theatreculture.org\/wp-content\/uploads\/2018\/05\/M_2001.4-2-e1533491988779.jpg","contentUrl":"https:\/\/theatreculture.org\/wp-content\/uploads\/2018\/05\/M_2001.4-2-e1533491988779.jpg","width":2602,"height":1392,"caption":"theatre directors and teachers"},{"@type":"WebPage","@id":"https:\/\/theatreculture.org\/de\/programme\/methodika\/#webpage","url":"https:\/\/theatreculture.org\/de\/programme\/methodika\/","name":"METHODIKA - World Theatre Training Institute AKT-ZENT\/ITI","isPartOf":{"@id":"https:\/\/theatreculture.org\/#website"},"primaryImageOfPage":{"@id":"https:\/\/theatreculture.org\/de\/programme\/methodika\/#primaryimage"},"datePublished":"2018-09-14T16:16:46+00:00","dateModified":"2021-07-17T12:46:39+00:00","breadcrumb":{"@id":"https:\/\/theatreculture.org\/de\/programme\/methodika\/#breadcrumb"},"inLanguage":"de","potentialAction":[{"@type":"ReadAction","target":["https:\/\/theatreculture.org\/de\/programme\/methodika\/"]}]},{"@type":"BreadcrumbList","@id":"https:\/\/theatreculture.org\/de\/programme\/methodika\/#breadcrumb","itemListElement":[{"@type":"ListItem","position":1,"name":"Startseite","item":"https:\/\/theatreculture.org\/"},{"@type":"ListItem","position":2,"name":"PROGRAMME","item":"https:\/\/theatreculture.org\/de\/programme\/"},{"@type":"ListItem","position":3,"name":"METHODIKA"}]}]}},"_links":{"self":[{"href":"https:\/\/theatreculture.org\/wp-json\/wp\/v2\/pages\/1289"}],"collection":[{"href":"https:\/\/theatreculture.org\/wp-json\/wp\/v2\/pages"}],"about":[{"href":"https:\/\/theatreculture.org\/wp-json\/wp\/v2\/types\/page"}],"author":[{"embeddable":true,"href":"https:\/\/theatreculture.org\/wp-json\/wp\/v2\/users\/1"}],"replies":[{"embeddable":true,"href":"https:\/\/theatreculture.org\/wp-json\/wp\/v2\/comments?post=1289"}],"version-history":[{"count":22,"href":"https:\/\/theatreculture.org\/wp-json\/wp\/v2\/pages\/1289\/revisions"}],"predecessor-version":[{"id":5091,"href":"https:\/\/theatreculture.org\/wp-json\/wp\/v2\/pages\/1289\/revisions\/5091"}],"up":[{"embeddable":true,"href":"https:\/\/theatreculture.org\/wp-json\/wp\/v2\/pages\/1505"}],"wp:featuredmedia":[{"embeddable":true,"href":"https:\/\/theatreculture.org\/wp-json\/wp\/v2\/media\/701"}],"wp:attachment":[{"href":"https:\/\/theatreculture.org\/wp-json\/wp\/v2\/media?parent=1289"}],"curies":[{"name":"wp","href":"https:\/\/api.w.org\/{rel}","templated":true}]}}