{"id":1279,"date":"2018-09-14T16:09:10","date_gmt":"2018-09-14T15:09:10","guid":{"rendered":"https:\/\/aktzent.cramer-cons.de\/?page_id=1279"},"modified":"2024-11-07T11:32:37","modified_gmt":"2024-11-07T10:32:37","slug":"programm-direktorin-christine-schmalor","status":"publish","type":"page","link":"https:\/\/theatreculture.org\/de\/ueber-uns\/programm-direktorin-christine-schmalor\/","title":{"rendered":"PROGRAMM DIREKTORIN"},"content":{"rendered":"<figure id=\"attachment_1271\" aria-describedby=\"caption-attachment-1271\" style=\"width: 308px\" class=\"wp-caption alignleft\"><img loading=\"lazy\" class=\"wp-image-1271\" src=\"https:\/\/aktzent.cramer-cons.de\/wp-content\/uploads\/2018\/09\/Bild-31-210x300.jpg\" alt=\"Christine Schmalor Produktion Wei\u00dfe N\u00e4chte\" width=\"308\" height=\"440\" srcset=\"https:\/\/theatreculture.org\/wp-content\/uploads\/2018\/09\/Bild-31-210x300.jpg 210w, https:\/\/theatreculture.org\/wp-content\/uploads\/2018\/09\/Bild-31-768x1098.jpg 768w, https:\/\/theatreculture.org\/wp-content\/uploads\/2018\/09\/Bild-31-716x1024.jpg 716w, https:\/\/theatreculture.org\/wp-content\/uploads\/2018\/09\/Bild-31-200x286.jpg 200w, https:\/\/theatreculture.org\/wp-content\/uploads\/2018\/09\/Bild-31-400x572.jpg 400w, https:\/\/theatreculture.org\/wp-content\/uploads\/2018\/09\/Bild-31.jpg 839w\" sizes=\"(max-width: 308px) 100vw, 308px\" \/><figcaption id=\"caption-attachment-1271\" class=\"wp-caption-text\"><span style=\"font-size: 10px;\">\u00a9 Manuel Krug<\/span><\/figcaption><\/figure>\n<p><span style=\"font-size: 24px;\"><strong>Christine Schmalor<\/strong><\/span><\/p>\n<p><span style=\"font-size: 24px;\"><strong>Schauspiellehre, angewandte und freie k\u00fcnstlerische Forschung<\/strong> <\/span><\/p>\n<p>Nach dem Studium in Berlin (M.A. Theaterwissenschaft) und USA (Regie und Lichtdesign) arbeitete Christine Schmalor als freischaffende Regisseurin. Dabei entwickelte sie zunehmend mehr Interesse f\u00fcr die praktische Erforschung von Schauspieltrainingsmethoden und deren Lehre.<\/p>\n<p>Aus der Begegnung mit Jurij Alschitz entstand 1995 das Internationale Theater Zentrum AKT-ZENT in Berlin, heute World Theatre Training Institute AKT-ZENT \/ ITI.<\/p>\n<p><em>Als Programmdirektorin\u00a0<\/em> entwickelt und realisiert sie seit 1995 alle europ\u00e4ischen und internationalen Projekte des Instituts.<\/p>\n<p><em>Als Wissenschaftlerin <\/em>zeichnet sie verantworlich f\u00fcr die Curriculumsentwicklung des M.A. Programms <strong><span style=\"color: #008000;\"><a style=\"color: #008000;\" href=\"https:\/\/theatreculture.org\/de\/programme\/teaching-professional-theatre-practice\/\">Teaching Professional Theatre Practice<\/a><\/span><\/strong> und arbeitet an der Dokumentation der methodologischen Ergebnisse des Instituts. 2017 hat sie eine Hybrid-Theatre-Plattform konzipiert, aus der organisch 2020 eine <strong><span style=\"color: #008000;\"><a style=\"color: #008000;\" href=\"https:\/\/online-theatre-academy.com\/de\/\" target=\"_blank\" rel=\"noopener noreferrer\">\u21d2Online-Theatre Academy<\/a><\/span><\/strong> entstand.<\/p>\n<p><em>Als Schauspiellehrerin<\/em>, leitet sie zu verschiedensten Themen Kurse f\u00fcr Schauspiel im online, hybrid und Pr\u00e4senzformat. Sie unterrichtet im <strong><span style=\"color: #008000;\"><a style=\"color: #008000;\" href=\"http:\/\/theatreculture.org\/de\/ueber-uns\/team-of-teachers\/\">Team of Teachers<\/a><\/span><\/strong> der <strong><span style=\"color: #008000;\"><a style=\"color: #008000;\" href=\"http:\/\/theatreculture.org\/de\/netzwerk\/european-association-for-theatre-culture\/\">European Association for Theatre Culture<\/a><\/span><\/strong> (EATC) und an Akademien.<br \/>\nDie zahlreichen internationalen Laboratorien und Produktionen von AKT-ZENT werden von ihr seit Beginn als <em>Coach<\/em>, oft auch <em>als Musikerin und Schauspielerin<\/em> unterst\u00fctzt.<\/p>\n<p><em>Als Herausgeberin <\/em>der Theaterhandb\u00fccher von Jurij Alschitz hat sie den Selbstverlag \u201ears incognita\u201d gegr\u00fcndet.<\/p>\n<p><em>Als Netzwerkerin <\/em>f\u00fcr kulturelle Zusammenarbeit stand Christine Schmalor seit 2000 als Vizepr\u00e4sidentin und von 2004-2011 als Pr\u00e4sidentin dem <strong><span style=\"color: #008000;\"><a style=\"color: #008000;\" href=\"https:\/\/www.iti-worldwide.org\/theatretraining.html\" target=\"_blank\" rel=\"noopener noreferrer\">\u21d2ITI &#8211; Theatre Education &amp; Training Committee<\/a><\/span><\/strong> vor und konnte zahlreiche Impulse f\u00fcr internationale Kooperationen geben. Seit 2018 ist sie <em>board member<\/em> des <strong><span style=\"color: #008000;\"><a style=\"color: #008000;\" href=\"https:\/\/www.iti-unesco-network.org\/\" target=\"_blank\" rel=\"noopener noreferrer\">\u21d2ITI\/UNESCO Network for Higher Education in the Performing Arts<\/a><\/span><\/strong><em>. <\/em>Seit 2022 ist sie Mitglied des <em>advisory board<\/em> der <strong><a href=\"https:\/\/theatreleaders.org\/\" target=\"_blank\" rel=\"noopener\"><span style=\"color: #008000;\">\u21d2International Association of Theatre Leaders IATL<\/span><\/a><\/strong>.<\/p>\n<p><em>Als Expertin <\/em>nimmt sie regelm\u00e4\u00dfig an internationalen Kongressen teil; als Sprecherin zu Fragen der Theaterausbildung, als Beraterin im Bologna Prozess sowie als Jury-Mitglied auf internationalen Festivals von Theaterschulen. Ihre internationale Erfahrung gibt sie in Seminaren f\u00fcr Kulturmanager weiter.<\/p>\n<p><em>Als freie K\u00fcnstlerin<\/em> widmet sie sich unterschiedlichsten Themen, um sie zun\u00e4chst zweckfrei zu ergr\u00fcnden bevor sie in einer ihrer Projektlinien integriert werden.<\/p>\n<p><strong><span style=\"color: #008000;\"><a style=\"color: #008000;\" href=\"https:\/\/theatreculture.org\/wp-content\/uploads\/2024\/11\/CV_SCHMALOR_DE_web.pdf\" target=\"_blank\" rel=\"noopener\">\u21d2Lebenslauf<\/a><\/span><\/strong><\/p>\n","protected":false},"excerpt":{"rendered":"<p>Christine Schmalor Schauspiellehre, angewandte und freie k\u00fcnstlerische Forschung Nach dem Studium in Berlin (M.A. Theaterwissenschaft) und USA (Regie und Lichtdesign) arbeitete Christine Schmalor als freischaffende Regisseurin. Dabei entwickelte sie zunehmend mehr Interesse f\u00fcr die praktische Erforschung von Schauspieltrainingsmethoden und deren Lehre. Aus der Begegnung mit Jurij Alschitz entstand 1995 das Internationale Theater Zentrum AKT-ZENT in [&hellip;]<\/p>\n","protected":false},"author":1,"featured_media":0,"parent":1508,"menu_order":6,"comment_status":"closed","ping_status":"closed","template":"","meta":[],"yoast_head":"<!-- This site is optimized with the Yoast SEO plugin v17.9 - https:\/\/yoast.com\/wordpress\/plugins\/seo\/ -->\n<title>Christine Schmalor - PROGRAMM DIREKTORIN - World Theatre Training Institute AKT-ZENT\/ITI<\/title>\n<meta name=\"description\" content=\"Programmdirektorin Christine Schmalor ist Mitgr\u00fcnderin des World Theatre Training Institute in Berlin; Schauspiellehrerin; Wissenschaftlerin\" \/>\n<meta name=\"robots\" content=\"index, follow, max-snippet:-1, max-image-preview:large, max-video-preview:-1\" \/>\n<link rel=\"canonical\" href=\"https:\/\/theatreculture.org\/de\/ueber-uns\/programm-direktorin-christine-schmalor\/\" \/>\n<meta property=\"og:locale\" content=\"de_DE\" \/>\n<meta property=\"og:type\" content=\"article\" \/>\n<meta property=\"og:title\" content=\"Christine Schmalor - PROGRAMM DIREKTORIN - World Theatre Training Institute AKT-ZENT\/ITI\" \/>\n<meta property=\"og:description\" content=\"Programmdirektorin Christine Schmalor ist Mitgr\u00fcnderin des World Theatre Training Institute in Berlin; Schauspiellehrerin; Wissenschaftlerin\" \/>\n<meta property=\"og:url\" content=\"https:\/\/theatreculture.org\/de\/ueber-uns\/programm-direktorin-christine-schmalor\/\" \/>\n<meta property=\"og:site_name\" content=\"World Theatre Training Institute AKT-ZENT\/ITI\" \/>\n<meta property=\"article:publisher\" content=\"https:\/\/www.facebook.com\/theatreculture.org\/\" \/>\n<meta property=\"article:modified_time\" content=\"2024-11-07T10:32:37+00:00\" \/>\n<meta property=\"og:image\" content=\"https:\/\/aktzent.cramer-cons.de\/wp-content\/uploads\/2018\/09\/Bild-31-210x300.jpg\" \/>\n<meta name=\"twitter:card\" content=\"summary_large_image\" \/>\n<meta name=\"twitter:label1\" content=\"Gesch\u00e4tzte Lesezeit\" \/>\n\t<meta name=\"twitter:data1\" content=\"2\u00a0Minuten\" \/>\n<script type=\"application\/ld+json\" class=\"yoast-schema-graph\">{\"@context\":\"https:\/\/schema.org\",\"@graph\":[{\"@type\":\"Organization\",\"@id\":\"https:\/\/theatreculture.org\/#organization\",\"name\":\"World Theatre Training Institute AKT-ZENT\",\"url\":\"https:\/\/theatreculture.org\/\",\"sameAs\":[\"https:\/\/www.facebook.com\/theatreculture.org\/\",\"https:\/\/www.instagram.com\/worldtheatretraining\/\",\"https:\/\/www.youtube.com\/@worldtheatretraininginstit4622\",\"https:\/\/en.wikipedia.org\/wiki\/World_Theatre_Training_Institute\"],\"logo\":{\"@type\":\"ImageObject\",\"@id\":\"https:\/\/theatreculture.org\/#logo\",\"inLanguage\":\"de\",\"url\":\"https:\/\/theatreculture.org\/wp-content\/uploads\/2018\/02\/maennchen_quadrat_gruen.jpg\",\"contentUrl\":\"https:\/\/theatreculture.org\/wp-content\/uploads\/2018\/02\/maennchen_quadrat_gruen.jpg\",\"width\":1435,\"height\":1435,\"caption\":\"World Theatre Training Institute AKT-ZENT\"},\"image\":{\"@id\":\"https:\/\/theatreculture.org\/#logo\"}},{\"@type\":\"WebSite\",\"@id\":\"https:\/\/theatreculture.org\/#website\",\"url\":\"https:\/\/theatreculture.org\/\",\"name\":\"World Theatre Training Institute AKT-ZENT\/ITI\",\"description\":\"\",\"publisher\":{\"@id\":\"https:\/\/theatreculture.org\/#organization\"},\"potentialAction\":[{\"@type\":\"SearchAction\",\"target\":{\"@type\":\"EntryPoint\",\"urlTemplate\":\"https:\/\/theatreculture.org\/?s={search_term_string}\"},\"query-input\":\"required name=search_term_string\"}],\"inLanguage\":\"de\"},{\"@type\":\"ImageObject\",\"@id\":\"https:\/\/theatreculture.org\/de\/ueber-uns\/programm-direktorin-christine-schmalor\/#primaryimage\",\"inLanguage\":\"de\",\"url\":\"https:\/\/aktzent.cramer-cons.de\/wp-content\/uploads\/2018\/09\/Bild-31-210x300.jpg\",\"contentUrl\":\"https:\/\/aktzent.cramer-cons.de\/wp-content\/uploads\/2018\/09\/Bild-31-210x300.jpg\"},{\"@type\":\"WebPage\",\"@id\":\"https:\/\/theatreculture.org\/de\/ueber-uns\/programm-direktorin-christine-schmalor\/#webpage\",\"url\":\"https:\/\/theatreculture.org\/de\/ueber-uns\/programm-direktorin-christine-schmalor\/\",\"name\":\"Christine Schmalor - PROGRAMM DIREKTORIN - World Theatre Training Institute AKT-ZENT\/ITI\",\"isPartOf\":{\"@id\":\"https:\/\/theatreculture.org\/#website\"},\"primaryImageOfPage\":{\"@id\":\"https:\/\/theatreculture.org\/de\/ueber-uns\/programm-direktorin-christine-schmalor\/#primaryimage\"},\"datePublished\":\"2018-09-14T15:09:10+00:00\",\"dateModified\":\"2024-11-07T10:32:37+00:00\",\"description\":\"Programmdirektorin Christine Schmalor ist Mitgr\\u00fcnderin des World Theatre Training Institute in Berlin; Schauspiellehrerin; Wissenschaftlerin\",\"breadcrumb\":{\"@id\":\"https:\/\/theatreculture.org\/de\/ueber-uns\/programm-direktorin-christine-schmalor\/#breadcrumb\"},\"inLanguage\":\"de\",\"potentialAction\":[{\"@type\":\"ReadAction\",\"target\":[\"https:\/\/theatreculture.org\/de\/ueber-uns\/programm-direktorin-christine-schmalor\/\"]}]},{\"@type\":\"BreadcrumbList\",\"@id\":\"https:\/\/theatreculture.org\/de\/ueber-uns\/programm-direktorin-christine-schmalor\/#breadcrumb\",\"itemListElement\":[{\"@type\":\"ListItem\",\"position\":1,\"name\":\"Startseite\",\"item\":\"https:\/\/theatreculture.org\/\"},{\"@type\":\"ListItem\",\"position\":2,\"name\":\"\\u00dcBER UNS\",\"item\":\"https:\/\/theatreculture.org\/de\/ueber-uns\/\"},{\"@type\":\"ListItem\",\"position\":3,\"name\":\"PROGRAMM DIREKTORIN\"}]}]}<\/script>\n<!-- \/ Yoast SEO plugin. -->","yoast_head_json":{"title":"Christine Schmalor - PROGRAMM DIREKTORIN - World Theatre Training Institute AKT-ZENT\/ITI","description":"Programmdirektorin Christine Schmalor ist Mitgr\u00fcnderin des World Theatre Training Institute in Berlin; Schauspiellehrerin; Wissenschaftlerin","robots":{"index":"index","follow":"follow","max-snippet":"max-snippet:-1","max-image-preview":"max-image-preview:large","max-video-preview":"max-video-preview:-1"},"canonical":"https:\/\/theatreculture.org\/de\/ueber-uns\/programm-direktorin-christine-schmalor\/","og_locale":"de_DE","og_type":"article","og_title":"Christine Schmalor - PROGRAMM DIREKTORIN - World Theatre Training Institute AKT-ZENT\/ITI","og_description":"Programmdirektorin Christine Schmalor ist Mitgr\u00fcnderin des World Theatre Training Institute in Berlin; Schauspiellehrerin; Wissenschaftlerin","og_url":"https:\/\/theatreculture.org\/de\/ueber-uns\/programm-direktorin-christine-schmalor\/","og_site_name":"World Theatre Training Institute AKT-ZENT\/ITI","article_publisher":"https:\/\/www.facebook.com\/theatreculture.org\/","article_modified_time":"2024-11-07T10:32:37+00:00","og_image":[{"url":"https:\/\/aktzent.cramer-cons.de\/wp-content\/uploads\/2018\/09\/Bild-31-210x300.jpg"}],"twitter_card":"summary_large_image","twitter_misc":{"Gesch\u00e4tzte Lesezeit":"2\u00a0Minuten"},"schema":{"@context":"https:\/\/schema.org","@graph":[{"@type":"Organization","@id":"https:\/\/theatreculture.org\/#organization","name":"World Theatre Training Institute AKT-ZENT","url":"https:\/\/theatreculture.org\/","sameAs":["https:\/\/www.facebook.com\/theatreculture.org\/","https:\/\/www.instagram.com\/worldtheatretraining\/","https:\/\/www.youtube.com\/@worldtheatretraininginstit4622","https:\/\/en.wikipedia.org\/wiki\/World_Theatre_Training_Institute"],"logo":{"@type":"ImageObject","@id":"https:\/\/theatreculture.org\/#logo","inLanguage":"de","url":"https:\/\/theatreculture.org\/wp-content\/uploads\/2018\/02\/maennchen_quadrat_gruen.jpg","contentUrl":"https:\/\/theatreculture.org\/wp-content\/uploads\/2018\/02\/maennchen_quadrat_gruen.jpg","width":1435,"height":1435,"caption":"World Theatre Training Institute AKT-ZENT"},"image":{"@id":"https:\/\/theatreculture.org\/#logo"}},{"@type":"WebSite","@id":"https:\/\/theatreculture.org\/#website","url":"https:\/\/theatreculture.org\/","name":"World Theatre Training Institute AKT-ZENT\/ITI","description":"","publisher":{"@id":"https:\/\/theatreculture.org\/#organization"},"potentialAction":[{"@type":"SearchAction","target":{"@type":"EntryPoint","urlTemplate":"https:\/\/theatreculture.org\/?s={search_term_string}"},"query-input":"required name=search_term_string"}],"inLanguage":"de"},{"@type":"ImageObject","@id":"https:\/\/theatreculture.org\/de\/ueber-uns\/programm-direktorin-christine-schmalor\/#primaryimage","inLanguage":"de","url":"https:\/\/aktzent.cramer-cons.de\/wp-content\/uploads\/2018\/09\/Bild-31-210x300.jpg","contentUrl":"https:\/\/aktzent.cramer-cons.de\/wp-content\/uploads\/2018\/09\/Bild-31-210x300.jpg"},{"@type":"WebPage","@id":"https:\/\/theatreculture.org\/de\/ueber-uns\/programm-direktorin-christine-schmalor\/#webpage","url":"https:\/\/theatreculture.org\/de\/ueber-uns\/programm-direktorin-christine-schmalor\/","name":"Christine Schmalor - PROGRAMM DIREKTORIN - World Theatre Training Institute AKT-ZENT\/ITI","isPartOf":{"@id":"https:\/\/theatreculture.org\/#website"},"primaryImageOfPage":{"@id":"https:\/\/theatreculture.org\/de\/ueber-uns\/programm-direktorin-christine-schmalor\/#primaryimage"},"datePublished":"2018-09-14T15:09:10+00:00","dateModified":"2024-11-07T10:32:37+00:00","description":"Programmdirektorin Christine Schmalor ist Mitgr\u00fcnderin des World Theatre Training Institute in Berlin; Schauspiellehrerin; Wissenschaftlerin","breadcrumb":{"@id":"https:\/\/theatreculture.org\/de\/ueber-uns\/programm-direktorin-christine-schmalor\/#breadcrumb"},"inLanguage":"de","potentialAction":[{"@type":"ReadAction","target":["https:\/\/theatreculture.org\/de\/ueber-uns\/programm-direktorin-christine-schmalor\/"]}]},{"@type":"BreadcrumbList","@id":"https:\/\/theatreculture.org\/de\/ueber-uns\/programm-direktorin-christine-schmalor\/#breadcrumb","itemListElement":[{"@type":"ListItem","position":1,"name":"Startseite","item":"https:\/\/theatreculture.org\/"},{"@type":"ListItem","position":2,"name":"\u00dcBER UNS","item":"https:\/\/theatreculture.org\/de\/ueber-uns\/"},{"@type":"ListItem","position":3,"name":"PROGRAMM DIREKTORIN"}]}]}},"_links":{"self":[{"href":"https:\/\/theatreculture.org\/wp-json\/wp\/v2\/pages\/1279"}],"collection":[{"href":"https:\/\/theatreculture.org\/wp-json\/wp\/v2\/pages"}],"about":[{"href":"https:\/\/theatreculture.org\/wp-json\/wp\/v2\/types\/page"}],"author":[{"embeddable":true,"href":"https:\/\/theatreculture.org\/wp-json\/wp\/v2\/users\/1"}],"replies":[{"embeddable":true,"href":"https:\/\/theatreculture.org\/wp-json\/wp\/v2\/comments?post=1279"}],"version-history":[{"count":24,"href":"https:\/\/theatreculture.org\/wp-json\/wp\/v2\/pages\/1279\/revisions"}],"predecessor-version":[{"id":7302,"href":"https:\/\/theatreculture.org\/wp-json\/wp\/v2\/pages\/1279\/revisions\/7302"}],"up":[{"embeddable":true,"href":"https:\/\/theatreculture.org\/wp-json\/wp\/v2\/pages\/1508"}],"wp:attachment":[{"href":"https:\/\/theatreculture.org\/wp-json\/wp\/v2\/media?parent=1279"}],"curies":[{"name":"wp","href":"https:\/\/api.w.org\/{rel}","templated":true}]}}