{"id":1260,"date":"2018-09-14T11:17:32","date_gmt":"2018-09-14T10:17:32","guid":{"rendered":"https:\/\/aktzent.cramer-cons.de\/?page_id=1260"},"modified":"2020-02-06T11:24:57","modified_gmt":"2020-02-06T10:24:57","slug":"iti-weltweit","status":"publish","type":"page","link":"https:\/\/theatreculture.org\/de\/netzwerk\/iti-weltweit\/","title":{"rendered":"ITI WELTWEIT"},"content":{"rendered":"<h2>&nbsp;<strong>World Organization for the Performing Arts<br \/>\n<\/strong><\/h2>\n<h2><img loading=\"lazy\" class=\"wp-image-92 alignright\" src=\"https:\/\/aktzent.cramer-cons.de\/wp-content\/uploads\/2018\/01\/logo_circle_color_EN_rgb.jpg\" alt=\"\" width=\"177\" height=\"169\" srcset=\"https:\/\/theatreculture.org\/wp-content\/uploads\/2018\/01\/logo_circle_color_EN_rgb.jpg 197w, https:\/\/theatreculture.org\/wp-content\/uploads\/2018\/01\/logo_circle_color_EN_rgb-100x95.jpg 100w\" sizes=\"(max-width: 177px) 100vw, 177px\" \/><\/h2>\n<p>Das<strong><span style=\"color: #008000;\"><a style=\"color: #008000;\" href=\"https:\/\/www.iti-worldwide.org\" target=\"_blank\" rel=\"noopener noreferrer\">\u21d2Internationale Theaterinstitut ITI<\/a><\/span><\/strong><span id=\"result_box\" class=\"\" lang=\"de\"><span title=\"The \u21d2International Theatre Institute ITI, the world\u2019s largest performing arts organization founded in 1948 by theatre and dance experts and \u21d2UNESCO, strives for a society in which the performing arts and their artists thrive and flourish.\"> ist die weltweit gr\u00f6\u00dfte Organisation f\u00fcr darstellende K\u00fcnste, die im Jahr 1948 von Theater- und Tanz-Experten unter der <\/span><\/span><strong><span style=\"color: #008000;\"><a style=\"color: #008000;\" href=\"https:\/\/en.unesco.org\/\" target=\"_blank\" rel=\"noopener noreferrer\">\u21d2UNESCO<\/a><\/span><\/strong><span id=\"result_box\" class=\"\" lang=\"de\"> <\/span><span id=\"result_box\" class=\"\" lang=\"de\"><span title=\"The \u21d2International Theatre Institute ITI, the world\u2019s largest performing arts organization founded in 1948 by theatre and dance experts and \u21d2UNESCO, strives for a society in which the performing arts and their artists thrive and flourish.\">gegr\u00fcndet wurde, <\/span><\/span><span id=\"result_box\" class=\"\" lang=\"de\"><span title=\"The \u21d2International Theatre Institute ITI, the world\u2019s largest performing arts organization founded in 1948 by theatre and dance experts and \u21d2UNESCO, strives for a society in which the performing arts and their artists thrive and flourish.\">in der Hoffnung auf <\/span><\/span><span id=\"result_box\" class=\"\" lang=\"de\"><span title=\"The \u21d2International Theatre Institute ITI, the world\u2019s largest performing arts organization founded in 1948 by theatre and dance experts and \u21d2UNESCO, strives for a society in which the performing arts and their artists thrive and flourish.\">eine Gesellschaft, in der die darstellenden K\u00fcnste und ihre K\u00fcnstler bl\u00fchen und gedeihen. <\/span><span title=\"ITI advances UNESCO\u2019s goals of mutual understanding and peace and advocates the protection and promotion of cultural expression, regardless of age, gender, creed, or ethnicity.\">ITI f\u00f6rdert die Ziele der UNESCO f\u00fcr gegenseitiges Verst\u00e4ndnis und Frieden und setzt sich f\u00fcr den Schutz und die F\u00f6rderung des kulturellen <\/span><\/span><span id=\"result_box\" class=\"\" lang=\"de\"><span title=\"ITI advances UNESCO\u2019s goals of mutual understanding and peace and advocates the protection and promotion of cultural expression, regardless of age, gender, creed, or ethnicity.\">Ausdrucks ein, unabh\u00e4ngig von Alter, Geschlecht, Glaubensbekenntnis oder ethnischer Zugeh\u00f6rigkeit. <\/span><span title=\"It works to these ends internationally and nationally in the areas of performing arts education, international exchange and collaboration, and youth training. \">Es arbeitet zu diesem Zweck international und national in den Bereichen der darstellenden K\u00fcnste, des internationalen Austauschs und der Zusammenarbeit sowie der Bildung.<\/span><\/span><\/p>\n<p><span title=\"The purpose of the International Theatre Institute is to promote international exchange of knowledge and practice in theatre arts in order to consolidate peace and friendship between peoples, to deepen mutual understanding and increase creative co-operation between all people in the theatre arts. \">Der Zweck des Internationalen Theaterinstituts ist es, den internationalen Austausch von Wissen und Praktiken in der Theaterkunst zu f\u00f6rdern, um Frieden und Freundschaft zwischen den V\u00f6lkern zu festigen, das gegenseitige Verst\u00e4ndnis zu vertiefen und die kreative Zusammenarbeit zwischen allen Menschen in den Theaterk\u00fcnsten zu erh\u00f6hen.<\/span><\/p>\n<p><span title=\"During the 33rd ITI World Congress in Xiamen, China in September 2011, the general assembly appointed AKT-ZENT as Research Centre of the International Theatre Institute.\">W\u00e4hrend des 33. ITI Weltkongresses in Xiamen, China im September 2011, ernannte die Generalversammlung AKT-ZENT zum Forschungszentrum des Internationalen Theaterinstituts.<\/span><\/p>\n<p><img loading=\"lazy\" class=\" wp-image-1256 aligncenter\" src=\"https:\/\/aktzent.cramer-cons.de\/wp-content\/uploads\/2018\/09\/congress_group-300x160.jpg\" alt=\"\" width=\"712\" height=\"379\" srcset=\"https:\/\/theatreculture.org\/wp-content\/uploads\/2018\/09\/congress_group-300x160.jpg 300w, https:\/\/theatreculture.org\/wp-content\/uploads\/2018\/09\/congress_group-768x410.jpg 768w, https:\/\/theatreculture.org\/wp-content\/uploads\/2018\/09\/congress_group-200x107.jpg 200w, https:\/\/theatreculture.org\/wp-content\/uploads\/2018\/09\/congress_group-400x214.jpg 400w, https:\/\/theatreculture.org\/wp-content\/uploads\/2018\/09\/congress_group.jpg 800w\" sizes=\"(max-width: 712px) 100vw, 712px\" \/><\/p>\n","protected":false},"excerpt":{"rendered":"<p>&nbsp;World Organization for the Performing Arts Das\u21d2Internationale Theaterinstitut ITI ist die weltweit gr\u00f6\u00dfte Organisation f\u00fcr darstellende K\u00fcnste, die im Jahr 1948 von Theater- und Tanz-Experten unter der \u21d2UNESCO gegr\u00fcndet wurde, in der Hoffnung auf eine Gesellschaft, in der die darstellenden K\u00fcnste und ihre K\u00fcnstler bl\u00fchen und gedeihen. ITI f\u00f6rdert die Ziele der UNESCO f\u00fcr gegenseitiges [&hellip;]<\/p>\n","protected":false},"author":1,"featured_media":3816,"parent":1516,"menu_order":1,"comment_status":"closed","ping_status":"closed","template":"","meta":[],"yoast_head":"<!-- This site is optimized with the Yoast SEO plugin v17.9 - https:\/\/yoast.com\/wordpress\/plugins\/seo\/ -->\n<title>ITI WELTWEIT - World Theatre Training Institute AKT-ZENT\/ITI<\/title>\n<meta name=\"robots\" content=\"index, follow, max-snippet:-1, max-image-preview:large, max-video-preview:-1\" \/>\n<link rel=\"canonical\" href=\"https:\/\/theatreculture.org\/de\/netzwerk\/iti-weltweit\/\" \/>\n<meta property=\"og:locale\" content=\"de_DE\" \/>\n<meta property=\"og:type\" content=\"article\" \/>\n<meta property=\"og:title\" content=\"ITI WELTWEIT - World Theatre Training Institute AKT-ZENT\/ITI\" \/>\n<meta property=\"og:description\" content=\"&nbsp;World Organization for the Performing Arts Das\u21d2Internationale Theaterinstitut ITI ist die weltweit gr\u00f6\u00dfte Organisation f\u00fcr darstellende K\u00fcnste, die im Jahr 1948 von Theater- und Tanz-Experten unter der \u21d2UNESCO gegr\u00fcndet wurde, in der Hoffnung auf eine Gesellschaft, in der die darstellenden K\u00fcnste und ihre K\u00fcnstler bl\u00fchen und gedeihen. ITI f\u00f6rdert die Ziele der UNESCO f\u00fcr gegenseitiges [&hellip;]\" \/>\n<meta property=\"og:url\" content=\"https:\/\/theatreculture.org\/de\/netzwerk\/iti-weltweit\/\" \/>\n<meta property=\"og:site_name\" content=\"World Theatre Training Institute AKT-ZENT\/ITI\" \/>\n<meta property=\"article:publisher\" content=\"https:\/\/www.facebook.com\/theatreculture.org\/\" \/>\n<meta property=\"article:modified_time\" content=\"2020-02-06T10:24:57+00:00\" \/>\n<meta property=\"og:image\" content=\"https:\/\/theatreculture.org\/wp-content\/uploads\/2020\/02\/idd19_3.jpg\" \/>\n\t<meta property=\"og:image:width\" content=\"1199\" \/>\n\t<meta property=\"og:image:height\" content=\"476\" \/>\n\t<meta property=\"og:image:type\" content=\"image\/jpeg\" \/>\n<meta name=\"twitter:card\" content=\"summary_large_image\" \/>\n<meta name=\"twitter:label1\" content=\"Gesch\u00e4tzte Lesezeit\" \/>\n\t<meta name=\"twitter:data1\" content=\"1\u00a0Minute\" \/>\n<script type=\"application\/ld+json\" class=\"yoast-schema-graph\">{\"@context\":\"https:\/\/schema.org\",\"@graph\":[{\"@type\":\"Organization\",\"@id\":\"https:\/\/theatreculture.org\/#organization\",\"name\":\"World Theatre Training Institute AKT-ZENT\",\"url\":\"https:\/\/theatreculture.org\/\",\"sameAs\":[\"https:\/\/www.facebook.com\/theatreculture.org\/\",\"https:\/\/www.instagram.com\/worldtheatretraining\/\",\"https:\/\/www.youtube.com\/@worldtheatretraininginstit4622\",\"https:\/\/en.wikipedia.org\/wiki\/World_Theatre_Training_Institute\"],\"logo\":{\"@type\":\"ImageObject\",\"@id\":\"https:\/\/theatreculture.org\/#logo\",\"inLanguage\":\"de\",\"url\":\"https:\/\/theatreculture.org\/wp-content\/uploads\/2018\/02\/maennchen_quadrat_gruen.jpg\",\"contentUrl\":\"https:\/\/theatreculture.org\/wp-content\/uploads\/2018\/02\/maennchen_quadrat_gruen.jpg\",\"width\":1435,\"height\":1435,\"caption\":\"World Theatre Training Institute AKT-ZENT\"},\"image\":{\"@id\":\"https:\/\/theatreculture.org\/#logo\"}},{\"@type\":\"WebSite\",\"@id\":\"https:\/\/theatreculture.org\/#website\",\"url\":\"https:\/\/theatreculture.org\/\",\"name\":\"World Theatre Training Institute AKT-ZENT\/ITI\",\"description\":\"\",\"publisher\":{\"@id\":\"https:\/\/theatreculture.org\/#organization\"},\"potentialAction\":[{\"@type\":\"SearchAction\",\"target\":{\"@type\":\"EntryPoint\",\"urlTemplate\":\"https:\/\/theatreculture.org\/?s={search_term_string}\"},\"query-input\":\"required name=search_term_string\"}],\"inLanguage\":\"de\"},{\"@type\":\"ImageObject\",\"@id\":\"https:\/\/theatreculture.org\/de\/netzwerk\/iti-weltweit\/#primaryimage\",\"inLanguage\":\"de\",\"url\":\"https:\/\/theatreculture.org\/wp-content\/uploads\/2020\/02\/idd19_3.jpg\",\"contentUrl\":\"https:\/\/theatreculture.org\/wp-content\/uploads\/2020\/02\/idd19_3.jpg\",\"width\":1199,\"height\":476,\"caption\":\"ITI worldwide\"},{\"@type\":\"WebPage\",\"@id\":\"https:\/\/theatreculture.org\/de\/netzwerk\/iti-weltweit\/#webpage\",\"url\":\"https:\/\/theatreculture.org\/de\/netzwerk\/iti-weltweit\/\",\"name\":\"ITI WELTWEIT - World Theatre Training Institute AKT-ZENT\/ITI\",\"isPartOf\":{\"@id\":\"https:\/\/theatreculture.org\/#website\"},\"primaryImageOfPage\":{\"@id\":\"https:\/\/theatreculture.org\/de\/netzwerk\/iti-weltweit\/#primaryimage\"},\"datePublished\":\"2018-09-14T10:17:32+00:00\",\"dateModified\":\"2020-02-06T10:24:57+00:00\",\"breadcrumb\":{\"@id\":\"https:\/\/theatreculture.org\/de\/netzwerk\/iti-weltweit\/#breadcrumb\"},\"inLanguage\":\"de\",\"potentialAction\":[{\"@type\":\"ReadAction\",\"target\":[\"https:\/\/theatreculture.org\/de\/netzwerk\/iti-weltweit\/\"]}]},{\"@type\":\"BreadcrumbList\",\"@id\":\"https:\/\/theatreculture.org\/de\/netzwerk\/iti-weltweit\/#breadcrumb\",\"itemListElement\":[{\"@type\":\"ListItem\",\"position\":1,\"name\":\"Startseite\",\"item\":\"https:\/\/theatreculture.org\/\"},{\"@type\":\"ListItem\",\"position\":2,\"name\":\"NETZWERK\",\"item\":\"https:\/\/theatreculture.org\/de\/netzwerk\/\"},{\"@type\":\"ListItem\",\"position\":3,\"name\":\"ITI WELTWEIT\"}]}]}<\/script>\n<!-- \/ Yoast SEO plugin. -->","yoast_head_json":{"title":"ITI WELTWEIT - World Theatre Training Institute AKT-ZENT\/ITI","robots":{"index":"index","follow":"follow","max-snippet":"max-snippet:-1","max-image-preview":"max-image-preview:large","max-video-preview":"max-video-preview:-1"},"canonical":"https:\/\/theatreculture.org\/de\/netzwerk\/iti-weltweit\/","og_locale":"de_DE","og_type":"article","og_title":"ITI WELTWEIT - World Theatre Training Institute AKT-ZENT\/ITI","og_description":"&nbsp;World Organization for the Performing Arts Das\u21d2Internationale Theaterinstitut ITI ist die weltweit gr\u00f6\u00dfte Organisation f\u00fcr darstellende K\u00fcnste, die im Jahr 1948 von Theater- und Tanz-Experten unter der \u21d2UNESCO gegr\u00fcndet wurde, in der Hoffnung auf eine Gesellschaft, in der die darstellenden K\u00fcnste und ihre K\u00fcnstler bl\u00fchen und gedeihen. ITI f\u00f6rdert die Ziele der UNESCO f\u00fcr gegenseitiges [&hellip;]","og_url":"https:\/\/theatreculture.org\/de\/netzwerk\/iti-weltweit\/","og_site_name":"World Theatre Training Institute AKT-ZENT\/ITI","article_publisher":"https:\/\/www.facebook.com\/theatreculture.org\/","article_modified_time":"2020-02-06T10:24:57+00:00","og_image":[{"width":1199,"height":476,"url":"https:\/\/theatreculture.org\/wp-content\/uploads\/2020\/02\/idd19_3.jpg","type":"image\/jpeg"}],"twitter_card":"summary_large_image","twitter_misc":{"Gesch\u00e4tzte Lesezeit":"1\u00a0Minute"},"schema":{"@context":"https:\/\/schema.org","@graph":[{"@type":"Organization","@id":"https:\/\/theatreculture.org\/#organization","name":"World Theatre Training Institute AKT-ZENT","url":"https:\/\/theatreculture.org\/","sameAs":["https:\/\/www.facebook.com\/theatreculture.org\/","https:\/\/www.instagram.com\/worldtheatretraining\/","https:\/\/www.youtube.com\/@worldtheatretraininginstit4622","https:\/\/en.wikipedia.org\/wiki\/World_Theatre_Training_Institute"],"logo":{"@type":"ImageObject","@id":"https:\/\/theatreculture.org\/#logo","inLanguage":"de","url":"https:\/\/theatreculture.org\/wp-content\/uploads\/2018\/02\/maennchen_quadrat_gruen.jpg","contentUrl":"https:\/\/theatreculture.org\/wp-content\/uploads\/2018\/02\/maennchen_quadrat_gruen.jpg","width":1435,"height":1435,"caption":"World Theatre Training Institute AKT-ZENT"},"image":{"@id":"https:\/\/theatreculture.org\/#logo"}},{"@type":"WebSite","@id":"https:\/\/theatreculture.org\/#website","url":"https:\/\/theatreculture.org\/","name":"World Theatre Training Institute AKT-ZENT\/ITI","description":"","publisher":{"@id":"https:\/\/theatreculture.org\/#organization"},"potentialAction":[{"@type":"SearchAction","target":{"@type":"EntryPoint","urlTemplate":"https:\/\/theatreculture.org\/?s={search_term_string}"},"query-input":"required name=search_term_string"}],"inLanguage":"de"},{"@type":"ImageObject","@id":"https:\/\/theatreculture.org\/de\/netzwerk\/iti-weltweit\/#primaryimage","inLanguage":"de","url":"https:\/\/theatreculture.org\/wp-content\/uploads\/2020\/02\/idd19_3.jpg","contentUrl":"https:\/\/theatreculture.org\/wp-content\/uploads\/2020\/02\/idd19_3.jpg","width":1199,"height":476,"caption":"ITI worldwide"},{"@type":"WebPage","@id":"https:\/\/theatreculture.org\/de\/netzwerk\/iti-weltweit\/#webpage","url":"https:\/\/theatreculture.org\/de\/netzwerk\/iti-weltweit\/","name":"ITI WELTWEIT - World Theatre Training Institute AKT-ZENT\/ITI","isPartOf":{"@id":"https:\/\/theatreculture.org\/#website"},"primaryImageOfPage":{"@id":"https:\/\/theatreculture.org\/de\/netzwerk\/iti-weltweit\/#primaryimage"},"datePublished":"2018-09-14T10:17:32+00:00","dateModified":"2020-02-06T10:24:57+00:00","breadcrumb":{"@id":"https:\/\/theatreculture.org\/de\/netzwerk\/iti-weltweit\/#breadcrumb"},"inLanguage":"de","potentialAction":[{"@type":"ReadAction","target":["https:\/\/theatreculture.org\/de\/netzwerk\/iti-weltweit\/"]}]},{"@type":"BreadcrumbList","@id":"https:\/\/theatreculture.org\/de\/netzwerk\/iti-weltweit\/#breadcrumb","itemListElement":[{"@type":"ListItem","position":1,"name":"Startseite","item":"https:\/\/theatreculture.org\/"},{"@type":"ListItem","position":2,"name":"NETZWERK","item":"https:\/\/theatreculture.org\/de\/netzwerk\/"},{"@type":"ListItem","position":3,"name":"ITI WELTWEIT"}]}]}},"_links":{"self":[{"href":"https:\/\/theatreculture.org\/wp-json\/wp\/v2\/pages\/1260"}],"collection":[{"href":"https:\/\/theatreculture.org\/wp-json\/wp\/v2\/pages"}],"about":[{"href":"https:\/\/theatreculture.org\/wp-json\/wp\/v2\/types\/page"}],"author":[{"embeddable":true,"href":"https:\/\/theatreculture.org\/wp-json\/wp\/v2\/users\/1"}],"replies":[{"embeddable":true,"href":"https:\/\/theatreculture.org\/wp-json\/wp\/v2\/comments?post=1260"}],"version-history":[{"count":3,"href":"https:\/\/theatreculture.org\/wp-json\/wp\/v2\/pages\/1260\/revisions"}],"predecessor-version":[{"id":3817,"href":"https:\/\/theatreculture.org\/wp-json\/wp\/v2\/pages\/1260\/revisions\/3817"}],"up":[{"embeddable":true,"href":"https:\/\/theatreculture.org\/wp-json\/wp\/v2\/pages\/1516"}],"wp:featuredmedia":[{"embeddable":true,"href":"https:\/\/theatreculture.org\/wp-json\/wp\/v2\/media\/3816"}],"wp:attachment":[{"href":"https:\/\/theatreculture.org\/wp-json\/wp\/v2\/media?parent=1260"}],"curies":[{"name":"wp","href":"https:\/\/api.w.org\/{rel}","templated":true}]}}