{"id":1130,"date":"2018-09-06T09:43:10","date_gmt":"2018-09-06T08:43:10","guid":{"rendered":"https:\/\/aktzent.cramer-cons.de\/?page_id=1130"},"modified":"2018-10-04T20:18:15","modified_gmt":"2018-10-04T19:18:15","slug":"angebote-fuer-bildungstraeger","status":"publish","type":"page","link":"https:\/\/theatreculture.org\/de\/programme\/angebote-fuer-bildungstraeger\/","title":{"rendered":"ANGEBOTE F\u00dcR BILDUNGSTR\u00c4GER"},"content":{"rendered":"<p><span id=\"result_box\" class=\"\" lang=\"de\">Die <span class=\"\">Hauptt\u00e4tigkeit des World Theater Training Institute besteht darin, neue Ideen und Formate des Theatertrainings zu entwickeln und als Pilotprojekte in der Praxis zu testen, damit sie in verschiedenen Kontexten angewendet und weiterentwickelt werden.<\/span><\/span><\/p>\n<p><span class=\"\">Das World Theatre Training Institute l\u00e4dt Festivalveranstalter, Universit\u00e4ten, Akademien oder andere Bildungsinstitutionen ein, unsere verf\u00fcgbaren Kurse und Programme n\u00e4her zu betrachten.<\/span> <span class=\"\">Diese innovativen Projekte erweitern die Ausstrahlungskraft ihres Instituts und erm\u00f6glichen den Austausch modernster Methoden des Theatertrainings.<\/span><\/p>\n<p><span class=\"\">Bitte nehmen Sie Kontakt mit uns auf, wenn Sie an einem unserer Angebote interessiert sind.<\/span> <span class=\"\">Es w\u00e4re uns eine Freude, mit Ihnen zusammenzuarbeiten, um Ergebnisse jahrelanger Forschung zu teilen und gemeinsam immer weiter zu entwicklen.<\/span><\/p>\n<p><span style=\"color: #008000;\"><strong><a style=\"color: #008000;\" href=\"http:\/\/theatreculture.org\/de\/programme\/teaching-professional-theatre-practice\/\">Teaching Professional Theatre Practice<\/a><\/strong><\/span><\/p>\n<p style=\"padding-left: 30px;\">als Internationale Meisterkurs<br \/>\nals MA Programm<\/p>\n<p style=\"padding-left: 30px;\">Dieses Fortbildungsprogramm wurde von Dr. Jurij Alschitz f\u00fcr Lehrer entwickelt, die Ihre eigene p\u00e4dagogische Sprache Sprache suchen und daf\u00fcr ein methodologisches Fundament ben\u00f6tigen. Das MA Curriculum wurde von Christine Schmalor umgesetzt.<\/p>\n<p><strong><a href=\"http:\/\/theatreculture.org\/de\/programme\/alternative-kurse\/\"><span style=\"color: #008000;\">Alternative courses for theatre training<\/span><\/a><\/strong><\/p>\n<p style=\"padding-left: 30px;\">I<span id=\"result_box\" class=\"\" lang=\"de\"><span class=\"\">nteressierte Einrichtungen k\u00f6nnen einen Kurs buchen, um ihren eigenen Studiengang zu erg\u00e4nzen.<\/span> <\/span><span id=\"result_box\" class=\"\" lang=\"de\"><span class=\"\">Die n\u00e4chste Produktion eines <\/span><\/span><span id=\"result_box\" class=\"\" lang=\"de\"><span class=\"\">Theaterensembles kann von einer spezifischen Vorbereitung\u00a0 profitieren.<\/span> <span class=\"\">Jeder Kurs wird passgenau auf die Bed\u00fcrfnisse zugeschnitten.<\/span><\/span><\/p>\n<p><strong><a href=\"http:\/\/theatreculture.org\/de\/forschung\/hybrid-theatre-training-platform\/\"><span style=\"color: #008000;\">Hybrid Theatre Training<\/span><\/a><\/strong><\/p>\n<p style=\"padding-left: 30px;\"><span id=\"result_box\" class=\"\" lang=\"de\"><span class=\"\">Forschungszentren sind eingeladen, an der Gestaltung eines neuen Bereichs der Ausbildungsmethodik mitzuwirken.<\/span><\/span><\/p>\n","protected":false},"excerpt":{"rendered":"<p>Die Hauptt\u00e4tigkeit des World Theater Training Institute besteht darin, neue Ideen und Formate des Theatertrainings zu entwickeln und als Pilotprojekte in der Praxis zu testen, damit sie in verschiedenen Kontexten angewendet und weiterentwickelt werden. Das World Theatre Training Institute l\u00e4dt Festivalveranstalter, Universit\u00e4ten, Akademien oder andere Bildungsinstitutionen ein, unsere verf\u00fcgbaren Kurse und Programme n\u00e4her zu betrachten. [&hellip;]<\/p>\n","protected":false},"author":1,"featured_media":672,"parent":1505,"menu_order":2,"comment_status":"closed","ping_status":"closed","template":"","meta":[],"yoast_head":"<!-- This site is optimized with the Yoast SEO plugin v17.9 - https:\/\/yoast.com\/wordpress\/plugins\/seo\/ -->\n<title>ANGEBOTE F\u00dcR BILDUNGSTR\u00c4GER - World Theatre Training Institute AKT-ZENT\/ITI<\/title>\n<meta name=\"robots\" content=\"index, follow, max-snippet:-1, max-image-preview:large, max-video-preview:-1\" \/>\n<link rel=\"canonical\" href=\"https:\/\/theatreculture.org\/de\/programme\/angebote-fuer-bildungstraeger\/\" \/>\n<meta property=\"og:locale\" content=\"de_DE\" \/>\n<meta property=\"og:type\" content=\"article\" \/>\n<meta property=\"og:title\" content=\"ANGEBOTE F\u00dcR BILDUNGSTR\u00c4GER - World Theatre Training Institute AKT-ZENT\/ITI\" \/>\n<meta property=\"og:description\" content=\"Die Hauptt\u00e4tigkeit des World Theater Training Institute besteht darin, neue Ideen und Formate des Theatertrainings zu entwickeln und als Pilotprojekte in der Praxis zu testen, damit sie in verschiedenen Kontexten angewendet und weiterentwickelt werden. Das World Theatre Training Institute l\u00e4dt Festivalveranstalter, Universit\u00e4ten, Akademien oder andere Bildungsinstitutionen ein, unsere verf\u00fcgbaren Kurse und Programme n\u00e4her zu betrachten. [&hellip;]\" \/>\n<meta property=\"og:url\" content=\"https:\/\/theatreculture.org\/de\/programme\/angebote-fuer-bildungstraeger\/\" \/>\n<meta property=\"og:site_name\" content=\"World Theatre Training Institute AKT-ZENT\/ITI\" \/>\n<meta property=\"article:publisher\" content=\"https:\/\/www.facebook.com\/theatreculture.org\/\" \/>\n<meta property=\"article:modified_time\" content=\"2018-10-04T19:18:15+00:00\" \/>\n<meta property=\"og:image\" content=\"https:\/\/theatreculture.org\/wp-content\/uploads\/2018\/05\/abroad_pose.jpg\" \/>\n\t<meta property=\"og:image:width\" content=\"1337\" \/>\n\t<meta property=\"og:image:height\" content=\"521\" \/>\n\t<meta property=\"og:image:type\" content=\"image\/jpeg\" \/>\n<meta name=\"twitter:card\" content=\"summary_large_image\" \/>\n<meta name=\"twitter:label1\" content=\"Gesch\u00e4tzte Lesezeit\" \/>\n\t<meta name=\"twitter:data1\" content=\"1\u00a0Minute\" \/>\n<script type=\"application\/ld+json\" class=\"yoast-schema-graph\">{\"@context\":\"https:\/\/schema.org\",\"@graph\":[{\"@type\":\"Organization\",\"@id\":\"https:\/\/theatreculture.org\/#organization\",\"name\":\"World Theatre Training Institute AKT-ZENT\",\"url\":\"https:\/\/theatreculture.org\/\",\"sameAs\":[\"https:\/\/www.facebook.com\/theatreculture.org\/\",\"https:\/\/www.instagram.com\/worldtheatretraining\/\",\"https:\/\/www.youtube.com\/@worldtheatretraininginstit4622\",\"https:\/\/en.wikipedia.org\/wiki\/World_Theatre_Training_Institute\"],\"logo\":{\"@type\":\"ImageObject\",\"@id\":\"https:\/\/theatreculture.org\/#logo\",\"inLanguage\":\"de\",\"url\":\"https:\/\/theatreculture.org\/wp-content\/uploads\/2018\/02\/maennchen_quadrat_gruen.jpg\",\"contentUrl\":\"https:\/\/theatreculture.org\/wp-content\/uploads\/2018\/02\/maennchen_quadrat_gruen.jpg\",\"width\":1435,\"height\":1435,\"caption\":\"World Theatre Training Institute AKT-ZENT\"},\"image\":{\"@id\":\"https:\/\/theatreculture.org\/#logo\"}},{\"@type\":\"WebSite\",\"@id\":\"https:\/\/theatreculture.org\/#website\",\"url\":\"https:\/\/theatreculture.org\/\",\"name\":\"World Theatre Training Institute AKT-ZENT\/ITI\",\"description\":\"\",\"publisher\":{\"@id\":\"https:\/\/theatreculture.org\/#organization\"},\"potentialAction\":[{\"@type\":\"SearchAction\",\"target\":{\"@type\":\"EntryPoint\",\"urlTemplate\":\"https:\/\/theatreculture.org\/?s={search_term_string}\"},\"query-input\":\"required name=search_term_string\"}],\"inLanguage\":\"de\"},{\"@type\":\"ImageObject\",\"@id\":\"https:\/\/theatreculture.org\/de\/programme\/angebote-fuer-bildungstraeger\/#primaryimage\",\"inLanguage\":\"de\",\"url\":\"https:\/\/theatreculture.org\/wp-content\/uploads\/2018\/05\/abroad_pose.jpg\",\"contentUrl\":\"https:\/\/theatreculture.org\/wp-content\/uploads\/2018\/05\/abroad_pose.jpg\",\"width\":1337,\"height\":521},{\"@type\":\"WebPage\",\"@id\":\"https:\/\/theatreculture.org\/de\/programme\/angebote-fuer-bildungstraeger\/#webpage\",\"url\":\"https:\/\/theatreculture.org\/de\/programme\/angebote-fuer-bildungstraeger\/\",\"name\":\"ANGEBOTE F\\u00dcR BILDUNGSTR\\u00c4GER - World Theatre Training Institute AKT-ZENT\/ITI\",\"isPartOf\":{\"@id\":\"https:\/\/theatreculture.org\/#website\"},\"primaryImageOfPage\":{\"@id\":\"https:\/\/theatreculture.org\/de\/programme\/angebote-fuer-bildungstraeger\/#primaryimage\"},\"datePublished\":\"2018-09-06T08:43:10+00:00\",\"dateModified\":\"2018-10-04T19:18:15+00:00\",\"breadcrumb\":{\"@id\":\"https:\/\/theatreculture.org\/de\/programme\/angebote-fuer-bildungstraeger\/#breadcrumb\"},\"inLanguage\":\"de\",\"potentialAction\":[{\"@type\":\"ReadAction\",\"target\":[\"https:\/\/theatreculture.org\/de\/programme\/angebote-fuer-bildungstraeger\/\"]}]},{\"@type\":\"BreadcrumbList\",\"@id\":\"https:\/\/theatreculture.org\/de\/programme\/angebote-fuer-bildungstraeger\/#breadcrumb\",\"itemListElement\":[{\"@type\":\"ListItem\",\"position\":1,\"name\":\"Startseite\",\"item\":\"https:\/\/theatreculture.org\/\"},{\"@type\":\"ListItem\",\"position\":2,\"name\":\"PROGRAMME\",\"item\":\"https:\/\/theatreculture.org\/de\/programme\/\"},{\"@type\":\"ListItem\",\"position\":3,\"name\":\"ANGEBOTE F\\u00dcR BILDUNGSTR\\u00c4GER\"}]}]}<\/script>\n<!-- \/ Yoast SEO plugin. -->","yoast_head_json":{"title":"ANGEBOTE F\u00dcR BILDUNGSTR\u00c4GER - World Theatre Training Institute AKT-ZENT\/ITI","robots":{"index":"index","follow":"follow","max-snippet":"max-snippet:-1","max-image-preview":"max-image-preview:large","max-video-preview":"max-video-preview:-1"},"canonical":"https:\/\/theatreculture.org\/de\/programme\/angebote-fuer-bildungstraeger\/","og_locale":"de_DE","og_type":"article","og_title":"ANGEBOTE F\u00dcR BILDUNGSTR\u00c4GER - World Theatre Training Institute AKT-ZENT\/ITI","og_description":"Die Hauptt\u00e4tigkeit des World Theater Training Institute besteht darin, neue Ideen und Formate des Theatertrainings zu entwickeln und als Pilotprojekte in der Praxis zu testen, damit sie in verschiedenen Kontexten angewendet und weiterentwickelt werden. Das World Theatre Training Institute l\u00e4dt Festivalveranstalter, Universit\u00e4ten, Akademien oder andere Bildungsinstitutionen ein, unsere verf\u00fcgbaren Kurse und Programme n\u00e4her zu betrachten. [&hellip;]","og_url":"https:\/\/theatreculture.org\/de\/programme\/angebote-fuer-bildungstraeger\/","og_site_name":"World Theatre Training Institute AKT-ZENT\/ITI","article_publisher":"https:\/\/www.facebook.com\/theatreculture.org\/","article_modified_time":"2018-10-04T19:18:15+00:00","og_image":[{"width":1337,"height":521,"url":"https:\/\/theatreculture.org\/wp-content\/uploads\/2018\/05\/abroad_pose.jpg","type":"image\/jpeg"}],"twitter_card":"summary_large_image","twitter_misc":{"Gesch\u00e4tzte Lesezeit":"1\u00a0Minute"},"schema":{"@context":"https:\/\/schema.org","@graph":[{"@type":"Organization","@id":"https:\/\/theatreculture.org\/#organization","name":"World Theatre Training Institute AKT-ZENT","url":"https:\/\/theatreculture.org\/","sameAs":["https:\/\/www.facebook.com\/theatreculture.org\/","https:\/\/www.instagram.com\/worldtheatretraining\/","https:\/\/www.youtube.com\/@worldtheatretraininginstit4622","https:\/\/en.wikipedia.org\/wiki\/World_Theatre_Training_Institute"],"logo":{"@type":"ImageObject","@id":"https:\/\/theatreculture.org\/#logo","inLanguage":"de","url":"https:\/\/theatreculture.org\/wp-content\/uploads\/2018\/02\/maennchen_quadrat_gruen.jpg","contentUrl":"https:\/\/theatreculture.org\/wp-content\/uploads\/2018\/02\/maennchen_quadrat_gruen.jpg","width":1435,"height":1435,"caption":"World Theatre Training Institute AKT-ZENT"},"image":{"@id":"https:\/\/theatreculture.org\/#logo"}},{"@type":"WebSite","@id":"https:\/\/theatreculture.org\/#website","url":"https:\/\/theatreculture.org\/","name":"World Theatre Training Institute AKT-ZENT\/ITI","description":"","publisher":{"@id":"https:\/\/theatreculture.org\/#organization"},"potentialAction":[{"@type":"SearchAction","target":{"@type":"EntryPoint","urlTemplate":"https:\/\/theatreculture.org\/?s={search_term_string}"},"query-input":"required name=search_term_string"}],"inLanguage":"de"},{"@type":"ImageObject","@id":"https:\/\/theatreculture.org\/de\/programme\/angebote-fuer-bildungstraeger\/#primaryimage","inLanguage":"de","url":"https:\/\/theatreculture.org\/wp-content\/uploads\/2018\/05\/abroad_pose.jpg","contentUrl":"https:\/\/theatreculture.org\/wp-content\/uploads\/2018\/05\/abroad_pose.jpg","width":1337,"height":521},{"@type":"WebPage","@id":"https:\/\/theatreculture.org\/de\/programme\/angebote-fuer-bildungstraeger\/#webpage","url":"https:\/\/theatreculture.org\/de\/programme\/angebote-fuer-bildungstraeger\/","name":"ANGEBOTE F\u00dcR BILDUNGSTR\u00c4GER - World Theatre Training Institute AKT-ZENT\/ITI","isPartOf":{"@id":"https:\/\/theatreculture.org\/#website"},"primaryImageOfPage":{"@id":"https:\/\/theatreculture.org\/de\/programme\/angebote-fuer-bildungstraeger\/#primaryimage"},"datePublished":"2018-09-06T08:43:10+00:00","dateModified":"2018-10-04T19:18:15+00:00","breadcrumb":{"@id":"https:\/\/theatreculture.org\/de\/programme\/angebote-fuer-bildungstraeger\/#breadcrumb"},"inLanguage":"de","potentialAction":[{"@type":"ReadAction","target":["https:\/\/theatreculture.org\/de\/programme\/angebote-fuer-bildungstraeger\/"]}]},{"@type":"BreadcrumbList","@id":"https:\/\/theatreculture.org\/de\/programme\/angebote-fuer-bildungstraeger\/#breadcrumb","itemListElement":[{"@type":"ListItem","position":1,"name":"Startseite","item":"https:\/\/theatreculture.org\/"},{"@type":"ListItem","position":2,"name":"PROGRAMME","item":"https:\/\/theatreculture.org\/de\/programme\/"},{"@type":"ListItem","position":3,"name":"ANGEBOTE F\u00dcR BILDUNGSTR\u00c4GER"}]}]}},"_links":{"self":[{"href":"https:\/\/theatreculture.org\/wp-json\/wp\/v2\/pages\/1130"}],"collection":[{"href":"https:\/\/theatreculture.org\/wp-json\/wp\/v2\/pages"}],"about":[{"href":"https:\/\/theatreculture.org\/wp-json\/wp\/v2\/types\/page"}],"author":[{"embeddable":true,"href":"https:\/\/theatreculture.org\/wp-json\/wp\/v2\/users\/1"}],"replies":[{"embeddable":true,"href":"https:\/\/theatreculture.org\/wp-json\/wp\/v2\/comments?post=1130"}],"version-history":[{"count":10,"href":"https:\/\/theatreculture.org\/wp-json\/wp\/v2\/pages\/1130\/revisions"}],"predecessor-version":[{"id":1833,"href":"https:\/\/theatreculture.org\/wp-json\/wp\/v2\/pages\/1130\/revisions\/1833"}],"up":[{"embeddable":true,"href":"https:\/\/theatreculture.org\/wp-json\/wp\/v2\/pages\/1505"}],"wp:featuredmedia":[{"embeddable":true,"href":"https:\/\/theatreculture.org\/wp-json\/wp\/v2\/media\/672"}],"wp:attachment":[{"href":"https:\/\/theatreculture.org\/wp-json\/wp\/v2\/media?parent=1130"}],"curies":[{"name":"wp","href":"https:\/\/api.w.org\/{rel}","templated":true}]}}