{"id":1070,"date":"2018-08-12T20:34:07","date_gmt":"2018-08-12T19:34:07","guid":{"rendered":"https:\/\/aktzent.cramer-cons.de\/?page_id=1070"},"modified":"2019-02-24T14:29:18","modified_gmt":"2019-02-24T13:29:18","slug":"management-as-art-the-artist-as-manager","status":"publish","type":"page","link":"https:\/\/theatreculture.org\/de\/programme\/management-as-art-the-artist-as-manager\/","title":{"rendered":"MANAGEMENT ALS KUNST &#8211; K\u00dcNSTLER ALS MANAGER"},"content":{"rendered":"<h2>Praktische Seminare f\u00fcr Theaterschaffende und Organisator*innen mit internationaler Ausrichtung<\/h2>\n<p>K\u00fcnstlerischer Arbeits- und Trainingsmethoden des WTTI werden auf die konzeptionelle und organisatorische Produktionsleitung \u00fcbertragen und zur praktischen Anwendung gebracht. Heutige K\u00fcnstler*innen m\u00fcssen \u00fcber grundlegende Kenntnisse der Selbstvermarktung verf\u00fcgen.<\/p>\n<p>Eine Reihe von Fragen und Widerspr\u00fcche besch\u00e4ftigen viele K\u00fcnstler*innen und kleinere Theatergruppen, die ihre Produktion selbst \u00fcbernehmen, ebenso wie hauptberufliche Produzenten.<\/p>\n<p>Tats\u00e4chlich ist aber die, oft als kompliziert wahrgenommenen, Doppelfunktion als K\u00fcnstler*in und Organisator*in kein Hemmnis sondern kann zu einem Vorteil in vielfacher Hinsicht werden.<\/p>\n<p>Die Arbeitsweise der Seminare kombiniert auf einigartige Weise die Theorie mit der Praxis in Form von \u00dcbungen und Training. Es zielt darauf ab, Grundlagen der internationalen Projektarbeit zu vermitteln, Selbstbewusstsein zu st\u00e4rken, \u00dcberzeugungskraft zu gewinnen, um &#8211; gepaart mit k\u00fcnstlerischer Freiheit &#8211; eigene Projekte auf den Weg zu bringen. Kurz, es geht darum, f\u00fcr sich selbst eine souver\u00e4ne Position zu erarbeiten.<\/p>\n<p>Die Programmdirektorin des World Theatre Training Instituts Christine Schmalor sch\u00f6pft aus einem reichhaltigen Erfahrungsschatz von \u00fcber 20 Jahren praktischer Theaterarbeit, Lehre, Projekt- und Programmentwicklungen, sowie erfolgreicher Konzeption, Antragstellung und Abwicklung von mehrj\u00e4hrigen EU gef\u00f6rderten Gro\u00dfprojekten. Nach \u00fcber zehn Jahren Vorsitz des Theatre Education and Training Commitee des Internationalen Theaterinstituts kennt sie die Wechselwirkungen kultureller Diversit\u00e4t und interkultureller Kommunikation als Grundlage jeder k\u00fcnstlerischen Kooperation.<\/p>\n<p>Dieser Erfahrungsschatz wird seit 2017 in verschiedenen Formen weitergegeben.<\/p>\n<p>Das Seminarprogramm wird immer auf die speziellen W\u00fcnsche interessierter Anbieter zuschnitten.<\/p>\n<p><a href=\"https:\/\/aktzent.cramer-cons.de\/wp-content\/uploads\/2018\/09\/Management-als-Kunst.pdf\"><span style=\"text-decoration: underline;\"><span style=\"color: #008000; text-decoration: underline;\">\u21d2Download pdf<\/span><\/span><\/a><\/p>\n","protected":false},"excerpt":{"rendered":"<p>Praktische Seminare f\u00fcr Theaterschaffende und Organisator*innen mit internationaler Ausrichtung K\u00fcnstlerischer Arbeits- und Trainingsmethoden des WTTI werden auf die konzeptionelle und organisatorische Produktionsleitung \u00fcbertragen und zur praktischen Anwendung gebracht. Heutige K\u00fcnstler*innen m\u00fcssen \u00fcber grundlegende Kenntnisse der Selbstvermarktung verf\u00fcgen. Eine Reihe von Fragen und Widerspr\u00fcche besch\u00e4ftigen viele K\u00fcnstler*innen und kleinere Theatergruppen, die ihre Produktion selbst \u00fcbernehmen, ebenso [&hellip;]<\/p>\n","protected":false},"author":1,"featured_media":1008,"parent":1505,"menu_order":6,"comment_status":"closed","ping_status":"closed","template":"","meta":[],"yoast_head":"<!-- This site is optimized with the Yoast SEO plugin v17.9 - https:\/\/yoast.com\/wordpress\/plugins\/seo\/ -->\n<title>MANAGEMENT ALS KUNST - K\u00dcNSTLER ALS MANAGER - World Theatre Training Institute AKT-ZENT\/ITI<\/title>\n<meta name=\"description\" content=\"Praktische Seminare f\u00fcr Theaterschaffende und Organisator*innen \u00fcber Projektentwickung und Produktionsmanagement mit internationaler Ausrichtung\" \/>\n<meta name=\"robots\" content=\"index, follow, max-snippet:-1, max-image-preview:large, max-video-preview:-1\" \/>\n<link rel=\"canonical\" href=\"https:\/\/theatreculture.org\/de\/programme\/management-as-art-the-artist-as-manager\/\" \/>\n<meta property=\"og:locale\" content=\"de_DE\" \/>\n<meta property=\"og:type\" content=\"article\" \/>\n<meta property=\"og:title\" content=\"MANAGEMENT ALS KUNST - K\u00dcNSTLER ALS MANAGER - World Theatre Training Institute AKT-ZENT\/ITI\" \/>\n<meta property=\"og:description\" content=\"Praktische Seminare f\u00fcr Theaterschaffende und Organisator*innen \u00fcber Projektentwickung und Produktionsmanagement mit internationaler Ausrichtung\" \/>\n<meta property=\"og:url\" content=\"https:\/\/theatreculture.org\/de\/programme\/management-as-art-the-artist-as-manager\/\" \/>\n<meta property=\"og:site_name\" content=\"World Theatre Training Institute AKT-ZENT\/ITI\" \/>\n<meta property=\"article:publisher\" content=\"https:\/\/www.facebook.com\/theatreculture.org\/\" \/>\n<meta property=\"article:modified_time\" content=\"2019-02-24T13:29:18+00:00\" \/>\n<meta property=\"og:image\" content=\"https:\/\/theatreculture.org\/wp-content\/uploads\/2018\/08\/IMG_2725.jpg\" \/>\n\t<meta property=\"og:image:width\" content=\"1600\" \/>\n\t<meta property=\"og:image:height\" content=\"1200\" \/>\n\t<meta property=\"og:image:type\" content=\"image\/jpeg\" \/>\n<meta name=\"twitter:card\" content=\"summary_large_image\" \/>\n<meta name=\"twitter:label1\" content=\"Gesch\u00e4tzte Lesezeit\" \/>\n\t<meta name=\"twitter:data1\" content=\"1\u00a0Minute\" \/>\n<script type=\"application\/ld+json\" class=\"yoast-schema-graph\">{\"@context\":\"https:\/\/schema.org\",\"@graph\":[{\"@type\":\"Organization\",\"@id\":\"https:\/\/theatreculture.org\/#organization\",\"name\":\"World Theatre Training Institute AKT-ZENT\",\"url\":\"https:\/\/theatreculture.org\/\",\"sameAs\":[\"https:\/\/www.facebook.com\/theatreculture.org\/\",\"https:\/\/www.instagram.com\/worldtheatretraining\/\",\"https:\/\/www.youtube.com\/@worldtheatretraininginstit4622\",\"https:\/\/en.wikipedia.org\/wiki\/World_Theatre_Training_Institute\"],\"logo\":{\"@type\":\"ImageObject\",\"@id\":\"https:\/\/theatreculture.org\/#logo\",\"inLanguage\":\"de\",\"url\":\"https:\/\/theatreculture.org\/wp-content\/uploads\/2018\/02\/maennchen_quadrat_gruen.jpg\",\"contentUrl\":\"https:\/\/theatreculture.org\/wp-content\/uploads\/2018\/02\/maennchen_quadrat_gruen.jpg\",\"width\":1435,\"height\":1435,\"caption\":\"World Theatre Training Institute AKT-ZENT\"},\"image\":{\"@id\":\"https:\/\/theatreculture.org\/#logo\"}},{\"@type\":\"WebSite\",\"@id\":\"https:\/\/theatreculture.org\/#website\",\"url\":\"https:\/\/theatreculture.org\/\",\"name\":\"World Theatre Training Institute AKT-ZENT\/ITI\",\"description\":\"\",\"publisher\":{\"@id\":\"https:\/\/theatreculture.org\/#organization\"},\"potentialAction\":[{\"@type\":\"SearchAction\",\"target\":{\"@type\":\"EntryPoint\",\"urlTemplate\":\"https:\/\/theatreculture.org\/?s={search_term_string}\"},\"query-input\":\"required name=search_term_string\"}],\"inLanguage\":\"de\"},{\"@type\":\"ImageObject\",\"@id\":\"https:\/\/theatreculture.org\/de\/programme\/management-as-art-the-artist-as-manager\/#primaryimage\",\"inLanguage\":\"de\",\"url\":\"https:\/\/theatreculture.org\/wp-content\/uploads\/2018\/08\/IMG_2725.jpg\",\"contentUrl\":\"https:\/\/theatreculture.org\/wp-content\/uploads\/2018\/08\/IMG_2725.jpg\",\"width\":1600,\"height\":1200,\"caption\":\"Kunst des Management\"},{\"@type\":\"WebPage\",\"@id\":\"https:\/\/theatreculture.org\/de\/programme\/management-as-art-the-artist-as-manager\/#webpage\",\"url\":\"https:\/\/theatreculture.org\/de\/programme\/management-as-art-the-artist-as-manager\/\",\"name\":\"MANAGEMENT ALS KUNST - K\\u00dcNSTLER ALS MANAGER - World Theatre Training Institute AKT-ZENT\/ITI\",\"isPartOf\":{\"@id\":\"https:\/\/theatreculture.org\/#website\"},\"primaryImageOfPage\":{\"@id\":\"https:\/\/theatreculture.org\/de\/programme\/management-as-art-the-artist-as-manager\/#primaryimage\"},\"datePublished\":\"2018-08-12T19:34:07+00:00\",\"dateModified\":\"2019-02-24T13:29:18+00:00\",\"description\":\"Praktische Seminare f\\u00fcr Theaterschaffende und Organisator*innen \\u00fcber Projektentwickung und Produktionsmanagement mit internationaler Ausrichtung\",\"breadcrumb\":{\"@id\":\"https:\/\/theatreculture.org\/de\/programme\/management-as-art-the-artist-as-manager\/#breadcrumb\"},\"inLanguage\":\"de\",\"potentialAction\":[{\"@type\":\"ReadAction\",\"target\":[\"https:\/\/theatreculture.org\/de\/programme\/management-as-art-the-artist-as-manager\/\"]}]},{\"@type\":\"BreadcrumbList\",\"@id\":\"https:\/\/theatreculture.org\/de\/programme\/management-as-art-the-artist-as-manager\/#breadcrumb\",\"itemListElement\":[{\"@type\":\"ListItem\",\"position\":1,\"name\":\"Startseite\",\"item\":\"https:\/\/theatreculture.org\/\"},{\"@type\":\"ListItem\",\"position\":2,\"name\":\"PROGRAMME\",\"item\":\"https:\/\/theatreculture.org\/de\/programme\/\"},{\"@type\":\"ListItem\",\"position\":3,\"name\":\"MANAGEMENT ALS KUNST &#8211; K\\u00dcNSTLER ALS MANAGER\"}]}]}<\/script>\n<!-- \/ Yoast SEO plugin. -->","yoast_head_json":{"title":"MANAGEMENT ALS KUNST - K\u00dcNSTLER ALS MANAGER - World Theatre Training Institute AKT-ZENT\/ITI","description":"Praktische Seminare f\u00fcr Theaterschaffende und Organisator*innen \u00fcber Projektentwickung und Produktionsmanagement mit internationaler Ausrichtung","robots":{"index":"index","follow":"follow","max-snippet":"max-snippet:-1","max-image-preview":"max-image-preview:large","max-video-preview":"max-video-preview:-1"},"canonical":"https:\/\/theatreculture.org\/de\/programme\/management-as-art-the-artist-as-manager\/","og_locale":"de_DE","og_type":"article","og_title":"MANAGEMENT ALS KUNST - K\u00dcNSTLER ALS MANAGER - World Theatre Training Institute AKT-ZENT\/ITI","og_description":"Praktische Seminare f\u00fcr Theaterschaffende und Organisator*innen \u00fcber Projektentwickung und Produktionsmanagement mit internationaler Ausrichtung","og_url":"https:\/\/theatreculture.org\/de\/programme\/management-as-art-the-artist-as-manager\/","og_site_name":"World Theatre Training Institute AKT-ZENT\/ITI","article_publisher":"https:\/\/www.facebook.com\/theatreculture.org\/","article_modified_time":"2019-02-24T13:29:18+00:00","og_image":[{"width":1600,"height":1200,"url":"https:\/\/theatreculture.org\/wp-content\/uploads\/2018\/08\/IMG_2725.jpg","type":"image\/jpeg"}],"twitter_card":"summary_large_image","twitter_misc":{"Gesch\u00e4tzte Lesezeit":"1\u00a0Minute"},"schema":{"@context":"https:\/\/schema.org","@graph":[{"@type":"Organization","@id":"https:\/\/theatreculture.org\/#organization","name":"World Theatre Training Institute AKT-ZENT","url":"https:\/\/theatreculture.org\/","sameAs":["https:\/\/www.facebook.com\/theatreculture.org\/","https:\/\/www.instagram.com\/worldtheatretraining\/","https:\/\/www.youtube.com\/@worldtheatretraininginstit4622","https:\/\/en.wikipedia.org\/wiki\/World_Theatre_Training_Institute"],"logo":{"@type":"ImageObject","@id":"https:\/\/theatreculture.org\/#logo","inLanguage":"de","url":"https:\/\/theatreculture.org\/wp-content\/uploads\/2018\/02\/maennchen_quadrat_gruen.jpg","contentUrl":"https:\/\/theatreculture.org\/wp-content\/uploads\/2018\/02\/maennchen_quadrat_gruen.jpg","width":1435,"height":1435,"caption":"World Theatre Training Institute AKT-ZENT"},"image":{"@id":"https:\/\/theatreculture.org\/#logo"}},{"@type":"WebSite","@id":"https:\/\/theatreculture.org\/#website","url":"https:\/\/theatreculture.org\/","name":"World Theatre Training Institute AKT-ZENT\/ITI","description":"","publisher":{"@id":"https:\/\/theatreculture.org\/#organization"},"potentialAction":[{"@type":"SearchAction","target":{"@type":"EntryPoint","urlTemplate":"https:\/\/theatreculture.org\/?s={search_term_string}"},"query-input":"required name=search_term_string"}],"inLanguage":"de"},{"@type":"ImageObject","@id":"https:\/\/theatreculture.org\/de\/programme\/management-as-art-the-artist-as-manager\/#primaryimage","inLanguage":"de","url":"https:\/\/theatreculture.org\/wp-content\/uploads\/2018\/08\/IMG_2725.jpg","contentUrl":"https:\/\/theatreculture.org\/wp-content\/uploads\/2018\/08\/IMG_2725.jpg","width":1600,"height":1200,"caption":"Kunst des Management"},{"@type":"WebPage","@id":"https:\/\/theatreculture.org\/de\/programme\/management-as-art-the-artist-as-manager\/#webpage","url":"https:\/\/theatreculture.org\/de\/programme\/management-as-art-the-artist-as-manager\/","name":"MANAGEMENT ALS KUNST - K\u00dcNSTLER ALS MANAGER - World Theatre Training Institute AKT-ZENT\/ITI","isPartOf":{"@id":"https:\/\/theatreculture.org\/#website"},"primaryImageOfPage":{"@id":"https:\/\/theatreculture.org\/de\/programme\/management-as-art-the-artist-as-manager\/#primaryimage"},"datePublished":"2018-08-12T19:34:07+00:00","dateModified":"2019-02-24T13:29:18+00:00","description":"Praktische Seminare f\u00fcr Theaterschaffende und Organisator*innen \u00fcber Projektentwickung und Produktionsmanagement mit internationaler Ausrichtung","breadcrumb":{"@id":"https:\/\/theatreculture.org\/de\/programme\/management-as-art-the-artist-as-manager\/#breadcrumb"},"inLanguage":"de","potentialAction":[{"@type":"ReadAction","target":["https:\/\/theatreculture.org\/de\/programme\/management-as-art-the-artist-as-manager\/"]}]},{"@type":"BreadcrumbList","@id":"https:\/\/theatreculture.org\/de\/programme\/management-as-art-the-artist-as-manager\/#breadcrumb","itemListElement":[{"@type":"ListItem","position":1,"name":"Startseite","item":"https:\/\/theatreculture.org\/"},{"@type":"ListItem","position":2,"name":"PROGRAMME","item":"https:\/\/theatreculture.org\/de\/programme\/"},{"@type":"ListItem","position":3,"name":"MANAGEMENT ALS KUNST &#8211; K\u00dcNSTLER ALS MANAGER"}]}]}},"_links":{"self":[{"href":"https:\/\/theatreculture.org\/wp-json\/wp\/v2\/pages\/1070"}],"collection":[{"href":"https:\/\/theatreculture.org\/wp-json\/wp\/v2\/pages"}],"about":[{"href":"https:\/\/theatreculture.org\/wp-json\/wp\/v2\/types\/page"}],"author":[{"embeddable":true,"href":"https:\/\/theatreculture.org\/wp-json\/wp\/v2\/users\/1"}],"replies":[{"embeddable":true,"href":"https:\/\/theatreculture.org\/wp-json\/wp\/v2\/comments?post=1070"}],"version-history":[{"count":7,"href":"https:\/\/theatreculture.org\/wp-json\/wp\/v2\/pages\/1070\/revisions"}],"predecessor-version":[{"id":2231,"href":"https:\/\/theatreculture.org\/wp-json\/wp\/v2\/pages\/1070\/revisions\/2231"}],"up":[{"embeddable":true,"href":"https:\/\/theatreculture.org\/wp-json\/wp\/v2\/pages\/1505"}],"wp:featuredmedia":[{"embeddable":true,"href":"https:\/\/theatreculture.org\/wp-json\/wp\/v2\/media\/1008"}],"wp:attachment":[{"href":"https:\/\/theatreculture.org\/wp-json\/wp\/v2\/media?parent=1070"}],"curies":[{"name":"wp","href":"https:\/\/api.w.org\/{rel}","templated":true}]}}